{"id":1511,"date":"2023-07-05T05:57:25","date_gmt":"2023-07-05T05:57:25","guid":{"rendered":"https:\/\/wp.lamolina.edu.pe\/Postgrado\/Acuicultura\/?page_id=1511"},"modified":"2025-06-06T20:54:33","modified_gmt":"2025-06-06T20:54:33","slug":"lineas-de-investigacion-de-nuestros-docentes","status":"publish","type":"page","link":"https:\/\/wp.lamolina.edu.pe\/Postgrado\/Acuicultura\/lineas-de-investigacion-de-nuestros-docentes\/","title":{"rendered":"Lineas de Investigacion de nuestros docentes"},"content":{"rendered":"\n<div style=\"height:100px\" aria-hidden=\"true\" class=\"wp-block-spacer\"><\/div>\n\n\n\n<div id=\"wp-block-themeisle-blocks-advanced-columns-e17e1c96\" class=\"wp-block-themeisle-blocks-advanced-columns has-3-columns has-desktop-equal-layout has-tablet-equal-layout has-mobile-collapsedRows-layout has-vertical-unset\"><div class=\"wp-block-themeisle-blocks-advanced-columns-overlay\"><\/div><div class=\"innerblocks-wrap\">\n<div id=\"wp-block-themeisle-blocks-advanced-column-7e6855ba\" class=\"wp-block-themeisle-blocks-advanced-column\">\n<div style=\"height:100px\" aria-hidden=\"true\" class=\"wp-block-spacer\"><\/div>\n<\/div>\n\n\n\n<div id=\"wp-block-themeisle-blocks-advanced-column-16a857d1\" class=\"wp-block-themeisle-blocks-advanced-column\">\n<h2 id=\"wp-block-themeisle-blocks-advanced-heading-a832a62a\" class=\"wp-block-themeisle-blocks-advanced-heading wp-block-themeisle-blocks-advanced-heading-a832a62a\">L\u00edneas de investigaci\u00f3n de nuestros docentes<\/h2>\n\n\n<div class=\"wp-block-coblocks-shape-divider is-style-triangle has-nv-c-2-color is-vertically-flipped mt-0 mb-0\" style=\"\" aria-hidden=\"true\">\n\t\t\t<div class=\"wp-block-coblocks-shape-divider__svg-wrapper\" style=\"height:100px;\">\n\t\t\t\t<svg class=\"divider--triangle\" viewBox=\"0 0 100 100\" xmlns=\"http:\/\/www.w3.org\/2000\/svg\" preserveAspectRatio=\"none\"><path d=\"m0 0 50 100 50-100z\" fillRule=\"evenodd\" transform=\"matrix(1 0 0 -1 0 100)\" \/><\/svg>\n\t\t\t<\/div>\n\t\t\t<div class=\"wp-block-coblocks-shape-divider__alt-wrapper\" style=\"height:50px;\"><\/div>\n\t\t<\/div><\/div>\n\n\n\n<div id=\"wp-block-themeisle-blocks-advanced-column-d5157440\" class=\"wp-block-themeisle-blocks-advanced-column\">\n<div style=\"height:100px\" aria-hidden=\"true\" class=\"wp-block-spacer\"><\/div>\n<\/div>\n<\/div><\/div>\n\n\n\n<div id=\"wp-block-themeisle-blocks-advanced-columns-1afa0976\" class=\"wp-block-themeisle-blocks-advanced-columns has-1-columns has-desktop-oneTwo-layout has-tablet-equal-layout has-mobile-collapsedRows-layout has-vertical-center sm-separator\"><div class=\"wp-block-themeisle-blocks-advanced-columns-overlay\"><\/div><div class=\"innerblocks-wrap\">\n<div id=\"wp-block-themeisle-blocks-advanced-column-6c2514ca\" class=\"wp-block-themeisle-blocks-advanced-column\"><div class=\"wp-block-themeisle-blocks-advanced-column-overlay\"><\/div>\n<figure class=\"wp-block-table is-style-stripes\"><table class=\"has-nv-c-1-color has-text-color\"><tbody><tr><td><strong>AUTOR\/A<\/strong><\/td><td class=\"has-text-align-left\" data-align=\"left\"><strong>L\u00cdNEAS DE INVESTIGACI\u00d3N<\/strong><\/td><td class=\"has-text-align-left\" data-align=\"left\"><strong>CONTACTO<\/strong><\/td><\/tr><tr><td>M.Sc. Beatriz Elena Angeles Escobar<\/td><td class=\"has-text-align-left\" data-align=\"left\"><br><strong>L\u00ednea de Investigaci\u00f3n : <\/strong>Acuicultura<br><br><strong>Sub-l\u00edneas:<\/strong><br>\u2022 Fisiolog\u00eda de la reproducci\u00f3n y criopreservaci\u00f3n de espematozoides en peces marinos y de agua dulce.<br>\u2022 Fisiolog\u00eda de la respiraci\u00f3n y del estr\u00e9s con peces de agua dulce (paco, gamitana, paiche).<br>\u2022 Evaluaci\u00f3n de par\u00e1metros productivos y de calidad de agua en sistemas de cultivo cerrados (RAS, Biofloc y acuap\u00f3nicos) en peces de agua dulce (tilapia, paco, paiche).<br>\u2022 Uso de anest\u00e9sicos naturales (eugenol) en especies de agua dulce.<br><\/td><td class=\"has-text-align-left\" data-align=\"left\">bangeles@lamolina.edu.pe<\/td><\/tr><tr><td>Mg. Sc. Elsa Victoria Vega Galarza M. Sc. en Acuicultura<\/td><td class=\"has-text-align-left\" data-align=\"left\"><br><strong>L\u00ednea de Investigaci\u00f3n Fa.Pe.:<\/strong> Acuicultura<br><br><strong>Sub-l\u00edneas:<\/strong><br>1.- Sistemas cerrados de producci\u00f3n acu\u00edcola y acuapon\u00eda<br>Investigaciones realizadas:<br>\u2022 Capacidad de carga de los sistemas: RAS, Bioflocs, Acuap\u00f3nicos<br>\u2022 Manejo productivo de peces en sistemas RAS y bioflocs<br>\u2022 Balance de nutrientes y calidad del agua<br>\u2022 Caracterizaci\u00f3n de componentes de los sistemas<br>\u2022 Uso de sistemas en producci\u00f3n de alevinos de peces tropicales<br>\u2022 Caracterizaci\u00f3n de par\u00e1metros abi\u00f3ticos y bi\u00f3ticos de los sistemas<br>\u2022 Especies trabajadas: Peces tropicales Tilapia, Paiche, Paco.<br>\u2022 Crust\u00e1ceos: Langostino blanco, Camar\u00f3n de agua dulce<br><\/td><td class=\"has-text-align-left\" data-align=\"left\">evegalarza@lamolina.edu.pe<\/td><\/tr><tr><td>M. Sc. Fernando Galecio Regalado<\/td><td class=\"has-text-align-left\" data-align=\"left\"><br><strong>L\u00ednea de Investigaci\u00f3n: <\/strong>Acuicultura<br><br><strong>Sub-l\u00edneas:<\/strong><br>\u2022 Manejo sostenible de la acuicultura y conservaci\u00f3n de los recursos hidrobiol\u00f3gicos y sus ecosistemas<br>\u2022 Estudios en organismos de inter\u00e9s potencial para la acuicultura, peces y crust\u00e1ceos<br>\u2022 Control y manejo de la reproducci\u00f3n de peces<br>\u2022 Determinaci\u00f3n de nuevas tecnolog\u00edas de cultivo de especies introducidas y nativas en aguas marinas y continentales<br><\/td><td class=\"has-text-align-left\" data-align=\"left\">fgalecio@lamolina.edu.pe<\/td><\/tr><tr><td>M. Sc. Anibal Severo Verastegui Maita<\/td><td class=\"has-text-align-left\" data-align=\"left\"><br><strong>L\u00ednea de Investigaci\u00f3n: <\/strong>Acuicultura<br><br><strong>Sub-l\u00edneas:<\/strong><br>Crecimiento en peces<br>Utilizaci\u00f3n de alimento y excreci\u00f3n de deshechos en acuicultura<br>Sistemas de recirculaci\u00f3n: par\u00e1metros de operaci\u00f3n<br>Maricultura de peces: tanques y jaulas flotantes.<br><\/td><td class=\"has-text-align-left\" data-align=\"left\">avm@lamolina.edu.pe<\/td><\/tr><tr><td>M. Sc. Mar\u00eda Cristina Miglio Toledo<\/td><td class=\"has-text-align-left\" data-align=\"left\"><br><strong>L\u00ednea de Investigaci\u00f3n: <\/strong>Acuicultura<br><br><strong>Sub-l\u00edneas:<\/strong><br>Principales \u00e1reas de investigaci\u00f3n son: Limnolog\u00eda, Ecolog\u00eda Acu\u00e1tica, Gesti\u00f3n de la Calidad del Agua, Sistemas de recirculaci\u00f3n de agua en Acuicultura, Tecnolog\u00eda Biofloc en acuicultura. Contaminaci\u00f3n de ambientes acu\u00e1ticos: metales pesados.&nbsp;<\/td><td class=\"has-text-align-left\" data-align=\"left\">mcmiglio@lamolina.edu.pe<\/td><\/tr><tr><td>Dra. Rosa Cueto<\/td><td class=\"has-text-align-left\" data-align=\"left\"><br><strong>L\u00ednea de Investigaci\u00f3n: <\/strong>Biolog\u00eda Marina<br><br><strong>Sub-l\u00edneas:<\/strong><br>Con l\u00ednea de investigaci\u00f3n orientada al manejo de recursos pesqueros y al an\u00e1lisis de los efectos del cambio clim\u00e1tico sobre la fisiolog\u00eda de organismos acu\u00e1ticos de inter\u00e9s comercial.<\/td><td class=\"has-text-align-left\" data-align=\"left\">rosacueto@lamolina.edu.pe<\/td><\/tr><tr><td>Mg. Sc. Carlos Scotto Espinoza<\/td><td class=\"has-text-align-left\" data-align=\"left\"><br><strong>L\u00ednea de Investigaci\u00f3n: <\/strong>Gen\u00e9tica y Reproducci\u00f3n Animal<br><br><strong>Sub-l\u00edneas:<\/strong><br>\u00c1reas de inter\u00e9s en temas de gen\u00e9tica, reproducci\u00f3n y biotecnolog\u00eda hidrobiol\u00f3gica. Desarrollo aspectos de transg\u00e9nesis y edici\u00f3n de genes de interes comercial y ornamental en peces.<\/td><td class=\"has-text-align-left\" data-align=\"left\">cscotto@lamolina.edu.pe<\/td><\/tr><tr><td>Dra. Veronica Sierralta Chichizola<\/td><td class=\"has-text-align-left\" data-align=\"left\"><br><strong>L\u00ednea de Investigaci\u00f3n: <\/strong>Patolog\u00eda de Organismos Acu\u00e1ticos<br><br><strong>Sub-l\u00edneas:<\/strong><br>Estudio sobre enfermedades bacterianas y parasitarias en peces de cultivo: tilapia, trucha, lenguado, chita y cabrilla.&nbsp;<br>Investigaci\u00f3n parasitol\u00f3gica en peces, moluscos y crust\u00e1ceos marinos y de agua dulce.<br>Diagn\u00f3stico histopatol\u00f3gico de lesiones producidas por virus, bacterias y par\u00e1sitos en peces.<\/td><td class=\"has-text-align-left\" data-align=\"left\">vsierralta@lamolina.edu.pe<\/td><\/tr><tr><td>M. Sc. Jos\u00e9 Carlos Gastel\u00fa Guzm\u00e1n<\/td><td class=\"has-text-align-left\" data-align=\"left\"><br><strong>L\u00ednea de Investigaci\u00f3n: <\/strong>Acuicultura<br><br><strong>Sub-l\u00edneas:<\/strong><br>Producci\u00f3n de pos larvas de camar\u00f3n Macrobrachium rosenbergii, qu\u00edmica del agua en su balance i\u00f3nico y manejo de filtraci\u00f3n biol\u00f3gica, nutrici\u00f3n en formulaci\u00f3n y manejo de alimento vivo (Artemia) y control de pat\u00f3genos en reproductores mediante uso comparativo de diferentes desinfectantes.<\/td><td class=\"has-text-align-left\" data-align=\"left\"><\/td><\/tr><tr><td>Dra. Jessie Marina Vargas C\u00e1rdenas<\/td><td class=\"has-text-align-left\" data-align=\"left\"><br><strong>L\u00ednea de Investigaci\u00f3n: <\/strong>Acuicultura<br><br><strong>Sub-l\u00edneas:<\/strong><br>Evaluaci\u00f3n de ingredientes funcionales y promotores del crecimiento en las dietas de peces y crust\u00e1ceos. \u00c9nfasis en determinaci\u00f3n de principios bioactivos el mejoramiento del sistema inmunol\u00f3gico. Aporte nutricional de Biofloc. Usos de sub productos de la pesca y acuicultura con fines nutricionales. Utilizaci\u00f3n y cultivo de alimento vivo.<\/td><td class=\"has-text-align-left\" data-align=\"left\"><\/td><\/tr><tr><td>Dr. Roger Vallejo (Profesor visitante NCSU)<\/td><td class=\"has-text-align-left\" data-align=\"left\"><br><strong>L\u00ednea de Investigaci\u00f3n: <\/strong>Gen\u00e9tica y biolog\u00eda computacional<br><br><strong>Sub-l\u00edneas:<\/strong><br>Dise\u00f1o e implementaci\u00f3n de escaneos QTL de todo el genoma para rasgos complejos en la trucha arco\u00edris<br>Dise\u00f1o e implementaci\u00f3n de escaneos QTL de todo el genoma para rasgos complejos en la trucha arco\u00edris<br>M\u00e9todos bayesianos de an\u00e1lisis de segregaci\u00f3n compleja de rasgos complejos en la trucha arco\u00edris<br>Perfiles de transcriptoma utilizando datos de microarrays y RNA-seq y an\u00e1lisis estad\u00edstico de datos de expresi\u00f3n g\u00e9nica<\/td><td class=\"has-text-align-left\" data-align=\"left\"><\/td><\/tr><tr><td>Dr. Alejandro Vinatea Arana (Universidade Federal de Santa Catarina<br>(UFSC))<\/td><td class=\"has-text-align-left\" data-align=\"left\"><br><strong>L\u00ednea de Investigaci\u00f3n: <\/strong>Acuicultura<br><br><strong>Sub-l\u00edneas:<\/strong><br>Investigador en camarones marinos, calidad de agua, ecolog\u00eda de los ambientes acu\u00e1ticos de cultivo, carcinicultura marina y desenvolvimiento sustentable de la acuiculltura.<\/td><td class=\"has-text-align-left\" data-align=\"left\"><\/td><\/tr><tr><td>Dr. Luis Otavio Brito da Silva (Profesor visitante UFRP)<\/td><td class=\"has-text-align-left\" data-align=\"left\"><br><strong>L\u00ednea de Investigaci\u00f3n: <\/strong>Acuicultura<br><br><strong>Sub-l\u00edneas:<\/strong><br>El manejo, calidades y la fertilizaci\u00f3n del agua.<br>Revisor de peri\u00f3dicos nacionales e internacionales de importancia para la acuicultura.<\/td><td class=\"has-text-align-left\" data-align=\"left\"><\/td><\/tr><tr><td><\/td><td class=\"has-text-align-left\" data-align=\"left\"><\/td><td class=\"has-text-align-left\" data-align=\"left\"><\/td><\/tr><\/tbody><\/table><\/figure>\n<\/div>\n<\/div><\/div>\n\n\n\n<div style=\"height:56px\" aria-hidden=\"true\" class=\"wp-block-spacer\"><\/div>\n\n\n\n<div id=\"wp-block-themeisle-blocks-advanced-columns-0082e7f2\" class=\"wp-block-themeisle-blocks-advanced-columns alignwide has-2-columns has-desktop-equal-layout has-tablet-equal-layout has-mobile-collapsedRows-layout has-vertical-unset\"><div class=\"wp-block-themeisle-blocks-advanced-columns-overlay\"><\/div><div class=\"innerblocks-wrap\">\n<div id=\"wp-block-themeisle-blocks-advanced-column-d3d8f5b4\" class=\"wp-block-themeisle-blocks-advanced-column has-light-bg\">\n<span id=\"wp-block-themeisle-blocks-advanced-heading-70698b89\" class=\"wp-block-themeisle-blocks-advanced-heading wp-block-themeisle-blocks-advanced-heading-70698b89\"><strong><strong>MAESTR\u00cdA EN ACUICULTURA-UNALM<\/strong><\/strong><\/span>\n\n\n\n<h2 id=\"wp-block-themeisle-blocks-advanced-heading-4ec6bdfb\" class=\"wp-block-themeisle-blocks-advanced-heading wp-block-themeisle-blocks-advanced-heading-4ec6bdfb coblocks-animate\" data-coblocks-animation=\"clipVertical\">Inscr\u00edbete y s\u00e9 parte de nosotros<\/h2>\n<\/div>\n\n\n\n<div id=\"wp-block-themeisle-blocks-advanced-column-ebaf5fd9\" class=\"wp-block-themeisle-blocks-advanced-column has-dark-bg\">\n<div class=\"wp-block-buttons is-horizontal is-content-justification-center is-layout-flex wp-container-1\">\n<div class=\"wp-block-button is-style-primary\"><a class=\"wp-block-button__link has-neve-link-color-background-color has-background wp-element-button\" href=\"https:\/\/admision-epg.lamolina.edu.pe\/\" target=\"_blank\" rel=\"noreferrer noopener\">ADMISI\u00d3N 2025-II<\/a><\/div>\n<\/div>\n<\/div>\n<\/div><\/div>\n\n\n\n<div style=\"height:50px\" aria-hidden=\"true\" class=\"wp-block-spacer\"><\/div>\n\n\n\n<section id=\"wp-block-themeisle-blocks-advanced-columns-88d2ee48\" class=\"wp-block-themeisle-blocks-advanced-columns alignfull has-2-columns has-desktop-equal-layout has-tablet-equal-layout has-mobile-collapsedRows-layout has-vertical-center has-dark-bg\"><div class=\"wp-block-themeisle-blocks-advanced-columns-overlay\"><\/div><div class=\"innerblocks-wrap\">\n<div id=\"wp-block-themeisle-blocks-advanced-column-246c5eb4\" class=\"wp-block-themeisle-blocks-advanced-column\">\n<span id=\"wp-block-themeisle-blocks-advanced-heading-4cdba9ae\" class=\"wp-block-themeisle-blocks-advanced-heading wp-block-themeisle-blocks-advanced-heading-4cdba9ae has-dark-bg\"><strong>EN EL CORAZ\u00d3N DE LA MOLINA<\/strong><\/span>\n\n\n\n<h2 id=\"wp-block-themeisle-blocks-advanced-heading-de97145d\" class=\"wp-block-themeisle-blocks-advanced-heading wp-block-themeisle-blocks-advanced-heading-de97145d\">Visita y cont\u00e1ctanos<\/h2>\n\n\n\n<span id=\"wp-block-themeisle-blocks-advanced-heading-74c275e8\" class=\"wp-block-themeisle-blocks-advanced-heading wp-block-themeisle-blocks-advanced-heading-74c275e8\"><strong>DE LUNES A VIERNES DE 9:00 AM A 05:00 PM <\/strong><\/span>\n\n\n\n<p class=\"has-nv-c-2-color has-text-color\">Av. La Molina s\/n, La Molina &#8211; Lima.<\/p>\n\n\n\n<span id=\"wp-block-themeisle-blocks-advanced-heading-e867de30\" class=\"wp-block-themeisle-blocks-advanced-heading wp-block-themeisle-blocks-advanced-heading-e867de30\"><strong><strong>Telf.: 614-7800 Anexo: &nbsp;209<\/strong><br><strong>Cel.: 988762375<\/strong><\/strong><\/span>\n\n\n\n<span id=\"wp-block-themeisle-blocks-advanced-heading-f75029e0\" class=\"wp-block-themeisle-blocks-advanced-heading wp-block-themeisle-blocks-advanced-heading-f75029e0\"><strong>maestria.acuicultura@lamolina.edu.pe<\/strong><\/span>\n\n\n\n<span id=\"wp-block-themeisle-blocks-advanced-heading-808c86b8\" class=\"wp-block-themeisle-blocks-advanced-heading wp-block-themeisle-blocks-advanced-heading-808c86b8\"><strong>Av. La Molina s\/n, La Molina &#8211; Lima.<\/strong><\/span>\n<\/div>\n\n\n\n<div id=\"wp-block-themeisle-blocks-advanced-column-d8dc3166\" class=\"wp-block-themeisle-blocks-advanced-column\">\n<figure class=\"wp-block-gallery has-nested-images columns-default is-cropped wp-block-gallery-2 is-layout-flex\">\n<figure class=\"wp-block-image size-large is-style-rounded\"><img decoding=\"async\" loading=\"lazy\" width=\"600\" height=\"600\" src=\"https:\/\/wp.lamolina.edu.pe\/Postgrado\/Acuicultura\/wp-content\/uploads\/2019\/07\/600x600.jpg\" alt=\"\" class=\"wp-image-90\" srcset=\"https:\/\/wp.lamolina.edu.pe\/Postgrado\/Acuicultura\/wp-content\/uploads\/2019\/07\/600x600.jpg 600w, https:\/\/wp.lamolina.edu.pe\/Postgrado\/Acuicultura\/wp-content\/uploads\/2019\/07\/600x600-300x300.jpg 300w, https:\/\/wp.lamolina.edu.pe\/Postgrado\/Acuicultura\/wp-content\/uploads\/2019\/07\/600x600-150x150.jpg 150w\" sizes=\"(max-width: 600px) 100vw, 600px\" \/><\/figure>\n<\/figure>\n<\/div>\n<\/div><\/section>\n","protected":false},"excerpt":{"rendered":"","protected":false},"author":1,"featured_media":0,"parent":0,"menu_order":0,"comment_status":"closed","ping_status":"closed","template":"page-templates\/template-pagebuilder-full-width.php","meta":{"_coblocks_attr":"","_coblocks_dimensions":"","_coblocks_responsive_height":"","_coblocks_accordion_ie_support":"","neve_meta_sidebar":"","neve_meta_container":"","neve_meta_enable_content_width":"on","neve_meta_content_width":100,"neve_meta_title_alignment":"","neve_meta_author_avatar":"","neve_post_elements_order":"","neve_meta_disable_header":"","neve_meta_disable_footer":"","neve_meta_disable_title":"on","_themeisle_gutenberg_block_has_review":false},"_links":{"self":[{"href":"https:\/\/wp.lamolina.edu.pe\/Postgrado\/Acuicultura\/wp-json\/wp\/v2\/pages\/1511"}],"collection":[{"href":"https:\/\/wp.lamolina.edu.pe\/Postgrado\/Acuicultura\/wp-json\/wp\/v2\/pages"}],"about":[{"href":"https:\/\/wp.lamolina.edu.pe\/Postgrado\/Acuicultura\/wp-json\/wp\/v2\/types\/page"}],"author":[{"embeddable":true,"href":"https:\/\/wp.lamolina.edu.pe\/Postgrado\/Acuicultura\/wp-json\/wp\/v2\/users\/1"}],"replies":[{"embeddable":true,"href":"https:\/\/wp.lamolina.edu.pe\/Postgrado\/Acuicultura\/wp-json\/wp\/v2\/comments?post=1511"}],"version-history":[{"count":13,"href":"https:\/\/wp.lamolina.edu.pe\/Postgrado\/Acuicultura\/wp-json\/wp\/v2\/pages\/1511\/revisions"}],"predecessor-version":[{"id":1715,"href":"https:\/\/wp.lamolina.edu.pe\/Postgrado\/Acuicultura\/wp-json\/wp\/v2\/pages\/1511\/revisions\/1715"}],"wp:attachment":[{"href":"https:\/\/wp.lamolina.edu.pe\/Postgrado\/Acuicultura\/wp-json\/wp\/v2\/media?parent=1511"}],"curies":[{"name":"wp","href":"https:\/\/api.w.org\/{rel}","templated":true}]}}