{"id":165,"date":"2020-02-18T07:34:41","date_gmt":"2020-02-18T07:34:41","guid":{"rendered":"https:\/\/demosites.io\/fitness-gb\/?page_id=165"},"modified":"2025-12-01T23:41:28","modified_gmt":"2025-12-01T23:41:28","slug":"a5213-single-group","status":"publish","type":"page","link":"https:\/\/wp.lamolina.edu.pe\/Postgrado\/Acuicultura\/a5213-single-group\/","title":{"rendered":"Perfil del egresado"},"content":{"rendered":"\n<div class=\"wp-block-cover alignfull\"><span aria-hidden=\"true\" class=\"wp-block-cover__background has-background-dim-20 has-background-dim\"><\/span><img decoding=\"async\" loading=\"lazy\" width=\"1100\" height=\"360\" class=\"wp-block-cover__image-background wp-image-1434\" alt=\"\" src=\"https:\/\/wp.lamolina.edu.pe\/Postgrado\/Acuicultura\/wp-content\/uploads\/2023\/06\/bg_new9090.jpg\" data-object-fit=\"cover\" srcset=\"https:\/\/wp.lamolina.edu.pe\/Postgrado\/Acuicultura\/wp-content\/uploads\/2023\/06\/bg_new9090.jpg 1100w, https:\/\/wp.lamolina.edu.pe\/Postgrado\/Acuicultura\/wp-content\/uploads\/2023\/06\/bg_new9090-300x98.jpg 300w, https:\/\/wp.lamolina.edu.pe\/Postgrado\/Acuicultura\/wp-content\/uploads\/2023\/06\/bg_new9090-1024x335.jpg 1024w, https:\/\/wp.lamolina.edu.pe\/Postgrado\/Acuicultura\/wp-content\/uploads\/2023\/06\/bg_new9090-768x251.jpg 768w\" sizes=\"(max-width: 1100px) 100vw, 1100px\" \/><div class=\"wp-block-cover__inner-container\">\n<h1 id=\"wp-block-themeisle-blocks-advanced-heading-1d3df868\" class=\"wp-block-themeisle-blocks-advanced-heading wp-block-themeisle-blocks-advanced-heading-1d3df868\">Perfil del egresado<\/h1>\n<\/div><\/div>\n\n\n\n<section id=\"wp-block-themeisle-blocks-advanced-columns-e4373a2b\" class=\"wp-block-themeisle-blocks-advanced-columns alignfull has-1-columns has-desktop-equal-layout has-tablet-equal-layout has-mobile-equal-layout has-vertical-flex-start\"><div class=\"wp-block-themeisle-blocks-advanced-columns-overlay\"><\/div><div class=\"innerblocks-wrap\">\n\n<div id=\"wp-block-themeisle-blocks-advanced-column-0b9db5af\" class=\"wp-block-themeisle-blocks-advanced-column\">\n\n<section id=\"wp-block-themeisle-blocks-advanced-columns-62d68e08\" class=\"wp-block-themeisle-blocks-advanced-columns has-2-columns has-desktop-equal-layout has-tablet-equal-layout has-mobile-collapsedRows-layout has-vertical-center\"><div class=\"wp-block-themeisle-blocks-advanced-columns-overlay\"><\/div><div class=\"innerblocks-wrap\">\n\n<div id=\"wp-block-themeisle-blocks-advanced-column-ba020b38\" class=\"wp-block-themeisle-blocks-advanced-column\">\n\n<span id=\"wp-block-themeisle-blocks-advanced-heading-acff9ebd\" class=\"wp-block-themeisle-blocks-advanced-heading wp-block-themeisle-blocks-advanced-heading-acff9ebd\"><strong>MAESTR\u00cdA EN ACUICULTURA-UNALM<\/strong><\/span>\n\n\n<h2 class=\"wp-block-heading wp-block-themeisle-blocks-advanced-heading wp-block-themeisle-blocks-advanced-heading-a3e4dce8 has-nv-c-1-color has-text-color\" id=\"wp-block-themeisle-blocks-advanced-heading-a3e4dce8\">Perfil de egreso<\/h2>\n\n\n<p>Al concluir el estudiante de Maestr\u00eda de Acuicultura satisfactoriamente sus estudios, debe tener las siguientes caracter\u00edsticas: es un profesional e investigador con una formaci\u00f3n s\u00f3lida en aspectos b\u00e1sicos y aplicados a la acuicultura. En adici\u00f3n, el egresado posee una elevada capacidad de an\u00e1lisis, dise\u00f1o, manejo y evaluaci\u00f3n de los diferentes sistemas de producci\u00f3n tanto en el \u00e1mbito marino como continental lo cual le permite liderar con eficiencia procesos de cambio y reingenier\u00eda en el sector acu\u00edcola a nivel nacional.<\/p>\n\n<\/div>\n\n\n<div id=\"wp-block-themeisle-blocks-advanced-column-6c94b24d\" class=\"wp-block-themeisle-blocks-advanced-column\"><\/div>\n\n<\/div><\/section>\n\n\n<section id=\"wp-block-themeisle-blocks-advanced-columns-6fc7adce\" class=\"wp-block-themeisle-blocks-advanced-columns has-3-columns has-desktop-equal-layout has-tablet-equal-layout has-mobile-collapsedRows-layout has-vertical-flex-start\"><div class=\"wp-block-themeisle-blocks-advanced-columns-overlay\"><\/div><div class=\"innerblocks-wrap\">\n\n<div id=\"wp-block-themeisle-blocks-advanced-column-25e97a9a\" class=\"wp-block-themeisle-blocks-advanced-column\">\n\n<figure class=\"wp-block-image size-full\"><img decoding=\"async\" loading=\"lazy\" width=\"360\" height=\"360\" src=\"https:\/\/wp.lamolina.edu.pe\/Postgrado\/Acuicultura\/wp-content\/uploads\/2023\/05\/360x360.jpg\" alt=\"\" class=\"wp-image-587\" srcset=\"https:\/\/wp.lamolina.edu.pe\/Postgrado\/Acuicultura\/wp-content\/uploads\/2023\/05\/360x360.jpg 360w, https:\/\/wp.lamolina.edu.pe\/Postgrado\/Acuicultura\/wp-content\/uploads\/2023\/05\/360x360-300x300.jpg 300w, https:\/\/wp.lamolina.edu.pe\/Postgrado\/Acuicultura\/wp-content\/uploads\/2023\/05\/360x360-150x150.jpg 150w\" sizes=\"(max-width: 360px) 100vw, 360px\" \/><\/figure>\n\n<\/div>\n\n\n<div id=\"wp-block-themeisle-blocks-advanced-column-b5b3ad1c\" class=\"wp-block-themeisle-blocks-advanced-column\">\n\n<figure class=\"wp-block-image size-full\"><img decoding=\"async\" loading=\"lazy\" width=\"360\" height=\"360\" src=\"https:\/\/wp.lamolina.edu.pe\/Postgrado\/Acuicultura\/wp-content\/uploads\/2023\/06\/Sin-titulo-1.jpg\" alt=\"\" class=\"wp-image-1180\" srcset=\"https:\/\/wp.lamolina.edu.pe\/Postgrado\/Acuicultura\/wp-content\/uploads\/2023\/06\/Sin-titulo-1.jpg 360w, https:\/\/wp.lamolina.edu.pe\/Postgrado\/Acuicultura\/wp-content\/uploads\/2023\/06\/Sin-titulo-1-300x300.jpg 300w, https:\/\/wp.lamolina.edu.pe\/Postgrado\/Acuicultura\/wp-content\/uploads\/2023\/06\/Sin-titulo-1-150x150.jpg 150w\" sizes=\"(max-width: 360px) 100vw, 360px\" \/><\/figure>\n\n<\/div>\n\n\n<div id=\"wp-block-themeisle-blocks-advanced-column-6be03cf4\" class=\"wp-block-themeisle-blocks-advanced-column\">\n\n<figure class=\"wp-block-image size-full\"><img decoding=\"async\" loading=\"lazy\" width=\"360\" height=\"360\" src=\"https:\/\/wp.lamolina.edu.pe\/Postgrado\/Acuicultura\/wp-content\/uploads\/2023\/05\/360x360_3-1.jpg\" alt=\"\" class=\"wp-image-585\" srcset=\"https:\/\/wp.lamolina.edu.pe\/Postgrado\/Acuicultura\/wp-content\/uploads\/2023\/05\/360x360_3-1.jpg 360w, https:\/\/wp.lamolina.edu.pe\/Postgrado\/Acuicultura\/wp-content\/uploads\/2023\/05\/360x360_3-1-300x300.jpg 300w, https:\/\/wp.lamolina.edu.pe\/Postgrado\/Acuicultura\/wp-content\/uploads\/2023\/05\/360x360_3-1-150x150.jpg 150w\" sizes=\"(max-width: 360px) 100vw, 360px\" \/><\/figure>\n\n<\/div>\n\n<\/div><\/section>\n\n<\/div>\n\n<\/div><\/section>\n\n\n\n<section id=\"wp-block-themeisle-blocks-advanced-columns-de72ff39\" class=\"wp-block-themeisle-blocks-advanced-columns alignwide has-2-columns has-desktop-equal-layout has-tablet-equal-layout has-mobile-collapsedRows-layout has-vertical-center has-light-bg\"><div class=\"wp-block-themeisle-blocks-advanced-columns-overlay\"><\/div><div class=\"innerblocks-wrap\">\n\n<div id=\"wp-block-themeisle-blocks-advanced-column-41f6cecb\" class=\"wp-block-themeisle-blocks-advanced-column\">\n\n<div style=\"height:45px\" aria-hidden=\"true\" class=\"wp-block-spacer\"><\/div>\n\n\n<figure class=\"wp-block-image size-full is-style-rounded\"><img decoding=\"async\" loading=\"lazy\" width=\"600\" height=\"600\" src=\"https:\/\/wp.lamolina.edu.pe\/Postgrado\/Acuicultura\/wp-content\/uploads\/2023\/05\/600X600_U.jpg\" alt=\"\" class=\"wp-image-595\" srcset=\"https:\/\/wp.lamolina.edu.pe\/Postgrado\/Acuicultura\/wp-content\/uploads\/2023\/05\/600X600_U.jpg 600w, https:\/\/wp.lamolina.edu.pe\/Postgrado\/Acuicultura\/wp-content\/uploads\/2023\/05\/600X600_U-300x300.jpg 300w, https:\/\/wp.lamolina.edu.pe\/Postgrado\/Acuicultura\/wp-content\/uploads\/2023\/05\/600X600_U-150x150.jpg 150w\" sizes=\"(max-width: 600px) 100vw, 600px\" \/><\/figure>\n\n\n<div style=\"height:30px\" aria-hidden=\"true\" class=\"wp-block-spacer\"><\/div>\n\n\n<figure class=\"wp-block-image size-full is-style-rounded\"><img decoding=\"async\" loading=\"lazy\" width=\"600\" height=\"600\" src=\"https:\/\/wp.lamolina.edu.pe\/Postgrado\/Acuicultura\/wp-content\/uploads\/2023\/06\/600x600_EGRESA.jpg\" alt=\"\" class=\"wp-image-1406\" srcset=\"https:\/\/wp.lamolina.edu.pe\/Postgrado\/Acuicultura\/wp-content\/uploads\/2023\/06\/600x600_EGRESA.jpg 600w, https:\/\/wp.lamolina.edu.pe\/Postgrado\/Acuicultura\/wp-content\/uploads\/2023\/06\/600x600_EGRESA-300x300.jpg 300w, https:\/\/wp.lamolina.edu.pe\/Postgrado\/Acuicultura\/wp-content\/uploads\/2023\/06\/600x600_EGRESA-150x150.jpg 150w\" sizes=\"(max-width: 600px) 100vw, 600px\" \/><\/figure>\n\n<\/div>\n\n\n<div id=\"wp-block-themeisle-blocks-advanced-column-5af0a9d5\" class=\"wp-block-themeisle-blocks-advanced-column\">\n\n<span id=\"wp-block-themeisle-blocks-advanced-heading-62eeaa9f\" class=\"wp-block-themeisle-blocks-advanced-heading wp-block-themeisle-blocks-advanced-heading-62eeaa9f\"><strong>EL PERFIL DE NUETROS EGRESADOS<\/strong><\/span>\n\n\n<h2 id=\"wp-block-themeisle-blocks-advanced-heading-9727c927\" class=\"wp-block-themeisle-blocks-advanced-heading wp-block-themeisle-blocks-advanced-heading-9727c927\">Competencias generales<\/h2>\n\n\n<hr class=\"wp-block-separator has-text-color has-nv-c-1-color has-alpha-channel-opacity has-nv-c-1-background-color has-background is-style-wide\">\n\n\n<ul class=\"has-nv-site-bg-color has-text-color\">\n\n<li>\u29bf Sera capaz de formular y ejecutar proyectos de investigaci\u00f3n<\/li>\n\n\n<li>\u29bf Hacer uso de la tecnolog\u00eda de la informaci\u00f3n y comunicaci\u00f3n<\/li>\n\n\n<li>\u29bf Redactar documentos cient\u00edficos<\/li>\n\n\n<li>\u29bf Comunicar en un lenguaje t\u00e9cnico \u2013 cient\u00edfico<\/li>\n\n<\/ul>\n\n\n<div style=\"height:30px\" aria-hidden=\"true\" class=\"wp-block-spacer\"><\/div>\n\n\n<h2 id=\"wp-block-themeisle-blocks-advanced-heading-e70b9cdc\" class=\"wp-block-themeisle-blocks-advanced-heading wp-block-themeisle-blocks-advanced-heading-e70b9cdc\">Competencias espec\u00edficas<\/h2>\n\n\n<hr class=\"wp-block-separator has-text-color has-nv-c-1-color has-alpha-channel-opacity has-nv-c-1-background-color has-background is-style-wide\">\n\n\n<p class=\"has-nv-site-bg-color has-text-color\">El egresado del Programa de Maestr\u00eda en Acuicultura estar\u00e1 capacitado para:<\/p>\n\n\n<ul style=\"color:var(--nv-site-bg)\">\n\n<li>\u29bf Identificar y analizar los problemas que limitan el desarrollo de la acuicultura en el \u00e1mbito nacional y formular alternativas de soluci\u00f3n.<\/li>\n\n\n<li>\u29bf Conformar y liderar equipos de trabajo cient\u00edfico, orientados a generar tecnolog\u00eda para el desarrollo y modernizaci\u00f3n de la acuicultura.<\/li>\n\n\n<li>\u29bf Gestionar y desarrollar proyectos de investigaci\u00f3n cient\u00edfica y tecnol\u00f3gica b\u00e1sica y aplicada orientada al manejo, cultivo y gesti\u00f3n sostenible de los recursos hidrobiol\u00f3gicos.<\/li>\n\n\n<li>\u29bf Transmitir conocimientos tanto adquiridos como desarrollados a trav\u00e9s de reporte de art\u00edculos cient\u00edficos y de programas de extensi\u00f3n y capacitaci\u00f3n promoviendo el intercambio de resultados hacia la comunidad cient\u00edfica nacional e<br>internacional.<\/li>\n\n\n<li>\u29bf Planificar y desarrollar m\u00e9todos, t\u00e9cnicas y herramientas para la gesti\u00f3n y ejecuci\u00f3n de proyectos acu\u00edcolas.<\/li>\n\n<\/ul>\n\n<\/div>\n\n<\/div><\/section>\n\n\n\n<div style=\"height:30px\" aria-hidden=\"true\" class=\"wp-block-spacer\"><\/div>\n\n\n\n<div style=\"height:30px\" aria-hidden=\"true\" class=\"wp-block-spacer\"><\/div>\n\n\n\n<div id=\"wp-block-themeisle-blocks-advanced-columns-0082e7f2\" class=\"wp-block-themeisle-blocks-advanced-columns alignwide has-2-columns has-desktop-equal-layout has-tablet-equal-layout has-mobile-collapsedRows-layout has-vertical-unset\"><div class=\"wp-block-themeisle-blocks-advanced-columns-overlay\"><\/div><div class=\"innerblocks-wrap\">\n<div id=\"wp-block-themeisle-blocks-advanced-column-d3d8f5b4\" class=\"wp-block-themeisle-blocks-advanced-column has-light-bg\">\n<span id=\"wp-block-themeisle-blocks-advanced-heading-70698b89\" class=\"wp-block-themeisle-blocks-advanced-heading wp-block-themeisle-blocks-advanced-heading-70698b89\"><strong>MAESTR\u00cdA EN ACUICULTURA-UNALM<\/strong><\/span>\n<h2 id=\"wp-block-themeisle-blocks-advanced-heading-4ec6bdfb\" class=\"wp-block-themeisle-blocks-advanced-heading wp-block-themeisle-blocks-advanced-heading-4ec6bdfb coblocks-animate\" data-coblocks-animation=\"clipVertical\">Inscr\u00edbete y s\u00e9 parte de nosotros<\/h2>\n<\/div>\n<div id=\"wp-block-themeisle-blocks-advanced-column-ebaf5fd9\" class=\"wp-block-themeisle-blocks-advanced-column has-dark-bg\">\n<div class=\"wp-block-buttons\">\n<div class=\"wp-block-button is-style-primary\"><a class=\"wp-block-button__link wp-element-button\" href=\"https:\/\/admision-epg.lamolina.edu.pe\/\" target=\"_blank\" rel=\"noreferrer noopener\">INSCRIPCIONES 2026-I<\/a><\/div>\n<\/div>\n<\/div>\n<\/div><\/div>\n\n\n\n<div style=\"height:30px\" aria-hidden=\"true\" class=\"wp-block-spacer\"><\/div>\n\n\n\n<section id=\"wp-block-themeisle-blocks-advanced-columns-88d2ee48\" class=\"wp-block-themeisle-blocks-advanced-columns alignfull has-2-columns has-desktop-equal-layout has-tablet-equal-layout has-mobile-collapsedRows-layout has-vertical-center has-dark-bg\"><div class=\"wp-block-themeisle-blocks-advanced-columns-overlay\"><\/div><div class=\"innerblocks-wrap\">\n<div id=\"wp-block-themeisle-blocks-advanced-column-246c5eb4\" class=\"wp-block-themeisle-blocks-advanced-column\">\n<span id=\"wp-block-themeisle-blocks-advanced-heading-4cdba9ae\" class=\"wp-block-themeisle-blocks-advanced-heading wp-block-themeisle-blocks-advanced-heading-4cdba9ae\"><strong>EN EL CORAZ\u00d3N DE LA MOLINA<\/strong><\/span>\n<h2 id=\"wp-block-themeisle-blocks-advanced-heading-de97145d\" class=\"wp-block-themeisle-blocks-advanced-heading wp-block-themeisle-blocks-advanced-heading-de97145d\">Visita y cont\u00e1ctanos<\/h2>\n<span id=\"wp-block-themeisle-blocks-advanced-heading-74c275e8\" class=\"wp-block-themeisle-blocks-advanced-heading wp-block-themeisle-blocks-advanced-heading-74c275e8\"><strong>DE LUNES A VIERNES DE 9:00 AM A 05:00 PM <\/strong><\/span>\n<p class=\"has-nv-c-2-color has-text-color\">Av. La Molina s\/n, La Molina &#8211; Lima.<\/p>\n<span id=\"wp-block-themeisle-blocks-advanced-heading-e867de30\" class=\"wp-block-themeisle-blocks-advanced-heading wp-block-themeisle-blocks-advanced-heading-e867de30\"><strong><strong>Telf.: 614-7800 Anexo: &nbsp;209<\/strong><br><strong>Cel.: 988762375<\/strong><\/strong><\/span>\n<span id=\"wp-block-themeisle-blocks-advanced-heading-f75029e0\" class=\"wp-block-themeisle-blocks-advanced-heading wp-block-themeisle-blocks-advanced-heading-f75029e0\"><strong>maestria.acuicultura@lamolina.edu.pe<\/strong><\/span>\n<span id=\"wp-block-themeisle-blocks-advanced-heading-808c86b8\" class=\"wp-block-themeisle-blocks-advanced-heading wp-block-themeisle-blocks-advanced-heading-808c86b8\"><strong>Av. La Molina s\/n, La Molina &#8211; Lima.<\/strong><\/span>\n<\/div>\n<div id=\"wp-block-themeisle-blocks-advanced-column-d8dc3166\" class=\"wp-block-themeisle-blocks-advanced-column\">\n<figure class=\"wp-block-gallery has-nested-images columns-default is-cropped\">\n<figure class=\"wp-block-image size-large is-style-rounded\"><img decoding=\"async\" loading=\"lazy\" width=\"600\" height=\"600\" src=\"https:\/\/wp.lamolina.edu.pe\/Postgrado\/Acuicultura\/wp-content\/uploads\/2019\/07\/600x600.jpg\" alt=\"\" class=\"wp-image-90\" srcset=\"https:\/\/wp.lamolina.edu.pe\/Postgrado\/Acuicultura\/wp-content\/uploads\/2019\/07\/600x600.jpg 600w, https:\/\/wp.lamolina.edu.pe\/Postgrado\/Acuicultura\/wp-content\/uploads\/2019\/07\/600x600-300x300.jpg 300w, https:\/\/wp.lamolina.edu.pe\/Postgrado\/Acuicultura\/wp-content\/uploads\/2019\/07\/600x600-150x150.jpg 150w\" sizes=\"(max-width: 600px) 100vw, 600px\" \/><\/figure>\n<\/figure>\n<\/div>\n<\/div><\/section>\n","protected":false},"excerpt":{"rendered":"<p>MAESTR\u00cdA EN ACUICULTURA-UNALM Inscr\u00edbete y s\u00e9 parte de nosotros INSCRIPCIONES 2026-I EN EL CORAZ\u00d3N DE LA MOLINA Visita y cont\u00e1ctanos DE LUNES A VIERNES DE 9:00 AM A 05:00 PM Av. La Molina s\/n, La Molina &#8211; Lima. Telf.: 614-7800 Anexo: &nbsp;209Cel.: 988762375 maestria.acuicultura@lamolina.edu.pe Av. La Molina s\/n, La Molina &#8211; Lima.<\/p>\n","protected":false},"author":1,"featured_media":0,"parent":0,"menu_order":0,"comment_status":"closed","ping_status":"closed","template":"page-templates\/template-pagebuilder-full-width.php","meta":{"_coblocks_attr":"","_coblocks_dimensions":"","_coblocks_responsive_height":"","_coblocks_accordion_ie_support":"","neve_meta_sidebar":"full-width","neve_meta_container":"","neve_meta_enable_content_width":"on","neve_meta_content_width":100,"neve_meta_title_alignment":"","neve_meta_author_avatar":"","neve_post_elements_order":"","neve_meta_disable_header":"","neve_meta_disable_footer":"","neve_meta_disable_title":"","_themeisle_gutenberg_block_has_review":false},"_links":{"self":[{"href":"https:\/\/wp.lamolina.edu.pe\/Postgrado\/Acuicultura\/wp-json\/wp\/v2\/pages\/165"}],"collection":[{"href":"https:\/\/wp.lamolina.edu.pe\/Postgrado\/Acuicultura\/wp-json\/wp\/v2\/pages"}],"about":[{"href":"https:\/\/wp.lamolina.edu.pe\/Postgrado\/Acuicultura\/wp-json\/wp\/v2\/types\/page"}],"author":[{"embeddable":true,"href":"https:\/\/wp.lamolina.edu.pe\/Postgrado\/Acuicultura\/wp-json\/wp\/v2\/users\/1"}],"replies":[{"embeddable":true,"href":"https:\/\/wp.lamolina.edu.pe\/Postgrado\/Acuicultura\/wp-json\/wp\/v2\/comments?post=165"}],"version-history":[{"count":16,"href":"https:\/\/wp.lamolina.edu.pe\/Postgrado\/Acuicultura\/wp-json\/wp\/v2\/pages\/165\/revisions"}],"predecessor-version":[{"id":1734,"href":"https:\/\/wp.lamolina.edu.pe\/Postgrado\/Acuicultura\/wp-json\/wp\/v2\/pages\/165\/revisions\/1734"}],"wp:attachment":[{"href":"https:\/\/wp.lamolina.edu.pe\/Postgrado\/Acuicultura\/wp-json\/wp\/v2\/media?parent=165"}],"curies":[{"name":"wp","href":"https:\/\/api.w.org\/{rel}","templated":true}]}}