{"id":250,"date":"2021-08-11T12:26:39","date_gmt":"2021-08-11T12:26:39","guid":{"rendered":"https:\/\/demosites.io\/fitness-gb\/?page_id=250"},"modified":"2025-12-01T23:39:41","modified_gmt":"2025-12-01T23:39:41","slug":"a5213-groups","status":"publish","type":"page","link":"https:\/\/wp.lamolina.edu.pe\/Postgrado\/Acuicultura\/a5213-groups\/","title":{"rendered":"Plan de estudios"},"content":{"rendered":"\n<div class=\"wp-block-cover alignfull\"><span aria-hidden=\"true\" class=\"wp-block-cover__background has-background-dim-10 has-background-dim\"><\/span><img decoding=\"async\" loading=\"lazy\" width=\"1100\" height=\"360\" class=\"wp-block-cover__image-background wp-image-1431\" alt=\"\" src=\"https:\/\/wp.lamolina.edu.pe\/Postgrado\/Acuicultura\/wp-content\/uploads\/2023\/06\/bg02222-1.jpg\" data-object-fit=\"cover\" srcset=\"https:\/\/wp.lamolina.edu.pe\/Postgrado\/Acuicultura\/wp-content\/uploads\/2023\/06\/bg02222-1.jpg 1100w, https:\/\/wp.lamolina.edu.pe\/Postgrado\/Acuicultura\/wp-content\/uploads\/2023\/06\/bg02222-1-300x98.jpg 300w, https:\/\/wp.lamolina.edu.pe\/Postgrado\/Acuicultura\/wp-content\/uploads\/2023\/06\/bg02222-1-1024x335.jpg 1024w, https:\/\/wp.lamolina.edu.pe\/Postgrado\/Acuicultura\/wp-content\/uploads\/2023\/06\/bg02222-1-768x251.jpg 768w\" sizes=\"(max-width: 1100px) 100vw, 1100px\" \/><div class=\"wp-block-cover__inner-container\">\n<h1 id=\"wp-block-themeisle-blocks-advanced-heading-808a19fa\" class=\"wp-block-themeisle-blocks-advanced-heading wp-block-themeisle-blocks-advanced-heading-808a19fa\">Plan de estudios<\/h1>\n<\/div><\/div>\n\n\n\n<p><\/p>\n\n\n\n<div id=\"wp-block-themeisle-blocks-advanced-columns-1afa0976\" class=\"wp-block-themeisle-blocks-advanced-columns alignwide has-2-columns has-desktop-oneTwo-layout has-tablet-equal-layout has-mobile-collapsedRows-layout has-vertical-top sm-separator\"><div class=\"wp-block-themeisle-blocks-advanced-columns-overlay\"><\/div><div class=\"wp-block-themeisle-blocks-advanced-columns-separators top\"><svg id=\"bigTriangle\" fill=\"var(--nv-c-2)\" viewBox=\"0 0 100 100\" width=\"100%\" height=\"100\" preserveAspectRatio=\"none\" xmlns=\"http:\/\/www.w3.org\/2000\/svg\" class=\"\"><path d=\"M0 0 L50 100 L100 0 Z\"><\/path><\/svg><\/div><div class=\"innerblocks-wrap\">\n<div id=\"wp-block-themeisle-blocks-advanced-column-4efd4381\" class=\"wp-block-themeisle-blocks-advanced-column coblocks-animate\" data-coblocks-animation=\"slideInLeft\">\n<div style=\"height:100px\" aria-hidden=\"true\" class=\"wp-block-spacer\"><\/div>\n<div style=\"height:146px\" aria-hidden=\"true\" class=\"wp-block-spacer\"><\/div>\n<figure class=\"wp-block-image size-full\"><img decoding=\"async\" loading=\"lazy\" width=\"600\" height=\"600\" src=\"https:\/\/wp.lamolina.edu.pe\/Postgrado\/Acuicultura\/wp-content\/uploads\/2023\/05\/600x600-1.jpg\" alt=\"\" class=\"wp-image-574\" srcset=\"https:\/\/wp.lamolina.edu.pe\/Postgrado\/Acuicultura\/wp-content\/uploads\/2023\/05\/600x600-1.jpg 600w, https:\/\/wp.lamolina.edu.pe\/Postgrado\/Acuicultura\/wp-content\/uploads\/2023\/05\/600x600-1-300x300.jpg 300w, https:\/\/wp.lamolina.edu.pe\/Postgrado\/Acuicultura\/wp-content\/uploads\/2023\/05\/600x600-1-150x150.jpg 150w\" sizes=\"(max-width: 600px) 100vw, 600px\" \/><\/figure>\n<div style=\"height:25px\" aria-hidden=\"true\" class=\"wp-block-spacer\"><\/div>\n<figure class=\"wp-block-image size-large\"><img decoding=\"async\" loading=\"lazy\" width=\"1024\" height=\"683\" src=\"https:\/\/wp.lamolina.edu.pe\/Postgrado\/Acuicultura\/wp-content\/uploads\/2023\/06\/proyect4-1-1024x683.jpg\" alt=\"\" class=\"wp-image-947\" srcset=\"https:\/\/wp.lamolina.edu.pe\/Postgrado\/Acuicultura\/wp-content\/uploads\/2023\/06\/proyect4-1-1024x683.jpg 1024w, https:\/\/wp.lamolina.edu.pe\/Postgrado\/Acuicultura\/wp-content\/uploads\/2023\/06\/proyect4-1-300x200.jpg 300w, https:\/\/wp.lamolina.edu.pe\/Postgrado\/Acuicultura\/wp-content\/uploads\/2023\/06\/proyect4-1-768x512.jpg 768w, https:\/\/wp.lamolina.edu.pe\/Postgrado\/Acuicultura\/wp-content\/uploads\/2023\/06\/proyect4-1-1536x1024.jpg 1536w, https:\/\/wp.lamolina.edu.pe\/Postgrado\/Acuicultura\/wp-content\/uploads\/2023\/06\/proyect4-1-930x620.jpg 930w, https:\/\/wp.lamolina.edu.pe\/Postgrado\/Acuicultura\/wp-content\/uploads\/2023\/06\/proyect4-1.jpg 1800w\" sizes=\"(max-width: 1024px) 100vw, 1024px\" \/><\/figure>\n<div style=\"height:25px\" aria-hidden=\"true\" class=\"wp-block-spacer\"><\/div>\n<figure class=\"wp-block-image size-large\"><img decoding=\"async\" loading=\"lazy\" width=\"1024\" height=\"654\" src=\"https:\/\/wp.lamolina.edu.pe\/Postgrado\/Acuicultura\/wp-content\/uploads\/2023\/06\/mosaico6-2-1024x654.jpg\" alt=\"\" class=\"wp-image-948\" srcset=\"https:\/\/wp.lamolina.edu.pe\/Postgrado\/Acuicultura\/wp-content\/uploads\/2023\/06\/mosaico6-2-1024x654.jpg 1024w, https:\/\/wp.lamolina.edu.pe\/Postgrado\/Acuicultura\/wp-content\/uploads\/2023\/06\/mosaico6-2-300x192.jpg 300w, https:\/\/wp.lamolina.edu.pe\/Postgrado\/Acuicultura\/wp-content\/uploads\/2023\/06\/mosaico6-2-768x490.jpg 768w, https:\/\/wp.lamolina.edu.pe\/Postgrado\/Acuicultura\/wp-content\/uploads\/2023\/06\/mosaico6-2-1536x980.jpg 1536w, https:\/\/wp.lamolina.edu.pe\/Postgrado\/Acuicultura\/wp-content\/uploads\/2023\/06\/mosaico6-2.jpg 1800w\" sizes=\"(max-width: 1024px) 100vw, 1024px\" \/><\/figure>\n<\/div>\n<div id=\"wp-block-themeisle-blocks-advanced-column-6c2514ca\" class=\"wp-block-themeisle-blocks-advanced-column\">\n<p><\/p>\n<p><\/p>\n<h2 id=\"wp-block-themeisle-blocks-advanced-heading-b120844a\" class=\"wp-block-themeisle-blocks-advanced-heading wp-block-themeisle-blocks-advanced-heading-b120844a coblocks-animate\" data-coblocks-animation=\"clipVertical\">Cursos obligatorios<\/h2>\n<hr class=\"wp-block-separator has-text-color has-nv-c-2-color has-alpha-channel-opacity has-nv-c-2-background-color has-background is-style-wide\"\/>\n<span id=\"wp-block-themeisle-blocks-advanced-heading-4324af70\" class=\"wp-block-themeisle-blocks-advanced-heading wp-block-themeisle-blocks-advanced-heading-4324af70\"><strong><strong>Cursos obligatorios seg\u00fan reglamento EPG<\/strong><\/strong><\/span>\n<figure class=\"wp-block-table is-style-stripes\"><table><tbody><tr><td><strong>C\u00f3digo<\/strong><\/td><td><strong>Curso<\/strong><\/td><td><strong>T-P-C<\/strong><\/td><td><strong>Requisito<\/strong><\/td><\/tr><tr><td>PQ-7009<\/td><td>Metodolog\u00eda de la Investigaci\u00f3n Cient\u00edfica en Acuicultura<\/td><td>2-0-2<\/td><td>Aprobaci\u00f3n del Comit\u00e9 Consejero<\/td><\/tr><tr><td>PQ-7008<\/td><td>Dise\u00f1o y Operaci\u00f3n de Sistemas en Acuicultura<\/td><td>3-2-4<\/td><td>PQ-7003 Acuicultura<\/td><\/tr><tr><td>PQ-7010<\/td><td>Proyecto de Tesis en Acuicultura<\/td><td>2-0-2<\/td><td>Aprobaci\u00f3n del Comit\u00e9 Consejero<\/td><\/tr><tr><td>PQ-7011<\/td><td>Investigaci\u00f3n en Acuicultura<\/td><td>10<\/td><td>Aprobaci\u00f3n del Comit\u00e9 Consejero<\/td><\/tr><tr><td><\/td><td><strong>TOTAL DE CR\u00c9DITOS<\/strong><\/td><td>18<\/td><td><\/td><\/tr><\/tbody><\/table><\/figure>\n<span id=\"wp-block-themeisle-blocks-advanced-heading-b20af351\" class=\"wp-block-themeisle-blocks-advanced-heading wp-block-themeisle-blocks-advanced-heading-b20af351\"><strong><strong>Cursos obligatorios del Programa de la Maestr\u00eda en Acuicultura<\/strong><\/strong><\/span>\n<div class=\"wp-block-group\">\n<figure class=\"wp-block-table is-style-stripes\"><table><tbody><tr><td><strong>C\u00f3digo<\/strong><\/td><td><strong>Curso<\/strong><\/td><td><strong>T-P-C<\/strong><\/td><td><strong>Requisito<\/strong><\/td><\/tr><tr><td>PQ-7002<\/td><td>Dise\u00f1o y An\u00e1lisis Experimental<\/td><td>2-2-3<\/td><td>Aprobaci\u00f3n del Comit\u00e9 Consejero<\/td><\/tr><tr><td>PQ-7003<\/td><td>Acuicultura<\/td><td>2-2-3<\/td><td>Aprobaci\u00f3n del Comit\u00e9 Consejero<\/td><\/tr><tr><td>PQ-7004<\/td><td>Nutrici\u00f3n de Organismos Acu\u00e1ticos<\/td><td>2-2-3<\/td><td>Aprobaci\u00f3n del Comit\u00e9 Consejero<\/td><\/tr><tr><td>PQ-7005<\/td><td>Fisiolog\u00eda de la Reproducci\u00f3n de Organismos Acu\u00e1ticos<\/td><td>2-2-3<\/td><td>Aprobaci\u00f3n del Comit\u00e9 Consejero<\/td><\/tr><tr><td>PQ-7006<\/td><td>Calidad de Agua en Sistemas Acu\u00edcolas<\/td><td>2-2-3<\/td><td>PQ-7003 Acuicultura<br>Aprobaci\u00f3n del Comit\u00e9 Consejero<\/td><\/tr><tr><td>PQ-7007<\/td><td>Patolog\u00eda de Organismos Acu\u00e1ticos<\/td><td>2-2-3<\/td><td>PQ-7004 Nutrici\u00f3n de Organismos Acu\u00e1ticos<br>PQ-7007 Calidad de Agua en Sistemas Acu\u00e1ticos <\/td><\/tr><tr><td><\/td><td><strong>TOTAL DE CR\u00c9DITOS<\/strong><\/td><td>18<\/td><td><\/td><\/tr><\/tbody><\/table><\/figure>\n<span id=\"wp-block-themeisle-blocks-advanced-heading-fac35ed1\" class=\"wp-block-themeisle-blocks-advanced-heading wp-block-themeisle-blocks-advanced-heading-fac35ed1\"><strong><strong><strong>DETALLES<\/strong><\/strong> DEL PROGRAMA<\/strong><\/span>\n<\/div>\n<p>El Programa de Maestr\u00eda en Acuicultura cuenta con un plan de estudio conducente al Grado Acad\u00e9mico de Maestro denominado Magister Scientiae (Mg.Sc.) en Acuicultura.<br>El estudiante del Programa de Maestr\u00eda en Acuicultura debe completar un total de 48 cr\u00e9ditos a desarrollarse en dos a\u00f1os en promedio, divididos en cuatro semestres acad\u00e9micos.<br>El estudiante debe aprobar los cursos con una nota promedio m\u00ednima ponderada de 14 para lograr la asignaci\u00f3n de los cr\u00e9ditos de cursos.<br>Finalmente, el estudiante debe aprobar el examen de ingl\u00e9s, el examen de grado y sustentar su trabajo de investigaci\u00f3n.<\/p>\n<\/div>\n<\/div><\/div>\n\n\n\n<div id=\"wp-block-themeisle-blocks-advanced-columns-b8288416\" class=\"wp-block-themeisle-blocks-advanced-columns alignfull has-2-columns has-desktop-equal-layout has-tablet-equal-layout has-mobile-collapsedRows-layout has-reverse-columns-mobile has-vertical-center sm-separator\"><div class=\"wp-block-themeisle-blocks-advanced-columns-overlay\"><\/div><div class=\"innerblocks-wrap\">\n\n<div id=\"wp-block-themeisle-blocks-advanced-column-21fe34fa\" class=\"wp-block-themeisle-blocks-advanced-column\">\n\n<h2 id=\"wp-block-themeisle-blocks-advanced-heading-b418e137\" class=\"wp-block-themeisle-blocks-advanced-heading wp-block-themeisle-blocks-advanced-heading-b418e137 coblocks-animate\" data-coblocks-animation=\"clipVertical\">Cursos electivos<\/h2>\n\n\n<hr class=\"wp-block-separator has-text-color has-nv-c-2-color has-alpha-channel-opacity has-nv-c-2-background-color has-background is-style-wide\">\n\n\n<span id=\"wp-block-themeisle-blocks-advanced-heading-ef40ffd3\" class=\"wp-block-themeisle-blocks-advanced-heading wp-block-themeisle-blocks-advanced-heading-ef40ffd3\"><strong>CURSOS ELECTIVOS MAESTR\u00cdA EN ACUICULTURA<\/strong><\/span>\n\n\n<figure class=\"wp-block-table is-style-stripes\"><table><tbody><tr><td><strong>C\u00f3digo<\/strong><\/td><td><strong>Curso<\/strong><\/td><td><strong>T-P-C<\/strong><\/td><td><strong>Requisito<\/strong><\/td><\/tr><tr><td>PQ-7012<\/td><td>Biotecnolog\u00eda aplicada a la Acuicultura<\/td><td>2-0-2<\/td><td>Gen\u00e9tica en Acuicultura<\/td><\/tr><tr><td>PQ-7013<\/td><td>Gesti\u00f3n de Empresas Acu\u00edcolas<\/td><td>2-2-3<\/td><td>Acuicultura<\/td><\/tr><tr><td>PQ-7014<\/td><td>HACCP y BPM aplicado a la Acuicultura<\/td><td>2-0-2<\/td><td>Dise\u00f1o y operaci\u00f3n de Sistemas en Acuicultura<br>Calidad de Agua en Sistemas Acu\u00edcolas<\/td><\/tr><tr><td>PQ-7015<\/td><td>Producci\u00f3n de Larvas de organismos acu\u00e1ticos<\/td><td>2-2-3<\/td><td>Fisiolo\u00eda de la Reproducci\u00f3n de Organismos Acu\u00e1ticos<br>Nutrici\u00f3n de Organismo Acu\u00e1ticos<\/td><\/tr><tr><td><br>PQ- 7016<\/td><td>Gen\u00e9tica en Acuicultura<\/td><td><br>2-0-2<\/td><td>Aprobaci\u00f3n del Comit\u00e9 Consejero<\/td><\/tr><tr><td><br>PQ- 7017<\/td><td>Procesamiento y Comercializaci\u00f3n de Productos Acu\u00edcolas<\/td><td><br>2-2-3<\/td><td>Acuicultura,<br>Patolog\u00eda de Organismos Acu\u00e1ticos<\/td><\/tr><tr><td>PQ- 7019<\/td><td>Fertilizaci\u00f3n de Estanques Acu\u00edcolas<\/td><td>2-2-3<\/td><td>Calidad de agua<\/td><\/tr><tr><td>PQ- 7023<\/td><td>Fisiolog\u00eda de los Organismos Acu\u00e1ticos<\/td><td>2-2-3<\/td><td>Aprobaci\u00f3n del Comit\u00e9 Consejero<\/td><\/tr><tr><td>PQ- 7024<\/td><td>Tecnolog\u00edas aplicadas a Subproductos de la Acuicultura<\/td><td>2-2-3<\/td><td>Acuicultura<\/td><\/tr><tr><td>PQ- 7025<\/td><td>Tecnolog\u00eda de Sistemas Cerrados de Recirculaci\u00f3n de Agua para Acuicultura (RAS)<\/td><td>2-2-3<\/td><td>Dise\u00f1o y Operaci\u00f3n de sistemas de Acuicultura,<br>Calidad de agua<\/td><\/tr><tr><td><\/td><td><strong>TOTAL DE CR\u00c9DITOS<\/strong><\/td><td>18<\/td><td><\/td><\/tr><\/tbody><\/table><\/figure>\n\n<\/div>\n\n\n<div id=\"wp-block-themeisle-blocks-advanced-column-47276334\" class=\"wp-block-themeisle-blocks-advanced-column coblocks-animate\" data-coblocks-animation=\"slideInRight\">\n\n<div style=\"height:177px\" aria-hidden=\"true\" class=\"wp-block-spacer\"><\/div>\n\n\n<figure class=\"wp-block-image size-full\"><img decoding=\"async\" loading=\"lazy\" width=\"600\" height=\"600\" src=\"https:\/\/wp.lamolina.edu.pe\/Postgrado\/Acuicultura\/wp-content\/uploads\/2023\/05\/600x600_2.jpg\" alt=\"\" class=\"wp-image-576\" srcset=\"https:\/\/wp.lamolina.edu.pe\/Postgrado\/Acuicultura\/wp-content\/uploads\/2023\/05\/600x600_2.jpg 600w, https:\/\/wp.lamolina.edu.pe\/Postgrado\/Acuicultura\/wp-content\/uploads\/2023\/05\/600x600_2-300x300.jpg 300w, https:\/\/wp.lamolina.edu.pe\/Postgrado\/Acuicultura\/wp-content\/uploads\/2023\/05\/600x600_2-150x150.jpg 150w\" sizes=\"(max-width: 600px) 100vw, 600px\" \/><\/figure>\n\n\n<div style=\"height:25px\" aria-hidden=\"true\" class=\"wp-block-spacer\"><\/div>\n\n\n<figure class=\"wp-block-image size-full\"><img decoding=\"async\" loading=\"lazy\" width=\"500\" height=\"289\" src=\"https:\/\/wp.lamolina.edu.pe\/Postgrado\/Acuicultura\/wp-content\/uploads\/2023\/06\/zzzzzzzz.jpg\" alt=\"\" class=\"wp-image-949\" srcset=\"https:\/\/wp.lamolina.edu.pe\/Postgrado\/Acuicultura\/wp-content\/uploads\/2023\/06\/zzzzzzzz.jpg 500w, https:\/\/wp.lamolina.edu.pe\/Postgrado\/Acuicultura\/wp-content\/uploads\/2023\/06\/zzzzzzzz-300x173.jpg 300w\" sizes=\"(max-width: 500px) 100vw, 500px\" \/><\/figure>\n\n\n<div style=\"height:25px\" aria-hidden=\"true\" class=\"wp-block-spacer\"><\/div>\n\n\n<figure class=\"wp-block-image size-full\"><img decoding=\"async\" loading=\"lazy\" width=\"1024\" height=\"575\" src=\"https:\/\/wp.lamolina.edu.pe\/Postgrado\/Acuicultura\/wp-content\/uploads\/2023\/06\/zzz.jpg\" alt=\"\" class=\"wp-image-950\" srcset=\"https:\/\/wp.lamolina.edu.pe\/Postgrado\/Acuicultura\/wp-content\/uploads\/2023\/06\/zzz.jpg 1024w, https:\/\/wp.lamolina.edu.pe\/Postgrado\/Acuicultura\/wp-content\/uploads\/2023\/06\/zzz-300x168.jpg 300w, https:\/\/wp.lamolina.edu.pe\/Postgrado\/Acuicultura\/wp-content\/uploads\/2023\/06\/zzz-768x431.jpg 768w\" sizes=\"(max-width: 1024px) 100vw, 1024px\" \/><\/figure>\n\n\n<p><\/p>\n\n<\/div>\n\n<\/div><\/div>\n\n\n\n<div id=\"wp-block-themeisle-blocks-advanced-columns-d5bbe158\" class=\"wp-block-themeisle-blocks-advanced-columns has-1-columns has-desktop-equal-layout has-tablet-equal-layout has-mobile-equal-layout has-vertical-unset\"><div class=\"wp-block-themeisle-blocks-advanced-columns-overlay\"><\/div><div class=\"innerblocks-wrap\">\n\n<div id=\"wp-block-themeisle-blocks-advanced-column-3539a81d\" class=\"wp-block-themeisle-blocks-advanced-column\">\n\n<h2 id=\"wp-block-themeisle-blocks-advanced-heading-8c53aa2d\" class=\"wp-block-themeisle-blocks-advanced-heading wp-block-themeisle-blocks-advanced-heading-8c53aa2d coblocks-animate\" data-coblocks-animation=\"clipVertical\">Preguntas frecuentes<\/h2>\n\n\n<h3 id=\"wp-block-themeisle-blocks-advanced-heading-c354710d\" class=\"wp-block-themeisle-blocks-advanced-heading wp-block-themeisle-blocks-advanced-heading-c354710d\"><strong>SOBRE LA MAESTR\u00cdA<\/strong><\/h3>\n\n\n<div id=\"wp-block-themeisle-blocks-accordion-2971be0d\" class=\"wp-block-themeisle-blocks-accordion exclusive has-light-title-bg\">\n\n<details class=\"wp-block-themeisle-blocks-accordion-item\"><summary class=\"wp-block-themeisle-blocks-accordion-item__title\"><div><strong>\u00bfEs una maestr\u00eda de modalidad presencial?<\/strong><\/div><\/summary><div class=\"wp-block-themeisle-blocks-accordion-item__content\">\n\n<p>Por ahora la maestr\u00eda se dicta en modalidad presencial, estaremos comunicando oportunamente si hubiera alg\u00fan cambio de modalidad.<\/p>\n\n<\/div><\/details>\n\n\n<details class=\"wp-block-themeisle-blocks-accordion-item\"><summary class=\"wp-block-themeisle-blocks-accordion-item__title\"><div><strong>\u00bf Se puede convalidar los estudios del idioma ingl\u00e9s de otras instituciones?<\/strong><\/div><\/summary><div class=\"wp-block-themeisle-blocks-accordion-item__content\">\n\n<p>Se puede comunicar con el Centro de Idiomas de la UNALM para que puedan evaluar su caso si es posible convalidar sus estudios.<\/p>\n\n<\/div><\/details>\n\n\n<details class=\"wp-block-themeisle-blocks-accordion-item\"><summary class=\"wp-block-themeisle-blocks-accordion-item__title\"><div><strong><br>\u00bfLos pagos del costo de ense\u00f1anza pueden ser pagados en partes?<\/strong><\/div><\/summary><div class=\"wp-block-themeisle-blocks-accordion-item__content\">\n\n<p>La Escuela de Posgrado brinda facilidades de pago en cuotas para cubrir el costo de ense\u00f1anza de un semestre acad\u00e9mico.<\/p>\n\n<\/div><\/details>\n\n\n<details class=\"wp-block-themeisle-blocks-accordion-item\"><summary class=\"wp-block-themeisle-blocks-accordion-item__title\"><div><strong>\u00bfCuentan con convenios internacionales?<\/strong><\/div><\/summary><div class=\"wp-block-themeisle-blocks-accordion-item__content\">\n\n<p>Universidad Federal de Santa Catarina y North Caroline State University.<\/p>\n\n<\/div><\/details>\n\n<\/div>\n\n\n<h3 id=\"wp-block-themeisle-blocks-advanced-heading-40821db7\" class=\"wp-block-themeisle-blocks-advanced-heading wp-block-themeisle-blocks-advanced-heading-40821db7\"><strong>SOBRE LOS REQUISITOS<\/strong><\/h3>\n\n\n<div id=\"wp-block-themeisle-blocks-accordion-a0b2e0e3\" class=\"wp-block-themeisle-blocks-accordion exclusive has-light-title-bg\">\n\n<details class=\"wp-block-themeisle-blocks-accordion-item\"><summary class=\"wp-block-themeisle-blocks-accordion-item__title\"><div><strong>No tengo mi t\u00edtulo de grado porque se encuentra en tr\u00e1mite en mi universidad. \u00bfPuedo presentarlo posteriormente si es que que he alcanzado una vacante en el programa?<\/strong><\/div><\/summary><div class=\"wp-block-themeisle-blocks-accordion-item__content\">\n\n<p>Si ese es su caso y hubiere alcanzado una vacante, en el primer semestre de estudios en el programa de la Maestr\u00eda en Acuicultura puede regularizar la presentacion del documento a la Escuela de Posgrado. Por lo que en el primer ciclo su status ser\u00eda de alumno condicional, hasta que regularice en el primer semestre y pueda continuar como estudiante regular en los siguientes semestres.<\/p>\n\n<\/div><\/details>\n\n\n<details class=\"wp-block-themeisle-blocks-accordion-item\"><summary class=\"wp-block-themeisle-blocks-accordion-item__title\"><div><strong>\u00bfEn que consiste el perfil de investigaci\u00f3n?<\/strong><\/div><\/summary><div class=\"wp-block-themeisle-blocks-accordion-item__content\">\n\n<p>Consiste en presentar un resumen de un trabajos de investigaci\u00f3n ya realizado, como tambi\u00e9n un perfil de laguna investigaci\u00f3n que estuviera pensando realizar.<\/p>\n\n\n<p>El perfil a presentar tiene una extensi\u00f3n de 3 a 6 hojas solamente.<\/p>\n\n<\/div><\/details>\n\n<\/div>\n\n<\/div>\n\n<\/div><\/div>\n\n\n\n<div id=\"wp-block-themeisle-blocks-advanced-columns-0082e7f2\" class=\"wp-block-themeisle-blocks-advanced-columns alignwide has-2-columns has-desktop-equal-layout has-tablet-equal-layout has-mobile-collapsedRows-layout has-vertical-unset\"><div class=\"wp-block-themeisle-blocks-advanced-columns-overlay\"><\/div><div class=\"innerblocks-wrap\">\n<div id=\"wp-block-themeisle-blocks-advanced-column-d3d8f5b4\" class=\"wp-block-themeisle-blocks-advanced-column has-light-bg\">\n<span id=\"wp-block-themeisle-blocks-advanced-heading-70698b89\" class=\"wp-block-themeisle-blocks-advanced-heading wp-block-themeisle-blocks-advanced-heading-70698b89\"><strong>MAESTR\u00cdA EN ACUICULTURA-UNALM<\/strong><\/span>\n<h2 id=\"wp-block-themeisle-blocks-advanced-heading-4ec6bdfb\" class=\"wp-block-themeisle-blocks-advanced-heading wp-block-themeisle-blocks-advanced-heading-4ec6bdfb coblocks-animate\" data-coblocks-animation=\"clipVertical\">Inscr\u00edbete y s\u00e9 parte de nosotros<\/h2>\n<\/div>\n<div id=\"wp-block-themeisle-blocks-advanced-column-ebaf5fd9\" class=\"wp-block-themeisle-blocks-advanced-column has-dark-bg\">\n<div class=\"wp-block-buttons\">\n<div class=\"wp-block-button is-style-primary\"><a class=\"wp-block-button__link wp-element-button\" href=\"https:\/\/admision-epg.lamolina.edu.pe\/\" target=\"_blank\" rel=\"noreferrer noopener\">INSCRIPCIONES 2026-I<\/a><\/div>\n<\/div>\n<\/div>\n<\/div><\/div>\n\n\n\n<div id=\"wp-block-themeisle-blocks-advanced-columns-d71dbe7f\" class=\"wp-block-themeisle-blocks-advanced-columns alignfull has-2-columns has-desktop-equal-layout has-tablet-equal-layout has-mobile-collapsedRows-layout has-vertical-center has-dark-bg\"><div class=\"wp-block-themeisle-blocks-advanced-columns-overlay\"><\/div><div class=\"innerblocks-wrap\">\n<div id=\"wp-block-themeisle-blocks-advanced-column-11f00c69\" class=\"wp-block-themeisle-blocks-advanced-column\">\n<span id=\"wp-block-themeisle-blocks-advanced-heading-254febeb\" class=\"wp-block-themeisle-blocks-advanced-heading wp-block-themeisle-blocks-advanced-heading-254febeb\"><strong><strong>EN EL CORAZ\u00d3N DE LA MOLINA<\/strong><\/strong><\/span>\n<h2 id=\"wp-block-themeisle-blocks-advanced-heading-ba8a9dc4\" class=\"wp-block-themeisle-blocks-advanced-heading wp-block-themeisle-blocks-advanced-heading-ba8a9dc4\">Visita y cont\u00e1ctanos<\/h2>\n<span id=\"wp-block-themeisle-blocks-advanced-heading-4fce5c34\" class=\"wp-block-themeisle-blocks-advanced-heading wp-block-themeisle-blocks-advanced-heading-4fce5c34\"><strong><strong>DE LUNES A VIERNES DE 9:00 AM A 05:00 PM<\/strong><\/strong><\/span>\n<p class=\"has-nv-c-2-color has-text-color\">Av. La Molina s\/n, La Molina \u2013 Lima.<\/p>\n<p class=\"has-neve-link-hover-color-color has-text-color\">Telf.: 614-7800 Anexo: 209<br>Cel.: 988762375<\/p>\n<span id=\"wp-block-themeisle-blocks-advanced-heading-f5a611fb\" class=\"wp-block-themeisle-blocks-advanced-heading wp-block-themeisle-blocks-advanced-heading-f5a611fb\"><strong><strong>maestria.acuicultura@lamolina.edu.pe<\/strong><\/strong><\/span>\n<span id=\"wp-block-themeisle-blocks-advanced-heading-b4549e36\" class=\"wp-block-themeisle-blocks-advanced-heading wp-block-themeisle-blocks-advanced-heading-b4549e36\"><strong><strong>Av. La Molina s\/n, La Molina \u2013 Lima.<\/strong><\/strong><\/span>\n<\/div>\n<div id=\"wp-block-themeisle-blocks-advanced-column-7abab17f\" class=\"wp-block-themeisle-blocks-advanced-column\">\n<figure class=\"wp-block-image size-large is-style-rounded\"><img decoding=\"async\" loading=\"lazy\" width=\"600\" height=\"600\" src=\"https:\/\/wp.lamolina.edu.pe\/Postgrado\/Acuicultura\/wp-content\/uploads\/2019\/07\/600x600.jpg\" alt=\"\" class=\"wp-image-90\" srcset=\"https:\/\/wp.lamolina.edu.pe\/Postgrado\/Acuicultura\/wp-content\/uploads\/2019\/07\/600x600.jpg 600w, https:\/\/wp.lamolina.edu.pe\/Postgrado\/Acuicultura\/wp-content\/uploads\/2019\/07\/600x600-300x300.jpg 300w, https:\/\/wp.lamolina.edu.pe\/Postgrado\/Acuicultura\/wp-content\/uploads\/2019\/07\/600x600-150x150.jpg 150w\" sizes=\"(max-width: 600px) 100vw, 600px\" \/><\/figure>\n<\/div>\n<\/div><\/div>\n","protected":false},"excerpt":{"rendered":"<p>Cursos obligatorios Cursos obligatorios seg\u00fan reglamento EPG C\u00f3digo Curso T-P-C Requisito PQ-7009 Metodolog\u00eda de la Investigaci\u00f3n Cient\u00edfica en Acuicultura 2-0-2 Aprobaci\u00f3n del Comit\u00e9 Consejero PQ-7008 Dise\u00f1o y Operaci\u00f3n de Sistemas en Acuicultura 3-2-4 PQ-7003 Acuicultura PQ-7010 Proyecto de Tesis en Acuicultura 2-0-2 Aprobaci\u00f3n del Comit\u00e9 Consejero PQ-7011 Investigaci\u00f3n en Acuicultura 10 Aprobaci\u00f3n del Comit\u00e9 Consejero&hellip;&nbsp;<a href=\"https:\/\/wp.lamolina.edu.pe\/Postgrado\/Acuicultura\/a5213-groups\/\" rel=\"bookmark\">Leer m\u00e1s &raquo;<span class=\"screen-reader-text\">Plan de estudios<\/span><\/a><\/p>\n","protected":false},"author":1,"featured_media":0,"parent":0,"menu_order":0,"comment_status":"closed","ping_status":"closed","template":"page-templates\/template-pagebuilder-full-width.php","meta":{"_coblocks_attr":"","_coblocks_dimensions":"","_coblocks_responsive_height":"","_coblocks_accordion_ie_support":"","neve_meta_sidebar":"","neve_meta_container":"","neve_meta_enable_content_width":"on","neve_meta_content_width":100,"neve_meta_title_alignment":"","neve_meta_author_avatar":"","neve_post_elements_order":"","neve_meta_disable_header":"","neve_meta_disable_footer":"","neve_meta_disable_title":"on","_themeisle_gutenberg_block_has_review":false},"_links":{"self":[{"href":"https:\/\/wp.lamolina.edu.pe\/Postgrado\/Acuicultura\/wp-json\/wp\/v2\/pages\/250"}],"collection":[{"href":"https:\/\/wp.lamolina.edu.pe\/Postgrado\/Acuicultura\/wp-json\/wp\/v2\/pages"}],"about":[{"href":"https:\/\/wp.lamolina.edu.pe\/Postgrado\/Acuicultura\/wp-json\/wp\/v2\/types\/page"}],"author":[{"embeddable":true,"href":"https:\/\/wp.lamolina.edu.pe\/Postgrado\/Acuicultura\/wp-json\/wp\/v2\/users\/1"}],"replies":[{"embeddable":true,"href":"https:\/\/wp.lamolina.edu.pe\/Postgrado\/Acuicultura\/wp-json\/wp\/v2\/comments?post=250"}],"version-history":[{"count":16,"href":"https:\/\/wp.lamolina.edu.pe\/Postgrado\/Acuicultura\/wp-json\/wp\/v2\/pages\/250\/revisions"}],"predecessor-version":[{"id":1733,"href":"https:\/\/wp.lamolina.edu.pe\/Postgrado\/Acuicultura\/wp-json\/wp\/v2\/pages\/250\/revisions\/1733"}],"wp:attachment":[{"href":"https:\/\/wp.lamolina.edu.pe\/Postgrado\/Acuicultura\/wp-json\/wp\/v2\/media?parent=250"}],"curies":[{"name":"wp","href":"https:\/\/api.w.org\/{rel}","templated":true}]}}