{"id":835,"date":"2023-06-01T21:06:15","date_gmt":"2023-06-01T21:06:15","guid":{"rendered":"https:\/\/wp.lamolina.edu.pe\/Postgrado\/Acuicultura\/?page_id=835"},"modified":"2023-07-11T03:32:19","modified_gmt":"2023-07-11T03:32:19","slug":"salidas-de-campo","status":"publish","type":"page","link":"https:\/\/wp.lamolina.edu.pe\/Postgrado\/Acuicultura\/salidas-de-campo\/","title":{"rendered":"Salidas de campo"},"content":{"rendered":"\n<div class=\"wp-block-group has-nv-c-2-color has-text-color is-layout-constrained\"><div class=\"wp-block-group__inner-container\">\n<div style=\"height:50px\" aria-hidden=\"true\" class=\"wp-block-spacer\"><\/div>\n<\/div><\/div>\n\n\n\n<h2 id=\"wp-block-themeisle-blocks-advanced-heading-54bcec83\" class=\"wp-block-themeisle-blocks-advanced-heading wp-block-themeisle-blocks-advanced-heading-54bcec83 coblocks-animate\" data-coblocks-animation=\"clipVertical\">Salidas de campo<\/h2>\n\n\n<div class=\"wp-block-coblocks-shape-divider alignwide is-style-triangle has-nv-c-2-color is-vertically-flipped mt-0 mb-0\" style=\"\" aria-hidden=\"true\">\n\t\t\t<div class=\"wp-block-coblocks-shape-divider__svg-wrapper\" style=\"height:100px;\">\n\t\t\t\t<svg class=\"divider--triangle\" viewBox=\"0 0 100 100\" xmlns=\"http:\/\/www.w3.org\/2000\/svg\" preserveAspectRatio=\"none\"><path d=\"m0 0 50 100 50-100z\" fillRule=\"evenodd\" transform=\"matrix(1 0 0 -1 0 100)\" \/><\/svg>\n\t\t\t<\/div>\n\t\t\t<div class=\"wp-block-coblocks-shape-divider__alt-wrapper\" style=\"height:50px;\"><\/div>\n\t\t<\/div>\n\n\n<div style=\"height:56px\" aria-hidden=\"true\" class=\"wp-block-spacer\"><\/div>\n\n\n\n<div class=\"wp-block-group alignwide has-nv-light-bg-background-color has-background is-layout-flow\"><div class=\"wp-block-group__inner-container\">\n<div class=\"wp-block-columns is-layout-flex wp-container-37\">\n<div class=\"wp-block-column is-layout-flow\">\n<div style=\"height:100px\" aria-hidden=\"true\" class=\"wp-block-spacer\"><\/div>\n\n\n\n<div class=\"wp-block-columns has-nv-site-bg-color has-nv-c-2-background-color has-text-color has-background is-layout-flex wp-container-5\">\n<div class=\"wp-block-column is-layout-flow\" style=\"flex-basis:5px\"><\/div>\n\n\n\n<div class=\"wp-block-column is-layout-flow\">\n<span id=\"wp-block-themeisle-blocks-advanced-heading-06a20534\" class=\"wp-block-themeisle-blocks-advanced-heading wp-block-themeisle-blocks-advanced-heading-06a20534\">Pr\u00e1cticas de los cursos Producci\u00f3n de Larvas de Organismos Acu\u00e1ticos y Calidad de Agua en el semestre acad\u00e9mico 2022-II. Tarapoto, San Mart\u00edn.<\/span>\n<\/div>\n\n\n\n<div class=\"wp-block-column is-layout-flow\" style=\"flex-basis:5px\"><\/div>\n<\/div>\n\n\n\n<div style=\"height:60px\" aria-hidden=\"true\" class=\"wp-block-spacer\"><\/div>\n\n\n\n<div class=\"wp-block-columns is-layout-flex wp-container-10\">\n<div class=\"wp-block-column is-layout-flow\" style=\"flex-basis:5%\"><\/div>\n\n\n\n<div class=\"wp-block-column is-layout-flow\" style=\"flex-basis:60%\">\n<figure class=\"wp-block-image size-full\"><img decoding=\"async\" loading=\"lazy\" width=\"500\" height=\"500\" src=\"https:\/\/wp.lamolina.edu.pe\/Postgrado\/Acuicultura\/wp-content\/uploads\/2023\/07\/tar01.jpg\" alt=\"\" class=\"wp-image-1585\" srcset=\"https:\/\/wp.lamolina.edu.pe\/Postgrado\/Acuicultura\/wp-content\/uploads\/2023\/07\/tar01.jpg 500w, https:\/\/wp.lamolina.edu.pe\/Postgrado\/Acuicultura\/wp-content\/uploads\/2023\/07\/tar01-300x300.jpg 300w, https:\/\/wp.lamolina.edu.pe\/Postgrado\/Acuicultura\/wp-content\/uploads\/2023\/07\/tar01-150x150.jpg 150w\" sizes=\"(max-width: 500px) 100vw, 500px\" \/><\/figure>\n<\/div>\n\n\n\n<div class=\"wp-block-column is-layout-flow\" style=\"flex-basis:30%\">\n<span id=\"wp-block-themeisle-blocks-advanced-heading-528a4b68\" class=\"wp-block-themeisle-blocks-advanced-heading wp-block-themeisle-blocks-advanced-heading-528a4b68\"><strong>Alumnos y docentes el programa. <strong>Tarapoto, San Martin.<\/strong> Octubre, 2022.  <\/strong><\/span>\n<\/div>\n\n\n\n<div class=\"wp-block-column is-layout-flow\" style=\"flex-basis:5%\"><\/div>\n<\/div>\n\n\n\n<div class=\"wp-block-columns is-layout-flex wp-container-15\">\n<div class=\"wp-block-column is-layout-flow\" style=\"flex-basis:5%\"><\/div>\n\n\n\n<div class=\"wp-block-column is-layout-flow\" style=\"flex-basis:60%\">\n<figure class=\"wp-block-image size-full\"><img decoding=\"async\" loading=\"lazy\" width=\"500\" height=\"500\" src=\"https:\/\/wp.lamolina.edu.pe\/Postgrado\/Acuicultura\/wp-content\/uploads\/2023\/07\/tar02.jpg\" alt=\"\" class=\"wp-image-1586\" srcset=\"https:\/\/wp.lamolina.edu.pe\/Postgrado\/Acuicultura\/wp-content\/uploads\/2023\/07\/tar02.jpg 500w, https:\/\/wp.lamolina.edu.pe\/Postgrado\/Acuicultura\/wp-content\/uploads\/2023\/07\/tar02-300x300.jpg 300w, https:\/\/wp.lamolina.edu.pe\/Postgrado\/Acuicultura\/wp-content\/uploads\/2023\/07\/tar02-150x150.jpg 150w\" sizes=\"(max-width: 500px) 100vw, 500px\" \/><\/figure>\n<\/div>\n\n\n\n<div class=\"wp-block-column is-layout-flow\" style=\"flex-basis:30%\">\n<span id=\"wp-block-themeisle-blocks-advanced-heading-5b01b28e\" class=\"wp-block-themeisle-blocks-advanced-heading wp-block-themeisle-blocks-advanced-heading-5b01b28e\"><strong>Recibiendo clases. <strong>CITE Acu\u00edcola Pesquero Ahuashiyacu. Tarapoto, San Mart\u00edn.<\/strong><\/strong> <strong>Octubre, 2022. <\/strong><\/span>\n<\/div>\n\n\n\n<div class=\"wp-block-column is-layout-flow\" style=\"flex-basis:5%\"><\/div>\n<\/div>\n\n\n\n<div class=\"wp-block-columns is-layout-flex wp-container-20\">\n<div class=\"wp-block-column is-layout-flow\" style=\"flex-basis:5%\"><\/div>\n\n\n\n<div class=\"wp-block-column is-layout-flow\" style=\"flex-basis:60%\">\n<figure class=\"wp-block-image size-full\"><img decoding=\"async\" loading=\"lazy\" width=\"500\" height=\"500\" src=\"https:\/\/wp.lamolina.edu.pe\/Postgrado\/Acuicultura\/wp-content\/uploads\/2023\/07\/tar03.jpg\" alt=\"\" class=\"wp-image-1587\" srcset=\"https:\/\/wp.lamolina.edu.pe\/Postgrado\/Acuicultura\/wp-content\/uploads\/2023\/07\/tar03.jpg 500w, https:\/\/wp.lamolina.edu.pe\/Postgrado\/Acuicultura\/wp-content\/uploads\/2023\/07\/tar03-300x300.jpg 300w, https:\/\/wp.lamolina.edu.pe\/Postgrado\/Acuicultura\/wp-content\/uploads\/2023\/07\/tar03-150x150.jpg 150w\" sizes=\"(max-width: 500px) 100vw, 500px\" \/><\/figure>\n<\/div>\n\n\n\n<div class=\"wp-block-column is-layout-flow\" style=\"flex-basis:30%\">\n<span id=\"wp-block-themeisle-blocks-advanced-heading-27897246\" class=\"wp-block-themeisle-blocks-advanced-heading wp-block-themeisle-blocks-advanced-heading-27897246\"><strong>Visita t\u00e9cnica a la Estaci\u00f3n Pesquera Ahuashiyacu. <strong>Tarapoto, San Mart\u00edn.<\/strong><\/strong> <strong>Octubre 2022.<\/strong><\/span>\n<\/div>\n\n\n\n<div class=\"wp-block-column is-layout-flow\" style=\"flex-basis:5%\"><\/div>\n<\/div>\n\n\n\n<div class=\"wp-block-columns is-layout-flex wp-container-25\">\n<div class=\"wp-block-column is-layout-flow\" style=\"flex-basis:5%\"><\/div>\n\n\n\n<div class=\"wp-block-column is-layout-flow\" style=\"flex-basis:60%\">\n<figure class=\"wp-block-image size-full\"><img decoding=\"async\" loading=\"lazy\" width=\"500\" height=\"500\" src=\"https:\/\/wp.lamolina.edu.pe\/Postgrado\/Acuicultura\/wp-content\/uploads\/2023\/07\/tar04.jpg\" alt=\"\" class=\"wp-image-1588\" srcset=\"https:\/\/wp.lamolina.edu.pe\/Postgrado\/Acuicultura\/wp-content\/uploads\/2023\/07\/tar04.jpg 500w, https:\/\/wp.lamolina.edu.pe\/Postgrado\/Acuicultura\/wp-content\/uploads\/2023\/07\/tar04-300x300.jpg 300w, https:\/\/wp.lamolina.edu.pe\/Postgrado\/Acuicultura\/wp-content\/uploads\/2023\/07\/tar04-150x150.jpg 150w\" sizes=\"(max-width: 500px) 100vw, 500px\" \/><\/figure>\n<\/div>\n\n\n\n<div class=\"wp-block-column is-layout-flow\" style=\"flex-basis:30%\">\n<span id=\"wp-block-themeisle-blocks-advanced-heading-76164661\" class=\"wp-block-themeisle-blocks-advanced-heading wp-block-themeisle-blocks-advanced-heading-76164661\"><strong>Visita t\u00e9cnica a la Estaci\u00f3n Pesquera Ahuashiyacu. <strong>Tarapoto, San Mart\u00edn.<\/strong><\/strong> <strong>Octubre 2022.<\/strong><\/span>\n<\/div>\n\n\n\n<div class=\"wp-block-column is-layout-flow\" style=\"flex-basis:5%\"><\/div>\n<\/div>\n\n\n\n<div class=\"wp-block-columns is-layout-flex wp-container-30\">\n<div class=\"wp-block-column is-layout-flow\" style=\"flex-basis:5%\"><\/div>\n\n\n\n<div class=\"wp-block-column is-layout-flow\" style=\"flex-basis:60%\">\n<figure class=\"wp-block-image size-full\"><img decoding=\"async\" loading=\"lazy\" width=\"500\" height=\"500\" src=\"https:\/\/wp.lamolina.edu.pe\/Postgrado\/Acuicultura\/wp-content\/uploads\/2023\/07\/tar05.jpg\" alt=\"\" class=\"wp-image-1589\" srcset=\"https:\/\/wp.lamolina.edu.pe\/Postgrado\/Acuicultura\/wp-content\/uploads\/2023\/07\/tar05.jpg 500w, https:\/\/wp.lamolina.edu.pe\/Postgrado\/Acuicultura\/wp-content\/uploads\/2023\/07\/tar05-300x300.jpg 300w, https:\/\/wp.lamolina.edu.pe\/Postgrado\/Acuicultura\/wp-content\/uploads\/2023\/07\/tar05-150x150.jpg 150w\" sizes=\"(max-width: 500px) 100vw, 500px\" \/><\/figure>\n<\/div>\n\n\n\n<div class=\"wp-block-column is-layout-flow\" style=\"flex-basis:30%\">\n<span id=\"wp-block-themeisle-blocks-advanced-heading-a594ddaa\" class=\"wp-block-themeisle-blocks-advanced-heading wp-block-themeisle-blocks-advanced-heading-a594ddaa\"><strong>Pr\u00e1cticas de los cursos Calidad de Agua y Producci\u00f3n de Larvas de Organismos Acu\u00e1ticos. <strong>Tarapoto, San Mart\u00edn.<\/strong> Octubre,2022. <\/strong><\/span>\n<\/div>\n\n\n\n<div class=\"wp-block-column is-layout-flow\" style=\"flex-basis:5%\"><\/div>\n<\/div>\n\n\n\n<div class=\"wp-block-columns is-layout-flex wp-container-35\">\n<div class=\"wp-block-column is-layout-flow\" style=\"flex-basis:5%\"><\/div>\n\n\n\n<div class=\"wp-block-column is-layout-flow\" style=\"flex-basis:60%\">\n<figure class=\"wp-block-image size-full\"><img decoding=\"async\" loading=\"lazy\" width=\"500\" height=\"500\" src=\"https:\/\/wp.lamolina.edu.pe\/Postgrado\/Acuicultura\/wp-content\/uploads\/2023\/07\/tar06.jpg\" alt=\"\" class=\"wp-image-1590\" srcset=\"https:\/\/wp.lamolina.edu.pe\/Postgrado\/Acuicultura\/wp-content\/uploads\/2023\/07\/tar06.jpg 500w, https:\/\/wp.lamolina.edu.pe\/Postgrado\/Acuicultura\/wp-content\/uploads\/2023\/07\/tar06-300x300.jpg 300w, https:\/\/wp.lamolina.edu.pe\/Postgrado\/Acuicultura\/wp-content\/uploads\/2023\/07\/tar06-150x150.jpg 150w\" sizes=\"(max-width: 500px) 100vw, 500px\" \/><\/figure>\n<\/div>\n\n\n\n<div class=\"wp-block-column is-layout-flow\" style=\"flex-basis:30%\">\n<span id=\"wp-block-themeisle-blocks-advanced-heading-16f338ee\" class=\"wp-block-themeisle-blocks-advanced-heading wp-block-themeisle-blocks-advanced-heading-16f338ee\"><strong>North Visita a la empresa Acuacultura Las Palmas SAC. <strong>Tarapoto, San Mart\u00edn.<\/strong><\/strong> <strong>Octubre,2022. <\/strong><\/span>\n<\/div>\n\n\n\n<div class=\"wp-block-column is-layout-flow\" style=\"flex-basis:5%\"><\/div>\n<\/div>\n\n\n\n<div style=\"height:37px\" aria-hidden=\"true\" class=\"wp-block-spacer\"><\/div>\n<\/div>\n<\/div>\n<\/div><\/div>\n\n\n\n<p><\/p>\n\n\n\n<blockquote class=\"wp-block-quote\">\n<p><\/p>\n<\/blockquote>\n","protected":false},"excerpt":{"rendered":"","protected":false},"author":1,"featured_media":0,"parent":0,"menu_order":0,"comment_status":"closed","ping_status":"closed","template":"page-templates\/template-pagebuilder-full-width.php","meta":{"_coblocks_attr":"","_coblocks_dimensions":"","_coblocks_responsive_height":"","_coblocks_accordion_ie_support":"","neve_meta_sidebar":"full-width","neve_meta_container":"","neve_meta_enable_content_width":"on","neve_meta_content_width":100,"neve_meta_title_alignment":"","neve_meta_author_avatar":"","neve_post_elements_order":"","neve_meta_disable_header":"","neve_meta_disable_footer":"","neve_meta_disable_title":"","_themeisle_gutenberg_block_has_review":false},"_links":{"self":[{"href":"https:\/\/wp.lamolina.edu.pe\/Postgrado\/Acuicultura\/wp-json\/wp\/v2\/pages\/835"}],"collection":[{"href":"https:\/\/wp.lamolina.edu.pe\/Postgrado\/Acuicultura\/wp-json\/wp\/v2\/pages"}],"about":[{"href":"https:\/\/wp.lamolina.edu.pe\/Postgrado\/Acuicultura\/wp-json\/wp\/v2\/types\/page"}],"author":[{"embeddable":true,"href":"https:\/\/wp.lamolina.edu.pe\/Postgrado\/Acuicultura\/wp-json\/wp\/v2\/users\/1"}],"replies":[{"embeddable":true,"href":"https:\/\/wp.lamolina.edu.pe\/Postgrado\/Acuicultura\/wp-json\/wp\/v2\/comments?post=835"}],"version-history":[{"count":11,"href":"https:\/\/wp.lamolina.edu.pe\/Postgrado\/Acuicultura\/wp-json\/wp\/v2\/pages\/835\/revisions"}],"predecessor-version":[{"id":1615,"href":"https:\/\/wp.lamolina.edu.pe\/Postgrado\/Acuicultura\/wp-json\/wp\/v2\/pages\/835\/revisions\/1615"}],"wp:attachment":[{"href":"https:\/\/wp.lamolina.edu.pe\/Postgrado\/Acuicultura\/wp-json\/wp\/v2\/media?parent=835"}],"curies":[{"name":"wp","href":"https:\/\/api.w.org\/{rel}","templated":true}]}}