{"id":10,"date":"2024-07-19T15:08:09","date_gmt":"2024-07-19T20:08:09","guid":{"rendered":"https:\/\/web.lamolina.edu.pe\/agronomia\/maestrias\/produccion\/?page_id=10"},"modified":"2024-07-21T18:18:08","modified_gmt":"2024-07-21T23:18:08","slug":"presentacion","status":"publish","type":"page","link":"https:\/\/wp.lamolina.edu.pe\/agronomia\/maestrias\/produccion\/index.php\/presentacion\/","title":{"rendered":"PRESENTACI\u00d3N"},"content":{"rendered":"\n<div class=\"wp-block-columns is-layout-flex wp-container-core-columns-is-layout-28f84493 wp-block-columns-is-layout-flex\">\n<div class=\"wp-block-column is-layout-flow wp-block-column-is-layout-flow\" style=\"flex-basis:33.33%\">\n<figure class=\"wp-block-gallery has-nested-images columns-default is-cropped wp-block-gallery-1 is-layout-flex wp-block-gallery-is-layout-flex\">\n<figure class=\"wp-block-image size-large\"><img loading=\"lazy\" decoding=\"async\" width=\"800\" height=\"600\" data-id=\"103\" src=\"https:\/\/web.lamolina.edu.pe\/agronomia\/maestrias\/produccion\/wp-content\/uploads\/2024\/07\/PRE.jpg\" alt=\"\" class=\"wp-image-103\" srcset=\"https:\/\/wp.lamolina.edu.pe\/agronomia\/maestrias\/produccion\/wp-content\/uploads\/2024\/07\/PRE.jpg 800w, https:\/\/wp.lamolina.edu.pe\/agronomia\/maestrias\/produccion\/wp-content\/uploads\/2024\/07\/PRE-300x225.jpg 300w, https:\/\/wp.lamolina.edu.pe\/agronomia\/maestrias\/produccion\/wp-content\/uploads\/2024\/07\/PRE-768x576.jpg 768w\" sizes=\"auto, (max-width: 800px) 100vw, 800px\" \/><\/figure>\n<\/figure>\n<\/div>\n\n\n\n<div class=\"wp-block-column is-layout-flow wp-block-column-is-layout-flow\" style=\"flex-basis:66.66%\">\n<p style=\"text-align: justify;\">El Programa de Maestr\u00eda en Producci\u00f3n Agr\u00edcola fue creado a pedido del Programa de Graduados mediante Resoluci\u00f3n 821-76 y aprobada por el Consejo Ejecutivo de la Universidad Nacional Agraria (as\u00ed se llamaba) por resoluci\u00f3n No. 31603\/UNA, del 10 de mayo de 1977, iniciando sus actividades el primer ciclo acad\u00e9mico del mismo a\u00f1o.<br \/>La Maestr\u00eda de Producci\u00f3n Agr\u00edcola est\u00e1 orientada a la formaci\u00f3n de profesionales cient\u00edficos de alto nivel, especializado en el uso eficiente de los factores de la producci\u00f3n para el manejo y conducci\u00f3n de los cultivos, de acuerdo con m\u00e9todos y sistemas de tecnolog\u00eda apropiada y avanzada para nuestra realidad.<\/p>\n<p>\u00a0<\/p>\n<\/div>\n<\/div>\n","protected":false},"excerpt":{"rendered":"<p>El Programa de Maestr\u00eda en Producci\u00f3n Agr\u00edcola fue creado a pedido del Programa de Graduados mediante Resoluci\u00f3n 821-76 y aprobada por el Consejo Ejecutivo de la Universidad Nacional Agraria (as\u00ed se llamaba) por resoluci\u00f3n No. 31603\/UNA, del 10 de mayo de 1977, iniciando sus actividades el primer ciclo acad\u00e9mico del mismo a\u00f1o.La Maestr\u00eda de Producci\u00f3n [&hellip;]<\/p>\n","protected":false},"author":1,"featured_media":0,"parent":0,"menu_order":0,"comment_status":"closed","ping_status":"closed","template":"","meta":{"zakra_sidebar_layout":"customizer","zakra_remove_content_margin":false,"zakra_sidebar":"customizer","zakra_transparent_header":"customizer","zakra_logo":0,"zakra_main_header_style":"default","zakra_menu_item_color":"","zakra_menu_item_hover_color":"","zakra_menu_item_active_color":"","zakra_menu_active_style":"","zakra_page_header":true,"footnotes":""},"class_list":["post-10","page","type-page","status-publish","hentry"],"_links":{"self":[{"href":"https:\/\/wp.lamolina.edu.pe\/agronomia\/maestrias\/produccion\/index.php\/wp-json\/wp\/v2\/pages\/10","targetHints":{"allow":["GET"]}}],"collection":[{"href":"https:\/\/wp.lamolina.edu.pe\/agronomia\/maestrias\/produccion\/index.php\/wp-json\/wp\/v2\/pages"}],"about":[{"href":"https:\/\/wp.lamolina.edu.pe\/agronomia\/maestrias\/produccion\/index.php\/wp-json\/wp\/v2\/types\/page"}],"author":[{"embeddable":true,"href":"https:\/\/wp.lamolina.edu.pe\/agronomia\/maestrias\/produccion\/index.php\/wp-json\/wp\/v2\/users\/1"}],"replies":[{"embeddable":true,"href":"https:\/\/wp.lamolina.edu.pe\/agronomia\/maestrias\/produccion\/index.php\/wp-json\/wp\/v2\/comments?post=10"}],"version-history":[{"count":15,"href":"https:\/\/wp.lamolina.edu.pe\/agronomia\/maestrias\/produccion\/index.php\/wp-json\/wp\/v2\/pages\/10\/revisions"}],"predecessor-version":[{"id":142,"href":"https:\/\/wp.lamolina.edu.pe\/agronomia\/maestrias\/produccion\/index.php\/wp-json\/wp\/v2\/pages\/10\/revisions\/142"}],"wp:attachment":[{"href":"https:\/\/wp.lamolina.edu.pe\/agronomia\/maestrias\/produccion\/index.php\/wp-json\/wp\/v2\/media?parent=10"}],"curies":[{"name":"wp","href":"https:\/\/api.w.org\/{rel}","templated":true}]}}