{"id":18,"date":"2024-07-19T15:08:10","date_gmt":"2024-07-19T20:08:10","guid":{"rendered":"https:\/\/web.lamolina.edu.pe\/agronomia\/maestrias\/produccion\/?page_id=18"},"modified":"2024-08-09T10:33:00","modified_gmt":"2024-08-09T15:33:00","slug":"requisitos","status":"publish","type":"page","link":"https:\/\/wp.lamolina.edu.pe\/agronomia\/maestrias\/produccion\/index.php\/requisitos\/","title":{"rendered":"Requisitos"},"content":{"rendered":"\n<div class=\"wp-block-columns is-layout-flex wp-container-core-columns-is-layout-28f84493 wp-block-columns-is-layout-flex\">\n<div class=\"wp-block-column is-layout-flow wp-block-column-is-layout-flow\" style=\"flex-basis:33.33%\">\n<figure class=\"wp-block-image size-full\"><img loading=\"lazy\" decoding=\"async\" width=\"516\" height=\"380\" src=\"https:\/\/web.lamolina.edu.pe\/agronomia\/maestrias\/produccion\/wp-content\/uploads\/2024\/07\/admision.jpg\" alt=\"\" class=\"wp-image-164\" srcset=\"https:\/\/wp.lamolina.edu.pe\/agronomia\/maestrias\/produccion\/wp-content\/uploads\/2024\/07\/admision.jpg 516w, https:\/\/wp.lamolina.edu.pe\/agronomia\/maestrias\/produccion\/wp-content\/uploads\/2024\/07\/admision-300x221.jpg 300w\" sizes=\"auto, (max-width: 516px) 100vw, 516px\" \/><\/figure>\n<\/div>\n\n\n\n<div class=\"wp-block-column is-layout-flow wp-block-column-is-layout-flow\" style=\"flex-basis:66.66%\">\n<p style=\"text-align: justify;\">Para el ingreso a la Maestr\u00eda en Producci\u00f3n Agr\u00edcola los postulantes deben poseer Grado de Bachiller o T\u00edtulo Profesional, con formaci\u00f3n compatible a la Maestr\u00eda de Producci\u00f3n agr\u00edcola, no habiendo l\u00edmite de edad.<\/p>\n<\/div>\n<\/div>\n\n\n\n<div class=\"wp-block-columns is-layout-flex wp-container-core-columns-is-layout-28f84493 wp-block-columns-is-layout-flex\">\n<div class=\"wp-block-column is-layout-flow wp-block-column-is-layout-flow\">\n<blockquote>\n<p>Los postulantes deben presentar los siguientes requisitos adicionales:<br \/>Llenar la solicitud de admisi\u00f3n y la ficha de datos personales seleccionarlo en la p\u00e1gina web:<br \/><a href=\"https:\/\/admision-epg.lamolina.edu.pe\/\">https:\/\/admision-epg.lamolina.edu.pe\/<\/a><\/p>\n<p>Documentos a presentar:<\/p>\n<ul>\n<li>Copia legalizada del grado de Bachiller o T\u00edtulo Profesional<\/li>\n<li>Copia legalizada del Certificado Estudios Universitarios concluidos<\/li>\n<li>Constancia de Orden de M\u00e9rito \u00f3 Promedio Ponderado acumulativo<\/li>\n<li>Curriculum Vitae sin documentar<\/li>\n<li>Perfil de propuesta de proyecto de investigaci\u00f3n de 3 a 6 p\u00e1ginas<\/li>\n<li>Copia simple del Documento de Identidad (DNI)<\/li>\n<li>Aprobar el examen de selecci\u00f3n realizada por el Comit\u00e9 Acad\u00e9mico de la Especialidad.<\/li>\n<\/ul>\n<\/blockquote>\n<\/div>\n<\/div>\n\n\n\n<div class=\"wp-block-columns is-layout-flex wp-container-core-columns-is-layout-28f84493 wp-block-columns-is-layout-flex\">\n<div class=\"wp-block-column is-layout-flow wp-block-column-is-layout-flow\">\n<p style=\"text-align: justify;\">De acuerdo a la evaluaci\u00f3n integral, el postulante puede ser admitido como alumno regular o como alumno condicional. La situaci\u00f3n de alumno condicional solo ser\u00e1 \u00a0por un semestre. Una vez levantadas todas las restricciones que han generado su situaci\u00f3n de alumno condicional, pasa a la condici\u00f3n de alumno regular.<\/p>\n<\/div>\n<\/div>\n","protected":false},"excerpt":{"rendered":"<p>Para el ingreso a la Maestr\u00eda en Producci\u00f3n Agr\u00edcola los postulantes deben poseer Grado de Bachiller o T\u00edtulo Profesional, con formaci\u00f3n compatible a la Maestr\u00eda de Producci\u00f3n agr\u00edcola, no habiendo l\u00edmite de edad. Los postulantes deben presentar los siguientes requisitos adicionales:Llenar la solicitud de admisi\u00f3n y la ficha de datos personales seleccionarlo en la p\u00e1gina [&hellip;]<\/p>\n","protected":false},"author":1,"featured_media":0,"parent":0,"menu_order":0,"comment_status":"closed","ping_status":"closed","template":"","meta":{"zakra_sidebar_layout":"customizer","zakra_remove_content_margin":false,"zakra_sidebar":"customizer","zakra_transparent_header":"customizer","zakra_logo":0,"zakra_main_header_style":"default","zakra_menu_item_color":"","zakra_menu_item_hover_color":"","zakra_menu_item_active_color":"","zakra_menu_active_style":"","zakra_page_header":true,"footnotes":""},"class_list":["post-18","page","type-page","status-publish","hentry"],"_links":{"self":[{"href":"https:\/\/wp.lamolina.edu.pe\/agronomia\/maestrias\/produccion\/index.php\/wp-json\/wp\/v2\/pages\/18","targetHints":{"allow":["GET"]}}],"collection":[{"href":"https:\/\/wp.lamolina.edu.pe\/agronomia\/maestrias\/produccion\/index.php\/wp-json\/wp\/v2\/pages"}],"about":[{"href":"https:\/\/wp.lamolina.edu.pe\/agronomia\/maestrias\/produccion\/index.php\/wp-json\/wp\/v2\/types\/page"}],"author":[{"embeddable":true,"href":"https:\/\/wp.lamolina.edu.pe\/agronomia\/maestrias\/produccion\/index.php\/wp-json\/wp\/v2\/users\/1"}],"replies":[{"embeddable":true,"href":"https:\/\/wp.lamolina.edu.pe\/agronomia\/maestrias\/produccion\/index.php\/wp-json\/wp\/v2\/comments?post=18"}],"version-history":[{"count":5,"href":"https:\/\/wp.lamolina.edu.pe\/agronomia\/maestrias\/produccion\/index.php\/wp-json\/wp\/v2\/pages\/18\/revisions"}],"predecessor-version":[{"id":251,"href":"https:\/\/wp.lamolina.edu.pe\/agronomia\/maestrias\/produccion\/index.php\/wp-json\/wp\/v2\/pages\/18\/revisions\/251"}],"wp:attachment":[{"href":"https:\/\/wp.lamolina.edu.pe\/agronomia\/maestrias\/produccion\/index.php\/wp-json\/wp\/v2\/media?parent=18"}],"curies":[{"name":"wp","href":"https:\/\/api.w.org\/{rel}","templated":true}]}}