{"id":20,"date":"2024-07-19T15:08:10","date_gmt":"2024-07-19T20:08:10","guid":{"rendered":"https:\/\/web.lamolina.edu.pe\/agronomia\/maestrias\/produccion\/?page_id=20"},"modified":"2024-08-09T10:36:20","modified_gmt":"2024-08-09T15:36:20","slug":"cronograma-de-admision","status":"publish","type":"page","link":"https:\/\/wp.lamolina.edu.pe\/agronomia\/maestrias\/produccion\/index.php\/cronograma-de-admision\/","title":{"rendered":"Cronograma de Admisi\u00f3n"},"content":{"rendered":"<div style=\"text-align: justify;\">Se tienen dos ingresos al a\u00f1o<\/div>\n<ol>\n<li style=\"text-align: justify;\">En el mes de febrero para el primer ingreso, siendo el examen de admisi\u00f3n en marzo y el inicio de clases de acuerdo al calendario acad\u00e9mico de la EPG.<\/li>\n<li style=\"text-align: justify;\">En el mes de julio para el segundo ingreso, siendo el examen de admisi\u00f3n en agosto y el inicio de clases de acuerdo al calendario acad\u00e9mico de la EPG.<\/li>\n<\/ol>\n<div style=\"text-align: justify;\">\u00a0<\/div>\n\n\n<div class=\"wp-block-group is-layout-constrained wp-block-group-is-layout-constrained\">\n<figure class=\"wp-block-table\"><table><tbody><tr><td><strong>MES<\/strong><\/td><td><strong>D\u00cdA<\/strong><\/td><td><strong>ACTIVIDAD<\/strong><\/td><\/tr><tr><td><\/td><td><\/td><td>Cierre de inscripci\u00f3n en el proceso de Admisi\u00f3n<\/td><\/tr><tr><td><\/td><td><\/td><td>Evaluaciones y\/o Entrevistas de Postulantes (*)<\/td><\/tr><tr><td><strong>JULIO<\/strong><\/td><td><\/td><td><br>Directorio Extraordinario para aprobaci\u00f3n de ingresantes<\/td><\/tr><tr><td><\/td><td><\/td><td>Charla Informativa y Bienvenida para los ingresantes<\/td><\/tr><tr><td><\/td><td><\/td><td>Proceso de Matr\u00edcula, Toma de fotos y examen m\u00e9dico<\/td><\/tr><tr><td><\/td><td><\/td><td>Inicio de Clases<\/td><\/tr><\/tbody><\/table><\/figure>\n<\/div>\n\n\n\n<div class=\"wp-block-columns is-layout-flex wp-container-core-columns-is-layout-28f84493 wp-block-columns-is-layout-flex\">\n<div class=\"wp-block-column is-layout-flow wp-block-column-is-layout-flow\"><\/div>\n<\/div>\n","protected":false},"excerpt":{"rendered":"<p>Se tienen dos ingresos al a\u00f1o En el mes de febrero para el primer ingreso, siendo el examen de admisi\u00f3n en marzo y el inicio de clases de acuerdo al calendario acad\u00e9mico de la EPG. En el mes de julio para el segundo ingreso, siendo el examen de admisi\u00f3n en agosto y el inicio de [&hellip;]<\/p>\n","protected":false},"author":1,"featured_media":0,"parent":0,"menu_order":0,"comment_status":"closed","ping_status":"closed","template":"","meta":{"zakra_sidebar_layout":"customizer","zakra_remove_content_margin":false,"zakra_sidebar":"customizer","zakra_transparent_header":"customizer","zakra_logo":0,"zakra_main_header_style":"default","zakra_menu_item_color":"","zakra_menu_item_hover_color":"","zakra_menu_item_active_color":"","zakra_menu_active_style":"","zakra_page_header":true,"footnotes":""},"class_list":["post-20","page","type-page","status-publish","hentry"],"_links":{"self":[{"href":"https:\/\/wp.lamolina.edu.pe\/agronomia\/maestrias\/produccion\/index.php\/wp-json\/wp\/v2\/pages\/20","targetHints":{"allow":["GET"]}}],"collection":[{"href":"https:\/\/wp.lamolina.edu.pe\/agronomia\/maestrias\/produccion\/index.php\/wp-json\/wp\/v2\/pages"}],"about":[{"href":"https:\/\/wp.lamolina.edu.pe\/agronomia\/maestrias\/produccion\/index.php\/wp-json\/wp\/v2\/types\/page"}],"author":[{"embeddable":true,"href":"https:\/\/wp.lamolina.edu.pe\/agronomia\/maestrias\/produccion\/index.php\/wp-json\/wp\/v2\/users\/1"}],"replies":[{"embeddable":true,"href":"https:\/\/wp.lamolina.edu.pe\/agronomia\/maestrias\/produccion\/index.php\/wp-json\/wp\/v2\/comments?post=20"}],"version-history":[{"count":13,"href":"https:\/\/wp.lamolina.edu.pe\/agronomia\/maestrias\/produccion\/index.php\/wp-json\/wp\/v2\/pages\/20\/revisions"}],"predecessor-version":[{"id":254,"href":"https:\/\/wp.lamolina.edu.pe\/agronomia\/maestrias\/produccion\/index.php\/wp-json\/wp\/v2\/pages\/20\/revisions\/254"}],"wp:attachment":[{"href":"https:\/\/wp.lamolina.edu.pe\/agronomia\/maestrias\/produccion\/index.php\/wp-json\/wp\/v2\/media?parent=20"}],"curies":[{"name":"wp","href":"https:\/\/api.w.org\/{rel}","templated":true}]}}