{"id":65,"date":"2024-07-20T17:03:52","date_gmt":"2024-07-20T22:03:52","guid":{"rendered":"https:\/\/web.lamolina.edu.pe\/agronomia\/maestrias\/produccion\/?page_id=65"},"modified":"2024-08-08T10:10:07","modified_gmt":"2024-08-08T15:10:07","slug":"malla-curricular","status":"publish","type":"page","link":"https:\/\/wp.lamolina.edu.pe\/agronomia\/maestrias\/produccion\/index.php\/malla-curricular\/","title":{"rendered":"Malla Curricular"},"content":{"rendered":"<p style=\"text-align: justify;\">El reglamento de la Escuela de Posgrado establece que un estudiante para obtener el Grado de Magister Scientiae (Mg. Sc.), debe aprobar 48 cr\u00e9ditos como m\u00ednimo, distribuidos en cuatro semestres acad\u00e9micos.<\/p>\n\n\n<figure class=\"wp-block-table\"><table><tbody><tr><td><strong>CURSOS<\/strong><\/td><td class=\"has-text-align-center\" data-align=\"center\"><strong>CR\u00c9DITOS<\/strong><\/td><\/tr><tr><td>Cursos Obligatorios del Campo Principal<\/td><td class=\"has-text-align-center\" data-align=\"center\">18<\/td><\/tr><tr><td>Cursos Electivos del Campo Principal<\/td><td class=\"has-text-align-center\" data-align=\"center\">24<\/td><\/tr><tr><td>Cursos Electivos de otras Maestr\u00edas<\/td><td class=\"has-text-align-center\" data-align=\"center\">06<\/td><\/tr><tr><td><strong>TOTAL CR\u00c9DITOS<\/strong><\/td><td class=\"has-text-align-center\" data-align=\"center\"><strong>48<\/strong><\/td><\/tr><\/tbody><\/table><\/figure>\n\n\n\n<h4 class=\"wp-block-heading\"><strong>CR\u00c9DITOS OBLIGATORIOS<\/strong><\/h4>\n\n\n\n<figure class=\"wp-block-table\"><table><tbody><tr><td><strong>C\u00d3DIGO<\/strong><\/td><td><strong>CURSOS<\/strong><\/td><td><strong>T-P-C<\/strong>  <\/td><td><strong>PRE REQUISITO<\/strong><\/td><td><strong>CR\u00c9DITOS<\/strong><\/td><\/tr><tr><td>AG 7246<\/td><td>Metodolog\u00eda de la Investigaci\u00f3n Cient\u00edfica en Producci\u00f3n Agr\u00edcola<\/td><td>2-0-2<\/td><td>Ninguno<\/td><td>02<\/td><\/tr><tr><td>AG 7269<\/td><td>Proyecto de Tesis en Producci\u00f3n Agr\u00edcola<\/td><td>2-0-2<\/td><td>Metodolog\u00eda de la Investigaci\u00f3n Cient\u00edfica en Producci\u00f3n Agr\u00edcola<\/td><td>02<\/td><\/tr><tr><td>AG 7270<\/td><td>Investigaci\u00f3n en Producci\u00f3n Agr\u00edcola I<\/td><td><\/td><td>Proyecto de Tesis en Producci\u00f3n Agr\u00edcola<\/td><td>05<\/td><\/tr><tr><td>AG 7270<\/td><td>Investigaci\u00f3n en Producci\u00f3n Agr\u00edcola II<\/td><td><\/td><td>Investigaci\u00f3n en Producci\u00f3n Agr\u00edcola I<\/td><td>05<\/td><\/tr><tr><td>AG 7013<\/td><td>Experimentaci\u00f3n Agr\u00edcola Avanzada I<\/td><td>3-2-4<\/td><td>M\u00e9todos Estad\u00edsticos<\/td><td>04<\/td><\/tr><tr><td><\/td><td><\/td><td><\/td><td><strong>TOTAL CR\u00c9DITOS OBLIGATORIOS<\/strong><\/td><td>18<\/td><\/tr><\/tbody><\/table><\/figure>\n\n\n\n<h4 class=\"wp-block-heading\"><strong>Cursos electivos del Campo Principal<\/strong><\/h4>\n\n\n<p style=\"text-align: justify;\">Los cursos graduados electivos del campo principal ser\u00e1n seleccionados como sigue: (12) cr\u00e9ditos representativos de la especialidad, (12) \u00f3 (18) cr\u00e9ditos de acuerdo al tema de tesis y expectativas del estudiante, (06) pueden ser de otra maestr\u00eda.<\/p>\n\n\n<figure class=\"wp-block-table\"><table><tbody><tr><td><strong>C\u00f3digo<\/strong>   <\/td><td><strong>Cursos<\/strong><\/td><td><strong>Pre-Requisitos<\/strong><\/td><td><strong>T-P-C<\/strong>    <\/td><\/tr><tr><td>AG 7020<\/td><td>Fisiolog\u00eda de Cultivos(*)<\/td><td>Ecofisiolog\u00eda de Cultivos<\/td><td>3\u00a00\u00a0 3<\/td><\/tr><tr><td>AG 7061<\/td><td>Producci\u00f3n y Manejo de Semilla Mejorada(*)<\/td><td>Manejo y Control de Semillas o Autorizaci\u00f3n del Comit\u00e9.<\/td><td>2\u00a02\u00a0 3<\/td><\/tr><tr><td>AG 7078<\/td><td>Sistemas y M\u00e9todos de Producci\u00f3n Agr\u00edcola(*)<\/td><td>Fisiolog\u00eda de Cultivos<\/td><td>3\u00a00\u00a0 3<\/td><\/tr><tr><td>AG 7077<\/td><td>Sistemas de Producci\u00f3n y Desarrollo Rural(*)<\/td><td>Sistemas Agrarios o Autorizaci\u00f3n del Comit\u00e9 Consejero<\/td><td>3\u00a00\u00a0 3<\/td><\/tr><tr><td>EP 7001<\/td><td>Administraci\u00f3n y Gerencia Agraria<\/td><td>Ninguno<\/td><td>3 0\u00a0 3<\/td><\/tr><tr><td>AG 7010<\/td><td>Ecolog\u00eda Agr\u00edcola Avanzada<\/td><td>Agroecolog\u00eda o autorizaci\u00f3n del Comit\u00e9 Consejero<\/td><td>3 0\u00a0 3<\/td><\/tr><tr><td>AG 7271<\/td><td>Extensi\u00f3n y Promoci\u00f3n Avanzada para el Desarrollo Rural Sostenible I<\/td><td>Aprobaci\u00f3n del Comit\u00e9<\/td><td>2 2 3<\/td><\/tr><tr><td>AG 7272<\/td><td>Extensi\u00f3n y Promoci\u00f3n Avanzada para el Desarrollo Rural Sostenible II<\/td><td>Extensi\u00f3n y Promoci\u00f3n Avanzada para el Desarrollo Rural Sostenible I<\/td><td>2 2 3<\/td><\/tr><tr><td>AG 7021<\/td><td>Fisiolog\u00eda de la Acci\u00f3n Herbicida<\/td><td>Control qu\u00edmico de malezas o autorizaci\u00f3n del Comit\u00e9 Consejero<\/td><td>3\u00a0\u00a00 3<\/td><\/tr><tr><td>AG 7019<\/td><td>Fisiolog\u00eda de \u00c1rboles Frutales<\/td><td>Autorizaci\u00f3n Comit\u00e9 Consejero<\/td><td>2 2 3<\/td><\/tr><tr><td>AG\u00a07025<\/td><td>Fruticultura Especial I Avanzada<\/td><td>Fisiolog\u00eda de \u00c1rboles Frutales<\/td><td>2 2 3<\/td><\/tr><tr><td>AG 7134<\/td><td>Fertilidad del Suelo Avanzada<\/td><td>Ninguno<\/td><td>3 2 4<\/td><\/tr><tr><td>AG 7029<\/td><td>Geosistemas Agr\u00edcolas<\/td><td>Teledetecci\u00f3n en la Agricultura sostenible<\/td><td>2 2 3<\/td><\/tr><tr><td>AG 7038<\/td><td>Manejo de Pasturas Avanzado<\/td><td>Autorizaci\u00f3n Comit\u00e9 Consejero<\/td><td>3 0 3<\/td><\/tr><tr><td>AG 7127<\/td><td>Nutrici\u00f3n Vegetal<\/td><td>Manejo y Conservaci\u00f3n del Suelo<\/td><td>2 2 3<\/td><\/tr><tr><td>AG 7060<\/td><td>Producci\u00f3n Forrajera Avanzada I<\/td><td>Conservaci\u00f3n de Forrajes o Autorizaci\u00f3n Comit\u00e9 Consejero<\/td><td>3 0 3<\/td><\/tr><tr><td>AG 7138<\/td><td>Planificaci\u00f3n Estrategia de la Capacitaci\u00f3n<\/td><td>Extensi\u00f3n y Promoci\u00f3n Avanzada para el Desarrollo Rural Sostenible I<\/td><td>3 0 3<\/td><\/tr><tr><td>AG 7081<\/td><td>T\u00e9cnicas de la Comunicaci\u00f3n y Transferencia de Tecnolog\u00eda Agr\u00edcola<\/td><td>Extensi\u00f3n y Promoci\u00f3n Avanzada para el Desarrollo Rural Sostenible I<\/td><td>2 2 3<\/td><\/tr><tr><td>AG 7273<\/td><td>Teledetecci\u00f3n \u00a0\u00a0en la \u00a0Agricultura Sostenible<\/td><td>Autorizaci\u00f3n del Comit\u00e9 Consejero<\/td><td>2 2 3<\/td><\/tr><tr><td><\/td><td><strong>Cr\u00e9ditos representativos de la Maestr\u00eda(*) <\/strong><\/td><td><\/td><td><strong>12<\/strong><\/td><\/tr><tr><td><\/td><td><strong>Cr\u00e9ditos elegibles de la Maestr\u00eda<\/strong><\/td><td><\/td><td><strong>12 \u00f3 18<\/strong><\/td><\/tr><tr><td><\/td><td><\/td><td><strong>TOTAL CR\u00c9DITOS ELECTIVOS DEL CAMPO PRINCIPAL<\/strong><\/td><td><strong>24 \u00f3 30<\/strong><\/td><\/tr><\/tbody><\/table><\/figure>\n\n\n\n<h4 class=\"wp-block-heading\"><strong>Cursos Electivos de otras Maestr\u00edas<\/strong><\/h4>\n\n\n<p style=\"text-align: justify;\">Los cursos graduados electivos de otras Maestr\u00eda ser\u00e1n seleccionados de acuerdo al inter\u00e9s del estudiante debi\u00e9ndose escoger cursos por 06 (seis cr\u00e9ditos libres).<\/p>\n\n\n<figure class=\"wp-block-table\"><table><tbody><tr><td><strong>C\u00f3digo<\/strong>                   <\/td><td><strong>Cursos<\/strong><\/td><td><strong>Pre-Requisitos<\/strong><\/td><td><strong>T-P-C<\/strong>   <\/td><\/tr><tr><td>AG 7039 <\/td><td>Manejo Integrado de Plagas<\/td><td>Entomolog\u00eda General<\/td><td>2\u00a02\u00a03<\/td><\/tr><tr><td>AG 7007  <\/td><td>Control de Enfermedades de Plantas<\/td><td>Fitopatolog\u00eda Agr\u00edcola<\/td><td>3\u00a02\u00a04<\/td><\/tr><tr><td>EP\u00a07002  <\/td><td>Agro negocios Internacionales<\/td><td>Administraci\u00f3n y Gerencia Agraria<\/td><td>3 0 3<\/td><\/tr><tr><td>EP 7110  <\/td><td>Formulaci\u00f3n Evaluaci\u00f3n y Gerencia de Proyectos de Agronegocios<\/td><td>Ninguno<\/td><td>3\u00a00<\/td><\/tr><tr><td>AG 7142  <\/td><td>Cultivos de Tejidos<\/td><td>Gen\u00e9tica Molecular<\/td><td>1 2 2<\/td><\/tr><tr><td>AG 7087  <\/td><td>Gen\u00e9tica molecular<\/td><td>Ninguno<\/td><td>2 0 2<\/td><\/tr><tr><td>AG 7143<\/td><td>Ingenier\u00eda Gen\u00e9tica<\/td><td>Gen\u00e9tica Molecular\/Gen\u00e9tica Vegetal Avanzada<\/td><td>2 0 2<\/td><\/tr><tr><td>AG7141<\/td><td>Marcadores Gen\u00e9ticos y Mejoramiento de Plantas<\/td><td>Gen\u00e9tica Molecular<\/td><td>2 0\u00a02<\/td><\/tr><tr><td>AG 7063<\/td><td>Recursos Gen\u00e9tico Vegetales<\/td><td>Experimentaci\u00f3n Agr\u00edcola Avanzada I\u00a0 Gen\u00e9tica\u00a0 Molecular Gen\u00e9tica\u00a0 Vegetal Avanzada<\/td><td>3 2 4<\/td><\/tr><tr><td>AG 7017<\/td><td>F\u00edsica del Suelo<\/td><td>Manejo y Conservaci\u00f3n del Suelo<\/td><td>3 2 4<\/td><\/tr><tr><td>AG 7132<\/td><td>Fertirrigaci\u00f3n<\/td><td>Ninguno<\/td><td>2 2 3<\/td><\/tr><tr><td>IA 7066<\/td><td>Gesti\u00f3n de sistemas de Riego y Drenaje<\/td><td>Ninguno<\/td><td>2 0 2<\/td><\/tr><tr><td>IA 7049<\/td><td>Manejo y gesti\u00f3n de cuencas hidrogr\u00e1ficas<\/td><td>Ninguno<\/td><td>2 2 3<\/td><\/tr><tr><td>AG 7046<\/td><td>M\u00e9todos de Evaluaci\u00f3n de Pastizales<\/td><td>Manejo de Pasturas<\/td><td>3 0 3<\/td><\/tr><tr><td>AG 6001<\/td><td>Conservaci\u00f3n de Forrajes<\/td><td>Manejo de Pasturas o Cultivos Forrajeros<\/td><td>2 0 2<\/td><\/tr><tr><td>AG 7084<\/td><td>Utilizaci\u00f3n de Recursos Forrajeros<\/td><td>Manejo de Pasturas Avanzado<\/td><td>3 0 3<\/td><\/tr><tr><td>AG 7076<\/td><td>Sistemas de Producci\u00f3n Forrajera<\/td><td>Utilizaci\u00f3n de recursos Forrajeros<\/td><td>3 0 3<\/td><\/tr><tr><td>AG 7024<\/td><td>Fruticultura Especial II Avanzada<\/td><td>Fisiolog\u00eda de \u00c1rboles Frutales<\/td><td>2 2 3<\/td><\/tr><tr><td>AG 7055<\/td><td>Olericultura Especial Avanzada<\/td><td>Autorizaci\u00f3n Comit\u00e9 Consejero<\/td><td>3 0 3<\/td><\/tr><\/tbody><\/table><\/figure>\n\n\n\n<div class=\"wp-block-columns is-layout-flex wp-container-core-columns-is-layout-28f84493 wp-block-columns-is-layout-flex\">\n<div class=\"wp-block-column is-layout-flow wp-block-column-is-layout-flow\">\n<div class=\"wp-block-buttons is-layout-flex wp-block-buttons-is-layout-flex\">\n<div class=\"wp-block-button\"><a class=\"wp-block-button__link wp-element-button\">MALLA CURRICULAR<\/a><\/div>\n<\/div>\n<\/div>\n\n\n\n<div class=\"wp-block-column is-layout-flow wp-block-column-is-layout-flow\">\n<div class=\"wp-block-buttons is-layout-flex wp-block-buttons-is-layout-flex\">\n<div class=\"wp-block-button\"><a class=\"wp-block-button__link wp-element-button\" href=\"https:\/\/web.lamolina.edu.pe\/agronomia\/maestrias\/produccion\/wp-content\/uploads\/2024\/08\/SUMILLA.pdf\" target=\"_blank\" rel=\"noreferrer noopener\">SUMILLAS<\/a><\/div>\n<\/div>\n<\/div>\n<\/div>\n","protected":false},"excerpt":{"rendered":"<p>El reglamento de la Escuela de Posgrado establece que un estudiante para obtener el Grado de Magister Scientiae (Mg. Sc.), debe aprobar 48 cr\u00e9ditos como m\u00ednimo, distribuidos en cuatro semestres acad\u00e9micos. CURSOS CR\u00c9DITOS Cursos Obligatorios del Campo Principal 18 Cursos Electivos del Campo Principal 24 Cursos Electivos de otras Maestr\u00edas 06 TOTAL CR\u00c9DITOS 48 CR\u00c9DITOS [&hellip;]<\/p>\n","protected":false},"author":1,"featured_media":0,"parent":0,"menu_order":0,"comment_status":"closed","ping_status":"closed","template":"","meta":{"zakra_sidebar_layout":"customizer","zakra_remove_content_margin":false,"zakra_sidebar":"customizer","zakra_transparent_header":"customizer","zakra_logo":0,"zakra_main_header_style":"default","zakra_menu_item_color":"","zakra_menu_item_hover_color":"","zakra_menu_item_active_color":"","zakra_menu_active_style":"","zakra_page_header":true,"footnotes":""},"class_list":["post-65","page","type-page","status-publish","hentry"],"_links":{"self":[{"href":"https:\/\/wp.lamolina.edu.pe\/agronomia\/maestrias\/produccion\/index.php\/wp-json\/wp\/v2\/pages\/65","targetHints":{"allow":["GET"]}}],"collection":[{"href":"https:\/\/wp.lamolina.edu.pe\/agronomia\/maestrias\/produccion\/index.php\/wp-json\/wp\/v2\/pages"}],"about":[{"href":"https:\/\/wp.lamolina.edu.pe\/agronomia\/maestrias\/produccion\/index.php\/wp-json\/wp\/v2\/types\/page"}],"author":[{"embeddable":true,"href":"https:\/\/wp.lamolina.edu.pe\/agronomia\/maestrias\/produccion\/index.php\/wp-json\/wp\/v2\/users\/1"}],"replies":[{"embeddable":true,"href":"https:\/\/wp.lamolina.edu.pe\/agronomia\/maestrias\/produccion\/index.php\/wp-json\/wp\/v2\/comments?post=65"}],"version-history":[{"count":18,"href":"https:\/\/wp.lamolina.edu.pe\/agronomia\/maestrias\/produccion\/index.php\/wp-json\/wp\/v2\/pages\/65\/revisions"}],"predecessor-version":[{"id":203,"href":"https:\/\/wp.lamolina.edu.pe\/agronomia\/maestrias\/produccion\/index.php\/wp-json\/wp\/v2\/pages\/65\/revisions\/203"}],"wp:attachment":[{"href":"https:\/\/wp.lamolina.edu.pe\/agronomia\/maestrias\/produccion\/index.php\/wp-json\/wp\/v2\/media?parent=65"}],"curies":[{"name":"wp","href":"https:\/\/api.w.org\/{rel}","templated":true}]}}