{"id":66,"date":"2024-07-20T17:03:52","date_gmt":"2024-07-20T22:03:52","guid":{"rendered":"https:\/\/web.lamolina.edu.pe\/agronomia\/maestrias\/produccion\/?page_id=66"},"modified":"2024-08-01T09:21:31","modified_gmt":"2024-08-01T14:21:31","slug":"perfil-del-egresado","status":"publish","type":"page","link":"https:\/\/wp.lamolina.edu.pe\/agronomia\/maestrias\/produccion\/index.php\/perfil-del-egresado\/","title":{"rendered":"Perfil del Egresado"},"content":{"rendered":"\n<div class=\"wp-block-columns is-layout-flex wp-container-core-columns-is-layout-28f84493 wp-block-columns-is-layout-flex\">\n<div class=\"wp-block-column is-layout-flow wp-block-column-is-layout-flow\">\n<blockquote>\n<p style=\"text-align: justify;\">El Magister en Producci\u00f3n Agr\u00edcola\u00a0 estar\u00e1 apto para desarrollar labores tanto profesionales como acad\u00e9micas.<\/p>\n<\/blockquote>\n<\/div>\n<\/div>\n\n\n\n<div class=\"wp-block-columns is-layout-flex wp-container-core-columns-is-layout-28f84493 wp-block-columns-is-layout-flex\">\n<div class=\"wp-block-column is-layout-flow wp-block-column-is-layout-flow\" style=\"flex-basis:33.33%\">\n<figure class=\"wp-block-image size-full is-resized\"><img loading=\"lazy\" decoding=\"async\" width=\"800\" height=\"600\" src=\"https:\/\/web.lamolina.edu.pe\/agronomia\/maestrias\/produccion\/wp-content\/uploads\/2024\/08\/perfil_egresado.jpg\" alt=\"\" class=\"wp-image-173\" style=\"width:232px;height:auto\" srcset=\"https:\/\/wp.lamolina.edu.pe\/agronomia\/maestrias\/produccion\/wp-content\/uploads\/2024\/08\/perfil_egresado.jpg 800w, https:\/\/wp.lamolina.edu.pe\/agronomia\/maestrias\/produccion\/wp-content\/uploads\/2024\/08\/perfil_egresado-300x225.jpg 300w, https:\/\/wp.lamolina.edu.pe\/agronomia\/maestrias\/produccion\/wp-content\/uploads\/2024\/08\/perfil_egresado-768x576.jpg 768w\" sizes=\"auto, (max-width: 800px) 100vw, 800px\" \/><\/figure>\n<\/div>\n\n\n\n<div class=\"wp-block-column is-layout-flow wp-block-column-is-layout-flow\" style=\"flex-basis:66.66%\">\n<ul>\n<li style=\"text-align: justify;\">El Graduado est\u00e1 capacitado para formular, liderar y ejecutar proyectos productivos y de investigaci\u00f3n en el \u00e1rea agr\u00edcola.<\/li>\n<li style=\"text-align: justify;\">Sus conocimientos, competencias s\u00f3lidas, calidad humana y responsabilidad social\u00a0 le permiten\u00a0 solucionar problemas complejos del \u00e1rea profesional, aplicando y generando ideas innovadoras y eficaces para optimizar la producci\u00f3n agr\u00edcola y el manejo de los recursos naturales.<\/li>\n<li style=\"text-align: justify;\">Est\u00e1 capacitado para el ejercicio acad\u00e9mico en el \u00e1mbito de las ciencias agrarias; asumiendo responsabilidades que se le asigne en proyectos de investigaci\u00f3n a trav\u00e9s de la utilizaci\u00f3n de m\u00e9todos cient\u00edficos, an\u00e1lisis cr\u00edtico y realizaci\u00f3n de propuestas creativas.<\/li>\n<\/ul>\n<\/div>\n<\/div>\n","protected":false},"excerpt":{"rendered":"<p>El Magister en Producci\u00f3n Agr\u00edcola\u00a0 estar\u00e1 apto para desarrollar labores tanto profesionales como acad\u00e9micas. El Graduado est\u00e1 capacitado para formular, liderar y ejecutar proyectos productivos y de investigaci\u00f3n en el \u00e1rea agr\u00edcola. Sus conocimientos, competencias s\u00f3lidas, calidad humana y responsabilidad social\u00a0 le permiten\u00a0 solucionar problemas complejos del \u00e1rea profesional, aplicando y generando ideas innovadoras y [&hellip;]<\/p>\n","protected":false},"author":1,"featured_media":0,"parent":0,"menu_order":0,"comment_status":"closed","ping_status":"closed","template":"","meta":{"zakra_sidebar_layout":"customizer","zakra_remove_content_margin":false,"zakra_sidebar":"customizer","zakra_transparent_header":"customizer","zakra_logo":0,"zakra_main_header_style":"default","zakra_menu_item_color":"","zakra_menu_item_hover_color":"","zakra_menu_item_active_color":"","zakra_menu_active_style":"","zakra_page_header":true,"footnotes":""},"class_list":["post-66","page","type-page","status-publish","hentry"],"_links":{"self":[{"href":"https:\/\/wp.lamolina.edu.pe\/agronomia\/maestrias\/produccion\/index.php\/wp-json\/wp\/v2\/pages\/66","targetHints":{"allow":["GET"]}}],"collection":[{"href":"https:\/\/wp.lamolina.edu.pe\/agronomia\/maestrias\/produccion\/index.php\/wp-json\/wp\/v2\/pages"}],"about":[{"href":"https:\/\/wp.lamolina.edu.pe\/agronomia\/maestrias\/produccion\/index.php\/wp-json\/wp\/v2\/types\/page"}],"author":[{"embeddable":true,"href":"https:\/\/wp.lamolina.edu.pe\/agronomia\/maestrias\/produccion\/index.php\/wp-json\/wp\/v2\/users\/1"}],"replies":[{"embeddable":true,"href":"https:\/\/wp.lamolina.edu.pe\/agronomia\/maestrias\/produccion\/index.php\/wp-json\/wp\/v2\/comments?post=66"}],"version-history":[{"count":3,"href":"https:\/\/wp.lamolina.edu.pe\/agronomia\/maestrias\/produccion\/index.php\/wp-json\/wp\/v2\/pages\/66\/revisions"}],"predecessor-version":[{"id":174,"href":"https:\/\/wp.lamolina.edu.pe\/agronomia\/maestrias\/produccion\/index.php\/wp-json\/wp\/v2\/pages\/66\/revisions\/174"}],"wp:attachment":[{"href":"https:\/\/wp.lamolina.edu.pe\/agronomia\/maestrias\/produccion\/index.php\/wp-json\/wp\/v2\/media?parent=66"}],"curies":[{"name":"wp","href":"https:\/\/api.w.org\/{rel}","templated":true}]}}