{"id":88,"date":"2024-07-20T17:07:16","date_gmt":"2024-07-20T22:07:16","guid":{"rendered":"https:\/\/web.lamolina.edu.pe\/agronomia\/maestrias\/produccion\/?page_id=88"},"modified":"2024-09-08T17:13:59","modified_gmt":"2024-09-08T22:13:59","slug":"docentes","status":"publish","type":"page","link":"https:\/\/wp.lamolina.edu.pe\/agronomia\/maestrias\/produccion\/index.php\/docentes\/","title":{"rendered":"Docentes"},"content":{"rendered":"<style>\n        body {\n            font-family: Arial, sans-serif; \n            background-color: #f4f4f4; \n            margin: 0; \n            padding: 10px;\n        }\n        .container {\n            display: flex;\n            flex-wrap: wrap;\n            justify-content: space-between;\n            max-width: 800px;\n            margin: auto;\n        } \n        .docente { \n            background-color: #fff; \n            border: 1px solid #ddd; \n            border-radius: 4px; \n            width: 300px; \/* Ancho reducido *\/ \n            margin-bottom: 10px; \n            padding: 5px; \n            box-shadow: 0 2px 5px rgba(0, 0, 0, 0.1); \n            transition: transform 0.3s; \n        } \n        .docente:hover { \n            transform: scale(1.02); \n        } \n        .docente img { \n            width: 100px; \/* Ajusta el tama\u00f1o seg\u00fan sea necesario *\/\n        height: 100px; \/* Mantiene la proporci\u00f3n cuadrada *\/\n        border-radius: 50%; \/* Hace que la imagen sea circular *\/\n        object-fit: cover; \/* Asegura que la imagen se recorte adecuadamente *\/\n        margin-bottom: 10px; \/* Espacio debajo de la imagen *\/\n        } \n        .docente h3 { \n            margin: 0 0 10px; \n            font-size: 1.1em; \/* Tama\u00f1o de fuente ajustado *\/ \n        } \n        .docente p { \n            margin: 5px 0; \n            font-size: 0.9em; \/* Tama\u00f1o de fuente ajustado *\/ \n        } \n        @media (max-width: 768px) { \n            .docente { \n                width: 100%; \/* Columna \u00fanica en pantallas peque\u00f1as *\/ \n            } <\/p>\n<\/style>\n<p><body><\/p>\n<div class=\"container\">\n<div class=\"docente\"><img decoding=\"async\" src=\"https:\/\/dina.concytec.gob.pe\/appDirectorioCTI\/UploadFotoPath.do?tipo=visualizar_archivo&#038;id_investigador=55493&#038;ruta=\/documents\/docInvestigadores\/55493\/imagenes\/Foto%20Javier%20Arias%20Carbajal%2025%20julio%202016.jpg&#038;content_type=image\/jpeg\" alt=\"Docente\" \/><\/p>\n<h3>Javier Arias Carbajal<\/h3>\n<p>Grado: Doctor<\/p>\n<p>Email: <a href=\"mailto:ariascj@lamolina.edu.pe\">ariascj@lamolina.edu.pe<\/a><\/p>\n<p>Link: <a href=\"https:\/\/dina.concytec.gob.pe\/appDirectorioCTI\/VerDatosInvestigador.do;jsessionid=d87270f246a1142e065f15549675?id_investigador=55493#\" target=\"_blank\" rel=\"noopener\">Concytec<\/a><\/p>\n<\/div>\n<div class=\"docente\"><img decoding=\"async\" src=\"https:\/\/ctivitae.concytec.gob.pe\/appDirectorioCTI\/UploadFotoPath.do?tipo=visualizar_archivo&#038;id_investigador=59861&#038;ruta=\/documents\/docInvestigadores\/59861\/imagenes\/Imagen1%20cda.jpg&#038;content_type=image\/jpeg\" alt=\"Docente\" \/><\/p>\n<h3>Andr\u00e9s V. Casas D\u00edaz<\/h3>\n<p>Grado: Mag\u00edster<\/p>\n<p>Email: <a href=\"mailto:cda@lamolina.edu.pe\">cda@lamolina.edu.pe<\/a><\/p>\n<p>Link: <a href=\"https:\/\/ctivitae.concytec.gob.pe\/appDirectorioCTI\/VerDatosInvestigador.do?id_investigador=59861\" target=\"_blank\" rel=\"noopener\">Concytec<\/a><\/p>\n<\/div>\n<div class=\"docente\"><img decoding=\"async\" src=\"https:\/\/ctivitae.concytec.gob.pe\/appDirectorioCTI\/UploadFotoPath.do?tipo=visualizar_archivo&#038;id_investigador=3932&#038;ruta=\/documents\/docInvestigadores\/3932\/imagenes\/JCH%20Foto.jpg&#038;content_type=image\/jpeg\" alt=\"Docente\" \/><\/p>\n<h3>Juli\u00e1n Chura Chuquija<\/h3>\n<p>Grado: Mag\u00edster<\/p>\n<p>Email: <a href=\"mailto:jchura@lamolina.edu.pe\">jchura@lamolina.edu.pe<\/a><\/p>\n<p>Link: <a href=\"https:\/\/ctivitae.concytec.gob.pe\/appDirectorioCTI\/VerDatosInvestigador.do?id_investigador=3932\" target=\"_blank\" rel=\"noopener\">Concytec<\/a><\/p>\n<\/div>\n<div class=\"docente\"><img decoding=\"async\" src=\"https:\/\/dina.concytec.gob.pe\/appDirectorioCTI\/UploadFotoPath.do?tipo=visualizar_archivo&#038;id_investigador=100253&#038;ruta=\/documents\/docInvestigadores\/100253\/imagenes\/Escobedo.jpg&#038;content_type=image\/jpeg\" alt=\"Docente\" \/><\/p>\n<h3>Jorge Alberto Escobedo \u00c1lvarez<\/h3>\n<p>Grado: Doctor<\/p>\n<p>Email: <a href=\"mailto:escobedo@lamolina.edu.pe\">escobedo@lamolina.edu.pe<\/a><\/p>\n<p>Link: <a href=\"https:\/\/dina.concytec.gob.pe\/appDirectorioCTI\/VerDatosInvestigador.do?id_investigador=100253\" target=\"_blank\" rel=\"noopener\">Concytec<\/a><\/p>\n<\/div>\n<div class=\"docente\"><img decoding=\"async\" src=\"https:\/\/ctivitae.concytec.gob.pe\/appDirectorioCTI\/UploadFotoPath.do?tipo=visualizar_archivo&#038;id_investigador=3386&#038;ruta=\/documents\/docInvestigadores\/3386\/imagenes\/OSCAR%20LOLI.jpg&#038;content_type=image\/jpeg\" alt=\"Docente\" \/><\/p>\n<h3>Oscar Oswaldo Loli Figueroa<\/h3>\n<p>Grado: Doctor<\/p>\n<p>Email: <a href=\"mailto:ololi@lamolina.edu.pe\">ololi@lamolina.edu.pe<\/a><\/p>\n<p>Link: <a href=\"https:\/\/ctivitae.concytec.gob.pe\/appDirectorioCTI\/VerDatosInvestigador.do?id_investigador=3386\" target=\"_blank\" rel=\"noopener\">Concytec<\/a><\/p>\n<\/div>\n<div class=\"docente\"><img decoding=\"async\" src=\"https:\/\/ctivitae.concytec.gob.pe\/appDirectorioCTI\/UploadFotoPath.do?tipo=visualizar_archivo&#038;id_investigador=78290&#038;ruta=\/documents\/docInvestigadores\/78290\/imagenes\/Foto%20Concytec%202017.jpg&#038;content_type=image\/jpeg\" alt=\"Docente\" \/><\/p>\n<h3>Juan Waldir Mendoza Cortez<\/h3>\n<p>Grado: Doctor<\/p>\n<p>Email: <a href=\"mailto:jmendoza@lamolina.edu.pe\">jmendoza@lamolina.edu.pe<\/a><\/p>\n<p>Link: <a href=\"https:\/\/ctivitae.concytec.gob.pe\/appDirectorioCTI\/VerDatosInvestigador.do?id_investigador=78290\" target=\"_blank\" rel=\"noopener\">Concytec<\/a><\/p>\n<\/div>\n<div class=\"docente\"><img decoding=\"async\" src=\"https:\/\/ctivitae.concytec.gob.pe\/appDirectorioCTI\/UploadFotoPath.do?tipo=visualizar_archivo&#038;id_investigador=59559&#038;ruta=\/documents\/docInvestigadores\/59559\/imagenes\/foto.jpg&#038;content_type=image\/jpeg\" alt=\"Docente\" \/><\/p>\n<h3>Mg. Sc. Pedro Pablo Guti\u00e9rrez V\u00edlchez<\/h3>\n<p>Grado: Mag\u00edster<\/p>\n<p>Email: <a href=\"mailto:pgutierrez@lamolina.edu.pe\">pgutierrez@lamolina.edu.pe<\/a><\/p>\n<p>Link: <a href=\"https:\/\/ctivitae.concytec.gob.pe\/appDirectorioCTI\/VerDatosInvestigador.do?id_investigador=59559\" target=\"_blank\" rel=\"noopener\">Concytec<\/a><\/p>\n<\/div>\n<div class=\"docente\"><img decoding=\"async\" src=\"https:\/\/dina.concytec.gob.pe\/appDirectorioCTI\/UploadFotoPath.do?tipo=visualizar_archivo&#038;id_investigador=74403&#038;ruta=\/documents\/docInvestigadores\/74403\/imagenes\/Pacheco.jpg&#038;content_type=image\/jpeg\" alt=\"Docente\" \/><\/p>\n<h3>Alejandro Ari Pacheco Avalos<\/h3>\n<p>Grado: Mag\u00edster<\/p>\n<p>Email: <a href=\"mailto:aapachec@lamolina.edu.pe\">aapachec@lamolina.edu.pe<\/a><\/p>\n<p>Link: <a href=\"https:\/\/dina.concytec.gob.pe\/appDirectorioCTI\/VerDatosInvestigador.do?id_investigador=74403\" target=\"_blank\" rel=\"noopener\">Concytec<\/a><\/p>\n<\/div>\n<div class=\"docente\"><img decoding=\"async\" src=\"https:\/\/ctivitae.concytec.gob.pe\/appDirectorioCTI\/UploadFotoPath.do?tipo=visualizar_archivo&#038;id_investigador=43879&#038;ruta=\/documents\/docInvestigadores\/43879\/imagenes\/FOTO%20REMBER%20001.jpg&#038;content_type=image\/jpeg\" alt=\"Docente\" \/><\/p>\n<h3>Rember Emilio Pinedo Taco<\/h3>\n<p>Grado: Ph. D.<\/p>\n<p>Email: <a href=\"mailto:rpinedo@lamolina.edu.pe\">rpinedo@lamolina.edu.pe<\/a><\/p>\n<p>Link: <a href=\"https:\/\/ctivitae.concytec.gob.pe\/appDirectorioCTI\/VerDatosInvestigador.do?id_investigador=43879\" target=\"_blank\" rel=\"noopener\">Concytec<\/a><\/p>\n<\/div>\n<div class=\"docente\"><img decoding=\"async\" src=\"https:\/\/web.lamolina.edu.pe\/Agronomia\/fitotecnia\/img\/docentes\/RQuispe.jpg\" alt=\"Docente\" \/><\/p>\n<h3>Susana Patricia Rodr\u00edguez Quispe<\/h3>\n<p>Grado: Ph. D.<\/p>\n<p>Email: <a href=\"mailto:srodriguez@lamolina.edu.pe\">srodriguez@lamolina.edu.pe<\/a><\/p>\n<p>Link: <a href=\"https:\/\/ctivitae.concytec.gob.pe\/appDirectorioCTI\/VerDatosInvestigador.do?id_investigador=59677\" target=\"_blank\" rel=\"noopener\">Concytec<\/a><\/p>\n<\/div>\n<div class=\"docente\"><img decoding=\"async\" src=\"https:\/\/dina.concytec.gob.pe\/appDirectorioCTI\/UploadFotoPath.do?tipo=visualizar_archivo&#038;id_investigador=12564&#038;ruta=\/documents\/docInvestigadores\/12564\/imagenes\/grs.jpg&#038;content_type=image\/pjpeg\" alt=\"Docente\" \/><\/p>\n<h3>Gilberto Rodr\u00edguez Soto<\/h3>\n<p>Grado: Mag\u00edster<\/p>\n<p>Email: <a href=\"mailto:grs@lamolina.edu.pe\">grs@lamolina.edu.pe<\/a><\/p>\n<p>Link: <a href=\"https:\/\/dina.concytec.gob.pe\/appDirectorioCTI\/VerDatosInvestigador.do?id_investigador=12564\" target=\"_blank\" rel=\"noopener\">Concytec<\/a><\/p>\n<\/div>\n<div class=\"docente\"><img decoding=\"async\" src=\"https:\/\/ctivitae.concytec.gob.pe\/appDirectorioCTI\/UploadFotoPath.do?tipo=visualizar_archivo&#038;id_investigador=89383&#038;ruta=\/documents\/docInvestigadores\/89383\/imagenes\/ivan.jpg&#038;content_type=image\/jpeg\" alt=\"Docente\" \/><\/p>\n<h3>Iv\u00e1n Dennys Soto Rodr\u00edguez<\/h3>\n<p>Grado: Dr.<\/p>\n<p>Email: <a href=\"mailto:ivans@lamolina.edu.pe\">dsoto@lamolina.edu.pe<\/a><\/p>\n<p>Link: <a href=\"https:\/\/ctivitae.concytec.gob.pe\/appDirectorioCTI\/VerDatosInvestigador.do?id_investigador=89383\" target=\"_blank\" rel=\"noopener\">Concytec<\/a><\/p>\n<\/div>\n<div class=\"docente\"><img decoding=\"async\" src=\"https:\/\/web.lamolina.edu.pe\/Agronomia\/fitotecnia\/img\/docentes\/tapia.png\" alt=\"Docente\" \/><\/p>\n<h3>Mar\u00eda de Lourdes Tapia y Figueroa<\/h3>\n<p>Grado: Dra.<\/p>\n<p>Email: <a href=\"mailto:ltapia@lamolina.edu.pe\">ltapia@lamolina.edu.pe<\/a><\/p>\n<p>Link: <a href=\"https:\/\/ctivitae.concytec.gob.pe\/appDirectorioCTI\/VerDatosInvestigador.do?id_investigador=59459\" target=\"_blank\" rel=\"noopener\">Concytec<\/a><\/p>\n<\/div>\n<div class=\"docente\"><img decoding=\"async\" src=\"https:\/\/ctivitae.concytec.gob.pe\/appDirectorioCTI\/UploadFotoPath.do?tipo=visualizar_archivo&#038;id_investigador=31135&#038;ruta=\/documents\/docInvestigadores\/31135\/imagenes\/FOTO%20PARA%20CIP.JPG&#038;content_type=image\/jpeg\" alt=\"Docente\" \/><\/p>\n<h3>Jorge Luis Tejada Soraluz<\/h3>\n<p>Grado: Dr.<\/p>\n<p>Email: <a href=\"mailto:jorgetejada@lamolina.edu.pe\">jorgetejada@lamolina.edu.pe<\/a><\/p>\n<p>Link: <a href=\"https:\/\/ctivitae.concytec.gob.pe\/appDirectorioCTI\/VerDatosInvestigador.do?id_investigador=31135\" target=\"_blank\" rel=\"noopener\">Concytec<\/a><\/p>\n<\/div>\n<div class=\"docente\"><img decoding=\"async\" src=\"https:\/\/ctivitae.concytec.gob.pe\/appDirectorioCTI\/UploadFotoPath.do?tipo=visualizar_archivo&#038;id_investigador=57732&#038;ruta=\/documents\/docInvestigadores\/57732\/imagenes\/jtobaru.JPG&#038;content_type=image\/jpeg\" alt=\"Docente\" \/><\/p>\n<h3>Jorge Tobaru Hamada<\/h3>\n<p>Grado: Mag\u00edster<\/p>\n<p>Email: <a href=\"mailto:jtobaru@lamolina.edu.pe\">jtobaru@lamolina.edu.pe<\/a><\/p>\n<p>Link: <a href=\"https:\/\/ctivitae.concytec.gob.pe\/appDirectorioCTI\/VerDatosInvestigador.do?id_investigador=57732\">Renacyt<\/a><\/p>\n<\/div>\n<div class=\"docente\"><img decoding=\"async\" src=\"https:\/\/ctivitae.concytec.gob.pe\/appDirectorioCTI\/UploadFotoPath.do?tipo=visualizar_archivo&#038;id_investigador=18025&#038;ruta=\/documents\/docInvestigadores\/18025\/imagenes\/IMG_20180713_090238784%20(2).jpg&#038;content_type=image\/jpeg\" alt=\"Docente\" \/><\/p>\n<h3>Ruby Antonieta Vega Ravello<\/h3>\n<p>Grado: Dra.<\/p>\n<p>Email: <a href=\"mailto:rvega@lamolina.edu.pe\">rvega@lamolina.edu.pe<\/a><\/p>\n<p>Link: <a href=\"https:\/\/ctivitae.concytec.gob.pe\/appDirectorioCTI\/VerDatosInvestigador.do?id_investigador=18025\" target=\"_blank\" rel=\"noopener\">Concytec<\/a><\/p>\n<\/div>\n<div class=\"docente\"><img decoding=\"async\" src=\"https:\/\/ctivitae.concytec.gob.pe\/appDirectorioCTI\/UploadFotoPath.do?tipo=visualizar_archivo&#038;id_investigador=43777&#038;ruta=\/documents\/docInvestigadores\/43777\/imagenes\/PZC1.gif&#038;content_type=image\/gif\" alt=\"Docente\" \/><\/p>\n<h3>Percy Ernesto Zorogast\u00faa Cruz<\/h3>\n<p>Grado: Dr.<\/p>\n<p>Email: <a href=\"mailto:pzorogastua@lamolina.edu.pe\">pzorogastua@lamolina.edu.pe<\/a><\/p>\n<p>Link: <a href=\"https:\/\/ctivitae.concytec.gob.pe\/appDirectorioCTI\/VerDatosInvestigador.do?id_investigador=43777\" target=\"_blank\" rel=\"noopener\">Concytec<\/a><\/p>\n<\/div>\n<div class=\"docente\"><img decoding=\"async\" src=\"https:\/\/web.lamolina.edu.pe\/agronomia\/maestrias\/produccion\/wp-content\/uploads\/2024\/09\/docente.png\" alt=\"Docente\" \/><\/p>\n<h3>Salom\u00f3n Helfgott Lerner<\/h3>\n<p>Grado: Ph.D.<\/p>\n<p>Email: <a href=\"mailto:shelfgott@lamolina.edu.pe \">shelfgott@lamolina.edu.pe <\/a><\/p>\n<p>Link: <a href=\"\" target=\"_blank\" rel=\"noopener\">Concytec<\/a><\/p>\n<\/div>\n<div class=\"docente\"><img decoding=\"async\" src=\"https:\/\/web.lamolina.edu.pe\/agronomia\/maestrias\/produccion\/wp-content\/uploads\/2024\/09\/docente.png\" alt=\"Docente\" \/><\/p>\n<h3>Hugo Soplin Villacorta<\/h3>\n<p>Grado: Ph.D.<\/p>\n<p>Email: <a href=\"mailto:husovi@lamolina.edu.pe \">husovi@lamolina.edu.pe <\/a><\/p>\n<p>Link: <a href=\"\" target=\"_blank\" rel=\"noopener\">Concytec<\/a><\/p>\n<\/div>\n<div class=\"docente\"><img decoding=\"async\" src=\"https:\/\/web.lamolina.edu.pe\/agronomia\/maestrias\/produccion\/wp-content\/uploads\/2024\/09\/docente.png\" alt=\"Docente\" \/><\/p>\n<h3>Jos\u00e9 Gregorio S\u00e1nchez Narv\u00e1ez<\/h3>\n<p>Grado: Mag\u00edster<\/p>\n<p>Email:<\/p>\n<p>Link: <a href=\"\" target=\"_blank\" rel=\"noopener\">Concytec<\/a><\/p>\n<\/div>\n<div class=\"docente\"><img decoding=\"async\" src=\"https:\/\/web.lamolina.edu.pe\/agronomia\/maestrias\/produccion\/wp-content\/uploads\/2024\/09\/docente.png\" alt=\"Docente\" \/><\/p>\n<h3>Luis Enrique Quintanilla Chac\u00f3n<\/h3>\n<p>Grado: Dr.<\/p>\n<p>Email: <a href=\"mailto:lquintanilla@lamolina.edu.pe \">lquintanilla@lamolina.edu.pe <\/a><\/p>\n<p>Link: <a href=\"\" target=\"_blank\" rel=\"noopener\">Concytec<\/a><\/p>\n<\/div>\n<div class=\"docente\"><img decoding=\"async\" src=\"https:\/\/web.lamolina.edu.pe\/agronomia\/maestrias\/produccion\/wp-content\/uploads\/2024\/09\/docente.png\" alt=\"Docente\" \/><\/p>\n<h3>Perla Noem\u00ed Ch\u00e1vez Dulanto<\/h3>\n<p>Grado: Ph.D.<\/p>\n<p>Email: <a href=\"mailto:perlachavez@lamolina.edu.pe \">perlachavez@lamolina.edu.pe <\/a><\/p>\n<p>Link: <a href=\"\" target=\"_blank\" rel=\"noopener\">Concytec<\/a><\/p>\n<\/div>\n<div class=\"docente\"><img decoding=\"async\" src=\"https:\/\/web.lamolina.edu.pe\/agronomia\/maestrias\/produccion\/wp-content\/uploads\/2024\/09\/docente.png\" alt=\"Docente\" \/><\/p>\n<h3>Juan Luis Nolasco Chumpitaz<\/h3>\n<p>Grado: Mag\u00edster<\/p>\n<p>Email:<\/p>\n<p>Link: <a href=\"\" target=\"_blank\" rel=\"noopener\">Concytec<\/a><\/p>\n<\/div>\n<\/div>\n<p><!-- Agrega m\u00e1s docentes aqu\u00ed siguiendo el mismo formato --><\/p>\n<p><\/content><\/p>\n","protected":false},"excerpt":{"rendered":"<p>Javier Arias Carbajal Grado: Doctor Email: ariascj@lamolina.edu.pe Link: Concytec Andr\u00e9s V. Casas D\u00edaz Grado: Mag\u00edster Email: cda@lamolina.edu.pe Link: Concytec Juli\u00e1n Chura Chuquija Grado: Mag\u00edster Email: jchura@lamolina.edu.pe Link: Concytec Jorge Alberto Escobedo \u00c1lvarez Grado: Doctor Email: escobedo@lamolina.edu.pe Link: Concytec Oscar Oswaldo Loli Figueroa Grado: Doctor Email: ololi@lamolina.edu.pe Link: Concytec Juan Waldir Mendoza Cortez Grado: Doctor Email: [&hellip;]<\/p>\n","protected":false},"author":1,"featured_media":0,"parent":0,"menu_order":0,"comment_status":"closed","ping_status":"closed","template":"","meta":{"zakra_sidebar_layout":"customizer","zakra_remove_content_margin":false,"zakra_sidebar":"customizer","zakra_transparent_header":"customizer","zakra_logo":0,"zakra_main_header_style":"default","zakra_menu_item_color":"","zakra_menu_item_hover_color":"","zakra_menu_item_active_color":"","zakra_menu_active_style":"","zakra_page_header":true,"footnotes":""},"class_list":["post-88","page","type-page","status-publish","hentry"],"_links":{"self":[{"href":"https:\/\/wp.lamolina.edu.pe\/agronomia\/maestrias\/produccion\/index.php\/wp-json\/wp\/v2\/pages\/88","targetHints":{"allow":["GET"]}}],"collection":[{"href":"https:\/\/wp.lamolina.edu.pe\/agronomia\/maestrias\/produccion\/index.php\/wp-json\/wp\/v2\/pages"}],"about":[{"href":"https:\/\/wp.lamolina.edu.pe\/agronomia\/maestrias\/produccion\/index.php\/wp-json\/wp\/v2\/types\/page"}],"author":[{"embeddable":true,"href":"https:\/\/wp.lamolina.edu.pe\/agronomia\/maestrias\/produccion\/index.php\/wp-json\/wp\/v2\/users\/1"}],"replies":[{"embeddable":true,"href":"https:\/\/wp.lamolina.edu.pe\/agronomia\/maestrias\/produccion\/index.php\/wp-json\/wp\/v2\/comments?post=88"}],"version-history":[{"count":18,"href":"https:\/\/wp.lamolina.edu.pe\/agronomia\/maestrias\/produccion\/index.php\/wp-json\/wp\/v2\/pages\/88\/revisions"}],"predecessor-version":[{"id":305,"href":"https:\/\/wp.lamolina.edu.pe\/agronomia\/maestrias\/produccion\/index.php\/wp-json\/wp\/v2\/pages\/88\/revisions\/305"}],"wp:attachment":[{"href":"https:\/\/wp.lamolina.edu.pe\/agronomia\/maestrias\/produccion\/index.php\/wp-json\/wp\/v2\/media?parent=88"}],"curies":[{"name":"wp","href":"https:\/\/api.w.org\/{rel}","templated":true}]}}