{"id":92,"date":"2024-07-20T17:07:16","date_gmt":"2024-07-20T22:07:16","guid":{"rendered":"https:\/\/web.lamolina.edu.pe\/agronomia\/maestrias\/produccion\/?page_id=92"},"modified":"2024-08-09T08:54:56","modified_gmt":"2024-08-09T13:54:56","slug":"tramites-academicos","status":"publish","type":"page","link":"https:\/\/wp.lamolina.edu.pe\/agronomia\/maestrias\/produccion\/index.php\/tramites-academicos\/","title":{"rendered":"Tr\u00e1mites Acad\u00e9micos"},"content":{"rendered":"<p><strong>RETIRO DE CURSO<\/strong><\/p>\n<p style=\"text-align: justify;\">Los alumnos de Posgrado pueden solicitar el retiro de uno o m\u00e1s cursos semestrales hasta la fecha indicada en el calendario acad\u00e9mico.<\/p>\n<p><strong>Requisitos:<\/strong><\/p>\n<ol type=\"a\">\n<li>Presentar la <a href=\"https:\/\/web.lamolina.edu.pe\/agronomia\/maestrias\/produccion\/wp-content\/uploads\/2024\/08\/FORMULARIO_EPG001_FUT.xlsx\">solicitud<\/a> con el V\u00baB\u00ba del coordinador.<\/li>\n<li>El pedido deber\u00e1 ser acompa\u00f1ado de los documentos que justifiquen la solicitud.<\/li>\n<li>No tener deuda vencida (V\u00baB\u00ba Contabilidad).<\/li>\n<li>Adjuntar voucher de pago por el tr\u00e1mite.<\/li>\n<\/ol>\n<p><strong>RETIRO DE CICLO<\/strong><\/p>\n<p style=\"text-align: justify;\">Los alumnos de Posgrado pueden solicitar el retiro extempor\u00e1neo de todos los cursos inscritos en un semestre (si es aceptado, se otorgar\u00e1 ciclo incompleto) por motivos de salud u otras causales, debidamente justificadas. El retiro de ciclo proceder\u00e1 una vez que la solicitud del alumno haya sido aprobada en el Directorio de la EPG, con un informe previo de la Comisi\u00f3n de Asuntos Acad\u00e9micos y Pedag\u00f3gicos Estudiantiles (CAPE). El alumno podr\u00e1 solicitar el retiro de ciclo incompleto solamente hasta en dos oportunidades.<\/p>\n<p><strong>Requisitos:<\/strong><\/p>\n<ol type=\"a\">\n<li>No haber rendido examen final en ning\u00fan curso.<\/li>\n<li>Presentar la <a href=\"https:\/\/web.lamolina.edu.pe\/agronomia\/maestrias\/produccion\/wp-content\/uploads\/2024\/08\/FORMULARIO_EPG001_FUT.xlsx\">solicitud<\/a> con el V\u00baB\u00ba del coordinador.<\/li>\n<li>El pedido deber\u00e1 ser acompa\u00f1ado de los documentos que justifiquen la solicitud.<\/li>\n<li>No tener deuda vencida (V\u00baB\u00ba Contabilidad).<\/li>\n<li>Adjuntar voucher de pago por el tr\u00e1mite.<\/li>\n<\/ol>\n<p><strong>REINSCRIPCI\u00d3N DE CURSO<\/strong><\/p>\n<p style=\"text-align: justify;\">Los alumnos de Posgrado pueden solicitar la reinscripci\u00f3n de cursos programados en el semestre acad\u00e9mico previa autorizaci\u00f3n del coordinador. El per\u00edodo de reinscripci\u00f3n de cursos tendr\u00e1 una duraci\u00f3n de dos (2) semanas a partir de la fecha de inicio de clases. El coordinador verificar\u00e1 la disponibilidad de vacantes y realizar\u00e1 la habilitaci\u00f3n del curso en la intranet.<\/p>\n<p><strong>Requisitos:<\/strong><\/p>\n<ol type=\"a\">\n<li>Presentar la <a href=\"https:\/\/web.lamolina.edu.pe\/agronomia\/maestrias\/produccion\/wp-content\/uploads\/2024\/08\/FORMULARIO_EPG001_FUT.xlsx\">solicitud<\/a> con el V\u00baB\u00ba del coordinador.<\/li>\n<li style=\"text-align: justify;\">Solicitar la nueva generaci\u00f3n de deuda y\/o fraccionamiento de pagos por los cursos adicionales en la Oficina de Contabilidad.<\/li>\n<li style=\"text-align: justify;\">Cancelar la diferencia de los cr\u00e9ditos adicionales<\/li>\n<li style=\"text-align: justify;\">No tener deuda vencida (V\u00baB\u00ba Contabilidad).<\/li>\n<li style=\"text-align: justify;\">Adjuntar voucher de pago por el tr\u00e1mite.<\/li>\n<\/ol>\n<p><strong>ANULACI\u00d3N DE CICLO<\/strong><\/p>\n<p style=\"text-align: justify;\">De acuerdo con el Articulo No. 141 del Reglamento de la EPG, los alumnos de Posgrado pueden solicitar la anulaci\u00f3n de un semestre, por razones debidamente justificadas y por una sola vez durante sus estudios en la EPG. Esto implica la anulaci\u00f3n de todos los cursos, aprobados o desaprobados, y resultar\u00e1 en la modificaci\u00f3n del P.P.A. El pedido de anulaci\u00f3n de ciclo proceder\u00e1 una vez que la solicitud del alumno haya sido aprobada en el Directorio de la EPG, con un informe previo de la Comisi\u00f3n de Asuntos Acad\u00e9micos y Pedag\u00f3gicos Estudiantiles (CAPE). La anulaci\u00f3n del semestre no justifica la exoneraci\u00f3n del pago de los derechos totales semestrales correspondientes.<\/p>\n<p><strong>Requisitos:<\/strong><\/p>\n<ol type=\"a\">\n<li>Presentar la <a href=\"https:\/\/web.lamolina.edu.pe\/agronomia\/maestrias\/produccion\/wp-content\/uploads\/2024\/08\/FORMULARIO_EPG001_FUT.xlsx\">solicitud<\/a> con el V\u00baB\u00ba del coordinador.<\/li>\n<li>El pedido deber\u00e1 ser acompa\u00f1ado de los documentos que justifiquen la solicitud.<\/li>\n<li>No tener deuda vencida (V\u00baB\u00ba Contabilidad).<\/li>\n<li>Adjuntar voucher de pago por el tr\u00e1mite.<\/li>\n<\/ol>\n<p><strong>CAMBIO DE NOTA M\u00c1S BAJA<\/strong><\/p>\n<p style=\"text-align: justify;\">El alumno de posgrado podr\u00e1 solicitar por \u00fanica vez, el cambio de la nota m\u00e1s baja, en un curso de nivel 7000 u 8000 que haya sido desaprobado. El cambio proceder\u00e1, una vez que la solicitud del estudiante haya sido aprobada en el directorio de la EPG, con un informe previo de la Comisi\u00f3n de Asuntos Acad\u00e9micos y Pedag\u00f3gicos Estudiantiles (CAPE). La nueva nota asignada, ser\u00e1 la nota m\u00e1s alta obtenida en el curso y ser\u00e1 eliminada la nota m\u00e1s baja. Este cambio, resultar\u00e1 en la modificaci\u00f3n del promedio ponderado acumulativo (P.P.A).<\/p>\n<p><strong>Requisitos:<\/strong><\/p>\n<ol type=\"a\">\n<li>Presentar la <a href=\"https:\/\/web.lamolina.edu.pe\/agronomia\/maestrias\/produccion\/wp-content\/uploads\/2024\/08\/FORMULARIO_EPG001_FUT.xlsx\">solicitud<\/a> con el V\u00baB\u00ba del coordinador.<\/li>\n<li>Adjuntar el historial acad\u00e9mico donde figuren las notas.<\/li>\n<li>Adjuntar voucher de pago por el tr\u00e1mite.<\/li>\n<li>No tener deuda vencida (V\u00baB\u00ba Contabilidad).<\/li>\n<\/ol>\n<p><strong>REINCORPORACI\u00d3N<\/strong><\/p>\n<p style=\"text-align: justify;\">De acuerdo con el Articulo No. 141 del Reglamento de la EPG, los alumnos de Posgrado podr\u00e1n solicitar por escrito su reincorporaci\u00f3n cuando dejan de estudiar m\u00e1s de tres semestres consecutivos, seg\u00fan calendario acad\u00e9mico, previa cancelaci\u00f3n de los derechos correspondientes. La reincorporaci\u00f3n proceder\u00e1 una vez que la solicitud del alumno haya sido aprobada en el Directorio de la EPG, con un informe previo de la Comisi\u00f3n de Asuntos Acad\u00e9micos y Pedag\u00f3gicos Estudiantiles (CAPE).<\/p>\n<p><strong>Requisitos:<\/strong><\/p>\n<ol type=\"a\">\n<li>Presentar la <a href=\"https:\/\/web.lamolina.edu.pe\/agronomia\/maestrias\/produccion\/wp-content\/uploads\/2024\/08\/FORMULARIO_EPG001_FUT.xlsx\">solicitud<\/a> con el V\u00baB\u00ba del coordinador.<\/li>\n<li>No tener deuda vencida (V\u00baB\u00ba Contabilidad).<\/li>\n<li>Adjuntar voucher de pago por reincorporaci\u00f3n, seg\u00fan lo establecido en el TUPA.<\/li>\n<\/ol>\n<p style=\"text-align: justify;\">Los cursos aprobados del programa de estudios tanto de maestr\u00eda y de doctorado, tendr\u00e1n validez para obtener un grado avanzado por un lapso de seis a\u00f1os y el programa de estudios un lapso de cuatro a\u00f1os.\u00a0 Vencido este plazo el Comit\u00e9 Consejero revisar\u00e1 el programa de estudios y decidir\u00e1 su actualizaci\u00f3n si fuera necesario.\u00a0 En tal caso, el alumno deber\u00e1 tomar los cursos indicados por el Comit\u00e9 Consejero o aprobar ex\u00e1menes de suficiencia correspondientes a dichos cursos.\u00a0 El cumplimiento de este requisito ser\u00e1 indispensable para autorizar el examen de grado y\/o la sustentaci\u00f3n de la tesis.<\/p>\n<p style=\"text-align: justify;\">El proyecto de tesis que no puede ser ejecutado o continuado deber\u00e1 ser informado por el patrocinador al Coordinador de la Especialidad y a la Direcci\u00f3n de la EPG indicando las razones de la no ejecuci\u00f3n.\u00a0 El tiempo de validez de un proyecto de tesis ser\u00e1 de tres a\u00f1os para maestr\u00edas y cuatro a\u00f1os para doctorado, a partir de la fecha de aprobaci\u00f3n por la EPG.<\/p>\n","protected":false},"excerpt":{"rendered":"<p>RETIRO DE CURSO Los alumnos de Posgrado pueden solicitar el retiro de uno o m\u00e1s cursos semestrales hasta la fecha indicada en el calendario acad\u00e9mico. Requisitos: Presentar la solicitud con el V\u00baB\u00ba del coordinador. El pedido deber\u00e1 ser acompa\u00f1ado de los documentos que justifiquen la solicitud. No tener deuda vencida (V\u00baB\u00ba Contabilidad). Adjuntar voucher de [&hellip;]<\/p>\n","protected":false},"author":1,"featured_media":0,"parent":0,"menu_order":0,"comment_status":"closed","ping_status":"closed","template":"","meta":{"zakra_sidebar_layout":"customizer","zakra_remove_content_margin":false,"zakra_sidebar":"customizer","zakra_transparent_header":"customizer","zakra_logo":0,"zakra_main_header_style":"default","zakra_menu_item_color":"","zakra_menu_item_hover_color":"","zakra_menu_item_active_color":"","zakra_menu_active_style":"","zakra_page_header":true,"footnotes":""},"class_list":["post-92","page","type-page","status-publish","hentry"],"_links":{"self":[{"href":"https:\/\/wp.lamolina.edu.pe\/agronomia\/maestrias\/produccion\/index.php\/wp-json\/wp\/v2\/pages\/92","targetHints":{"allow":["GET"]}}],"collection":[{"href":"https:\/\/wp.lamolina.edu.pe\/agronomia\/maestrias\/produccion\/index.php\/wp-json\/wp\/v2\/pages"}],"about":[{"href":"https:\/\/wp.lamolina.edu.pe\/agronomia\/maestrias\/produccion\/index.php\/wp-json\/wp\/v2\/types\/page"}],"author":[{"embeddable":true,"href":"https:\/\/wp.lamolina.edu.pe\/agronomia\/maestrias\/produccion\/index.php\/wp-json\/wp\/v2\/users\/1"}],"replies":[{"embeddable":true,"href":"https:\/\/wp.lamolina.edu.pe\/agronomia\/maestrias\/produccion\/index.php\/wp-json\/wp\/v2\/comments?post=92"}],"version-history":[{"count":5,"href":"https:\/\/wp.lamolina.edu.pe\/agronomia\/maestrias\/produccion\/index.php\/wp-json\/wp\/v2\/pages\/92\/revisions"}],"predecessor-version":[{"id":245,"href":"https:\/\/wp.lamolina.edu.pe\/agronomia\/maestrias\/produccion\/index.php\/wp-json\/wp\/v2\/pages\/92\/revisions\/245"}],"wp:attachment":[{"href":"https:\/\/wp.lamolina.edu.pe\/agronomia\/maestrias\/produccion\/index.php\/wp-json\/wp\/v2\/media?parent=92"}],"curies":[{"name":"wp","href":"https:\/\/api.w.org\/{rel}","templated":true}]}}