{"id":1145,"date":"2025-07-16T15:11:15","date_gmt":"2025-07-16T20:11:15","guid":{"rendered":"https:\/\/wp.lamolina.edu.pe\/egresados\/?page_id=1145"},"modified":"2025-07-16T15:11:17","modified_gmt":"2025-07-16T20:11:17","slug":"biblioteca-agricola-nacional-orlando-olcese-ban","status":"publish","type":"page","link":"https:\/\/wp.lamolina.edu.pe\/egresados\/index.php\/biblioteca-agricola-nacional-orlando-olcese-ban\/","title":{"rendered":"Biblioteca Agr\u00edcola Nacional \u201cOrlando Olcese\u201d &#8211; BAN"},"content":{"rendered":"\n<p><a href=\"https:\/\/www.lamolina.edu.pe\/vice_acad\/BAN.htm\"><\/a><\/p>\n\n\n\n<p>La Biblioteca Agr\u00edcola Nacional (BAN) tiene por misi\u00f3n brindar un servicio de calidad a lineado a la tecnolog\u00eda e innovaci\u00f3n que permita satisfacer las necesidades de informaci\u00f3n de la comunidad universitaria y del p\u00fablico en general, coadyuvando a la investigaci\u00f3n, al conocimiento especializado y a la formaci\u00f3n acad\u00e9mica de futuros profesionale<a href=\"https:\/\/www.lamolina.edu.pe\/vice_acad\/BAN.htm\"><\/a><\/p>\n\n\n\n<p><\/p>\n","protected":false},"excerpt":{"rendered":"<p>La Biblioteca Agr\u00edcola Nacional (BAN) tiene por misi\u00f3n brindar un servicio de calidad a lineado a la tecnolog\u00eda e innovaci\u00f3n que permita satisfacer las necesidades de informaci\u00f3n de la comunidad universitaria y del p\u00fablico en general, coadyuvando a la investigaci\u00f3n, al conocimiento especializado y a la formaci\u00f3n acad\u00e9mica de futuros profesionale<\/p>\n","protected":false},"author":1,"featured_media":1146,"parent":0,"menu_order":0,"comment_status":"closed","ping_status":"closed","template":"","meta":{"_uag_custom_page_level_css":"","footnotes":""},"class_list":["post-1145","page","type-page","status-publish","has-post-thumbnail","hentry"],"uagb_featured_image_src":{"full":["https:\/\/wp.lamolina.edu.pe\/egresados\/wp-content\/uploads\/2025\/07\/DSC_0647.jpg",1350,640,false],"thumbnail":["https:\/\/wp.lamolina.edu.pe\/egresados\/wp-content\/uploads\/2025\/07\/DSC_0647.jpg",150,71,false],"medium":["https:\/\/wp.lamolina.edu.pe\/egresados\/wp-content\/uploads\/2025\/07\/DSC_0647.jpg",300,142,false],"medium_large":["https:\/\/wp.lamolina.edu.pe\/egresados\/wp-content\/uploads\/2025\/07\/DSC_0647.jpg",768,364,false],"large":["https:\/\/wp.lamolina.edu.pe\/egresados\/wp-content\/uploads\/2025\/07\/DSC_0647.jpg",771,366,false],"1536x1536":["https:\/\/wp.lamolina.edu.pe\/egresados\/wp-content\/uploads\/2025\/07\/DSC_0647.jpg",1350,640,false],"2048x2048":["https:\/\/wp.lamolina.edu.pe\/egresados\/wp-content\/uploads\/2025\/07\/DSC_0647.jpg",1350,640,false],"university-hub-thumb":["https:\/\/wp.lamolina.edu.pe\/egresados\/wp-content\/uploads\/2025\/07\/DSC_0647.jpg",400,190,false]},"uagb_author_info":{"display_name":"admin","author_link":"https:\/\/wp.lamolina.edu.pe\/egresados\/index.php\/author\/admin\/"},"uagb_comment_info":0,"uagb_excerpt":"La Biblioteca Agr\u00edcola Nacional (BAN) tiene por misi\u00f3n brindar un servicio de calidad a lineado a la tecnolog\u00eda e innovaci\u00f3n que permita satisfacer las necesidades de informaci\u00f3n de la comunidad universitaria y del p\u00fablico en general, coadyuvando a la investigaci\u00f3n, al conocimiento especializado y a la formaci\u00f3n acad\u00e9mica de futuros profesionale","_links":{"self":[{"href":"https:\/\/wp.lamolina.edu.pe\/egresados\/index.php\/wp-json\/wp\/v2\/pages\/1145","targetHints":{"allow":["GET"]}}],"collection":[{"href":"https:\/\/wp.lamolina.edu.pe\/egresados\/index.php\/wp-json\/wp\/v2\/pages"}],"about":[{"href":"https:\/\/wp.lamolina.edu.pe\/egresados\/index.php\/wp-json\/wp\/v2\/types\/page"}],"author":[{"embeddable":true,"href":"https:\/\/wp.lamolina.edu.pe\/egresados\/index.php\/wp-json\/wp\/v2\/users\/1"}],"replies":[{"embeddable":true,"href":"https:\/\/wp.lamolina.edu.pe\/egresados\/index.php\/wp-json\/wp\/v2\/comments?post=1145"}],"version-history":[{"count":2,"href":"https:\/\/wp.lamolina.edu.pe\/egresados\/index.php\/wp-json\/wp\/v2\/pages\/1145\/revisions"}],"predecessor-version":[{"id":1234,"href":"https:\/\/wp.lamolina.edu.pe\/egresados\/index.php\/wp-json\/wp\/v2\/pages\/1145\/revisions\/1234"}],"wp:featuredmedia":[{"embeddable":true,"href":"https:\/\/wp.lamolina.edu.pe\/egresados\/index.php\/wp-json\/wp\/v2\/media\/1146"}],"wp:attachment":[{"href":"https:\/\/wp.lamolina.edu.pe\/egresados\/index.php\/wp-json\/wp\/v2\/media?parent=1145"}],"curies":[{"name":"wp","href":"https:\/\/api.w.org\/{rel}","templated":true}]}}