{"id":1241,"date":"2025-09-15T08:18:21","date_gmt":"2025-09-15T13:18:21","guid":{"rendered":"https:\/\/wp.lamolina.edu.pe\/egresados\/?page_id=1241"},"modified":"2025-09-15T09:02:01","modified_gmt":"2025-09-15T14:02:01","slug":"eneeesu-2024","status":"publish","type":"page","link":"https:\/\/wp.lamolina.edu.pe\/egresados\/index.php\/eneeesu-2024\/","title":{"rendered":"ENEEESU 2024"},"content":{"rendered":"\n<p>\u00a1ATENCI\u00d3N, estudiantes y egresados de la UNALM!<\/p>\n\n\n\n<p>El Ministerio de Educaci\u00f3n (MINEDU) te invita a participar en la Encuesta<\/p>\n\n\n\n<p>Nacional a Estudiantes y Egresados de Educaci\u00f3n Superior Universitaria<\/p>\n\n\n\n<p>(ENEESU 2024).<\/p>\n\n\n\n<p>Tu opini\u00f3n es fundamental para seguir mejorando la calidad de la educaci\u00f3n en nuestro pa\u00eds.<\/p>\n\n\n\n<p><a><\/a>\u00bfC\u00f3mo participar?<\/p>\n\n\n\n<p>Revisa tu correo institucional o personal y busca el enlace de la encuesta.<\/p>\n\n\n\n<p>Tambi\u00e9n puedes ingresar directamente a:<\/p>\n\n\n\n<p>\uf0b7 Estudiantes: <a href=\"https:\/\/estudiantes.eneeesu2024.com\/?fbclid=IwZXh0bgNhZW0CMTAAYnJpZBExQW1RaW9DSWQ3TzQ2amlBdgEe1ySdkahEPb6D_E_kmw6a0p0aS98AnI7XS_cAgM_6iahZ9-W27kNOA_AQYqA_aem_5cRF1ynk8uFEeaXoX0QYrw\" rel=\"noreferrer noopener\" target=\"_blank\">https:\/\/estudiantes.eneeesu2024.com\/<\/a><\/p>\n\n\n\n<p>\uf0b7 Egresados: <a href=\"https:\/\/l.facebook.com\/l.php?u=https%3A%2F%2Fegresados.eneeesu2024.com%2F%3Ffbclid%3DIwZXh0bgNhZW0CMTAAYnJpZBExQW1RaW9DSWQ3TzQ2amlBdgEe1ySdkahEPb6D_E_kmw6a0p0aS98AnI7XS_cAgM_6iahZ9-W27kNOA_AQYqA_aem_5cRF1ynk8uFEeaXoX0QYrw&amp;h=AT2JhsNYMmsLAymeak7HKZjUniYWDPnMCbiZqSyGw9O2UKImcefWxemjXBgA6nQLJIhu7jCuBGLO65Zj4fvN0Ls_d5QAHdRQaR4HF9ODe5RJVWhFfBYeAARMde1fl2SI0zi4PvPJYnzrdw&amp;__tn__=-UK-R&amp;c[0]=AT2hHosAaEk8aRL9eIgg2jVr7UGRHgMuL_snzFBE_xwVnJ9DLjYuplomuGZ2imbFdmMVi0_neeJTAKLEn8EaRTRQn0L5uMUaqsca475JB9RIkblUUljfMrA9jRrX7QB0JYOzPW9vdrUmmHOy8p-pclKqbF_cie_YGLiDFygKKJA6Ocv1MQ\" rel=\"noreferrer noopener\" target=\"_blank\">https:\/\/egresados.eneeesu2024.com\/<\/a><\/p>\n\n\n\n<p>Responde antes del 27 de octubre<\/p>\n\n\n\n<p>Al completar la encuesta no solo contribuir\u00e1s al futuro de la educaci\u00f3n superior,<\/p>\n\n\n\n<p>sino que tambi\u00e9n podr\u00e1s participar en el sorteo de incre\u00edbles premios como<\/p>\n\n\n\n<p>laptops gamer y celulares.<\/p>\n\n\n\n<p>\u00a1Participa ahora y s\u00e9 parte del cambio!<\/p>\n\n\n\n<div class=\"wp-block-uagb-image uagb-block-44ee54e2 wp-block-uagb-image--layout-default wp-block-uagb-image--effect-static wp-block-uagb-image--align-none\"><figure class=\"wp-block-uagb-image__figure\"><img decoding=\"async\" data-srcset=\"https:\/\/wp.lamolina.edu.pe\/egresados\/wp-content\/uploads\/2025\/09\/Flyer-ENEEESU_2024-1024x995.jpg ,https:\/\/wp.lamolina.edu.pe\/egresados\/wp-content\/uploads\/2025\/09\/Flyer-ENEEESU_2024.jpg 780w, https:\/\/wp.lamolina.edu.pe\/egresados\/wp-content\/uploads\/2025\/09\/Flyer-ENEEESU_2024.jpg 360w\" data-sizes=\"auto, (max-width: 480px) 150px\" data-src=\"https:\/\/wp.lamolina.edu.pe\/egresados\/wp-content\/uploads\/2025\/09\/Flyer-ENEEESU_2024-1024x995.jpg\" alt=\"\" class=\"uag-image-1258 lazyload\" width=\"2141\" height=\"2081\" title=\"Flyer-ENEEESU_2024\" role=\"img\" src=\"data:image\/gif;base64,R0lGODlhAQABAAAAACH5BAEKAAEALAAAAAABAAEAAAICTAEAOw==\" style=\"--smush-placeholder-width: 2141px; --smush-placeholder-aspect-ratio: 2141\/2081;\" \/><\/figure><\/div>\n","protected":false},"excerpt":{"rendered":"<p>\u00a1ATENCI\u00d3N, estudiantes y egresados de la UNALM! El Ministerio de Educaci\u00f3n (MINEDU) te invita a participar en la Encuesta Nacional a Estudiantes y Egresados de Educaci\u00f3n Superior Universitaria (ENEESU 2024). Tu opini\u00f3n es fundamental para seguir mejorando la calidad de la educaci\u00f3n en nuestro pa\u00eds. \u00bfC\u00f3mo participar? Revisa tu correo institucional o personal y busca [&hellip;]<\/p>\n","protected":false},"author":1,"featured_media":1258,"parent":0,"menu_order":0,"comment_status":"closed","ping_status":"closed","template":"","meta":{"_uag_custom_page_level_css":"","footnotes":""},"class_list":["post-1241","page","type-page","status-publish","has-post-thumbnail","hentry"],"uagb_featured_image_src":{"full":["https:\/\/wp.lamolina.edu.pe\/egresados\/wp-content\/uploads\/2025\/09\/Flyer-ENEEESU_2024.jpg",2141,2081,false],"thumbnail":["https:\/\/wp.lamolina.edu.pe\/egresados\/wp-content\/uploads\/2025\/09\/Flyer-ENEEESU_2024-150x150.jpg",150,150,true],"medium":["https:\/\/wp.lamolina.edu.pe\/egresados\/wp-content\/uploads\/2025\/09\/Flyer-ENEEESU_2024-300x292.jpg",300,292,true],"medium_large":["https:\/\/wp.lamolina.edu.pe\/egresados\/wp-content\/uploads\/2025\/09\/Flyer-ENEEESU_2024-768x746.jpg",768,746,true],"large":["https:\/\/wp.lamolina.edu.pe\/egresados\/wp-content\/uploads\/2025\/09\/Flyer-ENEEESU_2024-1024x995.jpg",771,749,true],"1536x1536":["https:\/\/wp.lamolina.edu.pe\/egresados\/wp-content\/uploads\/2025\/09\/Flyer-ENEEESU_2024-1536x1493.jpg",1536,1493,true],"2048x2048":["https:\/\/wp.lamolina.edu.pe\/egresados\/wp-content\/uploads\/2025\/09\/Flyer-ENEEESU_2024-2048x1991.jpg",2048,1991,true],"university-hub-thumb":["https:\/\/wp.lamolina.edu.pe\/egresados\/wp-content\/uploads\/2025\/09\/Flyer-ENEEESU_2024-309x300.jpg",309,300,true]},"uagb_author_info":{"display_name":"admin","author_link":"https:\/\/wp.lamolina.edu.pe\/egresados\/index.php\/author\/admin\/"},"uagb_comment_info":0,"uagb_excerpt":"\u00a1ATENCI\u00d3N, estudiantes y egresados de la UNALM! El Ministerio de Educaci\u00f3n (MINEDU) te invita a participar en la Encuesta Nacional a Estudiantes y Egresados de Educaci\u00f3n Superior Universitaria (ENEESU 2024). Tu opini\u00f3n es fundamental para seguir mejorando la calidad de la educaci\u00f3n en nuestro pa\u00eds. \u00bfC\u00f3mo participar? Revisa tu correo institucional o personal y busca&hellip;","_links":{"self":[{"href":"https:\/\/wp.lamolina.edu.pe\/egresados\/index.php\/wp-json\/wp\/v2\/pages\/1241","targetHints":{"allow":["GET"]}}],"collection":[{"href":"https:\/\/wp.lamolina.edu.pe\/egresados\/index.php\/wp-json\/wp\/v2\/pages"}],"about":[{"href":"https:\/\/wp.lamolina.edu.pe\/egresados\/index.php\/wp-json\/wp\/v2\/types\/page"}],"author":[{"embeddable":true,"href":"https:\/\/wp.lamolina.edu.pe\/egresados\/index.php\/wp-json\/wp\/v2\/users\/1"}],"replies":[{"embeddable":true,"href":"https:\/\/wp.lamolina.edu.pe\/egresados\/index.php\/wp-json\/wp\/v2\/comments?post=1241"}],"version-history":[{"count":2,"href":"https:\/\/wp.lamolina.edu.pe\/egresados\/index.php\/wp-json\/wp\/v2\/pages\/1241\/revisions"}],"predecessor-version":[{"id":1259,"href":"https:\/\/wp.lamolina.edu.pe\/egresados\/index.php\/wp-json\/wp\/v2\/pages\/1241\/revisions\/1259"}],"wp:featuredmedia":[{"embeddable":true,"href":"https:\/\/wp.lamolina.edu.pe\/egresados\/index.php\/wp-json\/wp\/v2\/media\/1258"}],"wp:attachment":[{"href":"https:\/\/wp.lamolina.edu.pe\/egresados\/index.php\/wp-json\/wp\/v2\/media?parent=1241"}],"curies":[{"name":"wp","href":"https:\/\/api.w.org\/{rel}","templated":true}]}}