{"id":157,"date":"2025-03-04T11:32:33","date_gmt":"2025-03-04T16:32:33","guid":{"rendered":"http:\/\/172.16.50.168\/egresados\/?page_id=157"},"modified":"2025-05-19T13:50:11","modified_gmt":"2025-05-19T18:50:11","slug":"el-ingeniero-agronomo-de-la-unalm","status":"publish","type":"page","link":"https:\/\/wp.lamolina.edu.pe\/egresados\/index.php\/el-ingeniero-agronomo-de-la-unalm\/","title":{"rendered":"Agronom\u00eda"},"content":{"rendered":"\n<p>EL INGENIERO AGR\u00d3NOMO DE LA UNALM<\/p>\n\n\n\n<p>El programa se realiza en cinco a\u00f1os, en los cuales nuestros alumnos logran una formaci\u00f3n integral teniendo \u00e1reas de orientaci\u00f3n dentro de los Departamentos Acad\u00e9micos de Suelos (Microbiolog\u00eda, Fertilidad, Manejo y Conservaci\u00f3n, G\u00e9nesis, Morfolog\u00eda y Clasificaci\u00f3n, Qu\u00edmica de Suelos, F\u00edsica de Suelos), Horticultura (Hortalizas, Frutales, Ornamentales), Fitotecnia (Producci\u00f3n Agr\u00edcola, Mejoramiento Gen\u00e9tico y Extensi\u00f3n Agr\u00edcola), Entomolog\u00eda (Entomolog\u00eca General, Entomolog\u00eca Agr\u00eccola, Sistem\u00e1tica de los Insectos, Morfolog\u00eda, Anatom\u00eda y Fisiolog\u00eda de los Insectos, Biolog\u00eda de Insectos de Importancia Agr\u00edcola y sus Enemigos Naturales (predadores y parasitoide), Principios de Control de Plagas, Manejo Integrado de Plagas, Crianza y Evaluaci\u00f3n de los insectos, Apicultura y Toxicolog\u00eda de pesticidas) y Fitopatolog\u00eda (Diagn\u00f3stico y control de Hongos , bacterias, virus, y Nematodos). Terminando el programa de estudios, el alumno logra obtener el grado de Bachiller. Para obtener el t\u00edtulo de Ingeniero Agr\u00f3nomo el alumno debe realizar un trabajo de Investigaci\u00f3n de importancia nacional guiado por un profesor patrocinador quien lo orientar\u00e1 en esta etapa La Facultad de Agronom\u00eda est\u00e1 formada por cinco Departamentos Acad\u00e9micos: Entomolog\u00eda, Fitopatolog\u00eda, Fitotecnia, Horticultura y Suelos, quienes poseen una excelente plana docente, caracterizada por su especializaci\u00f3n y prestigio profesional reconocido a nivel nacional e internacional. Los docentes de los diferentes departamentos realizan labores y actividades de ense\u00f1anza, investigaci\u00f3n, capacitaci\u00f3n y proyecci\u00f3n social en las \u00e1reas de Manejo y Control de Semillas, Manejo de Malezas, Cultivos, Principios de Control de Plagas, Manejo Integrado de Plagas, Principios de Propagaci\u00f3n de Plantas, Edafolog\u00eda, Extensi\u00f3n y Promoci\u00f3n Agraria, Evaluaci\u00f3n de Plagas y Enfermedades, Control Biol\u00f3gico de Enfermedades, Cartograf\u00eda del Suelo, Geolog\u00eda, Floricultura General, Agricultura Org\u00e1nica, Biotecnolog\u00eda y Micropropagaci\u00f3n, entre otros. A nivel de Post Grado la Facultad de Agronom\u00eda ofrece especialidades de maestr\u00eda en Agricultura Sustentable, Entomolog\u00eda, Fitopatolog\u00eda, Horticultura, Innovaci\u00f3n Agraria, Manejo Integrado de Plagas, Mejoramiento Gen\u00e9tico, Suelos, Producci\u00f3n Agr\u00edcola, adem\u00e1s se ofrece el Doctorado en Agricultura Sustentable.<\/p>\n\n\n\n<p>\u00c1reas tem\u00e1ticas<\/p>\n\n\n\n<p>Contamos con cinco Departamentos Acad\u00e9micos: Entomolog\u00eda, Fitopatolog\u00eda, Fitotecnia, Horticultura y Suelos. Las principales \u00e1reas que desarrollamos son: Manejo y Control de Semillas, Manejo de Malezas, Manejo y conservaci\u00f3n de suelos, Cultivos, Manejo Integrado de Plagas y Enfermedades, Principios de Propagaci\u00f3n de Plantas, Extensi\u00f3n y Promoci\u00f3n Agraria, Floricultura General, Agricultura Org\u00e1nica, Biotecnolog\u00eda y Micropropagaci\u00f3n.<\/p>\n\n\n\n<figure class=\"wp-block-image\"><img decoding=\"async\" data-src=\"https:\/\/web.lamolina.edu.pe\/agronomia\/web\/images\/noticias\/1.jpg\" alt=\"https:\/\/web.lamolina.edu.pe\/agronomia\/web\/images\/noticias\/1.jpg\" src=\"data:image\/gif;base64,R0lGODlhAQABAAAAACH5BAEKAAEALAAAAAABAAEAAAICTAEAOw==\" class=\"lazyload\" \/><\/figure>\n\n\n\n<p>Perfil de Ingreso<\/p>\n\n\n\n<p>El perfil del ingresante consta de cuatro competencias b\u00e1sicas exigidas para iniciar los estudios en la carrera profesional de Agronom\u00eda de la Universidad Nacional Agraria La Molina. A continuaci\u00f3n son denominadas y definidas cada una de ellas:<\/p>\n\n\n\n<ul class=\"wp-block-list\">\n<li>Resuelve problemas sobre la base de las leyes, principios y procedimientos de la matem\u00e1tica de educaci\u00f3n b\u00e1sica regular.<\/li>\n\n\n\n<li>Analiza e interpreta textos y esquemas de diversos tipos de textos escritos.<\/li>\n\n\n\n<li>Conoce los conceptos, principios y teor\u00edas fundamentales de las ciencias biol\u00f3gicas.<\/li>\n\n\n\n<li>Dirige sus actos a los logros de las actividades en el medio rural.<\/li>\n<\/ul>\n\n\n\n<p>El aspirante a ingresar al Programa de Agronom\u00eda de la Universidad Nacional Agraria la Molina deber\u00e1 poseer las siguientes caracter\u00edsticas:<\/p>\n\n\n\n<ul class=\"wp-block-list\">\n<li>Conocimientos generales y afinidad a las Ciencias biol\u00f3gicas, inter\u00e9s por el desarrollo de actividades en el medio rural.<\/li>\n\n\n\n<li>Estar dispuesto a recibir una formaci\u00f3n integral: humana, cient\u00edfica-tecnol\u00f3gica y social.<\/li>\n<\/ul>\n\n\n\n<p>Perfil de Egresado<\/p>\n\n\n\n<p>El egresado del Programa de Agronom\u00eda de la Universidad Nacional Agraria La Molina poseer\u00e1 una s\u00f3lida formaci\u00f3n human\u00edstica y acad\u00e9mica, en ciencia y tecnolog\u00eda, pilares que sirven para comprender los procesos productivos de los cultivos, que permitan innovar y desarrollar tecnolog\u00edas apropiadas para ejecutar actividades de planificaci\u00f3n, organizaci\u00f3n y administraci\u00f3n de la producci\u00f3n. As\u00ed como desarrollar capacidades de ense\u00f1anza, investigaci\u00f3n, responsabilidad social y respeto al medio ambiente.<\/p>\n\n\n\n<ul class=\"wp-block-list\">\n<li>Crea, proyecto, analiza y aval\u00faa los procesos productivos de los cultivos, demostrando su conocimiento y comprensi\u00f3n de los conocimientos cient\u00edficos y tecnol\u00f3gicos b\u00e1sicos. Innova, desarrolla y aplica tecnolog\u00edas para la producci\u00f3n de cultivos agr\u00edcolas.<\/li>\n\n\n\n<li>Planifica, implementa, gestiona, coordina, supervise y eval\u00faa proyectos y servicios agr\u00edcolas.<\/li>\n\n\n\n<li>Conduce y\/o interpreta investigaciones y experimentaciones en base del m\u00e9todo cient\u00edfico, y difunde sus resultados de \u00edndole agr\u00edcola demostrando su capacidad de identificaci\u00f3n de problemas y formulaci\u00f3n de soluciones en su \u00e1rea de competencia.<\/li>\n\n\n\n<li>Gerencia, opera y mantiene procesos con enfoque sostenible<\/li>\n<\/ul>\n\n\n\n<p>Competencias generales<\/p>\n\n\n\n<ul class=\"wp-block-list\">\n<li>Entiende y conoce las bases cient\u00edficas sobre el \u00e1rea de estudio demostrando constantemente inter\u00e9s por aprender.<\/li>\n\n\n\n<li>Emplea las nuevas tecnolog\u00edas de la informaci\u00f3n y la comunicaci\u00f3n para responder las demandas del contexto del \u00e1rea de estudio. Identifica, plantea y resuelve problemas del \u00e1rea de estudio, demostrando la capacidad de acci\u00f3n ante nuevas situaciones de acuerdo a los logros esperados.<\/li>\n\n\n\n<li>Emprende y organiza un aprendizaje (individual o grupal) seg\u00fan las necesidades propias demostrando la capacidad de b\u00fasqueda, procesamiento y an\u00e1lisis proactivo de informaci\u00f3n pertinente de diversas fuentes.<\/li>\n\n\n\n<li>Prepara, organiza y planifica una investigaci\u00f3n sobre el \u00e1rea de estudio.<\/li>\n<\/ul>\n\n\n\n<p>Perfil Profesional<\/p>\n\n\n\n<p>El Programa de Agronom\u00eda de la Universidad Nacional Agraria La Molina debe cumplir con la formaci\u00f3n de un Ingeniero Agr\u00f3nomo que satisfaga con las exigencias del perfil de competencias m\u00ednimas generales, espec\u00edficas y transversales. El programa de estudio garantiza que los profesionales han adquirido las calificaciones necesarias para integrar recursos naturales, t\u00e9cnicos, econ\u00f3micos y humanos del \u00e1mbito agrario para la generaci\u00f3n, transformaci\u00f3n y destreza para enfrentar los retos actuales que tiene la agricultura de nuestro pa\u00eds.<\/p>\n\n\n\n<ul class=\"wp-block-list\">\n<li>El profesional Agr\u00f3nomo conoce e interpreta los problemas de los agricultores y con ellos plantea soluciones que respondan a las necesidades de la comunidad.<\/li>\n\n\n\n<li>Contribuye al desarrollo de las ciencias agron\u00f3micas y propone soluciones de trascendencia para el pa\u00eds mediante el trabajo en grupos multidisciplinarios. Esta s\u00f3lida y \u00e9tica formaci\u00f3n Profesional le permite ejercer con \u00e9xito los retos encargados en toda actividad agr\u00edcola.<\/li>\n<\/ul>\n\n\n<div class=\"wp-block-image\">\n<figure class=\"aligncenter size-full is-resized\"><img decoding=\"async\" width=\"210\" height=\"240\" data-src=\"http:\/\/172.16.50.142\/egresados\/wp-content\/uploads\/2025\/05\/images.png\" alt=\"\" class=\"wp-image-1023 lazyload\" style=\"--smush-placeholder-width: 210px; --smush-placeholder-aspect-ratio: 210\/240;width:310px;height:auto\" src=\"data:image\/gif;base64,R0lGODlhAQABAAAAACH5BAEKAAEALAAAAAABAAEAAAICTAEAOw==\" \/><\/figure>\n<\/div>\n\n\n<p><\/p>\n\n\n\n<p><\/p>\n\n\n<div class=\"wp-block-image\">\n<figure class=\"aligncenter size-full\"><img decoding=\"async\" width=\"316\" height=\"316\" data-src=\"http:\/\/172.16.50.142\/egresados\/wp-content\/uploads\/2025\/05\/280535812_2057182017807298_8819268504389517204_n.jpg\" alt=\"\" class=\"wp-image-1024 lazyload\" src=\"data:image\/gif;base64,R0lGODlhAQABAAAAACH5BAEKAAEALAAAAAABAAEAAAICTAEAOw==\" style=\"--smush-placeholder-width: 316px; --smush-placeholder-aspect-ratio: 316\/316;\" \/><\/figure>\n<\/div>\n\n\n<p><\/p>\n","protected":false},"excerpt":{"rendered":"<p>EL INGENIERO AGR\u00d3NOMO DE LA UNALM El programa se realiza en cinco a\u00f1os, en los cuales nuestros alumnos logran una formaci\u00f3n integral teniendo \u00e1reas de orientaci\u00f3n dentro de los Departamentos Acad\u00e9micos de Suelos (Microbiolog\u00eda, Fertilidad, Manejo y Conservaci\u00f3n, G\u00e9nesis, Morfolog\u00eda y Clasificaci\u00f3n, Qu\u00edmica de Suelos, F\u00edsica de Suelos), Horticultura (Hortalizas, Frutales, Ornamentales), Fitotecnia (Producci\u00f3n Agr\u00edcola, [&hellip;]<\/p>\n","protected":false},"author":1,"featured_media":0,"parent":0,"menu_order":0,"comment_status":"closed","ping_status":"closed","template":"","meta":{"_uag_custom_page_level_css":"","footnotes":""},"class_list":["post-157","page","type-page","status-publish","hentry"],"uagb_featured_image_src":{"full":false,"thumbnail":false,"medium":false,"medium_large":false,"large":false,"1536x1536":false,"2048x2048":false,"university-hub-thumb":false},"uagb_author_info":{"display_name":"admin","author_link":"https:\/\/wp.lamolina.edu.pe\/egresados\/index.php\/author\/admin\/"},"uagb_comment_info":0,"uagb_excerpt":"EL INGENIERO AGR\u00d3NOMO DE LA UNALM El programa se realiza en cinco a\u00f1os, en los cuales nuestros alumnos logran una formaci\u00f3n integral teniendo \u00e1reas de orientaci\u00f3n dentro de los Departamentos Acad\u00e9micos de Suelos (Microbiolog\u00eda, Fertilidad, Manejo y Conservaci\u00f3n, G\u00e9nesis, Morfolog\u00eda y Clasificaci\u00f3n, Qu\u00edmica de Suelos, F\u00edsica de Suelos), Horticultura (Hortalizas, Frutales, Ornamentales), Fitotecnia (Producci\u00f3n Agr\u00edcola,&hellip;","_links":{"self":[{"href":"https:\/\/wp.lamolina.edu.pe\/egresados\/index.php\/wp-json\/wp\/v2\/pages\/157","targetHints":{"allow":["GET"]}}],"collection":[{"href":"https:\/\/wp.lamolina.edu.pe\/egresados\/index.php\/wp-json\/wp\/v2\/pages"}],"about":[{"href":"https:\/\/wp.lamolina.edu.pe\/egresados\/index.php\/wp-json\/wp\/v2\/types\/page"}],"author":[{"embeddable":true,"href":"https:\/\/wp.lamolina.edu.pe\/egresados\/index.php\/wp-json\/wp\/v2\/users\/1"}],"replies":[{"embeddable":true,"href":"https:\/\/wp.lamolina.edu.pe\/egresados\/index.php\/wp-json\/wp\/v2\/comments?post=157"}],"version-history":[{"count":7,"href":"https:\/\/wp.lamolina.edu.pe\/egresados\/index.php\/wp-json\/wp\/v2\/pages\/157\/revisions"}],"predecessor-version":[{"id":1029,"href":"https:\/\/wp.lamolina.edu.pe\/egresados\/index.php\/wp-json\/wp\/v2\/pages\/157\/revisions\/1029"}],"wp:attachment":[{"href":"https:\/\/wp.lamolina.edu.pe\/egresados\/index.php\/wp-json\/wp\/v2\/media?parent=157"}],"curies":[{"name":"wp","href":"https:\/\/api.w.org\/{rel}","templated":true}]}}