{"id":166,"date":"2025-03-04T11:57:50","date_gmt":"2025-03-04T16:57:50","guid":{"rendered":"http:\/\/172.16.50.168\/egresados\/?page_id=166"},"modified":"2025-05-19T11:46:10","modified_gmt":"2025-05-19T16:46:10","slug":"ciencias","status":"publish","type":"page","link":"https:\/\/wp.lamolina.edu.pe\/egresados\/index.php\/ciencias\/","title":{"rendered":"Ingenier\u00eda Ambiental"},"content":{"rendered":"\n<h1 class=\"wp-block-heading has-normal-font-size\"><strong>PERFIL DEL&nbsp;EGRESADO DE BIOLOGIA<\/strong><\/h1>\n\n\n\n<p>El egresado de la carrera aplica los principios de la Ingenier\u00eda Ambiental para desarrollar soluciones a problemas ambientales complejos y mitigar los impactos humanos en el medio ambiente.<\/p>\n\n\n\n<p>El Ingeniero Ambiental de la UNALM posee las competencias siguientes:<\/p>\n\n\n\n<ul class=\"wp-block-list\">\n<li>Capacidad innovadora en lo cient\u00edfico y tecnol\u00f3gico asociada a una s\u00f3lida base te\u00f3rica y filos\u00f3fica.<\/li>\n\n\n\n<li>Amplio conocimiento de las ciencias ambientales con formaci\u00f3n orientada en las ciencias b\u00e1sicas y de la ingenier\u00eda que le permita identificar, cuantificar y solucionar problemas relacionados con el ambiente.<\/li>\n\n\n\n<li>Capacidad de an\u00e1lisis, planificaci\u00f3n, evaluaci\u00f3n y restauraci\u00f3n ambiental, mediante la evaluaci\u00f3n del impacto que un proyecto tiene sobre el ambiente; en su dise\u00f1o, construcci\u00f3n y operaci\u00f3n, minimizando sus efectos adversos.<\/li>\n\n\n\n<li>Dise\u00f1a y aplica estrategias para eliminar problemas causados por actividades pasadas, como la remediaci\u00f3n de sitios contaminados.<\/li>\n\n\n\n<li>Capacidad gerencial para desarrollar y aplicar opciones de manejo apropiadas, as\u00ed como la comprensi\u00f3n de las relaciones de las sociedades humanas con sus h\u00e1bitats y el dise\u00f1o de m\u00e9todos para modificar las conductas hacia fines deseables.<\/li>\n\n\n\n<li>Planifica y dise\u00f1a equipos y procesos para el tratamiento y la eliminaci\u00f3n segura de materiales de desecho y dirige la conservaci\u00f3n y el uso racional de los recursos naturales.<\/li>\n\n\n\n<li>Desarrolla e implementa pol\u00edtica basada en una legislaci\u00f3n acorde con las aspiraciones de calidad de vida de la poblaci\u00f3n.<\/li>\n\n\n\n<li>Trabaja multidisciplinariamente, cultivando una actitud abierta, receptiva y propositiva.<\/li>\n\n\n\n<li>Calidad humana, la cual se manifiesta en su sensibilidad y amor a la naturaleza, as\u00ed como en su integridad personal y profesional.<\/li>\n\n\n\n<li>Genera investigaci\u00f3n dirigida al desarrollo de fuentes de energ\u00eda alternativas, recuperaci\u00f3n de agua, el tratamiento de residuos y el reciclaje.<\/li>\n<\/ul>\n\n\n\n<p><strong>PERFIL DEL EGRESADO DE INGENIERIA AMBIENTAL<\/strong><\/p>\n\n\n\n<p>El egresado de la carrera aplica los principios de la Ingenier\u00eda Ambiental para desarrollar soluciones a problemas ambientales complejos y mitigar los impactos humanos en el medio ambiente.<\/p>\n\n\n\n<p>El Ingeniero Ambiental de la UNALM posee las competencias siguientes:<\/p>\n\n\n\n<ul class=\"wp-block-list\">\n<li>Capacidad innovadora en lo cient\u00edfico y tecnol\u00f3gico asociada a una s\u00f3lida base te\u00f3rica y filos\u00f3fica.<\/li>\n\n\n\n<li>Amplio conocimiento de las ciencias ambientales con formaci\u00f3n orientada en las ciencias b\u00e1sicas y de la ingenier\u00eda que le permita identificar, cuantificar y solucionar problemas relacionados con el ambiente.<\/li>\n\n\n\n<li>Capacidad de an\u00e1lisis, planificaci\u00f3n, evaluaci\u00f3n y restauraci\u00f3n ambiental, mediante la evaluaci\u00f3n del impacto que un proyecto tiene sobre el ambiente; en su dise\u00f1o, construcci\u00f3n y operaci\u00f3n, minimizando sus efectos adversos.<\/li>\n\n\n\n<li>Dise\u00f1a y aplica estrategias para eliminar problemas causados por actividades pasadas, como la remediaci\u00f3n de sitios contaminados.<\/li>\n\n\n\n<li>Capacidad gerencial para desarrollar y aplicar opciones de manejo apropiadas, as\u00ed como la comprensi\u00f3n de las relaciones de las sociedades humanas con sus h\u00e1bitats y el dise\u00f1o de m\u00e9todos para modificar las conductas hacia fines deseables.<\/li>\n\n\n\n<li>Planifica y dise\u00f1a equipos y procesos para el tratamiento y la eliminaci\u00f3n segura de materiales de desecho y dirige la conservaci\u00f3n y el uso racional de los recursos naturales.<\/li>\n\n\n\n<li>Desarrolla e implementa pol\u00edtica basada en una legislaci\u00f3n acorde con las aspiraciones de calidad de vida de la poblaci\u00f3n.<\/li>\n\n\n\n<li>Trabaja multidisciplinariamente, cultivando una actitud abierta, receptiva y propositiva.<\/li>\n\n\n\n<li>Calidad humana, la cual se manifiesta en su sensibilidad y amor a la naturaleza, as\u00ed como en su integridad personal y profesional.<\/li>\n\n\n\n<li>Genera investigaci\u00f3n dirigida al desarrollo de fuentes de energ\u00eda alternativas, recuperaci\u00f3n de agua, el tratamiento de residuos y el reciclaje.<\/li>\n<\/ul>\n\n\n\n<p><strong>PERFIL DE&nbsp;EGRESO&nbsp;DEL INGENIERO METEREOLOGO Y GESTION DE RIESGOS CLIMATICOS<\/strong><\/p>\n\n\n\n<p>El egresado de la carrera de Ingenier\u00eda Meteorol\u00f3gica y Gesti\u00f3n de Riesgos Clim\u00e1ticos de la Universidad Nacional Agraria la Molina estar\u00e1 apto para realizar la evaluaci\u00f3n de los procesos atmosf\u00e9ricos, as\u00ed como, la interpretaci\u00f3n, pron\u00f3stico y cuantificaci\u00f3n de las caracter\u00edsticas del tiempo y del clima, con el prop\u00f3sito de buscar el bienestar de la sociedad participando en la planificaci\u00f3n y optimizaci\u00f3n de la producci\u00f3n agropecuaria, industrial, transporte, confort social, turismo entre otros.<\/p>\n\n\n\n<ul class=\"wp-block-list\">\n<li>El Ingeniero Meteor\u00f3logo y Gesti\u00f3n de Riesgos Clim\u00e1ticos de la UNALM es un profesional que ha alcanzado las siguientes competencias:<\/li>\n\n\n\n<li>Asesora y desempe\u00f1a funciones en empresas e instituciones de diversos rubros con conocimientos basados en la interpretaci\u00f3n, pron\u00f3stico y cuantificaci\u00f3n de las caracter\u00edsticas meteorol\u00f3gicas y clim\u00e1ticas para la toma de decisiones de sus actividades frente a los riesgos de desastres.<\/li>\n\n\n\n<li>Elabora, investiga, plantea y aplica m\u00e9todos observacionales, t\u00e9cnicas estad\u00edsticas y modelos f\u00edsico-matem\u00e1ticos del comportamiento de la atm\u00f3sfera, as\u00ed como la calidad del aire con el fin de identificar las \u00e1reas y zonas vulnerables de forma oportuna en beneficio de la sociedad.<\/li>\n\n\n\n<li>Desarrolla destrezas y habilidades en el dise\u00f1o, construcci\u00f3n y manejo de instrumentos meteorol\u00f3gicos manuales y autom\u00e1ticos para la vigilancia permanente de las amenazas meteorol\u00f3gicas con fundamentos t\u00e9cnicos.<\/li>\n\n\n\n<li>Gestiona las alertas de los fen\u00f3menos meteorol\u00f3gicos, dirige proyectos de investigaci\u00f3n cient\u00edfica, transfiere, valida y adopta tecnolog\u00edas que apoyen la gesti\u00f3n de riesgos de desastres en las diferentes actividades socio-econ\u00f3micas.<\/li>\n<\/ul>\n\n\n<div class=\"wp-block-image\">\n<figure class=\"aligncenter size-full is-resized\"><img decoding=\"async\" width=\"527\" height=\"261\" data-src=\"http:\/\/172.16.50.142\/egresados\/wp-content\/uploads\/2025\/05\/Logo_f.jpg\" alt=\"\" class=\"wp-image-1014 lazyload\" style=\"--smush-placeholder-width: 527px; --smush-placeholder-aspect-ratio: 527\/261;width:608px;height:auto\" src=\"data:image\/gif;base64,R0lGODlhAQABAAAAACH5BAEKAAEALAAAAAABAAEAAAICTAEAOw==\" \/><\/figure>\n<\/div>\n\n<div class=\"wp-block-image\">\n<figure class=\"aligncenter size-full is-resized\"><img decoding=\"async\" width=\"2477\" height=\"1017\" data-src=\"http:\/\/172.16.50.142\/egresados\/wp-content\/uploads\/2025\/05\/463842812_8443138482388263_1919156424225413940_n.png\" alt=\"\" class=\"wp-image-1015 lazyload\" style=\"--smush-placeholder-width: 2477px; --smush-placeholder-aspect-ratio: 2477\/1017;width:512px;height:auto\" src=\"data:image\/gif;base64,R0lGODlhAQABAAAAACH5BAEKAAEALAAAAAABAAEAAAICTAEAOw==\" \/><\/figure>\n<\/div>\n\n\n<p><\/p>\n","protected":false},"excerpt":{"rendered":"<p>PERFIL DEL&nbsp;EGRESADO DE BIOLOGIA El egresado de la carrera aplica los principios de la Ingenier\u00eda Ambiental para desarrollar soluciones a problemas ambientales complejos y mitigar los impactos humanos en el medio ambiente. El Ingeniero Ambiental de la UNALM posee las competencias siguientes: PERFIL DEL EGRESADO DE INGENIERIA AMBIENTAL El egresado de la carrera aplica los [&hellip;]<\/p>\n","protected":false},"author":1,"featured_media":0,"parent":0,"menu_order":0,"comment_status":"closed","ping_status":"closed","template":"","meta":{"_uag_custom_page_level_css":"","footnotes":""},"class_list":["post-166","page","type-page","status-publish","hentry"],"uagb_featured_image_src":{"full":false,"thumbnail":false,"medium":false,"medium_large":false,"large":false,"1536x1536":false,"2048x2048":false,"university-hub-thumb":false},"uagb_author_info":{"display_name":"admin","author_link":"https:\/\/wp.lamolina.edu.pe\/egresados\/index.php\/author\/admin\/"},"uagb_comment_info":0,"uagb_excerpt":"PERFIL DEL&nbsp;EGRESADO DE BIOLOGIA El egresado de la carrera aplica los principios de la Ingenier\u00eda Ambiental para desarrollar soluciones a problemas ambientales complejos y mitigar los impactos humanos en el medio ambiente. El Ingeniero Ambiental de la UNALM posee las competencias siguientes: PERFIL DEL EGRESADO DE INGENIERIA AMBIENTAL El egresado de la carrera aplica los&hellip;","_links":{"self":[{"href":"https:\/\/wp.lamolina.edu.pe\/egresados\/index.php\/wp-json\/wp\/v2\/pages\/166","targetHints":{"allow":["GET"]}}],"collection":[{"href":"https:\/\/wp.lamolina.edu.pe\/egresados\/index.php\/wp-json\/wp\/v2\/pages"}],"about":[{"href":"https:\/\/wp.lamolina.edu.pe\/egresados\/index.php\/wp-json\/wp\/v2\/types\/page"}],"author":[{"embeddable":true,"href":"https:\/\/wp.lamolina.edu.pe\/egresados\/index.php\/wp-json\/wp\/v2\/users\/1"}],"replies":[{"embeddable":true,"href":"https:\/\/wp.lamolina.edu.pe\/egresados\/index.php\/wp-json\/wp\/v2\/comments?post=166"}],"version-history":[{"count":5,"href":"https:\/\/wp.lamolina.edu.pe\/egresados\/index.php\/wp-json\/wp\/v2\/pages\/166\/revisions"}],"predecessor-version":[{"id":1018,"href":"https:\/\/wp.lamolina.edu.pe\/egresados\/index.php\/wp-json\/wp\/v2\/pages\/166\/revisions\/1018"}],"wp:attachment":[{"href":"https:\/\/wp.lamolina.edu.pe\/egresados\/index.php\/wp-json\/wp\/v2\/media?parent=166"}],"curies":[{"name":"wp","href":"https:\/\/api.w.org\/{rel}","templated":true}]}}