{"id":175,"date":"2025-03-04T12:00:38","date_gmt":"2025-03-04T17:00:38","guid":{"rendered":"http:\/\/172.16.50.168\/egresados\/?page_id=175"},"modified":"2025-05-16T15:43:41","modified_gmt":"2025-05-16T20:43:41","slug":"ingenieria-forestal","status":"publish","type":"page","link":"https:\/\/wp.lamolina.edu.pe\/egresados\/index.php\/ingenieria-forestal\/","title":{"rendered":"Ingenier\u00eda Forestal"},"content":{"rendered":"\n<p><strong>PERFIL DE EGRESO<\/strong><\/p>\n\n\n\n<p><br>1. Aplica t\u00e9cnicas de manejo forestal y aprovechamiento de recursos forestales y de fauna silvestre para el manejo y la conservaci\u00f3n de bosques naturales, plantaciones forestales y otros ecosistemas forestales, de forma sustentable acorde con la normativa vigente.<br><br>2. Dise\u00f1a y aplica t\u00e9cnicas de gesti\u00f3n de ecosistemas forestales, cuencas y paisajes, para la provisi\u00f3n sostenible de bienes y servicios a la comunidad, considerando acciones de restauraci\u00f3n, mitigaci\u00f3n y adaptaci\u00f3n al cambio clim\u00e1tico conforme a la normativa nacional e internacional.<br><br>3. Analiza la realidad ambiental, social, econ\u00f3mica y pol\u00edtica del entorno donde se desempe\u00f1a, para el ordenamiento territorial y la gobernanza en el manejo de recursos forestales y de fauna silvestre promoviendo un enfoque intercultural, inclusivo y multidisciplinario, conforme a la normativa nacional e internacional.<br><br>4. Planifica intervenciones en ecosistemas forestales, plantaciones forestales, paisajes y bosques urbanos para el bienestar de la comunidad, considerando t\u00e9cnicas silviculturales y de restauraci\u00f3n bajo principios ecol\u00f3gicos y de resiliencia clim\u00e1tica, conforme a la normativa nacional y compromisos internacionales.<br><br>5. Organiza y controla los procesos de transformaci\u00f3n y ensamblaje de productos forestales maderables y no maderables, para la mejora de la competitividad y rentabilidad del productor acorde a las normativas de calidad, seguridad y medio ambiente.<br><br>6. Formula y eval\u00faa proyectos y emprendimientos forestales y de fauna silvestre, para el desarrollo a nivel local y regional, cumpliendo criterios de competitividad y sostenibilidad.<\/p>\n\n\n<div class=\"wp-block-image\">\n<figure class=\"aligncenter size-full is-resized\"><img decoding=\"async\" width=\"2098\" height=\"440\" data-src=\"http:\/\/172.16.50.142\/egresados\/wp-content\/uploads\/2025\/05\/Logo_SERFOR.png\" alt=\"\" class=\"wp-image-977 lazyload\" style=\"--smush-placeholder-width: 2098px; --smush-placeholder-aspect-ratio: 2098\/440;width:530px;height:auto\" src=\"data:image\/gif;base64,R0lGODlhAQABAAAAACH5BAEKAAEALAAAAAABAAEAAAICTAEAOw==\" \/><\/figure>\n<\/div>\n\n<div class=\"wp-block-image\">\n<figure class=\"aligncenter size-full is-resized\"><img decoding=\"async\" width=\"224\" height=\"48\" data-src=\"http:\/\/172.16.50.142\/egresados\/wp-content\/uploads\/2025\/05\/logo-sernanp1.png\" alt=\"\" class=\"wp-image-976 lazyload\" style=\"--smush-placeholder-width: 224px; --smush-placeholder-aspect-ratio: 224\/48;width:510px;height:auto\" src=\"data:image\/gif;base64,R0lGODlhAQABAAAAACH5BAEKAAEALAAAAAABAAEAAAICTAEAOw==\" \/><\/figure>\n<\/div>\n\n\n<p><\/p>\n","protected":false},"excerpt":{"rendered":"<p>PERFIL DE EGRESO 1. Aplica t\u00e9cnicas de manejo forestal y aprovechamiento de recursos forestales y de fauna silvestre para el manejo y la conservaci\u00f3n de bosques naturales, plantaciones forestales y otros ecosistemas forestales, de forma sustentable acorde con la normativa vigente. 2. Dise\u00f1a y aplica t\u00e9cnicas de gesti\u00f3n de ecosistemas forestales, cuencas y paisajes, para [&hellip;]<\/p>\n","protected":false},"author":1,"featured_media":0,"parent":0,"menu_order":0,"comment_status":"closed","ping_status":"closed","template":"","meta":{"_uag_custom_page_level_css":"","footnotes":""},"class_list":["post-175","page","type-page","status-publish","hentry"],"uagb_featured_image_src":{"full":false,"thumbnail":false,"medium":false,"medium_large":false,"large":false,"1536x1536":false,"2048x2048":false,"university-hub-thumb":false},"uagb_author_info":{"display_name":"admin","author_link":"https:\/\/wp.lamolina.edu.pe\/egresados\/index.php\/author\/admin\/"},"uagb_comment_info":0,"uagb_excerpt":"PERFIL DE EGRESO 1. Aplica t\u00e9cnicas de manejo forestal y aprovechamiento de recursos forestales y de fauna silvestre para el manejo y la conservaci\u00f3n de bosques naturales, plantaciones forestales y otros ecosistemas forestales, de forma sustentable acorde con la normativa vigente. 2. Dise\u00f1a y aplica t\u00e9cnicas de gesti\u00f3n de ecosistemas forestales, cuencas y paisajes, para&hellip;","_links":{"self":[{"href":"https:\/\/wp.lamolina.edu.pe\/egresados\/index.php\/wp-json\/wp\/v2\/pages\/175","targetHints":{"allow":["GET"]}}],"collection":[{"href":"https:\/\/wp.lamolina.edu.pe\/egresados\/index.php\/wp-json\/wp\/v2\/pages"}],"about":[{"href":"https:\/\/wp.lamolina.edu.pe\/egresados\/index.php\/wp-json\/wp\/v2\/types\/page"}],"author":[{"embeddable":true,"href":"https:\/\/wp.lamolina.edu.pe\/egresados\/index.php\/wp-json\/wp\/v2\/users\/1"}],"replies":[{"embeddable":true,"href":"https:\/\/wp.lamolina.edu.pe\/egresados\/index.php\/wp-json\/wp\/v2\/comments?post=175"}],"version-history":[{"count":5,"href":"https:\/\/wp.lamolina.edu.pe\/egresados\/index.php\/wp-json\/wp\/v2\/pages\/175\/revisions"}],"predecessor-version":[{"id":1004,"href":"https:\/\/wp.lamolina.edu.pe\/egresados\/index.php\/wp-json\/wp\/v2\/pages\/175\/revisions\/1004"}],"wp:attachment":[{"href":"https:\/\/wp.lamolina.edu.pe\/egresados\/index.php\/wp-json\/wp\/v2\/media?parent=175"}],"curies":[{"name":"wp","href":"https:\/\/api.w.org\/{rel}","templated":true}]}}