{"id":196,"date":"2025-03-04T12:16:05","date_gmt":"2025-03-04T17:16:05","guid":{"rendered":"http:\/\/172.16.50.168\/egresados\/?page_id=196"},"modified":"2025-05-20T14:51:42","modified_gmt":"2025-05-20T19:51:42","slug":"ingenieria-agricola","status":"publish","type":"page","link":"https:\/\/wp.lamolina.edu.pe\/egresados\/index.php\/ingenieria-agricola\/","title":{"rendered":"Ingenier\u00eda Agr\u00edcola"},"content":{"rendered":"\n<p><strong>Perfil del Egresado<\/strong><\/p>\n\n\n\n<p>Tendr\u00e1 una s\u00f3lida formaci\u00f3n humana, as\u00ed como, conocimientos cient\u00edficos y tecnol\u00f3gicos de las ciencias b\u00e1sicas y de la ingenier\u00eda, mediante el estudio y la experiencia pr\u00e1ctica.<\/p>\n\n\n\n<p>Ser\u00e1 capaz de participar de manera eficiente en equipos inter y multidisciplinarios en la planificaci\u00f3n, dise\u00f1o, evaluaci\u00f3n y ejecuci\u00f3n de proyectos, que contribuyan a la seguridad h\u00eddrica y alimentaria, al desarrollo sociecon\u00f3mico, a la conservaci\u00f3n y sostenibilidad ambiental.<\/p>\n\n\n\n<h4 class=\"wp-block-heading\"><em><strong>De las diversas labores que realiza el ingeniero agr\u00edcola, se puede resaltar:<\/strong><\/em><\/h4>\n\n\n\n<p>Planeamiento, programaci\u00f3n y ejecuci\u00f3n de proyectos de desarrollo agr\u00edcola, pecuario, agroindustrial y energ\u00e9tico, dise\u00f1o de obras de infraestructura hidr\u00e1ulica, trabajos topogr\u00e1ficos, interpretaci\u00f3n de fotograf\u00edas a\u00e9reas e im\u00e1genes de sat\u00e9lite, sistemas de informaci\u00f3n geogr\u00e1fica, estudios hidrol\u00f3gicos, hidrogeol\u00f3gicos, drenaje y explotaci\u00f3n de aguas subterr\u00e1neas. Dise\u00f1o de sistemas de riego por gravedad y presurizado, inventario, operaci\u00f3n y mantenimiento de la infraestructura de riego y drenaje.<\/p>\n\n\n\n<p>Conservaci\u00f3n de suelos y manejo integral de cuencas, evaluaci\u00f3n de impactos ambientales, planeamiento y desarrollo regional, estudios de mec\u00e1nica de suelos, dise\u00f1o, construcci\u00f3n y supervisi\u00f3n de obras de infraestructura social y productiva: caminos, viviendas, sistemas de agua y alcantarillado, operaci\u00f3n, mantenimiento, evaluaci\u00f3n y reparaci\u00f3n de maquinaria agr\u00edcola y agroindustrial, dise\u00f1o, construcci\u00f3n, adaptaci\u00f3n, selecci\u00f3n y administraci\u00f3n de maquinaria agr\u00edcola y agroindustrial. Proyectos de aprovechamiento de energ\u00edas convencionales y no convencionales. Tratamiento de aguas residuales, extensi\u00f3n y capacitaci\u00f3n en el manejo de los recursos h\u00eddricos, mecanizaci\u00f3n agr\u00edcola y obras de desarrollo.<\/p>\n\n\n\n<p>Competencias Gen\u00e9ricas<\/p>\n\n\n\n<ul class=\"wp-block-list\">\n<li><strong>CG.01:<\/strong>&nbsp;Identifica la importancia del trabajo en equipo para integrarse y participar en forma efectiva en equipos multidisciplinarios e interdisciplinarios.<\/li>\n\n\n\n<li><strong>CG.02:<\/strong>&nbsp;Es capaz de comunicar conocimientos y experiencias de su formaci\u00f3n de manera clara y convincente en forma oral, escrita y gr\u00e1fica, seg\u00fan los diferentes tipos de interlocutores.<\/li>\n\n\n\n<li><strong>CG.03:<\/strong>&nbsp;Es capaz de evaluar sus decisiones y acciones desde una perspectiva \u00e9tica y asume responsabilidad por los trabajos y proyectos realizados.<\/li>\n\n\n\n<li><strong>CG.04:<\/strong>&nbsp;Es capaz de identificar los impactos que tiene el conocimiento y la pr\u00e1ctica de su futura profesi\u00f3n para contribuir en la soluci\u00f3n de las necesidades de la sociedad, considerando la importancia de la preservaci\u00f3n y mejora del medio ambiente.<\/li>\n<\/ul>\n\n\n\n<p>Competencias Espec\u00edficas<\/p>\n\n\n\n<ul class=\"wp-block-list\">\n<li><strong>CE.01:<\/strong>&nbsp;Conoce instrumentos de planificaci\u00f3n y formulaci\u00f3n de proyectos en ingenier\u00eda para el desarrollo de infraestructura productiva y social; aprovechamiento y uso eficiente de los recursos h\u00eddricos; la mecanizaci\u00f3n y modernizaci\u00f3n de la agricultura y el uso eficiente de las energ\u00edas.<\/li>\n\n\n\n<li><strong>CE.02:<\/strong>&nbsp;Conoce y aplica conceptos y herramientas para dise\u00f1ar obras de infraestructura productiva, social y de servicios: obras de infraestructura hidr\u00e1ulica, sistemas de riego tecnificado, as\u00ed como tambi\u00e9n en la prevenci\u00f3n y mitigaci\u00f3n de desastres.<\/li>\n\n\n\n<li><strong>CE.03:<\/strong>&nbsp;Conoce el manejo y gesti\u00f3n de cuencas hidrogr\u00e1ficas, planes de ordenamiento territorial, prevenci\u00f3n, mitigaci\u00f3n y gesti\u00f3n de riesgos y desastres.<\/li>\n\n\n\n<li><strong>CE.04:<\/strong>&nbsp;Conoce e identifica cada una de las labores y\/o operaciones que se realizan en el sector agr\u00edcola y de construcci\u00f3n, para realizar la adecuada selecci\u00f3n de maquinaria y hacer un uso racional de ella a trav\u00e9s del planeamiento y control, considerando tambi\u00e9n la evaluaci\u00f3n t\u00e9cnica econ\u00f3mica que esta requiere.<\/li>\n<\/ul>\n\n\n<div class=\"wp-block-image\">\n<figure class=\"alignleft size-full is-resized\"><img decoding=\"async\" width=\"521\" height=\"521\" data-src=\"http:\/\/172.16.50.142\/egresados\/wp-content\/uploads\/2025\/05\/camposol.jpg\" alt=\"\" class=\"wp-image-1033 lazyload\" style=\"--smush-placeholder-width: 521px; --smush-placeholder-aspect-ratio: 521\/521;width:180px;height:auto\" src=\"data:image\/gif;base64,R0lGODlhAQABAAAAACH5BAEKAAEALAAAAAABAAEAAAICTAEAOw==\" \/><\/figure>\n<\/div>\n\n<div class=\"wp-block-image\">\n<figure class=\"alignright size-full is-resized\"><img decoding=\"async\" width=\"160\" height=\"160\" data-src=\"http:\/\/172.16.50.142\/egresados\/wp-content\/uploads\/2025\/05\/channels4_profile.jpg\" alt=\"\" class=\"wp-image-1032 lazyload\" style=\"--smush-placeholder-width: 160px; --smush-placeholder-aspect-ratio: 160\/160;width:146px;height:auto\" src=\"data:image\/gif;base64,R0lGODlhAQABAAAAACH5BAEKAAEALAAAAAABAAEAAAICTAEAOw==\" \/><\/figure>\n<\/div>\n\n\n<p><\/p>\n","protected":false},"excerpt":{"rendered":"<p>Perfil del Egresado Tendr\u00e1 una s\u00f3lida formaci\u00f3n humana, as\u00ed como, conocimientos cient\u00edficos y tecnol\u00f3gicos de las ciencias b\u00e1sicas y de la ingenier\u00eda, mediante el estudio y la experiencia pr\u00e1ctica. Ser\u00e1 capaz de participar de manera eficiente en equipos inter y multidisciplinarios en la planificaci\u00f3n, dise\u00f1o, evaluaci\u00f3n y ejecuci\u00f3n de proyectos, que contribuyan a la seguridad [&hellip;]<\/p>\n","protected":false},"author":1,"featured_media":0,"parent":0,"menu_order":0,"comment_status":"closed","ping_status":"closed","template":"","meta":{"_uag_custom_page_level_css":"","footnotes":""},"class_list":["post-196","page","type-page","status-publish","hentry"],"uagb_featured_image_src":{"full":false,"thumbnail":false,"medium":false,"medium_large":false,"large":false,"1536x1536":false,"2048x2048":false,"university-hub-thumb":false},"uagb_author_info":{"display_name":"admin","author_link":"https:\/\/wp.lamolina.edu.pe\/egresados\/index.php\/author\/admin\/"},"uagb_comment_info":0,"uagb_excerpt":"Perfil del Egresado Tendr\u00e1 una s\u00f3lida formaci\u00f3n humana, as\u00ed como, conocimientos cient\u00edficos y tecnol\u00f3gicos de las ciencias b\u00e1sicas y de la ingenier\u00eda, mediante el estudio y la experiencia pr\u00e1ctica. Ser\u00e1 capaz de participar de manera eficiente en equipos inter y multidisciplinarios en la planificaci\u00f3n, dise\u00f1o, evaluaci\u00f3n y ejecuci\u00f3n de proyectos, que contribuyan a la seguridad&hellip;","_links":{"self":[{"href":"https:\/\/wp.lamolina.edu.pe\/egresados\/index.php\/wp-json\/wp\/v2\/pages\/196","targetHints":{"allow":["GET"]}}],"collection":[{"href":"https:\/\/wp.lamolina.edu.pe\/egresados\/index.php\/wp-json\/wp\/v2\/pages"}],"about":[{"href":"https:\/\/wp.lamolina.edu.pe\/egresados\/index.php\/wp-json\/wp\/v2\/types\/page"}],"author":[{"embeddable":true,"href":"https:\/\/wp.lamolina.edu.pe\/egresados\/index.php\/wp-json\/wp\/v2\/users\/1"}],"replies":[{"embeddable":true,"href":"https:\/\/wp.lamolina.edu.pe\/egresados\/index.php\/wp-json\/wp\/v2\/comments?post=196"}],"version-history":[{"count":5,"href":"https:\/\/wp.lamolina.edu.pe\/egresados\/index.php\/wp-json\/wp\/v2\/pages\/196\/revisions"}],"predecessor-version":[{"id":1037,"href":"https:\/\/wp.lamolina.edu.pe\/egresados\/index.php\/wp-json\/wp\/v2\/pages\/196\/revisions\/1037"}],"wp:attachment":[{"href":"https:\/\/wp.lamolina.edu.pe\/egresados\/index.php\/wp-json\/wp\/v2\/media?parent=196"}],"curies":[{"name":"wp","href":"https:\/\/api.w.org\/{rel}","templated":true}]}}