{"id":203,"date":"2025-03-04T12:17:59","date_gmt":"2025-03-04T17:17:59","guid":{"rendered":"http:\/\/172.16.50.168\/egresados\/?page_id=203"},"modified":"2025-05-20T15:31:43","modified_gmt":"2025-05-20T20:31:43","slug":"pesqueria","status":"publish","type":"page","link":"https:\/\/wp.lamolina.edu.pe\/egresados\/index.php\/pesqueria\/","title":{"rendered":"Pesqueria"},"content":{"rendered":"\n<h1 class=\"wp-block-heading has-normal-font-size\"><strong>Perfil del Egresado<\/strong><\/h1>\n\n\n\n<p>El egresado de la carrera de pesquer\u00eda de la UNALM posee las siguientes competencias:<\/p>\n\n\n\n<ul class=\"wp-block-list\">\n<li>Conduce operaciones de pesca a trav\u00e9s de medios tecnol\u00f3gicos para el aprovechamiento sostenible de los recursos hidrobiol\u00f3gicos.<\/li>\n\n\n\n<li>Aplica sistemas de cultivo mediante el uso de t\u00e9cnicas modernas para la producci\u00f3n acu\u00edcola con criterios de sostenibilidad econ\u00f3mica, ambiental y social.<\/li>\n\n\n\n<li>Conduce procesamiento de recursos hidrobiol\u00f3gicos con calidad seg\u00fan necesidades de la empresa y en condiciones de seguridad e higiene.<\/li>\n<\/ul>\n\n\n\n<figure class=\"wp-block-image\"><img decoding=\"async\" data-src=\"https:\/\/cdn2.lamolina.edu.pe\/lamolina-admision\/website\/images\/carreras\/Pesquer%C3%ADa\/Pesquer%C3%ADa%202.jpg\" alt=\"https:\/\/cdn2.lamolina.edu.pe\/lamolina-admision\/website\/images\/carreras\/Pesquer%C3%ADa\/Pesquer%C3%ADa%202.jpg\" src=\"data:image\/gif;base64,R0lGODlhAQABAAAAACH5BAEKAAEALAAAAAABAAEAAAICTAEAOw==\" class=\"lazyload\" \/><\/figure>\n\n\n\n<ul class=\"wp-block-list\">\n<li>Dise\u00f1a proyectos de producci\u00f3n pesquera con conocimiento de la situaci\u00f3n y tendencias del mercado.<\/li>\n\n\n\n<li>Formula y ejecuta proyectos de investigaci\u00f3n e innovaci\u00f3n para incrementar y diversificar la producci\u00f3n de recursos hidrobiol\u00f3gicos.<\/li>\n<\/ul>\n\n\n\n<p>&nbsp;Campus La Molina<\/p>\n\n\n\n<figure class=\"wp-block-image\"><img decoding=\"async\" data-src=\"https:\/\/cdn2.lamolina.edu.pe\/lamolina-admision\/website\/images\/carreras\/Pesquer%C3%ADa\/Pesqueria%206.jpg\" alt=\"https:\/\/cdn2.lamolina.edu.pe\/lamolina-admision\/website\/images\/carreras\/Pesquer%C3%ADa\/Pesqueria%206.jpg\" src=\"data:image\/gif;base64,R0lGODlhAQABAAAAACH5BAEKAAEALAAAAAABAAEAAAICTAEAOw==\" class=\"lazyload\" \/><\/figure>\n\n\n\n<p>OPORTUNIDADES LABORALES<\/p>\n\n\n\n<p>El ingeniero pesquero de la UNALM, puede desempe\u00f1arse en:<\/p>\n\n\n\n<ul class=\"wp-block-list\">\n<li>El sector p\u00fablico: Ministerio de la Producci\u00f3n, Instituto del Mar del Per\u00fa (IMARPE), Instituto Tecnol\u00f3gico de la Producci\u00f3n (ITP), Fondo Nacional de Desarrollo Pesquero (FONDEPES), Organismo Nacional de Sanidad Pesquera (SANIPES), Ministerio del Ambiente, entre otros.<\/li>\n\n\n\n<li>El sector privado: Como asesor o consultor a instituciones relacionadas al cultivo de especies nativas e introducidas, en la transformaci\u00f3n de los recursos pesqueros, y en la extracci\u00f3n y pesca de los recursos hidrobiol\u00f3gicos.<\/li>\n<\/ul>\n\n\n\n<ul class=\"wp-block-list\">\n<li>El sector educaci\u00f3n: docente e investigador de universidades p\u00fablicas y privadas y en centros de educaci\u00f3n superior del sector acuicultura, pesca y transformaci\u00f3n.<\/li>\n\n\n\n<li>Empresas relacionadas a la pesca y manejo de recursos hidrobiol\u00f3gicos, vinculadas al procesamiento de productos pesqueros para el consumo humano directo e indirecto (conservas, congelados, curados, subproductos de la pesca, entre otros).<\/li>\n\n\n\n<li>Proyectos de investigaci\u00f3n, innovaci\u00f3n e inversi\u00f3n del sector pesquero y acu\u00edcola.<\/li>\n<\/ul>\n\n\n\n<figure class=\"wp-block-gallery has-nested-images columns-default is-cropped wp-block-gallery-1 is-layout-flex wp-block-gallery-is-layout-flex\">\n<figure class=\"wp-block-image size-large is-style-default\"><img decoding=\"async\" width=\"521\" height=\"521\" data-id=\"1033\" data-src=\"http:\/\/172.16.50.142\/egresados\/wp-content\/uploads\/2025\/05\/camposol.jpg\" alt=\"\" class=\"wp-image-1033 lazyload\" src=\"data:image\/gif;base64,R0lGODlhAQABAAAAACH5BAEKAAEALAAAAAABAAEAAAICTAEAOw==\" style=\"--smush-placeholder-width: 521px; --smush-placeholder-aspect-ratio: 521\/521;\" \/><\/figure>\n<\/figure>\n\n\n\n<figure class=\"wp-block-gallery has-nested-images columns-default is-cropped wp-block-gallery-2 is-layout-flex wp-block-gallery-is-layout-flex\">\n<figure class=\"wp-block-image size-large\"><img decoding=\"async\" width=\"1553\" height=\"485\" data-id=\"1040\" data-src=\"http:\/\/172.16.50.142\/egresados\/wp-content\/uploads\/2025\/05\/logo_exalmarlogo.png\" alt=\"\" class=\"wp-image-1040 lazyload\" src=\"data:image\/gif;base64,R0lGODlhAQABAAAAACH5BAEKAAEALAAAAAABAAEAAAICTAEAOw==\" style=\"--smush-placeholder-width: 1553px; --smush-placeholder-aspect-ratio: 1553\/485;\" \/><\/figure>\n<\/figure>\n\n\n\n<p><\/p>\n","protected":false},"excerpt":{"rendered":"<p>Perfil del Egresado El egresado de la carrera de pesquer\u00eda de la UNALM posee las siguientes competencias: &nbsp;Campus La Molina OPORTUNIDADES LABORALES El ingeniero pesquero de la UNALM, puede desempe\u00f1arse en:<\/p>\n","protected":false},"author":1,"featured_media":0,"parent":0,"menu_order":0,"comment_status":"closed","ping_status":"closed","template":"","meta":{"_uag_custom_page_level_css":"","footnotes":""},"class_list":["post-203","page","type-page","status-publish","hentry"],"uagb_featured_image_src":{"full":false,"thumbnail":false,"medium":false,"medium_large":false,"large":false,"1536x1536":false,"2048x2048":false,"university-hub-thumb":false},"uagb_author_info":{"display_name":"admin","author_link":"https:\/\/wp.lamolina.edu.pe\/egresados\/index.php\/author\/admin\/"},"uagb_comment_info":0,"uagb_excerpt":"Perfil del Egresado El egresado de la carrera de pesquer\u00eda de la UNALM posee las siguientes competencias: &nbsp;Campus La Molina OPORTUNIDADES LABORALES El ingeniero pesquero de la UNALM, puede desempe\u00f1arse en:","_links":{"self":[{"href":"https:\/\/wp.lamolina.edu.pe\/egresados\/index.php\/wp-json\/wp\/v2\/pages\/203","targetHints":{"allow":["GET"]}}],"collection":[{"href":"https:\/\/wp.lamolina.edu.pe\/egresados\/index.php\/wp-json\/wp\/v2\/pages"}],"about":[{"href":"https:\/\/wp.lamolina.edu.pe\/egresados\/index.php\/wp-json\/wp\/v2\/types\/page"}],"author":[{"embeddable":true,"href":"https:\/\/wp.lamolina.edu.pe\/egresados\/index.php\/wp-json\/wp\/v2\/users\/1"}],"replies":[{"embeddable":true,"href":"https:\/\/wp.lamolina.edu.pe\/egresados\/index.php\/wp-json\/wp\/v2\/comments?post=203"}],"version-history":[{"count":4,"href":"https:\/\/wp.lamolina.edu.pe\/egresados\/index.php\/wp-json\/wp\/v2\/pages\/203\/revisions"}],"predecessor-version":[{"id":1041,"href":"https:\/\/wp.lamolina.edu.pe\/egresados\/index.php\/wp-json\/wp\/v2\/pages\/203\/revisions\/1041"}],"wp:attachment":[{"href":"https:\/\/wp.lamolina.edu.pe\/egresados\/index.php\/wp-json\/wp\/v2\/media?parent=203"}],"curies":[{"name":"wp","href":"https:\/\/api.w.org\/{rel}","templated":true}]}}