{"id":210,"date":"2025-03-04T12:22:55","date_gmt":"2025-03-04T17:22:55","guid":{"rendered":"http:\/\/172.16.50.168\/egresados\/?page_id=210"},"modified":"2025-03-05T09:51:12","modified_gmt":"2025-03-05T14:51:12","slug":"zootecnia","status":"publish","type":"page","link":"https:\/\/wp.lamolina.edu.pe\/egresados\/index.php\/zootecnia\/","title":{"rendered":"Zootecnia"},"content":{"rendered":"\n<h1 class=\"wp-block-heading\"><strong>Perfil del Egresado<\/strong><\/h1>\n\n\n\n<p>El Ingeniero Zootecnista es un profesional que presta asesor\u00edas y asistencia t\u00e9cnicas a empresas asociativas, comunales y productores individuales.<\/p>\n\n\n\n<p>Brinda servicios de consultor\u00eda y asesor\u00eda profesional en el campo pecuario a las entidades gubernamentales y empresas privadas.<\/p>\n\n\n\n<p>Tambi\u00e9n laboran en empresas especializadas, como bancos de semen, laboratorios de transferencia de embriones y laboratorios de fertilizaci\u00f3n in vitro.<\/p>\n\n\n\n<p>Presta labores en establos, fundos, empacadoras, plantas de l\u00e1cteos, empresas procesadoras y laboratorios de control de calidad de alimentos.<\/p>\n\n\n\n<p>Aplicar sus conocimientos cient\u00edficos y tecnol\u00f3gicos en la producci\u00f3n animal, en concordancia con los principios del desarrollo sostenible.<\/p>\n\n\n\n<p>Generar, administrar y evaluar empresas pecuarias.<\/p>\n\n\n\n<p>Generar, planificar, evaluar y promover la investigaci\u00f3n destinada a superar los problemas que afecten la producci\u00f3n animal.<\/p>\n\n\n\n<p>Desarrollar actividades de capacitaci\u00f3n y transferencia de tecnolog\u00eda.<\/p>\n\n\n\n<p>Evaluar el impacto ambiental de la actividad pecuaria y aplicar sistemas de producci\u00f3n compatibles con el entorno ecol\u00f3gico, social y econ\u00f3mico.<\/p>\n\n\n\n<p>Manejar, transformar y controlar la calidad de los productos pecuarios.<\/p>\n\n\n\n<p>Conocer e interpretar la realidad de la producci\u00f3n animal en el contexto nacional e internacional.<\/p>\n\n\n\n<p>Promover la producci\u00f3n animal como componente del desarrollo nacional.<\/p>\n\n\n\n<figure class=\"wp-block-image size-full\"><img decoding=\"async\" width=\"2048\" height=\"1365\" data-src=\"http:\/\/172.16.50.168\/egresados\/wp-content\/uploads\/2025\/03\/image-9.jpeg\" alt=\"\" class=\"wp-image-211 lazyload\" src=\"data:image\/gif;base64,R0lGODlhAQABAAAAACH5BAEKAAEALAAAAAABAAEAAAICTAEAOw==\" style=\"--smush-placeholder-width: 2048px; --smush-placeholder-aspect-ratio: 2048\/1365;\" \/><\/figure>\n","protected":false},"excerpt":{"rendered":"<p>Perfil del Egresado El Ingeniero Zootecnista es un profesional que presta asesor\u00edas y asistencia t\u00e9cnicas a empresas asociativas, comunales y productores individuales. Brinda servicios de consultor\u00eda y asesor\u00eda profesional en el campo pecuario a las entidades gubernamentales y empresas privadas. Tambi\u00e9n laboran en empresas especializadas, como bancos de semen, laboratorios de transferencia de embriones y [&hellip;]<\/p>\n","protected":false},"author":1,"featured_media":0,"parent":0,"menu_order":0,"comment_status":"closed","ping_status":"closed","template":"","meta":{"_uag_custom_page_level_css":"","footnotes":""},"class_list":["post-210","page","type-page","status-publish","hentry"],"uagb_featured_image_src":{"full":false,"thumbnail":false,"medium":false,"medium_large":false,"large":false,"1536x1536":false,"2048x2048":false,"university-hub-thumb":false},"uagb_author_info":{"display_name":"admin","author_link":"https:\/\/wp.lamolina.edu.pe\/egresados\/index.php\/author\/admin\/"},"uagb_comment_info":0,"uagb_excerpt":"Perfil del Egresado El Ingeniero Zootecnista es un profesional que presta asesor\u00edas y asistencia t\u00e9cnicas a empresas asociativas, comunales y productores individuales. Brinda servicios de consultor\u00eda y asesor\u00eda profesional en el campo pecuario a las entidades gubernamentales y empresas privadas. Tambi\u00e9n laboran en empresas especializadas, como bancos de semen, laboratorios de transferencia de embriones y&hellip;","_links":{"self":[{"href":"https:\/\/wp.lamolina.edu.pe\/egresados\/index.php\/wp-json\/wp\/v2\/pages\/210","targetHints":{"allow":["GET"]}}],"collection":[{"href":"https:\/\/wp.lamolina.edu.pe\/egresados\/index.php\/wp-json\/wp\/v2\/pages"}],"about":[{"href":"https:\/\/wp.lamolina.edu.pe\/egresados\/index.php\/wp-json\/wp\/v2\/types\/page"}],"author":[{"embeddable":true,"href":"https:\/\/wp.lamolina.edu.pe\/egresados\/index.php\/wp-json\/wp\/v2\/users\/1"}],"replies":[{"embeddable":true,"href":"https:\/\/wp.lamolina.edu.pe\/egresados\/index.php\/wp-json\/wp\/v2\/comments?post=210"}],"version-history":[{"count":2,"href":"https:\/\/wp.lamolina.edu.pe\/egresados\/index.php\/wp-json\/wp\/v2\/pages\/210\/revisions"}],"predecessor-version":[{"id":290,"href":"https:\/\/wp.lamolina.edu.pe\/egresados\/index.php\/wp-json\/wp\/v2\/pages\/210\/revisions\/290"}],"wp:attachment":[{"href":"https:\/\/wp.lamolina.edu.pe\/egresados\/index.php\/wp-json\/wp\/v2\/media?parent=210"}],"curies":[{"name":"wp","href":"https:\/\/api.w.org\/{rel}","templated":true}]}}