{"id":214,"date":"2025-03-04T12:24:29","date_gmt":"2025-03-04T17:24:29","guid":{"rendered":"http:\/\/172.16.50.168\/egresados\/?page_id=214"},"modified":"2025-03-05T09:49:25","modified_gmt":"2025-03-05T14:49:25","slug":"ingenieria-en-gestion-empresarial","status":"publish","type":"page","link":"https:\/\/wp.lamolina.edu.pe\/egresados\/index.php\/ingenieria-en-gestion-empresarial\/","title":{"rendered":"Ingenier\u00eda en Gesti\u00f3n Empresarial"},"content":{"rendered":"\n<p>Perfil del Egresado<\/p>\n\n\n\n<p>El Ingeniero en Gesti\u00f3n Empresarial de la Agraria La Molina, es poseedor de una amplia visi\u00f3n innovadora que le permite dise\u00f1ar, planificar, organizar, dirigir y controlar organizaciones. Su s\u00f3lida formaci\u00f3n en gesti\u00f3n y liderazgo le permite desempe\u00f1arse en las distintas \u00e1reas de una organizaci\u00f3n, apoyar y desarrollar los objetivos y tareas trazadas, contribuyendo con el desarrollo y competitividad tanto en el sector privado como en el p\u00fablico.<\/p>\n\n\n\n<p>La&nbsp; carrera de Ingenier\u00eda en Gesti\u00f3n Empresarial perteneciente&nbsp; a la Facultad de Econom\u00eda y Planificaci\u00f3n es una de las 12 carreras que ofrece la Universidad Nacional Agraria la Molina.<\/p>\n\n\n\n<p>Esta carrera creada hace 18 a\u00f1os tiene como finalidad formar profesionales de excelencia con personalidad definida, l\u00edderes emprendedores con s\u00f3lidos valores \u00e9ticos, morales y culturales; preparados en el campo cient\u00edfico, tecnol\u00f3gico y administrativo para emprender y dirigir empresas nacionales y multinacionales que contribuyan al desarrollo sostenido y sustentable del pa\u00eds.<\/p>\n\n\n\n<p>Podr\u00e1 desempe\u00f1arse en \u00e1reas de marketing, gerencia comercial, asistente y analista de cr\u00e9ditos, analista financiero, analista administrativo y\/o analista de proyectos, desarrollo de estrategias de mercadeo para luego alcanzar puestos de gerencia y\/o direcci\u00f3n. Laborar en los principales bancos del pa\u00eds, en organizaciones competitivas, empresas agroexportadoras, Organismo No Gubernamental, empresas exportadoras e importadoras, consultoras e instituciones p\u00fablicas.<\/p>\n","protected":false},"excerpt":{"rendered":"<p>Perfil del Egresado El Ingeniero en Gesti\u00f3n Empresarial de la Agraria La Molina, es poseedor de una amplia visi\u00f3n innovadora que le permite dise\u00f1ar, planificar, organizar, dirigir y controlar organizaciones. Su s\u00f3lida formaci\u00f3n en gesti\u00f3n y liderazgo le permite desempe\u00f1arse en las distintas \u00e1reas de una organizaci\u00f3n, apoyar y desarrollar los objetivos y tareas trazadas, [&hellip;]<\/p>\n","protected":false},"author":1,"featured_media":0,"parent":0,"menu_order":0,"comment_status":"closed","ping_status":"closed","template":"","meta":{"_uag_custom_page_level_css":"","footnotes":""},"class_list":["post-214","page","type-page","status-publish","hentry"],"uagb_featured_image_src":{"full":false,"thumbnail":false,"medium":false,"medium_large":false,"large":false,"1536x1536":false,"2048x2048":false,"university-hub-thumb":false},"uagb_author_info":{"display_name":"admin","author_link":"https:\/\/wp.lamolina.edu.pe\/egresados\/index.php\/author\/admin\/"},"uagb_comment_info":0,"uagb_excerpt":"Perfil del Egresado El Ingeniero en Gesti\u00f3n Empresarial de la Agraria La Molina, es poseedor de una amplia visi\u00f3n innovadora que le permite dise\u00f1ar, planificar, organizar, dirigir y controlar organizaciones. Su s\u00f3lida formaci\u00f3n en gesti\u00f3n y liderazgo le permite desempe\u00f1arse en las distintas \u00e1reas de una organizaci\u00f3n, apoyar y desarrollar los objetivos y tareas trazadas,&hellip;","_links":{"self":[{"href":"https:\/\/wp.lamolina.edu.pe\/egresados\/index.php\/wp-json\/wp\/v2\/pages\/214","targetHints":{"allow":["GET"]}}],"collection":[{"href":"https:\/\/wp.lamolina.edu.pe\/egresados\/index.php\/wp-json\/wp\/v2\/pages"}],"about":[{"href":"https:\/\/wp.lamolina.edu.pe\/egresados\/index.php\/wp-json\/wp\/v2\/types\/page"}],"author":[{"embeddable":true,"href":"https:\/\/wp.lamolina.edu.pe\/egresados\/index.php\/wp-json\/wp\/v2\/users\/1"}],"replies":[{"embeddable":true,"href":"https:\/\/wp.lamolina.edu.pe\/egresados\/index.php\/wp-json\/wp\/v2\/comments?post=214"}],"version-history":[{"count":2,"href":"https:\/\/wp.lamolina.edu.pe\/egresados\/index.php\/wp-json\/wp\/v2\/pages\/214\/revisions"}],"predecessor-version":[{"id":288,"href":"https:\/\/wp.lamolina.edu.pe\/egresados\/index.php\/wp-json\/wp\/v2\/pages\/214\/revisions\/288"}],"wp:attachment":[{"href":"https:\/\/wp.lamolina.edu.pe\/egresados\/index.php\/wp-json\/wp\/v2\/media?parent=214"}],"curies":[{"name":"wp","href":"https:\/\/api.w.org\/{rel}","templated":true}]}}