{"id":216,"date":"2025-03-04T12:26:22","date_gmt":"2025-03-04T17:26:22","guid":{"rendered":"http:\/\/172.16.50.168\/egresados\/?page_id=216"},"modified":"2025-03-05T09:47:05","modified_gmt":"2025-03-05T14:47:05","slug":"estadistica-informatica","status":"publish","type":"page","link":"https:\/\/wp.lamolina.edu.pe\/egresados\/index.php\/estadistica-informatica\/","title":{"rendered":"Estad\u00edstica Inform\u00e1tica"},"content":{"rendered":"\n<p>Perfil del Egresado<\/p>\n\n\n\n<p>La Carrera de Estad\u00edstica Inform\u00e1tica de la UNALM est\u00e1 orientada a formar profesionales cuyos conocimientos comprenden el campo de la estad\u00edstica con el soporte de herramientas inform\u00e1ticas y manejo de bases de datos, lo cual les permite planificar, organizar y sistematizar informaci\u00f3n suficiente, confiable y oportuna destinada a la toma de decisiones en las empresas en general.<\/p>\n\n\n\n<p>Su campo profesional incluye el dise\u00f1o y an\u00e1lisis de experimentos utilizados en investigaciones de diversos rubros, la estimaci\u00f3n de modelos para el an\u00e1lisis y optimizaci\u00f3n de sistemas de producci\u00f3n, el planeamiento, dise\u00f1o, ejecuci\u00f3n y procesamiento de encuestas a fin de generar informaci\u00f3n b\u00e1sica para estudios de mercado y factibilidad econ\u00f3mica, y el an\u00e1lisis y dise\u00f1o de sistemas de informaci\u00f3n.<\/p>\n\n\n\n<p>El perfil de ingreso a la carrera describe las competencias y valores que deben tener los ingresantes:<\/p>\n\n\n\n<p><strong>Competencias<\/strong>: Razona en t\u00e9rminos num\u00e9ricos para la comprensi\u00f3n de conceptos y relaciones complejas. Comprende, analiza y eval\u00faa informaci\u00f3n a partir de textos escritos. Redacta textos siguiendo una estructura l\u00f3gica y organizada, respetando las normas gramaticales y ortogr\u00e1ficas. Maneja instrumentos de tecnolog\u00edas de informaci\u00f3n y comunicaci\u00f3n (TIC) a nivel b\u00e1sico. Aprende motivado por la curiosidad intelectual y el inter\u00e9s por la investigaci\u00f3n. Se integra en grupos de trabajo, reuniendo las capacidades, inteligencias, ideas y destrezas para alcanzar objetivos comunes.<\/p>\n\n\n\n<p><strong>Valores<\/strong>: Respeta las normas de convivencia en sus ambientes de estudio, trabajo y recreaci\u00f3n. Valora el desarrollo integral como profesional y ciudadano. Participa en acciones de responsabilidad social. Muestra \u00e9tica personal en sus acciones del d\u00eda a d\u00eda.<\/p>\n\n\n\n<figure class=\"wp-block-image\"><img decoding=\"async\" data-src=\"https:\/\/pbs.twimg.com\/media\/ELJXBZ_W4AIpCj4.jpg\" alt=\"UAgraria La Molina on Twitter: &quot;Hoy 258 molineros recibieron sus diplomas  de grado de doctor, mag\u00edster y bachiller, durante la ceremonia oficial de  Graduaci\u00f3n 2019-I. Ellos celebraron este logro en compa\u00f1\u00eda de\" src=\"data:image\/gif;base64,R0lGODlhAQABAAAAACH5BAEKAAEALAAAAAABAAEAAAICTAEAOw==\" class=\"lazyload\" \/><\/figure>\n","protected":false},"excerpt":{"rendered":"<p>Perfil del Egresado La Carrera de Estad\u00edstica Inform\u00e1tica de la UNALM est\u00e1 orientada a formar profesionales cuyos conocimientos comprenden el campo de la estad\u00edstica con el soporte de herramientas inform\u00e1ticas y manejo de bases de datos, lo cual les permite planificar, organizar y sistematizar informaci\u00f3n suficiente, confiable y oportuna destinada a la toma de decisiones [&hellip;]<\/p>\n","protected":false},"author":1,"featured_media":0,"parent":0,"menu_order":0,"comment_status":"closed","ping_status":"closed","template":"","meta":{"_uag_custom_page_level_css":"","footnotes":""},"class_list":["post-216","page","type-page","status-publish","hentry"],"uagb_featured_image_src":{"full":false,"thumbnail":false,"medium":false,"medium_large":false,"large":false,"1536x1536":false,"2048x2048":false,"university-hub-thumb":false},"uagb_author_info":{"display_name":"admin","author_link":"https:\/\/wp.lamolina.edu.pe\/egresados\/index.php\/author\/admin\/"},"uagb_comment_info":0,"uagb_excerpt":"Perfil del Egresado La Carrera de Estad\u00edstica Inform\u00e1tica de la UNALM est\u00e1 orientada a formar profesionales cuyos conocimientos comprenden el campo de la estad\u00edstica con el soporte de herramientas inform\u00e1ticas y manejo de bases de datos, lo cual les permite planificar, organizar y sistematizar informaci\u00f3n suficiente, confiable y oportuna destinada a la toma de decisiones&hellip;","_links":{"self":[{"href":"https:\/\/wp.lamolina.edu.pe\/egresados\/index.php\/wp-json\/wp\/v2\/pages\/216","targetHints":{"allow":["GET"]}}],"collection":[{"href":"https:\/\/wp.lamolina.edu.pe\/egresados\/index.php\/wp-json\/wp\/v2\/pages"}],"about":[{"href":"https:\/\/wp.lamolina.edu.pe\/egresados\/index.php\/wp-json\/wp\/v2\/types\/page"}],"author":[{"embeddable":true,"href":"https:\/\/wp.lamolina.edu.pe\/egresados\/index.php\/wp-json\/wp\/v2\/users\/1"}],"replies":[{"embeddable":true,"href":"https:\/\/wp.lamolina.edu.pe\/egresados\/index.php\/wp-json\/wp\/v2\/comments?post=216"}],"version-history":[{"count":2,"href":"https:\/\/wp.lamolina.edu.pe\/egresados\/index.php\/wp-json\/wp\/v2\/pages\/216\/revisions"}],"predecessor-version":[{"id":283,"href":"https:\/\/wp.lamolina.edu.pe\/egresados\/index.php\/wp-json\/wp\/v2\/pages\/216\/revisions\/283"}],"wp:attachment":[{"href":"https:\/\/wp.lamolina.edu.pe\/egresados\/index.php\/wp-json\/wp\/v2\/media?parent=216"}],"curies":[{"name":"wp","href":"https:\/\/api.w.org\/{rel}","templated":true}]}}