{"id":256,"date":"2025-03-04T14:19:26","date_gmt":"2025-03-04T19:19:26","guid":{"rendered":"http:\/\/172.16.50.168\/egresados\/?page_id=256"},"modified":"2025-03-07T12:31:04","modified_gmt":"2025-03-07T17:31:04","slug":"eventos-y-ferias","status":"publish","type":"page","link":"https:\/\/wp.lamolina.edu.pe\/egresados\/index.php\/eventos-y-ferias\/","title":{"rendered":"Eventos y Ferias Laborales"},"content":{"rendered":"\n<p>El \u00c1rea de Seguimiento al Egresado, en colaboraci\u00f3n con el Vicerrectorado Acad\u00e9mico, llev\u00f3 a cabo con gran \u00e9xito la <strong>Primera Feria Laboral<\/strong> <strong>y Segunda Feria Laboral<\/strong> de nuestra querida Universidad Nacional Agraria La Molina.<\/p>\n\n\n\n<p>Este importante evento permiti\u00f3 fortalecer los lazos entre nuestros talentosos egresados, estudiantes y las empresas del sector, brindando un espacio para el intercambio de oportunidades laborales, networking y desarrollo profesional.<\/p>\n\n\n\n<p>Durante la feria, los participantes pudieron:<\/p>\n\n\n\n<p>\u2705 Conocer a representantes de diversas empresas l\u00edderes del rubro.<br>\u2705 Postular a ofertas laborales y pr\u00e1cticas pre-profesionales.<br>\u2705 Asistir a charlas especializadas sobre empleabilidad y emprendimiento.<br>\u2705 Ampliar su red de contactos profesionales.<\/p>\n\n\n\n<p class=\"has-text-align-center has-black-color has-green-background-color has-text-color has-background has-link-color wp-elements-2a694dd95891346fa72e7c57b65fd319\"><a href=\"https:\/\/viceacad.lamolina.edu.pe\/sites\/Egresados\/I%20FERIA%20LABORAL%20INSTITUCIONAL%202023\"><strong>I FERIA LABORAL INSTITUCIONAL-UNALM 2023<\/strong><\/a><\/p>\n\n\n\n<figure class=\"wp-block-image size-full\"><img decoding=\"async\" width=\"2048\" height=\"1365\" data-src=\"http:\/\/172.16.50.168\/egresados\/wp-content\/uploads\/2025\/03\/image-8.png\" alt=\"\" class=\"wp-image-447 lazyload\" src=\"data:image\/gif;base64,R0lGODlhAQABAAAAACH5BAEKAAEALAAAAAABAAEAAAICTAEAOw==\" style=\"--smush-placeholder-width: 2048px; --smush-placeholder-aspect-ratio: 2048\/1365;\" \/><\/figure>\n\n\n\n<h5 class=\"wp-block-heading has-text-align-center has-black-color has-green-background-color has-text-color has-background has-link-color has-normal-font-size wp-elements-b3be07afd79b62fc1e7f42f3c036ef00\"><a href=\"https:\/\/viceacad.lamolina.edu.pe\/sites\/Egresados\/II%20FERIA%20LABORAL%20INSTITUCIONAL%202024\"><strong>II FERIA LABORAL INSTITUCIONAL UNALM -2024<\/strong><\/a><\/h5>\n\n\n\n<figure class=\"wp-block-image size-full\"><img decoding=\"async\" width=\"1071\" height=\"742\" data-src=\"http:\/\/172.16.50.168\/egresados\/wp-content\/uploads\/2025\/03\/image-9.png\" alt=\"\" class=\"wp-image-448 lazyload\" src=\"data:image\/gif;base64,R0lGODlhAQABAAAAACH5BAEKAAEALAAAAAABAAEAAAICTAEAOw==\" style=\"--smush-placeholder-width: 1071px; --smush-placeholder-aspect-ratio: 1071\/742;\" \/><\/figure>\n","protected":false},"excerpt":{"rendered":"<p>El \u00c1rea de Seguimiento al Egresado, en colaboraci\u00f3n con el Vicerrectorado Acad\u00e9mico, llev\u00f3 a cabo con gran \u00e9xito la Primera Feria Laboral y Segunda Feria Laboral de nuestra querida Universidad Nacional Agraria La Molina. Este importante evento permiti\u00f3 fortalecer los lazos entre nuestros talentosos egresados, estudiantes y las empresas del sector, brindando un espacio para [&hellip;]<\/p>\n","protected":false},"author":1,"featured_media":0,"parent":0,"menu_order":0,"comment_status":"closed","ping_status":"closed","template":"","meta":{"_uag_custom_page_level_css":"","footnotes":""},"class_list":["post-256","page","type-page","status-publish","hentry"],"uagb_featured_image_src":{"full":false,"thumbnail":false,"medium":false,"medium_large":false,"large":false,"1536x1536":false,"2048x2048":false,"university-hub-thumb":false},"uagb_author_info":{"display_name":"admin","author_link":"https:\/\/wp.lamolina.edu.pe\/egresados\/index.php\/author\/admin\/"},"uagb_comment_info":0,"uagb_excerpt":"El \u00c1rea de Seguimiento al Egresado, en colaboraci\u00f3n con el Vicerrectorado Acad\u00e9mico, llev\u00f3 a cabo con gran \u00e9xito la Primera Feria Laboral y Segunda Feria Laboral de nuestra querida Universidad Nacional Agraria La Molina. Este importante evento permiti\u00f3 fortalecer los lazos entre nuestros talentosos egresados, estudiantes y las empresas del sector, brindando un espacio para&hellip;","_links":{"self":[{"href":"https:\/\/wp.lamolina.edu.pe\/egresados\/index.php\/wp-json\/wp\/v2\/pages\/256","targetHints":{"allow":["GET"]}}],"collection":[{"href":"https:\/\/wp.lamolina.edu.pe\/egresados\/index.php\/wp-json\/wp\/v2\/pages"}],"about":[{"href":"https:\/\/wp.lamolina.edu.pe\/egresados\/index.php\/wp-json\/wp\/v2\/types\/page"}],"author":[{"embeddable":true,"href":"https:\/\/wp.lamolina.edu.pe\/egresados\/index.php\/wp-json\/wp\/v2\/users\/1"}],"replies":[{"embeddable":true,"href":"https:\/\/wp.lamolina.edu.pe\/egresados\/index.php\/wp-json\/wp\/v2\/comments?post=256"}],"version-history":[{"count":9,"href":"https:\/\/wp.lamolina.edu.pe\/egresados\/index.php\/wp-json\/wp\/v2\/pages\/256\/revisions"}],"predecessor-version":[{"id":461,"href":"https:\/\/wp.lamolina.edu.pe\/egresados\/index.php\/wp-json\/wp\/v2\/pages\/256\/revisions\/461"}],"wp:attachment":[{"href":"https:\/\/wp.lamolina.edu.pe\/egresados\/index.php\/wp-json\/wp\/v2\/media?parent=256"}],"curies":[{"name":"wp","href":"https:\/\/api.w.org\/{rel}","templated":true}]}}