{"id":258,"date":"2025-03-04T14:20:31","date_gmt":"2025-03-04T19:20:31","guid":{"rendered":"http:\/\/172.16.50.168\/egresados\/?page_id=258"},"modified":"2025-03-13T11:25:20","modified_gmt":"2025-03-13T16:25:20","slug":"red-de-egresados","status":"publish","type":"page","link":"https:\/\/wp.lamolina.edu.pe\/egresados\/index.php\/red-de-egresados\/","title":{"rendered":"Manual de empresas"},"content":{"rendered":"\n<p>Este documento ha sido dise\u00f1ado para orientarlos en el proceso de inscripci\u00f3n de su empresa o instituci\u00f3n en la Bolsa de Empleo de la Universidad Nacional Agraria La Molina.<\/p>\n\n\n\n<p>Apreciamos su confianza en nuestro talento estudiantil y egresados para cubrir sus oportunidades laborales disponibles<\/p>\n\n\n\n<div data-wp-interactive=\"core\/file\" class=\"wp-block-file\"><object data-wp-bind--hidden=\"!state.hasPdfPreview\" hidden class=\"wp-block-file__embed\" data=\"http:\/\/172.16.50.168\/egresados\/wp-content\/uploads\/2025\/03\/Manual-de-empresas.pdf\" type=\"application\/pdf\" style=\"width:100%;height:808px\" aria-label=\"Incrustado de Manual de empresas.\"><\/object><a id=\"wp-block-file--media-e2825892-a61b-4916-829d-78dfe3c1cb47\" href=\"http:\/\/172.16.50.168\/egresados\/wp-content\/uploads\/2025\/03\/Manual-de-empresas.pdf\">Manual de empresas<\/a><a href=\"http:\/\/172.16.50.168\/egresados\/wp-content\/uploads\/2025\/03\/Manual-de-empresas.pdf\" class=\"wp-block-file__button wp-element-button\" download aria-describedby=\"wp-block-file--media-e2825892-a61b-4916-829d-78dfe3c1cb47\">Descarga<\/a><\/div>\n","protected":false},"excerpt":{"rendered":"<p>Este documento ha sido dise\u00f1ado para orientarlos en el proceso de inscripci\u00f3n de su empresa o instituci\u00f3n en la Bolsa de Empleo de la Universidad Nacional Agraria La Molina. Apreciamos su confianza en nuestro talento estudiantil y egresados para cubrir sus oportunidades laborales disponibles<\/p>\n","protected":false},"author":1,"featured_media":0,"parent":0,"menu_order":0,"comment_status":"closed","ping_status":"closed","template":"","meta":{"_uag_custom_page_level_css":"","footnotes":""},"class_list":["post-258","page","type-page","status-publish","hentry"],"uagb_featured_image_src":{"full":false,"thumbnail":false,"medium":false,"medium_large":false,"large":false,"1536x1536":false,"2048x2048":false,"university-hub-thumb":false},"uagb_author_info":{"display_name":"admin","author_link":"https:\/\/wp.lamolina.edu.pe\/egresados\/index.php\/author\/admin\/"},"uagb_comment_info":0,"uagb_excerpt":"Este documento ha sido dise\u00f1ado para orientarlos en el proceso de inscripci\u00f3n de su empresa o instituci\u00f3n en la Bolsa de Empleo de la Universidad Nacional Agraria La Molina. Apreciamos su confianza en nuestro talento estudiantil y egresados para cubrir sus oportunidades laborales disponibles","_links":{"self":[{"href":"https:\/\/wp.lamolina.edu.pe\/egresados\/index.php\/wp-json\/wp\/v2\/pages\/258","targetHints":{"allow":["GET"]}}],"collection":[{"href":"https:\/\/wp.lamolina.edu.pe\/egresados\/index.php\/wp-json\/wp\/v2\/pages"}],"about":[{"href":"https:\/\/wp.lamolina.edu.pe\/egresados\/index.php\/wp-json\/wp\/v2\/types\/page"}],"author":[{"embeddable":true,"href":"https:\/\/wp.lamolina.edu.pe\/egresados\/index.php\/wp-json\/wp\/v2\/users\/1"}],"replies":[{"embeddable":true,"href":"https:\/\/wp.lamolina.edu.pe\/egresados\/index.php\/wp-json\/wp\/v2\/comments?post=258"}],"version-history":[{"count":6,"href":"https:\/\/wp.lamolina.edu.pe\/egresados\/index.php\/wp-json\/wp\/v2\/pages\/258\/revisions"}],"predecessor-version":[{"id":906,"href":"https:\/\/wp.lamolina.edu.pe\/egresados\/index.php\/wp-json\/wp\/v2\/pages\/258\/revisions\/906"}],"wp:attachment":[{"href":"https:\/\/wp.lamolina.edu.pe\/egresados\/index.php\/wp-json\/wp\/v2\/media?parent=258"}],"curies":[{"name":"wp","href":"https:\/\/api.w.org\/{rel}","templated":true}]}}