{"id":291,"date":"2025-03-05T09:53:07","date_gmt":"2025-03-05T14:53:07","guid":{"rendered":"http:\/\/172.16.50.168\/egresados\/?page_id=291"},"modified":"2025-03-07T12:56:16","modified_gmt":"2025-03-07T17:56:16","slug":"normatividad","status":"publish","type":"page","link":"https:\/\/wp.lamolina.edu.pe\/egresados\/index.php\/normatividad\/","title":{"rendered":"Normatividad"},"content":{"rendered":"\n<ul class=\"wp-block-list\">\n<li>La Constituci\u00f3n pol\u00edtica del Per\u00fa<\/li>\n\n\n\n<li>Ley Universitaria N\u00b0 30220, Cap\u00edtulo X; Art\u00edculos N\u00b0 105, 106 y 107.<\/li>\n\n\n\n<li>Resoluci\u00f3n del Consejo Directivo No 006-2015-SUNEDU\/CD. Modelo de Licenciamiento y su implementaci\u00f3n en el Sistema Universitario Peruano.<\/li>\n\n\n\n<li>Modelo de Licenciamiento y su implementaci\u00f3n en el Sistema Universitario Peruano SUNEDU (2015)- Condiciones B\u00e1sicas de Calidad \u2013 Condiciona VII: Existencia de mecanismos de mediaci\u00f3n e inserci\u00f3n laboral (Bolsa de Trabajo u otros).<\/li>\n\n\n\n<li>SINEACE (2016). SISTEMA NACIONAL DE ACREDITACI\u00d3N Y CERTIFICACI\u00d3N DE LA CALIDAD EDUCATIVA. (ANEXO 1). Modelo de Acreditaci\u00f3n para Programas de Estudios de Educaci\u00f3n Superior Universitaria. Dimensi\u00f3n 12 \u2013Est\u00e1ndar 34.<\/li>\n\n\n\n<li>Estatuto UNALM 2015, Subcap\u00edtulo I-6; Articulo 12-inciso j). Subcap\u00edtulo II-12; Articulo 35- numeral 15. Subcap\u00edtulo II-16; Art\u00edculo N\u00b0 50- inciso e) y declarativa de Seguimiento del egresado como Sistema.<\/li>\n\n\n\n<li>Reglamento UNALM 2017, Cap\u00edtulo I; Art\u00edculo N\u00b0 70 \u2013inciso i). Cap\u00edtulo IX; Art\u00edculo N\u00b0 436.<\/li>\n\n\n\n<li>Reglamento de Organizaci\u00f3n y Funciones UNALM, Cap\u00edtulo V; Articulo 80. Articulo 81 \u2013 inciso k)<\/li>\n\n\n\n<li>Ley N\u00b7 27815- Ley del C\u00f3digo de \u00e9tica de la Funci\u00f3n P\u00fablica.<\/li>\n\n\n\n<li>SUPERINTENDENCIA NACIONAL DE EDUCACI\u00d3N SUPERIOR UNIVERSITARIA APROBADO POR DECRETO SUPREMO N\u00b0 010-2020-MINEDU. El peruano NORMAS LEGALES. TUPA. 2020. OTORGAMIENTO DE LICENCIAMIENTO INSTITUCIONAL. N\u00famero 2 del procedimiento. Requisitos: n\u00famero 78-83.<\/li>\n<\/ul>\n","protected":false},"excerpt":{"rendered":"","protected":false},"author":1,"featured_media":0,"parent":0,"menu_order":0,"comment_status":"closed","ping_status":"closed","template":"","meta":{"_uag_custom_page_level_css":"","footnotes":""},"class_list":["post-291","page","type-page","status-publish","hentry"],"uagb_featured_image_src":{"full":false,"thumbnail":false,"medium":false,"medium_large":false,"large":false,"1536x1536":false,"2048x2048":false,"university-hub-thumb":false},"uagb_author_info":{"display_name":"admin","author_link":"https:\/\/wp.lamolina.edu.pe\/egresados\/index.php\/author\/admin\/"},"uagb_comment_info":0,"uagb_excerpt":null,"_links":{"self":[{"href":"https:\/\/wp.lamolina.edu.pe\/egresados\/index.php\/wp-json\/wp\/v2\/pages\/291","targetHints":{"allow":["GET"]}}],"collection":[{"href":"https:\/\/wp.lamolina.edu.pe\/egresados\/index.php\/wp-json\/wp\/v2\/pages"}],"about":[{"href":"https:\/\/wp.lamolina.edu.pe\/egresados\/index.php\/wp-json\/wp\/v2\/types\/page"}],"author":[{"embeddable":true,"href":"https:\/\/wp.lamolina.edu.pe\/egresados\/index.php\/wp-json\/wp\/v2\/users\/1"}],"replies":[{"embeddable":true,"href":"https:\/\/wp.lamolina.edu.pe\/egresados\/index.php\/wp-json\/wp\/v2\/comments?post=291"}],"version-history":[{"count":2,"href":"https:\/\/wp.lamolina.edu.pe\/egresados\/index.php\/wp-json\/wp\/v2\/pages\/291\/revisions"}],"predecessor-version":[{"id":464,"href":"https:\/\/wp.lamolina.edu.pe\/egresados\/index.php\/wp-json\/wp\/v2\/pages\/291\/revisions\/464"}],"wp:attachment":[{"href":"https:\/\/wp.lamolina.edu.pe\/egresados\/index.php\/wp-json\/wp\/v2\/media?parent=291"}],"curies":[{"name":"wp","href":"https:\/\/api.w.org\/{rel}","templated":true}]}}