{"id":423,"date":"2025-03-07T09:40:49","date_gmt":"2025-03-07T14:40:49","guid":{"rendered":"http:\/\/172.16.50.168\/egresados\/?page_id=423"},"modified":"2025-03-14T11:27:25","modified_gmt":"2025-03-14T16:27:25","slug":"constancia-de-seguimiento-al-egresado","status":"publish","type":"page","link":"https:\/\/wp.lamolina.edu.pe\/egresados\/index.php\/constancia-de-seguimiento-al-egresado\/","title":{"rendered":"Constancia del Seguimiento al Egresado"},"content":{"rendered":"\n<p>Registrarse en el siguiente link:&nbsp;&nbsp;<a href=\"https:\/\/conecta.lamolina.edu.pe\/#\/\" target=\"_blank\" rel=\"noreferrer noopener\">https:\/\/conecta.lamolina.edu.pe\/#\/<\/a>&nbsp;<\/p>\n\n\n\n<p><strong>Paso 1<\/strong><\/p>\n\n\n\n<ul class=\"wp-block-list\">\n<li>&nbsp;Ingresar a&nbsp;<a href=\"https:\/\/conecta.lamolina.edu.pe\/#\/\" target=\"_blank\" rel=\"noreferrer noopener\">https:\/\/conecta.lamolina.edu.pe\/#\/<\/a>&nbsp;<\/li>\n<\/ul>\n\n\n\n<ul class=\"wp-block-list\">\n<li>Deber\u00e1 generar su contrase\u00f1a en la opci\u00f3n: \u201c<a href=\"https:\/\/conecta.lamolina.edu.pe\/#\/egresado\" target=\"_blank\" rel=\"noreferrer noopener\">Soy egresado y deseo generar mi contrase\u00f1a<\/a>\u201d<\/li>\n<\/ul>\n\n\n\n<p><strong>Paso 2<\/strong><\/p>\n\n\n\n<ul class=\"wp-block-list\">\n<li>Aparecer\u00e1 como t\u00edtulo \u201cRegistrar como alumno egresado\u201d<\/li>\n<\/ul>\n\n\n\n<ul class=\"wp-block-list\">\n<li>Seleccionar su tipo de documento(DNI)<\/li>\n<\/ul>\n\n\n\n<ul class=\"wp-block-list\">\n<li>Colocar el N\u00famero de documento de identidad<\/li>\n<\/ul>\n\n\n\n<ul class=\"wp-block-list\">\n<li>Colocar&nbsp;C\u00f3digo&nbsp;de estudiante&nbsp;<\/li>\n<\/ul>\n\n\n\n<ul class=\"wp-block-list\">\n<li>Colocar su correo personal<\/li>\n<\/ul>\n\n\n\n<p><strong>Paso 3<\/strong><\/p>\n\n\n\n<ul class=\"wp-block-list\">\n<li>Luego se enviar\u00e1 su contrase\u00f1a a su correo (revisar SPAM) seguidamente deber\u00e1 ingresar nuevamente a&nbsp;<a href=\"https:\/\/conecta.lamolina.edu.pe\/#\/\" target=\"_blank\" rel=\"noreferrer noopener\">https:\/\/conecta.lamolina.edu.pe\/#\/<\/a>&nbsp;<\/li>\n<\/ul>\n\n\n\n<ul class=\"wp-block-list\">\n<li>Colocar su Email o correo personal<\/li>\n<\/ul>\n\n\n\n<ul class=\"wp-block-list\">\n<li>Colocar su contrase\u00f1a o password<\/li>\n<\/ul>\n\n\n\n<ul class=\"wp-block-list\">\n<li>Hacer clic en Iniciar sesi\u00f3n<\/li>\n<\/ul>\n\n\n\n<p><strong>Paso 4<\/strong><\/p>\n\n\n\n<p>Completar su informaci\u00f3n<\/p>\n\n\n\n<ul class=\"wp-block-list\">\n<li>Ingresar su perfil(informaci\u00f3n)<\/li>\n<\/ul>\n\n\n\n<ul class=\"wp-block-list\">\n<li>Datos acad\u00e9micos<\/li>\n<\/ul>\n\n\n\n<ul class=\"wp-block-list\">\n<li>Ultimo trabajo.<\/li>\n<\/ul>\n\n\n\n<p>Registrar, tambi\u00e9n, su informaci\u00f3n de practica preprofesional<\/p>\n\n\n\n<p>De esta manera estar\u00e1 registrado en la Plataforma de Empleabilidad de Egresados<\/p>\n\n\n\n<ul class=\"wp-block-list\">\n<li>Ingresar foto<\/li>\n<\/ul>\n\n\n\n<ul class=\"wp-block-list\">\n<li>Ingresar CV<\/li>\n<\/ul>\n\n\n\n<p>Clic en imprimir constancia (que se encuentra debajo de la \u201cfoto\u201d)<\/p>\n\n\n\n<p class=\"has-white-background-color has-background\"><\/p>\n\n\n\n<div class=\"wp-block-uagb-image uagb-block-413a5af3 wp-block-uagb-image--layout-default wp-block-uagb-image--effect-static wp-block-uagb-image--align-none\"><figure class=\"wp-block-uagb-image__figure\"><img decoding=\"async\" data-srcset=\"https:\/\/172.16.50.168\/egresados\/wp-content\/uploads\/2025\/03\/FLYER-ESTUDIANTES.png ,https:\/\/172.16.50.168\/egresados\/wp-content\/uploads\/2025\/03\/FLYER-ESTUDIANTES.png 780w, https:\/\/172.16.50.168\/egresados\/wp-content\/uploads\/2025\/03\/FLYER-ESTUDIANTES.png 360w\" data-sizes=\"auto, (max-width: 480px) 150px\" data-src=\"https:\/\/172.16.50.168\/egresados\/wp-content\/uploads\/2025\/03\/FLYER-ESTUDIANTES.png\" alt=\"\" class=\"uag-image-374 lazyload\" width=\"800\" height=\"2000\" title=\"REGISTRO A LA PLATAFORMA DE EMPLEABILIDAD\" role=\"img\" src=\"data:image\/gif;base64,R0lGODlhAQABAAAAACH5BAEKAAEALAAAAAABAAEAAAICTAEAOw==\" style=\"--smush-placeholder-width: 800px; --smush-placeholder-aspect-ratio: 800\/2000;\" \/><\/figure><\/div>\n","protected":false},"excerpt":{"rendered":"<p>Registrarse en el siguiente link:&nbsp;&nbsp;https:\/\/conecta.lamolina.edu.pe\/#\/&nbsp; Paso 1 Paso 2 Paso 3 Paso 4 Completar su informaci\u00f3n Registrar, tambi\u00e9n, su informaci\u00f3n de practica preprofesional De esta manera estar\u00e1 registrado en la Plataforma de Empleabilidad de Egresados Clic en imprimir constancia (que se encuentra debajo de la \u201cfoto\u201d)<\/p>\n","protected":false},"author":1,"featured_media":0,"parent":0,"menu_order":0,"comment_status":"closed","ping_status":"closed","template":"","meta":{"_uag_custom_page_level_css":"","footnotes":""},"class_list":["post-423","page","type-page","status-publish","hentry"],"uagb_featured_image_src":{"full":false,"thumbnail":false,"medium":false,"medium_large":false,"large":false,"1536x1536":false,"2048x2048":false,"university-hub-thumb":false},"uagb_author_info":{"display_name":"admin","author_link":"https:\/\/wp.lamolina.edu.pe\/egresados\/index.php\/author\/admin\/"},"uagb_comment_info":0,"uagb_excerpt":"Registrarse en el siguiente link:&nbsp;&nbsp;https:\/\/conecta.lamolina.edu.pe\/#\/&nbsp; Paso 1 Paso 2 Paso 3 Paso 4 Completar su informaci\u00f3n Registrar, tambi\u00e9n, su informaci\u00f3n de practica preprofesional De esta manera estar\u00e1 registrado en la Plataforma de Empleabilidad de Egresados Clic en imprimir constancia (que se encuentra debajo de la \u201cfoto\u201d)","_links":{"self":[{"href":"https:\/\/wp.lamolina.edu.pe\/egresados\/index.php\/wp-json\/wp\/v2\/pages\/423","targetHints":{"allow":["GET"]}}],"collection":[{"href":"https:\/\/wp.lamolina.edu.pe\/egresados\/index.php\/wp-json\/wp\/v2\/pages"}],"about":[{"href":"https:\/\/wp.lamolina.edu.pe\/egresados\/index.php\/wp-json\/wp\/v2\/types\/page"}],"author":[{"embeddable":true,"href":"https:\/\/wp.lamolina.edu.pe\/egresados\/index.php\/wp-json\/wp\/v2\/users\/1"}],"replies":[{"embeddable":true,"href":"https:\/\/wp.lamolina.edu.pe\/egresados\/index.php\/wp-json\/wp\/v2\/comments?post=423"}],"version-history":[{"count":8,"href":"https:\/\/wp.lamolina.edu.pe\/egresados\/index.php\/wp-json\/wp\/v2\/pages\/423\/revisions"}],"predecessor-version":[{"id":937,"href":"https:\/\/wp.lamolina.edu.pe\/egresados\/index.php\/wp-json\/wp\/v2\/pages\/423\/revisions\/937"}],"wp:attachment":[{"href":"https:\/\/wp.lamolina.edu.pe\/egresados\/index.php\/wp-json\/wp\/v2\/media?parent=423"}],"curies":[{"name":"wp","href":"https:\/\/api.w.org\/{rel}","templated":true}]}}