{"id":69,"date":"2025-02-25T12:37:24","date_gmt":"2025-02-25T17:37:24","guid":{"rendered":"http:\/\/172.16.50.168\/egresados\/?page_id=69"},"modified":"2025-10-09T13:37:44","modified_gmt":"2025-10-09T18:37:44","slug":"egresado-destacados","status":"publish","type":"page","link":"https:\/\/wp.lamolina.edu.pe\/egresados\/index.php\/egresado-destacados\/","title":{"rendered":"Egresado Destacados"},"content":{"rendered":"\n<p><strong>Carlos Gereda&nbsp;&nbsp;Ingeniero en Gesti\u00f3n Empresarial&nbsp;<\/strong><\/p>\n\n\n\n<p><strong>Carlos Gereda&nbsp;<\/strong>viene de una familia de agricultores desde su bisabuelo, por lo que su pasi\u00f3n por las plantas la lleva en la sangre. En 2022, cuando se encontraba cursando los \u00faltimos ciclos de la carrera de Ingenier\u00eda en Gesti\u00f3n Empresarial en la&nbsp;<a href=\"https:\/\/larepublica.pe\/sociedad\/2024\/09\/11\/mecanico-de-senati-dejo-su-trabajo-para-salvar-plantas-y-ha-rescatado-mas-de-1400-arboles-en-lima-lo-hago-de-corazon-unalm-tiktok-evat-218185\">Universidad Nacional Agraria La Molina (UNALM),<\/a>&nbsp;su padre, quien hab\u00eda estado en una gira tecnol\u00f3gica en Chile, le muestra una revista en la que se mencionaba un cultivo que se presenciaba como un boom en el pa\u00eds sure\u00f1o y le reta a averiguar m\u00e1s al respecto.<\/p>\n\n\n\n<p>El&nbsp;<a href=\"https:\/\/larepublica.pe\/mundo\/2024\/08\/13\/sudamerica-tiene-el-pais-con-mayor-exportacion-de-arandanos-el-oro-azul-que-previene-enfermedades-al-corazon-peru-897949\">Per\u00fa es hoy el principal exportador de ar\u00e1ndanos<\/a>&nbsp;en el mundo por tercer a\u00f1o consecutivo. En 2023, obtuvo un r\u00e9cord hist\u00f3rico al<strong>&nbsp;superar los US$ 64.000 millones<\/strong>, siendo&nbsp;<a href=\"https:\/\/larepublica.pe\/estados-unidos\/2024\/09\/10\/estados-unidos-y-china-seran-superados-por-una-nueva-potencia-mundial-como-mayor-importador-de-petroleo-ruso-en-2024-lrtmus-937320\">China<\/a>&nbsp;el principal destino de los env\u00edos. Sin embargo, pocos saben que este logro nacional lo empez\u00f3 un ingeniero de la&nbsp;<strong>Universidad Nacional Agraria La Molina<\/strong>&nbsp;(<a href=\"https:\/\/larepublica.pe\/sociedad\/2024\/09\/11\/mecanico-de-senati-dejo-su-trabajo-para-salvar-plantas-y-ha-rescatado-mas-de-1400-arboles-en-lima-lo-hago-de-corazon-unalm-tiktok-evat-218185\">UNALM<\/a>) con un presupuesto de S\/1.000.<\/p>\n\n\n\n<p>Luego del gigante asi\u00e1tico,&nbsp;<a href=\"https:\/\/larepublica.pe\/estados-unidos\/2024\/09\/10\/estados-unidos-y-china-seran-superados-por-una-nueva-potencia-mundial-como-mayor-importador-de-petroleo-ruso-en-2024-lrtmus-937320\">Estados Unidos<\/a>, la Uni\u00f3n Europea, Canad\u00e1 e India son los mayores exportadores de esta fruta, por la que&nbsp;<strong>hace 15 a\u00f1os nadie apostaba en el Per\u00fa<\/strong>&nbsp;y que seg\u00fan la teor\u00eda&nbsp;<a href=\"https:\/\/larepublica.pe\/sociedad\/2024\/09\/08\/asi-seria-la-nueva-ruta-en-sudamerica-que-conectara-al-oceano-pacifico-con-el-atlantico-solo-cuatro-paises-serian-beneficiados-peru-brasil-colombia-ecuador-manaos-puerto-de-chancay-evat-198480\">no era posible producir en el pa\u00eds<\/a>.<\/p>\n\n\n\n<figure class=\"wp-block-image size-full\"><img decoding=\"async\" width=\"640\" height=\"371\" data-src=\"https:\/\/wp.lamolina.edu.pe\/egresados\/wp-content\/uploads\/2025\/10\/carlos-gereda.jpg\" alt=\"\" class=\"wp-image-1315 lazyload\" data-srcset=\"https:\/\/wp.lamolina.edu.pe\/egresados\/wp-content\/uploads\/2025\/10\/carlos-gereda.jpg 640w, https:\/\/wp.lamolina.edu.pe\/egresados\/wp-content\/uploads\/2025\/10\/carlos-gereda-300x174.jpg 300w, https:\/\/wp.lamolina.edu.pe\/egresados\/wp-content\/uploads\/2025\/10\/carlos-gereda-400x232.jpg 400w\" data-sizes=\"(max-width: 640px) 100vw, 640px\" src=\"data:image\/gif;base64,R0lGODlhAQABAAAAACH5BAEKAAEALAAAAAABAAEAAAICTAEAOw==\" style=\"--smush-placeholder-width: 640px; --smush-placeholder-aspect-ratio: 640\/371;\" \/><\/figure>\n\n\n\n<p><strong>Juan Pichihua Serna es Economista de la Universidad Nacional Agraria La Molina<\/strong>,<\/p>\n\n\n\n<p>Cuenta con un Master of Arts in Economics de ILADES\/Georgetown University adem\u00e1s de un Magister Scientiae en Econom\u00eda Agr\u00edcola, de la Universidad Agraria, en la cual tambi\u00e9n ha ejercido la docencia.Funcionario de carrera del MEF, ha ocupado distintos puestos y cargos, desempe\u00f1\u00e1ndose desde diciembre del 2022 hasta inicios del presente mes como Viceministro de Econom\u00eda, siendo el responsable de las pol\u00edticas micro y macroecon\u00f3micas que incluye asuntos de econom\u00eda internacional, competencia, productividad, pol\u00edtica de ingresos p\u00fablicos, pol\u00edtica de inversiones, pol\u00edtica aduanera, pol\u00edtica arancelaria, as\u00ed como en materias de descentralizaci\u00f3n fiscal, mercados financieros y previsional privado.\u00a0Asimismo, en a\u00f1os anteriores ha ocupado cargos en el MEF como especialista, coordinador, director, director ejecutivo y director general, principalmente en la Direcci\u00f3n General de Pol\u00edtica Macroecon\u00f3mica y Descentralizaci\u00f3n Fiscal y sus predecesoras. Adem\u00e1s, ha sido asesor en el Despacho del Viceministerio de Econom\u00eda.\u00a0Como Director de Pol\u00edtica de Descentralizaci\u00f3n Fiscal ha participado en el dise\u00f1o e implementaci\u00f3n de reformas importantes en materia de Descentralizaci\u00f3n Fiscal, tales como la distribuci\u00f3n a los gobiernos regionales y locales de los recursos de canon; de los fondos compensatorios, como el FONCOR y FONCOMUN, y las reglas fiscales subnacionales.La Superintendencia del Mercado de Valores es un organismo t\u00e9cnico y especializado, adscrito al Ministerio de Econom\u00eda y Finanzas, cuya finalidad es velar por la protecci\u00f3n de los inversionistas, la eficiencia de los mercados que est\u00e1n bajo su supervisi\u00f3n y cautelar la correcta formaci\u00f3n de los precios.Adem\u00e1s, supervisa el cumplimiento de las normas internacionales de auditor\u00eda, por parte de las sociedades auditoras habilitadas por el Colegio de Contadores P\u00fablicos del Per\u00fa.<\/p>\n\n\n\n<figure class=\"wp-block-image size-full\"><img decoding=\"async\" width=\"855\" height=\"478\" data-src=\"https:\/\/wp.lamolina.edu.pe\/egresados\/wp-content\/uploads\/2025\/10\/juan-pichihua.png\" alt=\"\" class=\"wp-image-1314 lazyload\" data-srcset=\"https:\/\/wp.lamolina.edu.pe\/egresados\/wp-content\/uploads\/2025\/10\/juan-pichihua.png 855w, https:\/\/wp.lamolina.edu.pe\/egresados\/wp-content\/uploads\/2025\/10\/juan-pichihua-300x168.png 300w, https:\/\/wp.lamolina.edu.pe\/egresados\/wp-content\/uploads\/2025\/10\/juan-pichihua-768x429.png 768w, https:\/\/wp.lamolina.edu.pe\/egresados\/wp-content\/uploads\/2025\/10\/juan-pichihua-400x224.png 400w\" data-sizes=\"(max-width: 855px) 100vw, 855px\" src=\"data:image\/gif;base64,R0lGODlhAQABAAAAACH5BAEKAAEALAAAAAABAAEAAAICTAEAOw==\" style=\"--smush-placeholder-width: 855px; --smush-placeholder-aspect-ratio: 855\/478;\" \/><\/figure>\n\n\n\n<p><\/p>\n\n\n\n<blockquote class=\"wp-block-quote is-layout-flow wp-block-quote-is-layout-flow\">\n<p><\/p>\n<\/blockquote>\n\n\n\n<p><strong>Ingeniero Agr\u00f3nomo Jos\u00e9&nbsp;Luis Camino Ivanissevich de la Universidad Nacional Agraria la Molina<\/strong>.<\/p>\n\n\n\n<p>Director Gerente General de Sun Fruits Export S.A. Presidente del Directorio de Agr\u00edcola Riachuelo SAC. Presidente del directorio de Oregon Foods S.A. Presidente del Patronato Molinero.Empresario con amplia experiencia nacional e internacional en la direcci\u00f3n y gerencia de empresas privadas e instituciones p\u00fablicas en diversas industrias: Agr\u00edcolas y Agroindustriales, Empresas Financieras,<\/p>\n\n\n\n<figure class=\"wp-block-image size-full\"><img decoding=\"async\" width=\"580\" height=\"330\" data-src=\"https:\/\/wp.lamolina.edu.pe\/egresados\/wp-content\/uploads\/2025\/10\/jose-luis-camino.jpg\" alt=\"\" class=\"wp-image-1313 lazyload\" data-srcset=\"https:\/\/wp.lamolina.edu.pe\/egresados\/wp-content\/uploads\/2025\/10\/jose-luis-camino.jpg 580w, https:\/\/wp.lamolina.edu.pe\/egresados\/wp-content\/uploads\/2025\/10\/jose-luis-camino-300x171.jpg 300w, https:\/\/wp.lamolina.edu.pe\/egresados\/wp-content\/uploads\/2025\/10\/jose-luis-camino-400x228.jpg 400w\" data-sizes=\"(max-width: 580px) 100vw, 580px\" src=\"data:image\/gif;base64,R0lGODlhAQABAAAAACH5BAEKAAEALAAAAAABAAEAAAICTAEAOw==\" style=\"--smush-placeholder-width: 580px; --smush-placeholder-aspect-ratio: 580\/330;\" \/><\/figure>\n\n\n\n<p><strong>El ingeniero Agronomo&nbsp;Eduardo Lama es fundador de Demolitor y Ento Piruw<\/strong><\/p>\n\n\n\n<p><strong>E<\/strong>mprendimiento que naci\u00f3 en nuestra aulas universitarias, y que actualmente es la primera empresa peruana que utiliza la prote\u00edna sostenible de insecto para la alimentaci\u00f3n.<br>El evento fue organizado por el Congreso de la Rep\u00fablica del Per\u00fa, a trav\u00e9s de la Comisi\u00f3n Multipartidaria Hambre Cero encabezada por la congresista Marleny Portero, en coordinaci\u00f3n con la Organizaci\u00f3n de las Naciones Unidas para la Alimentaci\u00f3n y la Agricultura \u2013 FAO,&nbsp;representado por Mariana Escobar y la Oficina del Alto Comisionado de las Naciones Unidas para los Refugiados \u2013 ACNUR, representado por Igor Garafulic.&nbsp;<\/p>\n\n\n\n<p><strong>El ingeniero&nbsp;<a href=\"https:\/\/www.linkedin.com\/in\/ACoAABUpVKUBJrtkcWvlQqsWBqF7kIp5Xe6R7e0\">Eduardo Rodolfo Lama Segura<\/a>, en representaci\u00f3n de&nbsp;<a href=\"https:\/\/www.linkedin.com\/company\/entopiruw\/\">Ento Piruw<\/a>&nbsp;fue reconocido como H\u00e9roe de la Alimentaci\u00f3n<\/strong>&nbsp;? por el&nbsp;<a href=\"https:\/\/www.linkedin.com\/company\/congreso-de-la-rep%C3%BAblica-del-per%C3%BA\/\">Congreso de la Rep\u00fablica del Per\u00fa&nbsp;<\/a>y la&nbsp;<a href=\"https:\/\/www.linkedin.com\/company\/fao\/\">FAO<\/a>;&nbsp;debido a que lidera en el pa\u00eds el desarrollo de prote\u00edna sostenible a base de insectos&nbsp;?&nbsp;&nbsp;para combatir la inseguridad alimentaria, alineado a los Objetivos de Desarrollo Sostenible.<\/p>\n\n\n\n<figure class=\"wp-block-image size-full\"><img decoding=\"async\" width=\"768\" height=\"399\" data-src=\"https:\/\/wp.lamolina.edu.pe\/egresados\/wp-content\/uploads\/2025\/10\/eduardo-lama.jpeg\" alt=\"\" class=\"wp-image-1312 lazyload\" data-srcset=\"https:\/\/wp.lamolina.edu.pe\/egresados\/wp-content\/uploads\/2025\/10\/eduardo-lama.jpeg 768w, https:\/\/wp.lamolina.edu.pe\/egresados\/wp-content\/uploads\/2025\/10\/eduardo-lama-300x156.jpeg 300w, https:\/\/wp.lamolina.edu.pe\/egresados\/wp-content\/uploads\/2025\/10\/eduardo-lama-400x208.jpeg 400w\" data-sizes=\"(max-width: 768px) 100vw, 768px\" src=\"data:image\/gif;base64,R0lGODlhAQABAAAAACH5BAEKAAEALAAAAAABAAEAAAICTAEAOw==\" style=\"--smush-placeholder-width: 768px; --smush-placeholder-aspect-ratio: 768\/399;\" \/><\/figure>\n","protected":false},"excerpt":{"rendered":"<p>Carlos Gereda&nbsp;&nbsp;Ingeniero en Gesti\u00f3n Empresarial&nbsp; Carlos Gereda&nbsp;viene de una familia de agricultores desde su bisabuelo, por lo que su pasi\u00f3n por las plantas la lleva en la sangre. En 2022, cuando se encontraba cursando los \u00faltimos ciclos de la carrera de Ingenier\u00eda en Gesti\u00f3n Empresarial en la&nbsp;Universidad Nacional Agraria La Molina (UNALM),&nbsp;su padre, quien hab\u00eda [&hellip;]<\/p>\n","protected":false},"author":1,"featured_media":0,"parent":0,"menu_order":0,"comment_status":"closed","ping_status":"closed","template":"","meta":{"_uag_custom_page_level_css":"","footnotes":""},"class_list":["post-69","page","type-page","status-publish","hentry"],"uagb_featured_image_src":{"full":false,"thumbnail":false,"medium":false,"medium_large":false,"large":false,"1536x1536":false,"2048x2048":false,"university-hub-thumb":false},"uagb_author_info":{"display_name":"admin","author_link":"https:\/\/wp.lamolina.edu.pe\/egresados\/index.php\/author\/admin\/"},"uagb_comment_info":0,"uagb_excerpt":"Carlos Gereda&nbsp;&nbsp;Ingeniero en Gesti\u00f3n Empresarial&nbsp; Carlos Gereda&nbsp;viene de una familia de agricultores desde su bisabuelo, por lo que su pasi\u00f3n por las plantas la lleva en la sangre. En 2022, cuando se encontraba cursando los \u00faltimos ciclos de la carrera de Ingenier\u00eda en Gesti\u00f3n Empresarial en la&nbsp;Universidad Nacional Agraria La Molina (UNALM),&nbsp;su padre, quien hab\u00eda&hellip;","_links":{"self":[{"href":"https:\/\/wp.lamolina.edu.pe\/egresados\/index.php\/wp-json\/wp\/v2\/pages\/69","targetHints":{"allow":["GET"]}}],"collection":[{"href":"https:\/\/wp.lamolina.edu.pe\/egresados\/index.php\/wp-json\/wp\/v2\/pages"}],"about":[{"href":"https:\/\/wp.lamolina.edu.pe\/egresados\/index.php\/wp-json\/wp\/v2\/types\/page"}],"author":[{"embeddable":true,"href":"https:\/\/wp.lamolina.edu.pe\/egresados\/index.php\/wp-json\/wp\/v2\/users\/1"}],"replies":[{"embeddable":true,"href":"https:\/\/wp.lamolina.edu.pe\/egresados\/index.php\/wp-json\/wp\/v2\/comments?post=69"}],"version-history":[{"count":15,"href":"https:\/\/wp.lamolina.edu.pe\/egresados\/index.php\/wp-json\/wp\/v2\/pages\/69\/revisions"}],"predecessor-version":[{"id":1322,"href":"https:\/\/wp.lamolina.edu.pe\/egresados\/index.php\/wp-json\/wp\/v2\/pages\/69\/revisions\/1322"}],"wp:attachment":[{"href":"https:\/\/wp.lamolina.edu.pe\/egresados\/index.php\/wp-json\/wp\/v2\/media?parent=69"}],"curies":[{"name":"wp","href":"https:\/\/api.w.org\/{rel}","templated":true}]}}