{"id":768,"date":"2025-03-11T16:01:06","date_gmt":"2025-03-11T21:01:06","guid":{"rendered":"http:\/\/172.16.50.168\/egresados\/?page_id=768"},"modified":"2025-03-12T10:32:08","modified_gmt":"2025-03-12T15:32:08","slug":"diapositiva-1","status":"publish","type":"page","link":"https:\/\/wp.lamolina.edu.pe\/egresados\/index.php\/diapositiva-1\/","title":{"rendered":"Diapositiva 1"},"content":{"rendered":"\n<h2 class=\"wp-block-heading\"><strong>Un Campus que Forma L\u00edderes y Egresados Exitosos<\/strong><\/h2>\n\n\n\n<p><\/p>\n\n\n\n<p>Nuestro campus universitario es m\u00e1s que un espacio de aprendizaje; es el punto de partida de grandes profesionales. Con modernas instalaciones, amplias \u00e1reas verdes y una infraestructura dise\u00f1ada para la educaci\u00f3n de calidad, preparamos a nuestros estudiantes para afrontar los desaf\u00edos del mundo laboral.<\/p>\n\n\n\n<p>Cada aula ha sido testigo del esfuerzo y crecimiento de nuestros egresados, quienes hoy destacan en diversas industrias gracias a la formaci\u00f3n integral que recibieron aqu\u00ed. Nuestra universidad no solo brinda conocimientos, sino que tambi\u00e9n fortalece el v\u00ednculo con sus egresados, ofreciendo programas de seguimiento, empleabilidad y ferias laborales para impulsar su inserci\u00f3n en el mercado.<\/p>\n\n\n\n<p>Porque creemos que la educaci\u00f3n no termina en las aulas, sino que contin\u00faa con cada paso que dan nuestros egresados en su camino profesional.<\/p>\n\n\n\n<p><strong>Si eres egresado, mantente conectado con nosotros y descubre nuevas oportunidades. \u00a1Tu universidad sigue siendo tu hogar!<\/strong><\/p>\n\n\n\n<p><\/p>\n","protected":false},"excerpt":{"rendered":"<p>Un Campus que Forma L\u00edderes y Egresados Exitosos Nuestro campus universitario es m\u00e1s que un espacio de aprendizaje; es el punto de partida de grandes profesionales. Con modernas instalaciones, amplias \u00e1reas verdes y una infraestructura dise\u00f1ada para la educaci\u00f3n de calidad, preparamos a nuestros estudiantes para afrontar los desaf\u00edos del mundo laboral. Cada aula ha [&hellip;]<\/p>\n","protected":false},"author":1,"featured_media":784,"parent":0,"menu_order":0,"comment_status":"closed","ping_status":"closed","template":"","meta":{"_uag_custom_page_level_css":"","footnotes":""},"class_list":["post-768","page","type-page","status-publish","has-post-thumbnail","hentry"],"uagb_featured_image_src":{"full":["https:\/\/wp.lamolina.edu.pe\/egresados\/wp-content\/uploads\/2025\/03\/CAMPUS_0638.jpg",1350,574,false],"thumbnail":["https:\/\/wp.lamolina.edu.pe\/egresados\/wp-content\/uploads\/2025\/03\/CAMPUS_0638.jpg",150,64,false],"medium":["https:\/\/wp.lamolina.edu.pe\/egresados\/wp-content\/uploads\/2025\/03\/CAMPUS_0638.jpg",300,128,false],"medium_large":["https:\/\/wp.lamolina.edu.pe\/egresados\/wp-content\/uploads\/2025\/03\/CAMPUS_0638.jpg",768,327,false],"large":["https:\/\/wp.lamolina.edu.pe\/egresados\/wp-content\/uploads\/2025\/03\/CAMPUS_0638.jpg",771,328,false],"1536x1536":["https:\/\/wp.lamolina.edu.pe\/egresados\/wp-content\/uploads\/2025\/03\/CAMPUS_0638.jpg",1350,574,false],"2048x2048":["https:\/\/wp.lamolina.edu.pe\/egresados\/wp-content\/uploads\/2025\/03\/CAMPUS_0638.jpg",1350,574,false],"university-hub-thumb":["https:\/\/wp.lamolina.edu.pe\/egresados\/wp-content\/uploads\/2025\/03\/CAMPUS_0638.jpg",400,170,false]},"uagb_author_info":{"display_name":"admin","author_link":"https:\/\/wp.lamolina.edu.pe\/egresados\/index.php\/author\/admin\/"},"uagb_comment_info":0,"uagb_excerpt":"Un Campus que Forma L\u00edderes y Egresados Exitosos Nuestro campus universitario es m\u00e1s que un espacio de aprendizaje; es el punto de partida de grandes profesionales. Con modernas instalaciones, amplias \u00e1reas verdes y una infraestructura dise\u00f1ada para la educaci\u00f3n de calidad, preparamos a nuestros estudiantes para afrontar los desaf\u00edos del mundo laboral. Cada aula ha&hellip;","_links":{"self":[{"href":"https:\/\/wp.lamolina.edu.pe\/egresados\/index.php\/wp-json\/wp\/v2\/pages\/768","targetHints":{"allow":["GET"]}}],"collection":[{"href":"https:\/\/wp.lamolina.edu.pe\/egresados\/index.php\/wp-json\/wp\/v2\/pages"}],"about":[{"href":"https:\/\/wp.lamolina.edu.pe\/egresados\/index.php\/wp-json\/wp\/v2\/types\/page"}],"author":[{"embeddable":true,"href":"https:\/\/wp.lamolina.edu.pe\/egresados\/index.php\/wp-json\/wp\/v2\/users\/1"}],"replies":[{"embeddable":true,"href":"https:\/\/wp.lamolina.edu.pe\/egresados\/index.php\/wp-json\/wp\/v2\/comments?post=768"}],"version-history":[{"count":3,"href":"https:\/\/wp.lamolina.edu.pe\/egresados\/index.php\/wp-json\/wp\/v2\/pages\/768\/revisions"}],"predecessor-version":[{"id":825,"href":"https:\/\/wp.lamolina.edu.pe\/egresados\/index.php\/wp-json\/wp\/v2\/pages\/768\/revisions\/825"}],"wp:featuredmedia":[{"embeddable":true,"href":"https:\/\/wp.lamolina.edu.pe\/egresados\/index.php\/wp-json\/wp\/v2\/media\/784"}],"wp:attachment":[{"href":"https:\/\/wp.lamolina.edu.pe\/egresados\/index.php\/wp-json\/wp\/v2\/media?parent=768"}],"curies":[{"name":"wp","href":"https:\/\/api.w.org\/{rel}","templated":true}]}}