{"id":907,"date":"2025-03-13T12:39:03","date_gmt":"2025-03-13T17:39:03","guid":{"rendered":"http:\/\/172.16.50.168\/egresados\/?page_id=907"},"modified":"2025-03-14T14:21:39","modified_gmt":"2025-03-14T19:21:39","slug":"quienes-somos","status":"publish","type":"page","link":"https:\/\/wp.lamolina.edu.pe\/egresados\/index.php\/quienes-somos\/","title":{"rendered":"Quienes Somos"},"content":{"rendered":"\n<div class=\"wp-block-uagb-separator uagb-block-601e28c9\"><div class=\"wp-block-uagb-separator__inner\" style=\"--my-background-image:\"><\/div><\/div>\n\n\n\n<div class=\"wp-block-columns is-layout-flex wp-container-core-columns-is-layout-28f84493 wp-block-columns-is-layout-flex\">\n<div class=\"wp-block-column is-layout-flow wp-block-column-is-layout-flow\">\n<h2 class=\"wp-block-heading has-text-align-center has-green-color has-text-color has-link-color wp-elements-1bd786f2a4d228adede328818428b1c0\" style=\"font-size:15px\"><strong>La Unidad de Seguimiento al Egresado<\/strong><\/h2>\n\n\n\n<p class=\"has-text-align-center\">Es la encargada de promover, gestionar y velar por la vinculaci\u00f3n permanente con la comunidad de egresados      de la UNALM, as\u00ed como facilitar su inserci\u00f3n laboral. <\/p>\n<\/div>\n\n\n\n<div class=\"wp-block-column is-layout-flow wp-block-column-is-layout-flow\">\n<figure class=\"wp-block-image size-full\"><img decoding=\"async\" width=\"2048\" height=\"1365\" data-src=\"http:\/\/172.16.50.168\/egresados\/wp-content\/uploads\/2025\/03\/egresados5.jpg\" alt=\"\" class=\"wp-image-510 lazyload\" src=\"data:image\/gif;base64,R0lGODlhAQABAAAAACH5BAEKAAEALAAAAAABAAEAAAICTAEAOw==\" style=\"--smush-placeholder-width: 2048px; --smush-placeholder-aspect-ratio: 2048\/1365;\" \/><\/figure>\n<\/div>\n<\/div>\n\n\n\n<div class=\"wp-block-uagb-separator uagb-block-5cf4d28d\"><div class=\"wp-block-uagb-separator__inner\" style=\"--my-background-image:\"><\/div><\/div>\n\n\n\n<div class=\"wp-block-columns is-layout-flex wp-container-core-columns-is-layout-28f84493 wp-block-columns-is-layout-flex\">\n<div class=\"wp-block-column is-layout-flow wp-block-column-is-layout-flow\">\n<h2 class=\"wp-block-heading has-text-align-center has-green-color has-text-color has-link-color has-large-font-size wp-elements-0dd88b8c79728ef915715b27a50548c4\"><strong>Misi\u00f3n<\/strong><\/h2>\n<\/div>\n\n\n\n<div class=\"wp-block-column is-layout-flow wp-block-column-is-layout-flow\">\n<p class=\"has-text-align-center has-green-color has-text-color has-link-color has-large-font-size wp-elements-a3a3bf8655d6dc0e9b8ddeb8a8a08ed8\"><strong>Visi\u00f3n<\/strong><\/p>\n<\/div>\n<\/div>\n\n\n\n<div class=\"wp-block-columns is-layout-flex wp-container-core-columns-is-layout-28f84493 wp-block-columns-is-layout-flex\">\n<div class=\"wp-block-column is-layout-flow wp-block-column-is-layout-flow\">\n<p class=\"has-text-align-left\">Mantener un estrecho v\u00ednculo con los egresados y graduados, ofreciendo servicios de formaci\u00f3n de calidad, promoviendo la inserci\u00f3n laboral, el emprendimiento, la investigaci\u00f3n y la responsabilidad social<\/p>\n\n\n\n<p><\/p>\n<\/div>\n\n\n\n<div class=\"wp-block-column is-layout-flow wp-block-column-is-layout-flow\">\n<p>El \u00c1rea de seguimiento al egresado y graduado de la Nacional Agraria la Molina, propiciar\u00e1 los espacios necesarios para la vinculaci\u00f3n con nuestros egresados y<br>graduados.<\/p>\n<\/div>\n<\/div>\n\n\n\n<div class=\"wp-block-columns is-layout-flex wp-container-core-columns-is-layout-28f84493 wp-block-columns-is-layout-flex\">\n<div class=\"wp-block-column is-layout-flow wp-block-column-is-layout-flow\">\n<figure class=\"wp-block-image size-full is-resized\"><img decoding=\"async\" width=\"259\" height=\"194\" data-src=\"http:\/\/172.16.50.168\/egresados\/wp-content\/uploads\/2025\/03\/mision.jpeg\" alt=\"\" class=\"wp-image-912 lazyload\" style=\"--smush-placeholder-width: 259px; --smush-placeholder-aspect-ratio: 259\/194;width:328px;height:auto\" src=\"data:image\/gif;base64,R0lGODlhAQABAAAAACH5BAEKAAEALAAAAAABAAEAAAICTAEAOw==\" \/><\/figure>\n<\/div>\n\n\n\n<div class=\"wp-block-column is-layout-flow wp-block-column-is-layout-flow\">\n<figure class=\"wp-block-image size-full is-resized\"><img decoding=\"async\" width=\"300\" height=\"200\" data-src=\"http:\/\/172.16.50.168\/egresados\/wp-content\/uploads\/2025\/03\/vision.jpg\" alt=\"\" class=\"wp-image-913 lazyload\" style=\"--smush-placeholder-width: 300px; --smush-placeholder-aspect-ratio: 300\/200;width:374px;height:auto\" src=\"data:image\/gif;base64,R0lGODlhAQABAAAAACH5BAEKAAEALAAAAAABAAEAAAICTAEAOw==\" \/><\/figure>\n<\/div>\n<\/div>\n\n\n\n<div class=\"wp-block-uagb-separator uagb-block-1bc370a7\"><div class=\"wp-block-uagb-separator__inner\" style=\"--my-background-image:\"><\/div><\/div>\n\n\n\n<h2 class=\"wp-block-heading has-text-align-center has-green-color has-text-color has-link-color wp-elements-08823267745900a37b3a1f7c93774331\"><strong>Organigrama<\/strong><\/h2>\n\n\n\n<p class=\"has-text-align-left\">La Unidad de Seguimiento al Egresado depende de la Direcci\u00f3n de Estudios y Registros Acad\u00e9micos y trabaja en estrecha colaboraci\u00f3n con las facultades y otras unidades relevantes de la universidad.<\/p>\n\n\n\n<figure class=\"wp-block-image size-full\"><img decoding=\"async\" width=\"696\" height=\"488\" data-src=\"http:\/\/172.16.50.168\/egresados\/wp-content\/uploads\/2025\/03\/image-12.png\" alt=\"\" class=\"wp-image-922 lazyload\" src=\"data:image\/gif;base64,R0lGODlhAQABAAAAACH5BAEKAAEALAAAAAABAAEAAAICTAEAOw==\" style=\"--smush-placeholder-width: 696px; --smush-placeholder-aspect-ratio: 696\/488;\" \/><\/figure>\n\n\n\n<div class=\"wp-block-uagb-separator uagb-block-f29bcbb0\"><div class=\"wp-block-uagb-separator__inner\" style=\"--my-background-image:\"><\/div><\/div>\n\n\n\n<p class=\"has-text-align-center has-green-color has-text-color has-link-color wp-elements-45850997f83855eaa908fbe44dd40b6e\"><strong>Contactos<\/strong><\/p>\n\n\n\n<p><\/p>\n","protected":false},"excerpt":{"rendered":"<p>La Unidad de Seguimiento al Egresado Es la encargada de promover, gestionar y velar por la vinculaci\u00f3n permanente con la comunidad de egresados de la UNALM, as\u00ed como facilitar su inserci\u00f3n laboral. Misi\u00f3n Visi\u00f3n Mantener un estrecho v\u00ednculo con los egresados y graduados, ofreciendo servicios de formaci\u00f3n de calidad, promoviendo la inserci\u00f3n laboral, el emprendimiento, [&hellip;]<\/p>\n","protected":false},"author":1,"featured_media":0,"parent":0,"menu_order":0,"comment_status":"closed","ping_status":"closed","template":"","meta":{"_uag_custom_page_level_css":"","footnotes":""},"class_list":["post-907","page","type-page","status-publish","hentry"],"uagb_featured_image_src":{"full":false,"thumbnail":false,"medium":false,"medium_large":false,"large":false,"1536x1536":false,"2048x2048":false,"university-hub-thumb":false},"uagb_author_info":{"display_name":"admin","author_link":"https:\/\/wp.lamolina.edu.pe\/egresados\/index.php\/author\/admin\/"},"uagb_comment_info":0,"uagb_excerpt":"La Unidad de Seguimiento al Egresado Es la encargada de promover, gestionar y velar por la vinculaci\u00f3n permanente con la comunidad de egresados de la UNALM, as\u00ed como facilitar su inserci\u00f3n laboral. Misi\u00f3n Visi\u00f3n Mantener un estrecho v\u00ednculo con los egresados y graduados, ofreciendo servicios de formaci\u00f3n de calidad, promoviendo la inserci\u00f3n laboral, el emprendimiento,&hellip;","_links":{"self":[{"href":"https:\/\/wp.lamolina.edu.pe\/egresados\/index.php\/wp-json\/wp\/v2\/pages\/907","targetHints":{"allow":["GET"]}}],"collection":[{"href":"https:\/\/wp.lamolina.edu.pe\/egresados\/index.php\/wp-json\/wp\/v2\/pages"}],"about":[{"href":"https:\/\/wp.lamolina.edu.pe\/egresados\/index.php\/wp-json\/wp\/v2\/types\/page"}],"author":[{"embeddable":true,"href":"https:\/\/wp.lamolina.edu.pe\/egresados\/index.php\/wp-json\/wp\/v2\/users\/1"}],"replies":[{"embeddable":true,"href":"https:\/\/wp.lamolina.edu.pe\/egresados\/index.php\/wp-json\/wp\/v2\/comments?post=907"}],"version-history":[{"count":9,"href":"https:\/\/wp.lamolina.edu.pe\/egresados\/index.php\/wp-json\/wp\/v2\/pages\/907\/revisions"}],"predecessor-version":[{"id":935,"href":"https:\/\/wp.lamolina.edu.pe\/egresados\/index.php\/wp-json\/wp\/v2\/pages\/907\/revisions\/935"}],"wp:attachment":[{"href":"https:\/\/wp.lamolina.edu.pe\/egresados\/index.php\/wp-json\/wp\/v2\/media?parent=907"}],"curies":[{"name":"wp","href":"https:\/\/api.w.org\/{rel}","templated":true}]}}