{"id":93,"date":"2025-02-25T13:02:44","date_gmt":"2025-02-25T18:02:44","guid":{"rendered":"http:\/\/172.16.50.168\/egresados\/?page_id=93"},"modified":"2025-03-11T11:17:48","modified_gmt":"2025-03-11T16:17:48","slug":"comunicaciones","status":"publish","type":"page","link":"https:\/\/wp.lamolina.edu.pe\/egresados\/index.php\/comunicaciones\/","title":{"rendered":"Comunicaciones"},"content":{"rendered":"\n<p><strong>Estimado\/a egresado\/a.<\/strong><\/p>\n\n\n\n<p>La Constancia de Registro al&nbsp;Sistema de Seguimiento al Egresado&nbsp;<strong>es un requisito para la obtenci\u00f3n del grado acad\u00e9mico, seg\u00fan Resoluci\u00f3n de Consejo Universitario TR. N\u00b0 0058-2021-CU-UNALM aprobado en este a\u00f1o 2021 para todos los egresados en general.<\/strong><\/p>\n\n\n\n<p>Para obtener la constancia antes indicada, deber\u00e1s registrarte en el siguiente link:&nbsp;<a href=\"https:\/\/conecta.lamolina.edu.pe\/#\/\"><strong>https:\/\/conecta.lamolina.edu.pe\/#\/<\/strong><\/a>en la opci\u00f3n&nbsp;<strong>\u201csoy egresado y deseo generar mi contrase\u00f1a\u201d&nbsp;<\/strong>se enviar\u00e1 a tu correo electr\u00f3nico tu contrase\u00f1a por lo que debes ingresar y completar tu registro que consta de cuatro puntos principales:<\/p>\n\n\n\n<h1 class=\"wp-block-heading has-normal-font-size\">Procedimiento para obtener la constancia de Registro al Sistema de Seguimiento al Egresado<\/h1>\n\n\n\n<ul class=\"wp-block-list\">\n<li>Perfil profesional,<\/li>\n\n\n\n<li>Datos personales,<\/li>\n\n\n\n<li>Datos acad\u00e9micos<\/li>\n\n\n\n<li>Datos laborales\/ practicas pre profesionales \/ profesionales<\/li>\n<\/ul>\n\n\n\n<p>Importante : Una vez que hayas completado tus datos, descarga tu constancia de registro del mismo sistema <\/p>\n\n\n\n<p>La constancia es&nbsp;<strong><u>solo&nbsp;para alumnos que cumplieron con su malla curricular<\/u><\/strong>&nbsp;para los tramites de Bachiller y T\u00edtulo Profesional.<\/p>\n\n\n\n<p>Si tienes alguna pregunta o sugerencia respecto a este proceso, escr\u00edbenos al correo:&nbsp;<a href=\"mailto:egresadosunalm@lamolina.edu.pe\">egresadosunalm@lamolina.edu.pe<\/a><\/p>\n\n\n\n<p><img decoding=\"async\" alt=\"Archivos PDF: qu\u00e9 son y para qu\u00e9 se utilizan - Estandarte\" src=\"blob:http:\/\/172.16.50.168\/8beaa31f-0628-4913-8f5d-5b8c25a6af1f\">&nbsp; &nbsp; &nbsp;&nbsp;<a href=\"https:\/\/drive.google.com\/file\/d\/1cJAj1cf9xmOztttELWG5tir5mSLxItNZ\/view?usp=sharing\">Descarga la Resoluci\u00f3n TR. N\u00b0 0058-2021-CU-UNALM<\/a><\/p>\n\n\n\n<p><strong>Atentamente,<\/strong><\/p>\n\n\n\n<p><strong>Seguimiento al Egresado.<\/strong><\/p>\n\n\n\n<p><strong>Direcci\u00f3n de Estudios y Registros Acad\u00e9micos<\/strong><\/p>\n\n\n\n<p>Nuestro horario de atenci\u00f3n de oficina es de&nbsp;&nbsp;lunes a viernes de 8:00&nbsp;am a 12:30:pm y de 1:30pm a 4:00pm.<\/p>\n\n\n\n<p>Telefonos : 614-7800 &#8211; anexo &#8211; 379<\/p>\n\n\n\n<p><\/p>\n","protected":false},"excerpt":{"rendered":"<p>Estimado\/a egresado\/a. La Constancia de Registro al&nbsp;Sistema de Seguimiento al Egresado&nbsp;es un requisito para la obtenci\u00f3n del grado acad\u00e9mico, seg\u00fan Resoluci\u00f3n de Consejo Universitario TR. N\u00b0 0058-2021-CU-UNALM aprobado en este a\u00f1o 2021 para todos los egresados en general. Para obtener la constancia antes indicada, deber\u00e1s registrarte en el siguiente link:&nbsp;https:\/\/conecta.lamolina.edu.pe\/#\/en la opci\u00f3n&nbsp;\u201csoy egresado y deseo [&hellip;]<\/p>\n","protected":false},"author":1,"featured_media":0,"parent":0,"menu_order":0,"comment_status":"closed","ping_status":"closed","template":"","meta":{"_uag_custom_page_level_css":"","footnotes":""},"class_list":["post-93","page","type-page","status-publish","hentry"],"uagb_featured_image_src":{"full":false,"thumbnail":false,"medium":false,"medium_large":false,"large":false,"1536x1536":false,"2048x2048":false,"university-hub-thumb":false},"uagb_author_info":{"display_name":"admin","author_link":"https:\/\/wp.lamolina.edu.pe\/egresados\/index.php\/author\/admin\/"},"uagb_comment_info":0,"uagb_excerpt":"Estimado\/a egresado\/a. La Constancia de Registro al&nbsp;Sistema de Seguimiento al Egresado&nbsp;es un requisito para la obtenci\u00f3n del grado acad\u00e9mico, seg\u00fan Resoluci\u00f3n de Consejo Universitario TR. N\u00b0 0058-2021-CU-UNALM aprobado en este a\u00f1o 2021 para todos los egresados en general. Para obtener la constancia antes indicada, deber\u00e1s registrarte en el siguiente link:&nbsp;https:\/\/conecta.lamolina.edu.pe\/#\/en la opci\u00f3n&nbsp;\u201csoy egresado y deseo&hellip;","_links":{"self":[{"href":"https:\/\/wp.lamolina.edu.pe\/egresados\/index.php\/wp-json\/wp\/v2\/pages\/93","targetHints":{"allow":["GET"]}}],"collection":[{"href":"https:\/\/wp.lamolina.edu.pe\/egresados\/index.php\/wp-json\/wp\/v2\/pages"}],"about":[{"href":"https:\/\/wp.lamolina.edu.pe\/egresados\/index.php\/wp-json\/wp\/v2\/types\/page"}],"author":[{"embeddable":true,"href":"https:\/\/wp.lamolina.edu.pe\/egresados\/index.php\/wp-json\/wp\/v2\/users\/1"}],"replies":[{"embeddable":true,"href":"https:\/\/wp.lamolina.edu.pe\/egresados\/index.php\/wp-json\/wp\/v2\/comments?post=93"}],"version-history":[{"count":8,"href":"https:\/\/wp.lamolina.edu.pe\/egresados\/index.php\/wp-json\/wp\/v2\/pages\/93\/revisions"}],"predecessor-version":[{"id":622,"href":"https:\/\/wp.lamolina.edu.pe\/egresados\/index.php\/wp-json\/wp\/v2\/pages\/93\/revisions\/622"}],"wp:attachment":[{"href":"https:\/\/wp.lamolina.edu.pe\/egresados\/index.php\/wp-json\/wp\/v2\/media?parent=93"}],"curies":[{"name":"wp","href":"https:\/\/api.w.org\/{rel}","templated":true}]}}