{"id":1469,"date":"2024-01-29T09:36:19","date_gmt":"2024-01-29T09:36:19","guid":{"rendered":"https:\/\/wp.lamolina.edu.pe\/facultadeconomia\/?page_id=1469"},"modified":"2024-03-12T17:28:15","modified_gmt":"2024-03-12T17:28:15","slug":"consejo-de-facultad","status":"publish","type":"page","link":"https:\/\/wp.lamolina.edu.pe\/facultadeconomia\/consejo-de-facultad\/","title":{"rendered":"consejo de facultad"},"content":{"rendered":"<p>[et_pb_section fb_built=&#8221;1&#8243; _builder_version=&#8221;4.16&#8243; _module_preset=&#8221;default&#8221; custom_margin=&#8221;0px||0px||false|false&#8221; custom_padding=&#8221;0px||0px||false|false&#8221; global_colors_info=&#8221;{}&#8221;][et_pb_row _builder_version=&#8221;4.16&#8243; _module_preset=&#8221;default&#8221; width=&#8221;100%&#8221; max_width=&#8221;100%&#8221; custom_margin=&#8221;0px||0px||false|false&#8221; custom_padding=&#8221;0px||0px||false|false&#8221; global_colors_info=&#8221;{}&#8221;][et_pb_column type=&#8221;4_4&#8243; _builder_version=&#8221;4.16&#8243; _module_preset=&#8221;default&#8221; global_colors_info=&#8221;{}&#8221;][\/et_pb_column][\/et_pb_row][\/et_pb_section][et_pb_section fb_built=&#8221;1&#8243; _builder_version=&#8221;4.24.0&#8243; _module_preset=&#8221;default&#8221; min_height=&#8221;1000px&#8221; custom_margin=&#8221;||-167px|||&#8221; custom_padding=&#8221;||0px|||&#8221; global_colors_info=&#8221;{}&#8221;][et_pb_row _builder_version=&#8221;4.16&#8243; _module_preset=&#8221;default&#8221; min_height=&#8221;133.8px&#8221; global_colors_info=&#8221;{}&#8221;][et_pb_column type=&#8221;4_4&#8243; _builder_version=&#8221;4.16&#8243; _module_preset=&#8221;default&#8221; global_colors_info=&#8221;{}&#8221;][et_pb_text _builder_version=&#8221;4.24.0&#8243; _module_preset=&#8221;default&#8221; text_font=&#8221;||||||||&#8221; text_text_color=&#8221;#0c5e36&#8243; header_font=&#8221;||||||||&#8221; header_text_align=&#8221;center&#8221; header_text_color=&#8221;#0c5e36&#8243; header_font_size=&#8221;34px&#8221; header_letter_spacing=&#8221;3px&#8221; text_orientation=&#8221;center&#8221; global_colors_info=&#8221;{}&#8221;]<\/p>\n<h1 class=\"section-title text-center wow fadeInDown\">CONSEJO DE FACULTAD<\/h1>\n<p>[\/et_pb_text][et_pb_image src=&#8221;https:\/\/wp.lamolina.edu.pe\/facultadeconomia\/wp-content\/uploads\/2021\/06\/pie-seccion.png&#8221; title_text=&#8221;pie-seccion&#8221; align=&#8221;center&#8221; _builder_version=&#8221;4.16&#8243; _module_preset=&#8221;default&#8221; width=&#8221;12%&#8221; max_width=&#8221;61%&#8221; module_alignment=&#8221;center&#8221; custom_margin=&#8221;-22px||||false|false&#8221; global_colors_info=&#8221;{}&#8221;][\/et_pb_image][\/et_pb_column][\/et_pb_row][et_pb_row _builder_version=&#8221;4.24.0&#8243; _module_preset=&#8221;default&#8221; global_colors_info=&#8221;{}&#8221;][et_pb_column type=&#8221;4_4&#8243; _builder_version=&#8221;4.24.0&#8243; _module_preset=&#8221;default&#8221; global_colors_info=&#8221;{}&#8221;][et_pb_text _builder_version=&#8221;4.24.2&#8243; _module_preset=&#8221;default&#8221; text_text_color=&#8221;#0c5e36&#8243; text_font_size=&#8221;20px&#8221; text_letter_spacing=&#8221;1px&#8221; text_line_height=&#8221;1.3em&#8221; module_alignment=&#8221;center&#8221; custom_padding=&#8221;||0px|||&#8221; hover_enabled=&#8221;0&#8243; locked=&#8221;off&#8221; global_colors_info=&#8221;{}&#8221; sticky_enabled=&#8221;0&#8243;]<\/p>\n<p><strong>Decano<\/strong><\/p>\n<ul>\n<li>Dr. Elias Felix Huerta Camones<\/li>\n<\/ul>\n<p><strong>Secretario (e)<\/strong><\/p>\n<ul>\n<li>Mag. Mario Buenaventura Castillo Hilario<\/li>\n<\/ul>\n<p><strong>Docentes<\/strong><\/p>\n<ul>\n<li>Mg.Sc. Raquel Margot Gomez Oscorima<\/li>\n<li>Dr. Ivan Dennys Soto Rodr\u00edguez<\/li>\n<li>Mg. Sc. Miguel \u00c1ngel Alc\u00e1ntara Santill\u00e1n<\/li>\n<li>Dr. Pedro Ricardo Quiroz Quezada<\/li>\n<li>Dr. Pedro Pablo Ciro Ccopa Antay<\/li>\n<li>Mg. Carmen Lily Doris Cuadros Ant\u00fanez de Mayolo<\/li>\n<li>Econ. Juan Carlos Rojas Cubas<\/li>\n<li>Dr. Carlos L\u00f3pez de Castilla V\u00e1squez<\/li>\n<li>Mg. Jimmy Renzo Yepez Aguirre<\/li>\n<li>Mtro. Karina Marlen Yachi Del Pino<\/li>\n<li>Econ. Luis Alberto Chaparro Guerra<\/li>\n<li>Mg. Jes\u00fas Eduardo Gamboa Unsihuay<\/li>\n<\/ul>\n<p><strong>Tercio Estudiantil<\/strong><\/p>\n<ul>\n<li>Srta. Ivanna Abigail Cubas Cubas<\/li>\n<li>Srta. Laly Christina Aliaga Granados<\/li>\n<li>Srta. Gabriela Desiree Ramirez Cuba<\/li>\n<li>Srta. Isabel del Rosario Alvarado Llanos<\/li>\n<li>Sr. Elmer Jesulin Morales Ugaz<\/li>\n<li>Srta. Mar\u00eda Jes\u00fas Esteban Ramirez<\/li>\n<\/ul>\n<p>[\/et_pb_text][\/et_pb_column][\/et_pb_row][\/et_pb_section]<\/p>\n","protected":false},"excerpt":{"rendered":"<p>CONSEJO DE FACULTADDecano Dr. Elias Felix Huerta Camones Secretario (e) Mag. Mario Buenaventura Castillo Hilario Docentes Mg.Sc. Raquel Margot Gomez Oscorima Dr. Ivan Dennys Soto Rodr\u00edguez Mg. Sc. Miguel \u00c1ngel Alc\u00e1ntara Santill\u00e1n Dr. Pedro Ricardo Quiroz Quezada Dr. Pedro Pablo Ciro Ccopa Antay Mg. Carmen Lily Doris Cuadros Ant\u00fanez de Mayolo Econ. Juan Carlos Rojas [&hellip;]<\/p>\n","protected":false},"author":1,"featured_media":0,"parent":0,"menu_order":0,"comment_status":"closed","ping_status":"closed","template":"","meta":{"_et_pb_use_builder":"on","_et_pb_old_content":"","_et_gb_content_width":"","footnotes":""},"class_list":["post-1469","page","type-page","status-publish","hentry"],"_links":{"self":[{"href":"https:\/\/wp.lamolina.edu.pe\/facultadeconomia\/wp-json\/wp\/v2\/pages\/1469","targetHints":{"allow":["GET"]}}],"collection":[{"href":"https:\/\/wp.lamolina.edu.pe\/facultadeconomia\/wp-json\/wp\/v2\/pages"}],"about":[{"href":"https:\/\/wp.lamolina.edu.pe\/facultadeconomia\/wp-json\/wp\/v2\/types\/page"}],"author":[{"embeddable":true,"href":"https:\/\/wp.lamolina.edu.pe\/facultadeconomia\/wp-json\/wp\/v2\/users\/1"}],"replies":[{"embeddable":true,"href":"https:\/\/wp.lamolina.edu.pe\/facultadeconomia\/wp-json\/wp\/v2\/comments?post=1469"}],"version-history":[{"count":5,"href":"https:\/\/wp.lamolina.edu.pe\/facultadeconomia\/wp-json\/wp\/v2\/pages\/1469\/revisions"}],"predecessor-version":[{"id":1516,"href":"https:\/\/wp.lamolina.edu.pe\/facultadeconomia\/wp-json\/wp\/v2\/pages\/1469\/revisions\/1516"}],"wp:attachment":[{"href":"https:\/\/wp.lamolina.edu.pe\/facultadeconomia\/wp-json\/wp\/v2\/media?parent=1469"}],"curies":[{"name":"wp","href":"https:\/\/api.w.org\/{rel}","templated":true}]}}