{"id":1748,"date":"2025-08-26T14:23:53","date_gmt":"2025-08-26T14:23:53","guid":{"rendered":"https:\/\/wp.lamolina.edu.pe\/facultadeconomia\/?page_id=1748"},"modified":"2025-08-27T20:45:54","modified_gmt":"2025-08-27T20:45:54","slug":"descargar-formatos","status":"publish","type":"page","link":"https:\/\/wp.lamolina.edu.pe\/facultadeconomia\/descargar-formatos\/","title":{"rendered":"Descargar Formatos"},"content":{"rendered":"<p>[et_pb_section fb_built=&#8221;1&#8243; _builder_version=&#8221;4.27.4&#8243; _module_preset=&#8221;default&#8221; custom_padding=&#8221;||54px|||&#8221; global_colors_info=&#8221;{}&#8221;][et_pb_row _builder_version=&#8221;4.27.4&#8243; _module_preset=&#8221;default&#8221; global_colors_info=&#8221;{}&#8221;][et_pb_column type=&#8221;4_4&#8243; _builder_version=&#8221;4.27.4&#8243; _module_preset=&#8221;default&#8221; global_colors_info=&#8221;{}&#8221;][et_pb_text _builder_version=&#8221;4.27.4&#8243; _module_preset=&#8221;default&#8221; width=&#8221;100%&#8221; custom_padding=&#8221;||25px|||&#8221; hover_enabled=&#8221;0&#8243; global_colors_info=&#8221;{}&#8221; sticky_enabled=&#8221;0&#8243;]<\/p>\n<p>Ac\u00e1 podr\u00e1s descargar los formatos necesarios. Solo ingresa al drive donde se encuentran los formatos correspondientes.<\/p>\n<h4><strong>Traslado Interno<\/strong><\/h4>\n<ul>\n<ul>\n<ul>\n<li>Procedimiento de traslado interno \u2013 DAGE. <em>(El procedimiento es s\u00f3lo para la carrera de Ingenier\u00eda de Gesti\u00f3n Empresarial)<\/em><\/li>\n<li>Solicitud de traslado interno<\/li>\n<li>FUT<\/li>\n<li>Cuenta para pagos UNALM<\/li>\n<li>Resoluci\u00f3n 0056 2021 Requisitos Traslado Interno<\/li>\n<\/ul>\n<\/ul>\n<\/ul>\n<p><a href=\"https:\/\/drive.google.com\/drive\/folders\/1kfRyYjbhPDR0TkaXsRTZmvts9Zip6MT8?usp=drive_link\" target=\"_blank\" rel=\"noopener\">https:\/\/drive.google.com\/drive\/folders\/1kfRyYjbhPDR0TkaXsRTZmvts9Zip6MT8?usp=drive_link<\/a><\/p>\n<p>&nbsp;<\/p>\n<h4><strong>Reincorporaci\u00f3n<\/strong><\/h4>\n<ul>\n<li style=\"list-style-type: none;\">\n<ul>\n<li style=\"list-style-type: none;\">\n<ul>\n<li>Solicitud de Reincorporaci\u00f3n<\/li>\n<li>FUT<\/li>\n<li>Tupa Reincorporaci\u00f3n<\/li>\n<\/ul>\n<\/li>\n<\/ul>\n<\/li>\n<\/ul>\n<p><a href=\"https:\/\/drive.google.com\/drive\/folders\/1q8mN347RarmbLmS5HIX1wKPScOyeSZv-?usp=sharing\" target=\"_blank\" rel=\"noopener\">https:\/\/drive.google.com\/drive\/folders\/1q8mN347RarmbLmS5HIX1wKPScOyeSZv-?usp=sharing<\/a><\/p>\n<p>[\/et_pb_text][\/et_pb_column][\/et_pb_row][\/et_pb_section]<\/p>\n","protected":false},"excerpt":{"rendered":"<p>Ac\u00e1 podr\u00e1s descargar los formatos necesarios. Solo ingresa al drive donde se encuentran los formatos correspondientes. Traslado Interno Procedimiento de traslado interno \u2013 DAGE. (El procedimiento es s\u00f3lo para la carrera de Ingenier\u00eda de Gesti\u00f3n Empresarial) Solicitud de traslado interno FUT Cuenta para pagos UNALM Resoluci\u00f3n 0056 2021 Requisitos Traslado Interno https:\/\/drive.google.com\/drive\/folders\/1kfRyYjbhPDR0TkaXsRTZmvts9Zip6MT8?usp=drive_link &nbsp; Reincorporaci\u00f3n Solicitud [&hellip;]<\/p>\n","protected":false},"author":1,"featured_media":0,"parent":0,"menu_order":0,"comment_status":"closed","ping_status":"closed","template":"","meta":{"_et_pb_use_builder":"on","_et_pb_old_content":"","_et_gb_content_width":"","footnotes":""},"class_list":["post-1748","page","type-page","status-publish","hentry"],"_links":{"self":[{"href":"https:\/\/wp.lamolina.edu.pe\/facultadeconomia\/wp-json\/wp\/v2\/pages\/1748","targetHints":{"allow":["GET"]}}],"collection":[{"href":"https:\/\/wp.lamolina.edu.pe\/facultadeconomia\/wp-json\/wp\/v2\/pages"}],"about":[{"href":"https:\/\/wp.lamolina.edu.pe\/facultadeconomia\/wp-json\/wp\/v2\/types\/page"}],"author":[{"embeddable":true,"href":"https:\/\/wp.lamolina.edu.pe\/facultadeconomia\/wp-json\/wp\/v2\/users\/1"}],"replies":[{"embeddable":true,"href":"https:\/\/wp.lamolina.edu.pe\/facultadeconomia\/wp-json\/wp\/v2\/comments?post=1748"}],"version-history":[{"count":3,"href":"https:\/\/wp.lamolina.edu.pe\/facultadeconomia\/wp-json\/wp\/v2\/pages\/1748\/revisions"}],"predecessor-version":[{"id":1754,"href":"https:\/\/wp.lamolina.edu.pe\/facultadeconomia\/wp-json\/wp\/v2\/pages\/1748\/revisions\/1754"}],"wp:attachment":[{"href":"https:\/\/wp.lamolina.edu.pe\/facultadeconomia\/wp-json\/wp\/v2\/media?parent=1748"}],"curies":[{"name":"wp","href":"https:\/\/api.w.org\/{rel}","templated":true}]}}