{"id":1777,"date":"2025-09-22T14:36:35","date_gmt":"2025-09-22T14:36:35","guid":{"rendered":"https:\/\/wp.lamolina.edu.pe\/facultadeconomia\/?page_id=1777"},"modified":"2025-09-22T14:36:36","modified_gmt":"2025-09-22T14:36:36","slug":"publicaciones-2","status":"publish","type":"page","link":"https:\/\/wp.lamolina.edu.pe\/facultadeconomia\/publicaciones-2\/","title":{"rendered":"Publicaciones"},"content":{"rendered":"<p>[et_pb_section fb_built=&#8221;1&#8243; _builder_version=&#8221;4.27.4&#8243; _module_preset=&#8221;default&#8221; min_height=&#8221;856.5px&#8221; custom_padding=&#8221;||54px|||&#8221; global_colors_info=&#8221;{}&#8221;][et_pb_row _builder_version=&#8221;4.27.4&#8243; _module_preset=&#8221;default&#8221; min_height=&#8221;761.5px&#8221; global_colors_info=&#8221;{}&#8221;][et_pb_column type=&#8221;4_4&#8243; _builder_version=&#8221;4.27.4&#8243; _module_preset=&#8221;default&#8221; global_colors_info=&#8221;{}&#8221;][et_pb_text _builder_version=&#8221;4.27.4&#8243; _module_preset=&#8221;default&#8221; width=&#8221;100%&#8221; custom_padding=&#8221;||25px|||&#8221; global_colors_info=&#8221;{}&#8221;]<\/p>\n<p style=\"text-align: justify;\"><span style=\"color: #333333;\">\u00a1El agro peruano sigue creciendo en el mundo y nuestra Facultad tiene mucho que aportar! El <em>Observatorio de las Agroexportaciones Peruanas 2024<\/em>\u00a0ha sido elaborado por el Instituto de Estudios Econ\u00f3mico, Social y de Negocios de la Facultad de Econom\u00eda y Planificaci\u00f3n \u2013 UNALM.\u00a0Este informe re\u00fane los datos m\u00e1s recientes sobre los principales productos, mercados y tendencias de la agroexportaci\u00f3n, ofreciendo una mirada integral que fortalece la competitividad del sector y abre nuevas oportunidades para el pa\u00eds.<\/span><\/p>\n<p style=\"text-align: justify;\"><span style=\"color: #333333;\">Aqu\u00ed podr\u00e1s leer y descargar el documento en formato PDF &#8220;<em><strong>El Observatorio de las Agroexportaciones Peruanas 2024 UNALM IEESE&#8221; <\/strong><\/em>ingresando al archivo drive adjunto.<\/span><\/p>\n<p style=\"text-align: justify;\"><a href=\"https:\/\/drive.google.com\/drive\/folders\/1B666kHPJqwNgNJrSk-dH4-oYlRIL24Q4\" target=\"_blank\" rel=\"noopener\" style=\"text-align: start;\">https:\/\/drive.google.com\/drive\/folders\/1B666kHPJqwNgNJrSk-dH4-oYlRIL24Q4<\/a><\/p>\n<p><img loading=\"lazy\" decoding=\"async\" width=\"876\" height=\"491\" src=\"https:\/\/wp.lamolina.edu.pe\/facultadeconomia\/wp-content\/uploads\/2025\/09\/Observatorio-2024.png\" alt=\"\" class=\"size-medium alignnone\" style=\"display: block; margin-left: auto; margin-right: auto;\" \/><\/p>\n<p>[\/et_pb_text][\/et_pb_column][\/et_pb_row][\/et_pb_section]<\/p>\n","protected":false},"excerpt":{"rendered":"<p>\u00a1El agro peruano sigue creciendo en el mundo y nuestra Facultad tiene mucho que aportar! El Observatorio de las Agroexportaciones Peruanas 2024\u00a0ha sido elaborado por el Instituto de Estudios Econ\u00f3mico, Social y de Negocios de la Facultad de Econom\u00eda y Planificaci\u00f3n \u2013 UNALM.\u00a0Este informe re\u00fane los datos m\u00e1s recientes sobre los principales productos, mercados y [&hellip;]<\/p>\n","protected":false},"author":1,"featured_media":0,"parent":0,"menu_order":0,"comment_status":"closed","ping_status":"closed","template":"","meta":{"_et_pb_use_builder":"on","_et_pb_old_content":"","_et_gb_content_width":"","footnotes":""},"class_list":["post-1777","page","type-page","status-publish","hentry"],"_links":{"self":[{"href":"https:\/\/wp.lamolina.edu.pe\/facultadeconomia\/wp-json\/wp\/v2\/pages\/1777","targetHints":{"allow":["GET"]}}],"collection":[{"href":"https:\/\/wp.lamolina.edu.pe\/facultadeconomia\/wp-json\/wp\/v2\/pages"}],"about":[{"href":"https:\/\/wp.lamolina.edu.pe\/facultadeconomia\/wp-json\/wp\/v2\/types\/page"}],"author":[{"embeddable":true,"href":"https:\/\/wp.lamolina.edu.pe\/facultadeconomia\/wp-json\/wp\/v2\/users\/1"}],"replies":[{"embeddable":true,"href":"https:\/\/wp.lamolina.edu.pe\/facultadeconomia\/wp-json\/wp\/v2\/comments?post=1777"}],"version-history":[{"count":9,"href":"https:\/\/wp.lamolina.edu.pe\/facultadeconomia\/wp-json\/wp\/v2\/pages\/1777\/revisions"}],"predecessor-version":[{"id":1795,"href":"https:\/\/wp.lamolina.edu.pe\/facultadeconomia\/wp-json\/wp\/v2\/pages\/1777\/revisions\/1795"}],"wp:attachment":[{"href":"https:\/\/wp.lamolina.edu.pe\/facultadeconomia\/wp-json\/wp\/v2\/media?parent=1777"}],"curies":[{"name":"wp","href":"https:\/\/api.w.org\/{rel}","templated":true}]}}