{"id":228,"date":"2021-08-18T06:23:28","date_gmt":"2021-08-18T06:23:28","guid":{"rendered":"https:\/\/wp.lamolina.edu.pe\/facultadeconomia\/?page_id=228"},"modified":"2023-01-05T20:22:01","modified_gmt":"2023-01-05T20:22:01","slug":"departamento-economia-gestion-del-departamento","status":"publish","type":"page","link":"https:\/\/wp.lamolina.edu.pe\/facultadeconomia\/departamento-economia-gestion-del-departamento\/","title":{"rendered":"Departamento Econom\u00eda &#8211; Gesti\u00f3n del Departamento"},"content":{"rendered":"<p>[et_pb_section fb_built=&#8221;1&#8243; _builder_version=&#8221;4.9.3&#8243; _module_preset=&#8221;default&#8221; min_height=&#8221;1215.6px&#8221; custom_margin=&#8221;||-53px|||&#8221;][et_pb_row _builder_version=&#8221;4.9.3&#8243; _module_preset=&#8221;default&#8221;][et_pb_column type=&#8221;4_4&#8243; _builder_version=&#8221;4.9.3&#8243; _module_preset=&#8221;default&#8221;][et_pb_text _builder_version=&#8221;4.9.3&#8243; _module_preset=&#8221;default&#8221; text_font=&#8221;||||||||&#8221; text_text_color=&#8221;#0c5e36&#8243; header_font=&#8221;||||||||&#8221; header_text_align=&#8221;center&#8221; header_text_color=&#8221;#0c5e36&#8243; header_font_size=&#8221;31px&#8221; header_letter_spacing=&#8221;3px&#8221; text_orientation=&#8221;center&#8221;]<\/p>\n<h1 class=\"section-title text-center wow fadeInDown\">DEPARTAMENTO ACAD\u00c9MICO DE ECONOM\u00cdA Y PLANIFICACI\u00d3N<\/h1>\n<p>[\/et_pb_text][et_pb_image src=&#8221;https:\/\/wp.lamolina.edu.pe\/facultadeconomia\/wp-content\/uploads\/2021\/06\/pie-seccion.png&#8221; title_text=&#8221;pie-seccion&#8221; align=&#8221;center&#8221; _builder_version=&#8221;4.9.3&#8243; _module_preset=&#8221;default&#8221; width=&#8221;12%&#8221; max_width=&#8221;61%&#8221; module_alignment=&#8221;center&#8221; custom_margin=&#8221;-22px||||false|false&#8221;][\/et_pb_image][\/et_pb_column][\/et_pb_row][et_pb_row _builder_version=&#8221;4.9.3&#8243; _module_preset=&#8221;default&#8221; custom_padding=&#8221;48px|||||&#8221;][et_pb_column type=&#8221;4_4&#8243; _builder_version=&#8221;4.9.3&#8243; _module_preset=&#8221;default&#8221;][et_pb_text _builder_version=&#8221;4.9.3&#8243; _module_preset=&#8221;default&#8221; min_height=&#8221;54px&#8221; custom_margin=&#8221;||-36px|||&#8221; custom_padding=&#8221;||24px|||&#8221;]<\/p>\n<h3><span style=\"color: #006600;\"><strong>GESTI\u00d3N DEL DEPARTAMENTO<\/strong><\/span><\/h3>\n<p>[\/et_pb_text][et_pb_divider color=&#8221;#E09900&#8243; divider_position=&#8221;bottom&#8221; divider_weight=&#8221;3px&#8221; _builder_version=&#8221;4.9.3&#8243; _module_preset=&#8221;default&#8221; width=&#8221;15%&#8221; module_alignment=&#8221;left&#8221; animation_style=&#8221;slide&#8221;][\/et_pb_divider][\/et_pb_column][\/et_pb_row][\/et_pb_section][et_pb_section fb_built=&#8221;1&#8243; _builder_version=&#8221;4.9.3&#8243; _module_preset=&#8221;default&#8221; min_height=&#8221;639px&#8221; custom_margin=&#8221;-903px||5px||false|false&#8221; custom_padding=&#8221;0px||0px||false|false&#8221;][et_pb_row column_structure=&#8221;3_5,2_5&#8243; _builder_version=&#8221;4.9.3&#8243; _module_preset=&#8221;default&#8221; min_height=&#8221;528px&#8221; custom_margin=&#8221;|auto|-190px|auto||&#8221;][et_pb_column type=&#8221;3_5&#8243; _builder_version=&#8221;4.9.3&#8243; _module_preset=&#8221;default&#8221;][et_pb_text _builder_version=&#8221;4.9.3&#8243; _module_preset=&#8221;default&#8221; text_text_color=&#8221;#0c5e36&#8243; text_font_size=&#8221;20px&#8221; text_letter_spacing=&#8221;1px&#8221; text_line_height=&#8221;1.3em&#8221; module_alignment=&#8221;center&#8221; hover_enabled=&#8221;0&#8243; sticky_enabled=&#8221;0&#8243;]<\/p>\n<p style=\"text-align: justify;\">El Departamento Acad\u00e9mico de Econom\u00eda y Planificaci\u00f3n cuenta con docentes altamente calificados, los cuales imparten los cursos pertenecientes al Programa de Econom\u00eda. Para su gesti\u00f3n, el DAEP ha organizado diferentes comisiones conformadas por sus docentes.<\/p>\n<ul>\n<li>Comit\u00e9 de Calidad<\/li>\n<li>Comisi\u00f3n Plan de Estudios.<\/li>\n<li>Comisi\u00f3n de Investigaci\u00f3n.<\/li>\n<li>Comisi\u00f3n de Nivelaci\u00f3n.<\/li>\n<li>Comisi\u00f3n de Imagen del DAEP y del Programa de Econom\u00eda.<\/li>\n<li>Comisi\u00f3n Seguimiento al Egresado.<\/li>\n<li>Comisi\u00f3n Docente.<\/li>\n<li>Comisi\u00f3n tutor\u00eda acad\u00e9mica.<\/li>\n<li>Comisi\u00f3n Proyecci\u00f3n Social.<\/li>\n<li>Comisi\u00f3n capacitaci\u00f3n y Virtualizaci\u00f3n de la Ense\u00f1anza.<\/li>\n<li>Comisi\u00f3n de Relaciones Interinstitucionales.<\/li>\n<li>Coordinador de Pr\u00e1cticas pre-profesionales.<\/li>\n<li>Coordinador de programaci\u00f3n de cursos.<\/li>\n<li>Coordinador Plan Operativo.<\/li>\n<\/ul>\n<p>[\/et_pb_text][\/et_pb_column][et_pb_column type=&#8221;2_5&#8243; _builder_version=&#8221;4.9.3&#8243; _module_preset=&#8221;default&#8221;][et_pb_image src=&#8221;https:\/\/wp.lamolina.edu.pe\/facultadeconomia\/wp-content\/uploads\/2021\/08\/depa_economia.jpg&#8221; _builder_version=&#8221;4.9.3&#8243; _module_preset=&#8221;default&#8221; scroll_fade_enable=&#8221;on&#8221;][\/et_pb_image][\/et_pb_column][\/et_pb_row][\/et_pb_section]<\/p>\n","protected":false},"excerpt":{"rendered":"<p>DEPARTAMENTO ACAD\u00c9MICO DE ECONOM\u00cdA Y PLANIFICACI\u00d3NGESTI\u00d3N DEL DEPARTAMENTOEl Departamento Acad\u00e9mico de Econom\u00eda y Planificaci\u00f3n cuenta con docentes altamente calificados, los cuales imparten los cursos pertenecientes al Programa de Econom\u00eda. Para su gesti\u00f3n, el DAEP ha organizado diferentes comisiones conformadas por sus docentes. Comit\u00e9 de Calidad Comisi\u00f3n Plan de Estudios. Comisi\u00f3n de Investigaci\u00f3n. Comisi\u00f3n de Nivelaci\u00f3n. [&hellip;]<\/p>\n","protected":false},"author":1,"featured_media":0,"parent":0,"menu_order":0,"comment_status":"closed","ping_status":"closed","template":"","meta":{"_et_pb_use_builder":"on","_et_pb_old_content":"<!-- wp:divi\/placeholder \/-->","_et_gb_content_width":"","footnotes":""},"class_list":["post-228","page","type-page","status-publish","hentry"],"_links":{"self":[{"href":"https:\/\/wp.lamolina.edu.pe\/facultadeconomia\/wp-json\/wp\/v2\/pages\/228","targetHints":{"allow":["GET"]}}],"collection":[{"href":"https:\/\/wp.lamolina.edu.pe\/facultadeconomia\/wp-json\/wp\/v2\/pages"}],"about":[{"href":"https:\/\/wp.lamolina.edu.pe\/facultadeconomia\/wp-json\/wp\/v2\/types\/page"}],"author":[{"embeddable":true,"href":"https:\/\/wp.lamolina.edu.pe\/facultadeconomia\/wp-json\/wp\/v2\/users\/1"}],"replies":[{"embeddable":true,"href":"https:\/\/wp.lamolina.edu.pe\/facultadeconomia\/wp-json\/wp\/v2\/comments?post=228"}],"version-history":[{"count":4,"href":"https:\/\/wp.lamolina.edu.pe\/facultadeconomia\/wp-json\/wp\/v2\/pages\/228\/revisions"}],"predecessor-version":[{"id":1280,"href":"https:\/\/wp.lamolina.edu.pe\/facultadeconomia\/wp-json\/wp\/v2\/pages\/228\/revisions\/1280"}],"wp:attachment":[{"href":"https:\/\/wp.lamolina.edu.pe\/facultadeconomia\/wp-json\/wp\/v2\/media?parent=228"}],"curies":[{"name":"wp","href":"https:\/\/api.w.org\/{rel}","templated":true}]}}