{"id":288,"date":"2021-08-22T08:37:36","date_gmt":"2021-08-22T08:37:36","guid":{"rendered":"https:\/\/wp.lamolina.edu.pe\/facultadeconomia\/?page_id=288"},"modified":"2021-11-01T16:12:05","modified_gmt":"2021-11-01T16:12:05","slug":"departamento-economia-libros","status":"publish","type":"page","link":"https:\/\/wp.lamolina.edu.pe\/facultadeconomia\/departamento-economia-libros\/","title":{"rendered":"Departamento Econom\u00eda &#8211; Libros"},"content":{"rendered":"<p>[et_pb_section fb_built=&#8221;1&#8243; _builder_version=&#8221;4.9.3&#8243; _module_preset=&#8221;default&#8221; min_height=&#8221;1000px&#8221; height=&#8221;1300px&#8221; max_height=&#8221;1300px&#8221; custom_margin=&#8221;||-53px|||&#8221;][et_pb_row _builder_version=&#8221;4.9.3&#8243; _module_preset=&#8221;default&#8221;][et_pb_column type=&#8221;4_4&#8243; _builder_version=&#8221;4.9.3&#8243; _module_preset=&#8221;default&#8221;][et_pb_text _builder_version=&#8221;4.9.3&#8243; _module_preset=&#8221;default&#8221; text_font=&#8221;||||||||&#8221; text_text_color=&#8221;#0c5e36&#8243; header_font=&#8221;||||||||&#8221; header_text_align=&#8221;center&#8221; header_text_color=&#8221;#0c5e36&#8243; header_font_size=&#8221;31px&#8221; header_letter_spacing=&#8221;3px&#8221; text_orientation=&#8221;center&#8221;]<\/p>\n<h1 class=\"section-title text-center wow fadeInDown\">DEPARTAMENTO ACAD\u00c9MICO DE ECONOM\u00cdA Y PLANIFICACI\u00d3N<\/h1>\n<p>[\/et_pb_text][et_pb_image src=&#8221;https:\/\/wp.lamolina.edu.pe\/facultadeconomia\/wp-content\/uploads\/2021\/06\/pie-seccion.png&#8221; title_text=&#8221;pie-seccion&#8221; align=&#8221;center&#8221; _builder_version=&#8221;4.9.3&#8243; _module_preset=&#8221;default&#8221; width=&#8221;12%&#8221; max_width=&#8221;61%&#8221; module_alignment=&#8221;center&#8221; custom_margin=&#8221;-22px||||false|false&#8221;][\/et_pb_image][\/et_pb_column][\/et_pb_row][et_pb_row _builder_version=&#8221;4.9.3&#8243; _module_preset=&#8221;default&#8221; custom_padding=&#8221;48px|||||&#8221;][et_pb_column type=&#8221;4_4&#8243; _builder_version=&#8221;4.9.3&#8243; _module_preset=&#8221;default&#8221;][et_pb_text _builder_version=&#8221;4.9.3&#8243; _module_preset=&#8221;default&#8221; min_height=&#8221;54px&#8221; custom_margin=&#8221;||-36px|||&#8221; custom_padding=&#8221;||24px|||&#8221;]<\/p>\n<h3><span style=\"color: #006600;\"><strong>I + D + i<\/strong><\/span><\/h3>\n<p>[\/et_pb_text][et_pb_divider color=&#8221;#E09900&#8243; divider_position=&#8221;bottom&#8221; divider_weight=&#8221;3px&#8221; _builder_version=&#8221;4.9.3&#8243; _module_preset=&#8221;default&#8221; width=&#8221;15%&#8221; module_alignment=&#8221;left&#8221; animation_style=&#8221;slide&#8221;][\/et_pb_divider][\/et_pb_column][\/et_pb_row][et_pb_row _builder_version=&#8221;4.9.3&#8243; _module_preset=&#8221;default&#8221;][et_pb_column type=&#8221;4_4&#8243; _builder_version=&#8221;4.9.3&#8243; _module_preset=&#8221;default&#8221;][et_pb_button button_text=&#8221;LIBROS DE DOCENTES&#8221; _builder_version=&#8221;4.9.3&#8243; _module_preset=&#8221;default&#8221; custom_button=&#8221;on&#8221; button_text_size=&#8221;18px&#8221; button_text_color=&#8221;#FFFFFF&#8221; button_bg_color=&#8221;#0c5e36&#8243; button_border_radius=&#8221;12px&#8221;][\/et_pb_button][\/et_pb_column][\/et_pb_row][et_pb_row _builder_version=&#8221;4.9.3&#8243; _module_preset=&#8221;default&#8221; width=&#8221;68%&#8221; max_width=&#8221;811px&#8221; module_alignment=&#8221;center&#8221; custom_margin=&#8221;|131px||auto||&#8221;][et_pb_column type=&#8221;4_4&#8243; _builder_version=&#8221;4.9.3&#8243; _module_preset=&#8221;default&#8221; background_color=&#8221;#f39737&#8243;][et_pb_slider _builder_version=&#8221;4.9.3&#8243; _module_preset=&#8221;default&#8221; width=&#8221;82%&#8221; custom_margin=&#8221;|70px||73px||&#8221; custom_padding=&#8221;|67px||0px||&#8221;][et_pb_slide heading=&#8221;Econom\u00eda de los Recursos Naturales. (Fondo editorial UNALM, 2018). &#8221; image=&#8221;https:\/\/wp.lamolina.edu.pe\/facultadeconomia\/wp-content\/uploads\/2021\/08\/3.png&#8221; _builder_version=&#8221;4.9.3&#8243; _module_preset=&#8221;default&#8221; header_font_size=&#8221;25px&#8221; background_color=&#8221;#f39737&#8243; background_enable_color=&#8221;on&#8221; sticky_transition=&#8221;on&#8221;]<\/p>\n<h4>Luis Jim\u00e9nez.<\/h4>\n<p>[\/et_pb_slide][et_pb_slide heading=&#8221;Econometr\u00eda con E-Views y aplicaciones en econom\u00eda agr\u00edcola, econom\u00eda de Recursos Naturales y Desarrollo Sustentable.&#8221; image=&#8221;https:\/\/wp.lamolina.edu.pe\/facultadeconomia\/wp-content\/uploads\/2021\/08\/2.png&#8221; _builder_version=&#8221;4.9.3&#8243; _module_preset=&#8221;default&#8221; header_font_size=&#8221;25px&#8221; background_color=&#8221;#f39737&#8243; background_enable_color=&#8221;on&#8221; sticky_transition=&#8221;on&#8221;]<\/p>\n<h4>Jorge Alarc\u00f3n &#8211; Jos\u00e9 Nolazco.<\/h4>\n<p>[\/et_pb_slide][et_pb_slide heading=&#8221;Problemas pr\u00e1cticos b\u00e1sicos de microeconom\u00eda. (Fondo editorial UNALM, 2017).&#8221; image=&#8221;https:\/\/wp.lamolina.edu.pe\/facultadeconomia\/wp-content\/uploads\/2021\/08\/5.png&#8221; _builder_version=&#8221;4.9.3&#8243; _module_preset=&#8221;default&#8221; header_font_size=&#8221;25px&#8221; background_color=&#8221;#f39737&#8243; background_enable_color=&#8221;on&#8221; sticky_transition=&#8221;on&#8221;]<\/p>\n<h4>\u00c1lvaro Ortiz.<\/h4>\n<p>[\/et_pb_slide][et_pb_slide heading=&#8221;An\u00e1lisis de la producci\u00f3n &#8211; un enfoque microecon\u00f3mico  (Fondo editorial UNALM, 2014) &#8221; image=&#8221;https:\/\/wp.lamolina.edu.pe\/facultadeconomia\/wp-content\/uploads\/2021\/08\/1.png&#8221; _builder_version=&#8221;4.9.3&#8243; _module_preset=&#8221;default&#8221; header_font_size=&#8221;25px&#8221; background_color=&#8221;#f39737&#8243; background_enable_color=&#8221;on&#8221; sticky_transition=&#8221;on&#8221;]<\/p>\n<h4>\u00c1lvaro Ortiz &#8211; Miguel Alc\u00e1ntara.<\/h4>\n<p>[\/et_pb_slide][et_pb_slide heading=&#8221;Formulaci\u00f3n y evaluaci\u00f3n privada de proyectos. (Fondo editorial UNALM, 2014). &#8221; image=&#8221;https:\/\/wp.lamolina.edu.pe\/facultadeconomia\/wp-content\/uploads\/2021\/08\/4.png&#8221; _builder_version=&#8221;4.9.3&#8243; _module_preset=&#8221;default&#8221; header_font_size=&#8221;25px&#8221; background_color=&#8221;#f39737&#8243; background_enable_color=&#8221;on&#8221; sticky_transition=&#8221;on&#8221;]<\/p>\n<h4>Luis Jim\u00e9nez.<\/h4>\n<p>[\/et_pb_slide][et_pb_slide heading=&#8221;Teor\u00eda y pol\u00edtica macroecon\u00f3mica en una econom\u00eda abierta.  (UNALM, 2012).  &#8221; image=&#8221;https:\/\/wp.lamolina.edu.pe\/facultadeconomia\/wp-content\/uploads\/2021\/08\/6.png&#8221; _builder_version=&#8221;4.9.3&#8243; _module_preset=&#8221;default&#8221; header_font_size=&#8221;25px&#8221; background_color=&#8221;#f39737&#8243; background_enable_color=&#8221;on&#8221; sticky_transition=&#8221;on&#8221;]<\/p>\n<h4>Agapito Linares.<\/h4>\n<p>[\/et_pb_slide][\/et_pb_slider][\/et_pb_column][\/et_pb_row][\/et_pb_section]<\/p>\n","protected":false},"excerpt":{"rendered":"<p>DEPARTAMENTO ACAD\u00c9MICO DE ECONOM\u00cdA Y PLANIFICACI\u00d3NI + D + iLuis Jim\u00e9nez.Jorge Alarc\u00f3n &#8211; Jos\u00e9 Nolazco.\u00c1lvaro Ortiz.\u00c1lvaro Ortiz &#8211; Miguel Alc\u00e1ntara.Luis Jim\u00e9nez.Agapito Linares.<\/p>\n","protected":false},"author":1,"featured_media":0,"parent":0,"menu_order":0,"comment_status":"closed","ping_status":"closed","template":"","meta":{"_et_pb_use_builder":"on","_et_pb_old_content":"<!-- wp:divi\/placeholder \/-->","_et_gb_content_width":"","footnotes":""},"class_list":["post-288","page","type-page","status-publish","hentry"],"_links":{"self":[{"href":"https:\/\/wp.lamolina.edu.pe\/facultadeconomia\/wp-json\/wp\/v2\/pages\/288","targetHints":{"allow":["GET"]}}],"collection":[{"href":"https:\/\/wp.lamolina.edu.pe\/facultadeconomia\/wp-json\/wp\/v2\/pages"}],"about":[{"href":"https:\/\/wp.lamolina.edu.pe\/facultadeconomia\/wp-json\/wp\/v2\/types\/page"}],"author":[{"embeddable":true,"href":"https:\/\/wp.lamolina.edu.pe\/facultadeconomia\/wp-json\/wp\/v2\/users\/1"}],"replies":[{"embeddable":true,"href":"https:\/\/wp.lamolina.edu.pe\/facultadeconomia\/wp-json\/wp\/v2\/comments?post=288"}],"version-history":[{"count":4,"href":"https:\/\/wp.lamolina.edu.pe\/facultadeconomia\/wp-json\/wp\/v2\/pages\/288\/revisions"}],"predecessor-version":[{"id":889,"href":"https:\/\/wp.lamolina.edu.pe\/facultadeconomia\/wp-json\/wp\/v2\/pages\/288\/revisions\/889"}],"wp:attachment":[{"href":"https:\/\/wp.lamolina.edu.pe\/facultadeconomia\/wp-json\/wp\/v2\/media?parent=288"}],"curies":[{"name":"wp","href":"https:\/\/api.w.org\/{rel}","templated":true}]}}