{"id":309,"date":"2021-09-28T07:53:49","date_gmt":"2021-09-28T07:53:49","guid":{"rendered":"https:\/\/wp.lamolina.edu.pe\/facultadeconomia\/?page_id=309"},"modified":"2023-01-10T20:38:41","modified_gmt":"2023-01-10T20:38:41","slug":"departamento-economia-responsabilidad-social","status":"publish","type":"page","link":"https:\/\/wp.lamolina.edu.pe\/facultadeconomia\/departamento-economia-responsabilidad-social\/","title":{"rendered":"Departamento Econom\u00eda &#8211; Responsabilidad Social"},"content":{"rendered":"<p>[et_pb_section fb_built=&#8221;1&#8243; _builder_version=&#8221;4.9.3&#8243; _module_preset=&#8221;default&#8221; min_height=&#8221;1215.6px&#8221; custom_margin=&#8221;||-53px|||&#8221;][et_pb_row _builder_version=&#8221;4.9.3&#8243; _module_preset=&#8221;default&#8221;][et_pb_column type=&#8221;4_4&#8243; _builder_version=&#8221;4.9.3&#8243; _module_preset=&#8221;default&#8221;][et_pb_text _builder_version=&#8221;4.9.3&#8243; _module_preset=&#8221;default&#8221; text_font=&#8221;||||||||&#8221; text_text_color=&#8221;#0c5e36&#8243; header_font=&#8221;||||||||&#8221; header_text_align=&#8221;center&#8221; header_text_color=&#8221;#0c5e36&#8243; header_font_size=&#8221;31px&#8221; header_letter_spacing=&#8221;3px&#8221; text_orientation=&#8221;center&#8221;]<\/p>\n<h1 class=\"section-title text-center wow fadeInDown\">DEPARTAMENTO ACAD\u00c9MICO DE ECONOM\u00cdA Y PLANIFICACI\u00d3N<\/h1>\n<p>[\/et_pb_text][et_pb_image src=&#8221;https:\/\/wp.lamolina.edu.pe\/facultadeconomia\/wp-content\/uploads\/2021\/06\/pie-seccion.png&#8221; title_text=&#8221;pie-seccion&#8221; align=&#8221;center&#8221; _builder_version=&#8221;4.9.3&#8243; _module_preset=&#8221;default&#8221; width=&#8221;12%&#8221; max_width=&#8221;61%&#8221; module_alignment=&#8221;center&#8221; custom_margin=&#8221;-22px||||false|false&#8221;][\/et_pb_image][\/et_pb_column][\/et_pb_row][et_pb_row _builder_version=&#8221;4.9.3&#8243; _module_preset=&#8221;default&#8221; custom_padding=&#8221;48px|||||&#8221;][et_pb_column type=&#8221;4_4&#8243; _builder_version=&#8221;4.9.3&#8243; _module_preset=&#8221;default&#8221;][et_pb_text _builder_version=&#8221;4.9.3&#8243; _module_preset=&#8221;default&#8221; min_height=&#8221;54px&#8221; custom_margin=&#8221;||-36px|||&#8221; custom_padding=&#8221;||24px|||&#8221;]<\/p>\n<h3><span style=\"color: #006600;\"><strong>RESPONSABILIDAD SOCIAL<\/strong><\/span><\/h3>\n<p>[\/et_pb_text][et_pb_divider color=&#8221;#E09900&#8243; divider_position=&#8221;bottom&#8221; divider_weight=&#8221;3px&#8221; _builder_version=&#8221;4.9.3&#8243; _module_preset=&#8221;default&#8221; width=&#8221;15%&#8221; module_alignment=&#8221;left&#8221; animation_style=&#8221;slide&#8221;][\/et_pb_divider][\/et_pb_column][\/et_pb_row][\/et_pb_section][et_pb_section fb_built=&#8221;1&#8243; _builder_version=&#8221;4.9.3&#8243; _module_preset=&#8221;default&#8221; min_height=&#8221;1000px&#8221; custom_margin=&#8221;-903px||5px||false|false&#8221; custom_padding=&#8221;0px|20px|0px|12px|false|false&#8221;][et_pb_row _builder_version=&#8221;4.9.3&#8243; _module_preset=&#8221;default&#8221; min_height=&#8221;528px&#8221; custom_margin=&#8221;|auto|-190px|auto||&#8221;][et_pb_column type=&#8221;4_4&#8243; _builder_version=&#8221;4.9.3&#8243; _module_preset=&#8221;default&#8221;][et_pb_text _builder_version=&#8221;4.9.3&#8243; _module_preset=&#8221;default&#8221; text_text_color=&#8221;#0c5e36&#8243; text_font_size=&#8221;20px&#8221; text_letter_spacing=&#8221;1px&#8221; text_line_height=&#8221;1.3em&#8221; module_alignment=&#8221;center&#8221; hover_enabled=&#8221;0&#8243; sticky_enabled=&#8221;0&#8243;]<\/p>\n<p style=\"text-align: justify;\">Los docentes del DAEP realizan cursos, seminarios, conferencias y talleres dirigidos a la comunidad en general.<\/p>\n<p style=\"text-align: justify;\"><strong>A\u00f1o 2018 <\/strong><\/p>\n<p style=\"text-align: justify;\">Cursos:<\/p>\n<ul style=\"text-align: justify;\">\n<li>Programaci\u00f3n Lineal y Modelamiento<\/li>\n<li>V taller: experimentos de elecci\u00f3n<\/li>\n<li>Formulaci\u00f3n y Evaluaci\u00f3n de Proyectos de Inversi\u00f3n P\u00fablica<\/li>\n<li>Curso-taller \u201cformulaci\u00f3n y evaluaci\u00f3n de proyectos de inversi\u00f3n privados con uso de Excel\u201d<\/li>\n<\/ul>\n<p style=\"text-align: justify;\"><strong>A\u00f1o 2019 <\/strong><\/p>\n<p style=\"text-align: justify;\">Cursos:<\/p>\n<ul style=\"text-align: justify;\">\n<li>VI taller de valoraci\u00f3n contingente<\/li>\n<li>VII taller de experimentos de elecci\u00f3n<\/li>\n<li>VII curso de valoraci\u00f3n econ\u00f3mica de impactos ambientales y servicios ecosist\u00e9micos<\/li>\n<li>Valoraci\u00f3n econ\u00f3mica de la agrobiodiversidad en el Per\u00fa<\/li>\n<li>Valoraci\u00f3n econ\u00f3mica de la biodiversidad y los recursos h\u00eddricos<\/li>\n<\/ul>\n<p style=\"text-align: justify;\">Conferencias y talleres:<\/p>\n<ul style=\"text-align: justify;\">\n<li>Taller de cierre de c\u00edrculo &#8220;valorizando la biodiversidad en el Per\u00fa\u201d<\/li>\n<li>Econom\u00eda ecol\u00f3gica: perspectivas para el an\u00e1lisis de los impactos ambientales<\/li>\n<li>Conferencia en econom\u00eda, gobernabilidad y corrupci\u00f3n<\/li>\n<li>Econom\u00eda y gesti\u00f3n del agua en \u00e9pocas de crisis<\/li>\n<li>Simposium los bonos verdes<\/li>\n<\/ul>\n<p style=\"text-align: justify;\"><strong>A\u00f1o 2020 <\/strong><\/p>\n<p style=\"text-align: justify;\">Cursos:<\/p>\n<ul style=\"text-align: justify;\">\n<li>Formulaci\u00f3n y evaluaci\u00f3n de proyectos de inversi\u00f3n privada con uso de Excel<\/li>\n<li>Valoraci\u00f3n econ\u00f3mica de los impactos ambientales.<\/li>\n<li>Evaluaci\u00f3n econ\u00f3mica del ambiente.<\/li>\n<\/ul>\n<p style=\"text-align: justify;\"><strong>A\u00f1o 2022 <\/strong><\/p>\n<p style=\"text-align: justify;\">Cursos:<\/p>\n<ul>\n<li style=\"text-align: justify;\">Curso Evaluaci\u00f3n Econ\u00f3mica del Ambiente.<\/li>\n<li style=\"text-align: justify;\">Curso M\u00e9todos de Preferencias Declaradas Aplicados a la Valoraci\u00f3n Econ\u00f3mica del Ambiente.<\/li>\n<li style=\"text-align: justify;\">Econometr\u00eda Aplicada: Series de Tiempo para la Investigaci\u00f3n.<\/li>\n<\/ul>\n<p>[\/et_pb_text][\/et_pb_column][\/et_pb_row][et_pb_row _builder_version=&#8221;4.9.3&#8243; _module_preset=&#8221;default&#8221;][et_pb_column type=&#8221;4_4&#8243; _builder_version=&#8221;4.9.3&#8243; _module_preset=&#8221;default&#8221;][et_pb_button button_url=&#8221;https:\/\/www.facebook.com\/UNALM-Facultad-de-Econom%C3%ADa-y-Planificaci%C3%B3n-UEUPS-1917867441813814\/&#8221; url_new_window=&#8221;on&#8221; button_text=&#8221;UNIDAD DE EXTENSI\u00d3N Y PROYECCI\u00d3N SOCIAL&#8221; _builder_version=&#8221;4.9.3&#8243; _module_preset=&#8221;default&#8221; custom_button=&#8221;on&#8221; button_text_color=&#8221;#e09900&#8243;][\/et_pb_button][\/et_pb_column][\/et_pb_row][\/et_pb_section]<\/p>\n","protected":false},"excerpt":{"rendered":"<p>DEPARTAMENTO ACAD\u00c9MICO DE ECONOM\u00cdA Y PLANIFICACI\u00d3NRESPONSABILIDAD SOCIALLos docentes del DAEP realizan cursos, seminarios, conferencias y talleres dirigidos a la comunidad en general. A\u00f1o 2018 Cursos: Programaci\u00f3n Lineal y Modelamiento V taller: experimentos de elecci\u00f3n Formulaci\u00f3n y Evaluaci\u00f3n de Proyectos de Inversi\u00f3n P\u00fablica Curso-taller \u201cformulaci\u00f3n y evaluaci\u00f3n de proyectos de inversi\u00f3n privados con uso de Excel\u201d [&hellip;]<\/p>\n","protected":false},"author":1,"featured_media":0,"parent":0,"menu_order":0,"comment_status":"closed","ping_status":"closed","template":"","meta":{"_et_pb_use_builder":"on","_et_pb_old_content":"<!-- wp:divi\/placeholder \/-->","_et_gb_content_width":"","footnotes":""},"class_list":["post-309","page","type-page","status-publish","hentry"],"_links":{"self":[{"href":"https:\/\/wp.lamolina.edu.pe\/facultadeconomia\/wp-json\/wp\/v2\/pages\/309","targetHints":{"allow":["GET"]}}],"collection":[{"href":"https:\/\/wp.lamolina.edu.pe\/facultadeconomia\/wp-json\/wp\/v2\/pages"}],"about":[{"href":"https:\/\/wp.lamolina.edu.pe\/facultadeconomia\/wp-json\/wp\/v2\/types\/page"}],"author":[{"embeddable":true,"href":"https:\/\/wp.lamolina.edu.pe\/facultadeconomia\/wp-json\/wp\/v2\/users\/1"}],"replies":[{"embeddable":true,"href":"https:\/\/wp.lamolina.edu.pe\/facultadeconomia\/wp-json\/wp\/v2\/comments?post=309"}],"version-history":[{"count":6,"href":"https:\/\/wp.lamolina.edu.pe\/facultadeconomia\/wp-json\/wp\/v2\/pages\/309\/revisions"}],"predecessor-version":[{"id":1288,"href":"https:\/\/wp.lamolina.edu.pe\/facultadeconomia\/wp-json\/wp\/v2\/pages\/309\/revisions\/1288"}],"wp:attachment":[{"href":"https:\/\/wp.lamolina.edu.pe\/facultadeconomia\/wp-json\/wp\/v2\/media?parent=309"}],"curies":[{"name":"wp","href":"https:\/\/api.w.org\/{rel}","templated":true}]}}