{"id":321,"date":"2021-09-28T08:12:31","date_gmt":"2021-09-28T08:12:31","guid":{"rendered":"https:\/\/wp.lamolina.edu.pe\/facultadeconomia\/?page_id=321"},"modified":"2024-05-09T13:06:11","modified_gmt":"2024-05-09T13:06:11","slug":"departamento-economia-agenda","status":"publish","type":"page","link":"https:\/\/wp.lamolina.edu.pe\/facultadeconomia\/departamento-economia-agenda\/","title":{"rendered":"Departamento Econom\u00eda &#8211; Agenda"},"content":{"rendered":"<p>[et_pb_section fb_built=&#8221;1&#8243; _builder_version=&#8221;4.16&#8243; _module_preset=&#8221;default&#8221; min_height=&#8221;1215.6px&#8221; custom_margin=&#8221;||-53px|||&#8221; global_colors_info=&#8221;{}&#8221;][et_pb_row _builder_version=&#8221;4.16&#8243; _module_preset=&#8221;default&#8221; global_colors_info=&#8221;{}&#8221;][et_pb_column type=&#8221;4_4&#8243; _builder_version=&#8221;4.16&#8243; _module_preset=&#8221;default&#8221; global_colors_info=&#8221;{}&#8221;][et_pb_text _builder_version=&#8221;4.16&#8243; _module_preset=&#8221;default&#8221; text_font=&#8221;||||||||&#8221; text_text_color=&#8221;#0c5e36&#8243; header_font=&#8221;||||||||&#8221; header_text_align=&#8221;center&#8221; header_text_color=&#8221;#0c5e36&#8243; header_font_size=&#8221;31px&#8221; header_letter_spacing=&#8221;3px&#8221; text_orientation=&#8221;center&#8221; global_colors_info=&#8221;{}&#8221;]<\/p>\n<h1 class=\"section-title text-center wow fadeInDown\">DEPARTAMENTO ACAD\u00c9MICO DE ECONOM\u00cdA Y PLANIFICACI\u00d3N<\/h1>\n<p>[\/et_pb_text][et_pb_image src=&#8221;https:\/\/wp.lamolina.edu.pe\/facultadeconomia\/wp-content\/uploads\/2021\/06\/pie-seccion.png&#8221; title_text=&#8221;pie-seccion&#8221; align=&#8221;center&#8221; _builder_version=&#8221;4.16&#8243; _module_preset=&#8221;default&#8221; width=&#8221;12%&#8221; max_width=&#8221;61%&#8221; module_alignment=&#8221;center&#8221; custom_margin=&#8221;-22px||||false|false&#8221; global_colors_info=&#8221;{}&#8221;][\/et_pb_image][\/et_pb_column][\/et_pb_row][et_pb_row _builder_version=&#8221;4.16&#8243; _module_preset=&#8221;default&#8221; custom_padding=&#8221;48px|||||&#8221; global_colors_info=&#8221;{}&#8221;][et_pb_column type=&#8221;4_4&#8243; _builder_version=&#8221;4.16&#8243; _module_preset=&#8221;default&#8221; global_colors_info=&#8221;{}&#8221;][et_pb_text _builder_version=&#8221;4.16&#8243; _module_preset=&#8221;default&#8221; min_height=&#8221;54px&#8221; custom_margin=&#8221;||-36px|||&#8221; custom_padding=&#8221;||24px|||&#8221; global_colors_info=&#8221;{}&#8221;]<\/p>\n<h3><span style=\"color: #006600;\"><strong>AGENDA<\/strong><\/span><\/h3>\n<p>[\/et_pb_text][et_pb_divider color=&#8221;#E09900&#8243; divider_position=&#8221;bottom&#8221; divider_weight=&#8221;3px&#8221; _builder_version=&#8221;4.16&#8243; _module_preset=&#8221;default&#8221; width=&#8221;15%&#8221; module_alignment=&#8221;left&#8221; animation_style=&#8221;slide&#8221; global_colors_info=&#8221;{}&#8221;][\/et_pb_divider][\/et_pb_column][\/et_pb_row][et_pb_row _builder_version=&#8221;4.22.1&#8243; _module_preset=&#8221;default&#8221; min_height=&#8221;439px&#8221; custom_margin=&#8221;|auto|39px|auto||&#8221; global_colors_info=&#8221;{}&#8221;][et_pb_column type=&#8221;4_4&#8243; _builder_version=&#8221;4.22.1&#8243; _module_preset=&#8221;default&#8221; global_colors_info=&#8221;{}&#8221;][et_pb_image src=&#8221;https:\/\/wp.lamolina.edu.pe\/facultadeconomia\/wp-content\/uploads\/2023\/08\/convocatoria.png&#8221; title_text=&#8221;convocatoria&#8221; align=&#8221;center&#8221; _builder_version=&#8221;4.22.1&#8243; _module_preset=&#8221;default&#8221; min_height=&#8221;354px&#8221; global_colors_info=&#8221;{}&#8221;][\/et_pb_image][et_pb_divider _builder_version=&#8221;4.22.1&#8243; _module_preset=&#8221;default&#8221; global_colors_info=&#8221;{}&#8221;][\/et_pb_divider][\/et_pb_column][\/et_pb_row][\/et_pb_section][et_pb_section fb_built=&#8221;1&#8243; _builder_version=&#8221;4.16&#8243; _module_preset=&#8221;default&#8221; min_height=&#8221;639px&#8221; custom_margin=&#8221;-903px||5px||false|false&#8221; custom_padding=&#8221;0px||0px||false|false&#8221; global_colors_info=&#8221;{}&#8221;][et_pb_row column_structure=&#8221;3_5,2_5&#8243; _builder_version=&#8221;4.16&#8243; _module_preset=&#8221;default&#8221; min_height=&#8221;528px&#8221; custom_margin=&#8221;|auto|-190px|auto||&#8221; global_colors_info=&#8221;{}&#8221;][et_pb_column type=&#8221;3_5&#8243; _builder_version=&#8221;4.16&#8243; _module_preset=&#8221;default&#8221; global_colors_info=&#8221;{}&#8221;][et_pb_text _builder_version=&#8221;4.16&#8243; _module_preset=&#8221;default&#8221; text_text_color=&#8221;#0c5e36&#8243; text_font_size=&#8221;20px&#8221; text_letter_spacing=&#8221;1px&#8221; text_line_height=&#8221;1.3em&#8221; module_alignment=&#8221;center&#8221; min_height=&#8221;210px&#8221; global_colors_info=&#8221;{}&#8221;]<\/p>\n<p><strong>Eventos organizados por el DAEP:<\/strong><\/p>\n<ul>\n<li style=\"list-style-type: none;\">\n<ul>\n<li>D\u00eda del economista \u2013 8 de abril<\/li>\n<li>Aniversario del DAEP \u2013 27 de abril<\/li>\n<li>Reconocimiento docente \u2013 27 de abril<\/li>\n<li>Jornadas de divulgaci\u00f3n cient\u00edfica<\/li>\n<li>Talleres de Trabajo de Suficiencia Profesional<\/li>\n<\/ul>\n<\/li>\n<\/ul>\n<p>[\/et_pb_text][\/et_pb_column][et_pb_column type=&#8221;2_5&#8243; _builder_version=&#8221;4.16&#8243; _module_preset=&#8221;default&#8221; global_colors_info=&#8221;{}&#8221;][et_pb_image src=&#8221;https:\/\/wp.lamolina.edu.pe\/facultadeconomia\/wp-content\/uploads\/2021\/08\/depa_economia.jpg&#8221; _builder_version=&#8221;4.16&#8243; _module_preset=&#8221;default&#8221; scroll_fade_enable=&#8221;on&#8221; global_colors_info=&#8221;{}&#8221;][\/et_pb_image][\/et_pb_column][\/et_pb_row][et_pb_row _builder_version=&#8221;4.22.0&#8243; _module_preset=&#8221;default&#8221; global_colors_info=&#8221;{}&#8221;][et_pb_column type=&#8221;4_4&#8243; _builder_version=&#8221;4.22.0&#8243; _module_preset=&#8221;default&#8221; global_colors_info=&#8221;{}&#8221;][\/et_pb_column][\/et_pb_row][\/et_pb_section]<\/p>\n","protected":false},"excerpt":{"rendered":"<p>DEPARTAMENTO ACAD\u00c9MICO DE ECONOM\u00cdA Y PLANIFICACI\u00d3NAGENDAEventos organizados por el DAEP: D\u00eda del economista \u2013 8 de abril Aniversario del DAEP \u2013 27 de abril Reconocimiento docente \u2013 27 de abril Jornadas de divulgaci\u00f3n cient\u00edfica Talleres de Trabajo de Suficiencia Profesional<\/p>\n","protected":false},"author":1,"featured_media":0,"parent":0,"menu_order":0,"comment_status":"closed","ping_status":"closed","template":"","meta":{"_et_pb_use_builder":"on","_et_pb_old_content":"<!-- wp:divi\/placeholder \/-->","_et_gb_content_width":"","footnotes":""},"class_list":["post-321","page","type-page","status-publish","hentry"],"_links":{"self":[{"href":"https:\/\/wp.lamolina.edu.pe\/facultadeconomia\/wp-json\/wp\/v2\/pages\/321","targetHints":{"allow":["GET"]}}],"collection":[{"href":"https:\/\/wp.lamolina.edu.pe\/facultadeconomia\/wp-json\/wp\/v2\/pages"}],"about":[{"href":"https:\/\/wp.lamolina.edu.pe\/facultadeconomia\/wp-json\/wp\/v2\/types\/page"}],"author":[{"embeddable":true,"href":"https:\/\/wp.lamolina.edu.pe\/facultadeconomia\/wp-json\/wp\/v2\/users\/1"}],"replies":[{"embeddable":true,"href":"https:\/\/wp.lamolina.edu.pe\/facultadeconomia\/wp-json\/wp\/v2\/comments?post=321"}],"version-history":[{"count":7,"href":"https:\/\/wp.lamolina.edu.pe\/facultadeconomia\/wp-json\/wp\/v2\/pages\/321\/revisions"}],"predecessor-version":[{"id":1553,"href":"https:\/\/wp.lamolina.edu.pe\/facultadeconomia\/wp-json\/wp\/v2\/pages\/321\/revisions\/1553"}],"wp:attachment":[{"href":"https:\/\/wp.lamolina.edu.pe\/facultadeconomia\/wp-json\/wp\/v2\/media?parent=321"}],"curies":[{"name":"wp","href":"https:\/\/api.w.org\/{rel}","templated":true}]}}