{"id":324,"date":"2021-09-28T08:15:11","date_gmt":"2021-09-28T08:15:11","guid":{"rendered":"https:\/\/wp.lamolina.edu.pe\/facultadeconomia\/?page_id=324"},"modified":"2021-11-01T16:10:59","modified_gmt":"2021-11-01T16:10:59","slug":"departamento-economia-enlaces","status":"publish","type":"page","link":"https:\/\/wp.lamolina.edu.pe\/facultadeconomia\/departamento-economia-enlaces\/","title":{"rendered":"Departamento Econom\u00eda &#8211; Enlaces"},"content":{"rendered":"<p>[et_pb_section fb_built=&#8221;1&#8243; _builder_version=&#8221;4.9.3&#8243; _module_preset=&#8221;default&#8221; min_height=&#8221;1800px&#8221; max_height=&#8221;1800px&#8221; custom_margin=&#8221;||-53px|||&#8221;][et_pb_row _builder_version=&#8221;4.9.3&#8243; _module_preset=&#8221;default&#8221;][et_pb_column type=&#8221;4_4&#8243; _builder_version=&#8221;4.9.3&#8243; _module_preset=&#8221;default&#8221;][et_pb_text _builder_version=&#8221;4.9.3&#8243; _module_preset=&#8221;default&#8221; text_font=&#8221;||||||||&#8221; text_text_color=&#8221;#0c5e36&#8243; header_font=&#8221;||||||||&#8221; header_text_align=&#8221;center&#8221; header_text_color=&#8221;#0c5e36&#8243; header_font_size=&#8221;31px&#8221; header_letter_spacing=&#8221;3px&#8221; text_orientation=&#8221;center&#8221;]<\/p>\n<h1 class=\"section-title text-center wow fadeInDown\">DEPARTAMENTO ACAD\u00c9MICO DE ECONOM\u00cdA Y PLANIFICACI\u00d3N<\/h1>\n<p>[\/et_pb_text][et_pb_image src=&#8221;https:\/\/wp.lamolina.edu.pe\/facultadeconomia\/wp-content\/uploads\/2021\/06\/pie-seccion.png&#8221; title_text=&#8221;pie-seccion&#8221; align=&#8221;center&#8221; _builder_version=&#8221;4.9.3&#8243; _module_preset=&#8221;default&#8221; width=&#8221;12%&#8221; max_width=&#8221;61%&#8221; module_alignment=&#8221;center&#8221; custom_margin=&#8221;-22px||||false|false&#8221;][\/et_pb_image][\/et_pb_column][\/et_pb_row][et_pb_row _builder_version=&#8221;4.9.3&#8243; _module_preset=&#8221;default&#8221; custom_padding=&#8221;48px|||||&#8221;][et_pb_column type=&#8221;4_4&#8243; _builder_version=&#8221;4.9.3&#8243; _module_preset=&#8221;default&#8221;][et_pb_text _builder_version=&#8221;4.9.3&#8243; _module_preset=&#8221;default&#8221; min_height=&#8221;54px&#8221; custom_margin=&#8221;||-36px|||&#8221; custom_padding=&#8221;||24px|||&#8221;]<\/p>\n<h3><span style=\"color: #006600;\"><strong>ENLACES DE INTER\u00c9S<\/strong><\/span><\/h3>\n<p>[\/et_pb_text][et_pb_divider color=&#8221;#E09900&#8243; divider_position=&#8221;bottom&#8221; divider_weight=&#8221;3px&#8221; _builder_version=&#8221;4.9.3&#8243; _module_preset=&#8221;default&#8221; width=&#8221;15%&#8221; module_alignment=&#8221;left&#8221; animation_style=&#8221;slide&#8221;][\/et_pb_divider][\/et_pb_column][\/et_pb_row][et_pb_row _builder_version=&#8221;4.9.3&#8243; _module_preset=&#8221;default&#8221; min_height=&#8221;528px&#8221; custom_margin=&#8221;|auto|-190px|auto||&#8221;][et_pb_column type=&#8221;4_4&#8243; _builder_version=&#8221;4.9.3&#8243; _module_preset=&#8221;default&#8221;][et_pb_text _builder_version=&#8221;4.9.3&#8243; _module_preset=&#8221;default&#8221; text_text_color=&#8221;#0c5e36&#8243; text_font_size=&#8221;20px&#8221; text_letter_spacing=&#8221;1px&#8221; text_line_height=&#8221;1.3em&#8221; module_alignment=&#8221;center&#8221; min_height=&#8221;1252px&#8221;]<\/p>\n<p><strong>Enlaces Institucionales<\/strong><\/p>\n<ul>\n<li>Departamento Acad\u00e9mico de Econom\u00eda y Planificaci\u00f3n.<\/li>\n<\/ul>\n<p><a href=\"https:\/\/www.facebook.com\/DAEPUNALM\" target=\"_blank\" rel=\"noopener\">Ver Redes Sociales<\/a><\/p>\n<ul>\n<li>Oficina de Gesti\u00f3n Interinstitucional y Asuntos Globales (ORI).<\/li>\n<\/ul>\n<p><a href=\"http:\/\/wp.lamolina.edu.pe\/rectorado\/ori\/\" target=\"_blank\" rel=\"noopener\">Ver Web<\/a><\/p>\n<p><a href=\"https:\/\/www.facebook.com\/orilamolina\" target=\"_blank\" rel=\"noopener\">Ver Redes Sociales<\/a><\/p>\n<ul>\n<li>Unidad de Bienestar.<\/li>\n<\/ul>\n<p><a href=\"https:\/\/www.facebook.com\/bienestarunalm\" target=\"_blank\" rel=\"noopener\">Ver Redes Sociales<\/a><\/p>\n<ul>\n<li>Oficina de Gesti\u00f3n Ambiental (OGA).<\/li>\n<\/ul>\n<p><a href=\"http:\/\/www.lamolina.edu.pe\/oga\/\" target=\"_blank\" rel=\"noopener\">Ver Web<\/a><\/p>\n<p><a href=\"https:\/\/www.facebook.com\/Agrariasostenible\" target=\"_blank\" rel=\"noopener\">Ver Redes Sociales<\/a><\/p>\n<ul>\n<li>Vicerrectorado de Investigaci\u00f3n (VRI).<\/li>\n<\/ul>\n<p><a href=\"http:\/\/www.lamolina.edu.pe\/investigacion\/\" target=\"_blank\" rel=\"noopener\">Ver Web<\/a><\/p>\n<p><a href=\"https:\/\/www.facebook.com\/investigacionunalm\/\" target=\"_blank\" rel=\"noopener\">Ver Redes Sociales<\/a><\/p>\n<ul>\n<li>Biblioteca Agr\u00edcola Nacional (BAN).<\/li>\n<\/ul>\n<p><a href=\"http:\/\/tumi.lamolina.edu.pe\/ban\/\" target=\"_blank\" rel=\"noopener\">Ver Web<\/a><\/p>\n<p><a href=\"http:\/\/tumi.lamolina.edu.pe\/bvbe\/index.php\/biblioteca-virtual\/\" target=\"_blank\" rel=\"noopener\">Ver Biblioteca Virtual<\/a>\u00a0<\/p>\n<p><a href=\"https:\/\/www.facebook.com\/bibliotecaagricolanacional\" target=\"_blank\" rel=\"noopener\">Ver Redes Sociales<\/a><\/p>\n<ul>\n<li>Repositorio La Molina \u2013 Facultad de Econom\u00eda y Planificaci\u00f3n.<\/li>\n<\/ul>\n<p><a href=\"http:\/\/repositorio.lamolina.edu.pe\/handle\/UNALM\/4\" target=\"_blank\" rel=\"noopener\">Ver Web<\/a><\/p>\n<ul>\n<li>Conecta UNALM (sistema de empleabilidad: convocatorias de trabajo, pr\u00e1cticas profesionales para egresados, bachilleres y titulados de todas las carreras).<\/li>\n<\/ul>\n<p><a href=\"https:\/\/conecta.lamolina.edu.pe\/#\/\" target=\"_blank\" rel=\"noopener\">Ver Web<\/a><\/p>\n<p>&nbsp;<\/p>\n<p><strong>C\u00edrculos de investigaci\u00f3n y agrupaciones estudiantiles de econom\u00eda<\/strong><\/p>\n<ul>\n<li>Circulo de Investigaci\u00f3n en Bienes y Recursos de Uso Com\u00fan (CIBRUC).<\/li>\n<\/ul>\n<p><a href=\"https:\/\/www.facebook.com\/cibruc.cibrucciburc\" target=\"_blank\" rel=\"noopener\">Ver Redes Sociales<\/a><\/p>\n<ul>\n<li>C\u00edrculo de Investigaci\u00f3n de Econom\u00eda de los Recursos Naturales y del Ambiente.<\/li>\n<\/ul>\n<p><a href=\"https:\/\/www.facebook.com\/UNALMCIERNA\" target=\"_blank\" rel=\"noopener\">Ver Redes Sociales<\/a><\/p>\n<ul>\n<li>ECOS-UNALM.<\/li>\n<\/ul>\n<p><a href=\"https:\/\/www.facebook.com\/ecosunalm\" target=\"_blank\" rel=\"noopener\">Ver Redes Sociales<\/a><\/p>\n<p>&nbsp;<\/p>\n<p>&nbsp;<\/p>\n<p>[\/et_pb_text][\/et_pb_column][\/et_pb_row][\/et_pb_section][et_pb_section fb_built=&#8221;1&#8243; _builder_version=&#8221;4.9.3&#8243; _module_preset=&#8221;default&#8221; min_height=&#8221;1000px&#8221; custom_margin=&#8221;-903px||5px||false|false&#8221; custom_padding=&#8221;0px|16px|0px||false|false&#8221;][\/et_pb_section]<\/p>\n","protected":false},"excerpt":{"rendered":"<p>DEPARTAMENTO ACAD\u00c9MICO DE ECONOM\u00cdA Y PLANIFICACI\u00d3NENLACES DE INTER\u00c9SEnlaces Institucionales Departamento Acad\u00e9mico de Econom\u00eda y Planificaci\u00f3n. Ver Redes Sociales Oficina de Gesti\u00f3n Interinstitucional y Asuntos Globales (ORI). Ver Web Ver Redes Sociales Unidad de Bienestar. Ver Redes Sociales Oficina de Gesti\u00f3n Ambiental (OGA). Ver Web Ver Redes Sociales Vicerrectorado de Investigaci\u00f3n (VRI). Ver Web Ver Redes [&hellip;]<\/p>\n","protected":false},"author":1,"featured_media":0,"parent":0,"menu_order":0,"comment_status":"closed","ping_status":"closed","template":"","meta":{"_et_pb_use_builder":"on","_et_pb_old_content":"<!-- wp:divi\/placeholder \/-->","_et_gb_content_width":"","footnotes":""},"class_list":["post-324","page","type-page","status-publish","hentry"],"_links":{"self":[{"href":"https:\/\/wp.lamolina.edu.pe\/facultadeconomia\/wp-json\/wp\/v2\/pages\/324","targetHints":{"allow":["GET"]}}],"collection":[{"href":"https:\/\/wp.lamolina.edu.pe\/facultadeconomia\/wp-json\/wp\/v2\/pages"}],"about":[{"href":"https:\/\/wp.lamolina.edu.pe\/facultadeconomia\/wp-json\/wp\/v2\/types\/page"}],"author":[{"embeddable":true,"href":"https:\/\/wp.lamolina.edu.pe\/facultadeconomia\/wp-json\/wp\/v2\/users\/1"}],"replies":[{"embeddable":true,"href":"https:\/\/wp.lamolina.edu.pe\/facultadeconomia\/wp-json\/wp\/v2\/comments?post=324"}],"version-history":[{"count":13,"href":"https:\/\/wp.lamolina.edu.pe\/facultadeconomia\/wp-json\/wp\/v2\/pages\/324\/revisions"}],"predecessor-version":[{"id":885,"href":"https:\/\/wp.lamolina.edu.pe\/facultadeconomia\/wp-json\/wp\/v2\/pages\/324\/revisions\/885"}],"wp:attachment":[{"href":"https:\/\/wp.lamolina.edu.pe\/facultadeconomia\/wp-json\/wp\/v2\/media?parent=324"}],"curies":[{"name":"wp","href":"https:\/\/api.w.org\/{rel}","templated":true}]}}