{"id":379,"date":"2021-09-28T09:50:37","date_gmt":"2021-09-28T09:50:37","guid":{"rendered":"https:\/\/wp.lamolina.edu.pe\/facultadeconomia\/?page_id=379"},"modified":"2021-11-01T15:52:47","modified_gmt":"2021-11-01T15:52:47","slug":"carrera-economia","status":"publish","type":"page","link":"https:\/\/wp.lamolina.edu.pe\/facultadeconomia\/carrera-economia\/","title":{"rendered":"Carrera Econom\u00eda"},"content":{"rendered":"<p>[et_pb_section fb_built=&#8221;1&#8243; _builder_version=&#8221;4.9.3&#8243; _module_preset=&#8221;default&#8221; min_height=&#8221;1215.6px&#8221; custom_margin=&#8221;||-53px|||&#8221;][et_pb_row _builder_version=&#8221;4.9.3&#8243; _module_preset=&#8221;default&#8221;][et_pb_column type=&#8221;4_4&#8243; _builder_version=&#8221;4.9.3&#8243; _module_preset=&#8221;default&#8221;][et_pb_text _builder_version=&#8221;4.9.3&#8243; _module_preset=&#8221;default&#8221; text_font=&#8221;||||||||&#8221; text_text_color=&#8221;#0c5e36&#8243; header_font=&#8221;||||||||&#8221; header_text_align=&#8221;center&#8221; header_text_color=&#8221;#0c5e36&#8243; header_font_size=&#8221;31px&#8221; header_letter_spacing=&#8221;3px&#8221; text_orientation=&#8221;center&#8221;]<\/p>\n<h1 class=\"section-title text-center wow fadeInDown\">CARRERA PROFESIONAL DE ECONOM\u00cdA<\/h1>\n<p>[\/et_pb_text][et_pb_image src=&#8221;https:\/\/wp.lamolina.edu.pe\/facultadeconomia\/wp-content\/uploads\/2021\/06\/pie-seccion.png&#8221; title_text=&#8221;pie-seccion&#8221; align=&#8221;center&#8221; _builder_version=&#8221;4.9.3&#8243; _module_preset=&#8221;default&#8221; width=&#8221;12%&#8221; max_width=&#8221;61%&#8221; module_alignment=&#8221;center&#8221; custom_margin=&#8221;-22px||||false|false&#8221;][\/et_pb_image][\/et_pb_column][\/et_pb_row][et_pb_row _builder_version=&#8221;4.9.3&#8243; _module_preset=&#8221;default&#8221; custom_padding=&#8221;48px|||||&#8221;][et_pb_column type=&#8221;4_4&#8243; _builder_version=&#8221;4.9.3&#8243; _module_preset=&#8221;default&#8221;][et_pb_text _builder_version=&#8221;4.9.3&#8243; _module_preset=&#8221;default&#8221; min_height=&#8221;54px&#8221; custom_margin=&#8221;||-36px|||&#8221; custom_padding=&#8221;||24px|||&#8221;]<\/p>\n<h3><span style=\"color: #006600;\"><strong>PRESENTACI\u00d3N<\/strong><\/span><\/h3>\n<p>[\/et_pb_text][et_pb_divider color=&#8221;#E09900&#8243; divider_position=&#8221;bottom&#8221; divider_weight=&#8221;3px&#8221; _builder_version=&#8221;4.9.3&#8243; _module_preset=&#8221;default&#8221; width=&#8221;15%&#8221; module_alignment=&#8221;left&#8221; animation_style=&#8221;slide&#8221;][\/et_pb_divider][\/et_pb_column][\/et_pb_row][\/et_pb_section][et_pb_section fb_built=&#8221;1&#8243; _builder_version=&#8221;4.9.3&#8243; _module_preset=&#8221;default&#8221; min_height=&#8221;1197px&#8221; custom_margin=&#8221;-903px||5px||false|false&#8221; custom_padding=&#8221;0px||0px||false|false&#8221;][et_pb_row column_structure=&#8221;3_5,2_5&#8243; _builder_version=&#8221;4.9.3&#8243; _module_preset=&#8221;default&#8221; min_height=&#8221;528px&#8221; custom_margin=&#8221;|auto|-190px|auto||&#8221;][et_pb_column type=&#8221;3_5&#8243; _builder_version=&#8221;4.9.3&#8243; _module_preset=&#8221;default&#8221;][et_pb_text _builder_version=&#8221;4.9.3&#8243; _module_preset=&#8221;default&#8221; text_text_color=&#8221;#0c5e36&#8243; text_font_size=&#8221;20px&#8221; text_letter_spacing=&#8221;1px&#8221; text_line_height=&#8221;1.3em&#8221; module_alignment=&#8221;center&#8221;]<\/p>\n<p style=\"text-align: justify;\">La carrera de Econom\u00eda en la UNALM es desarrollada por el Departamento Acad\u00e9mico de Econom\u00eda y Planificaci\u00f3n, unidad acad\u00e9mica que fue creada mediante Resoluci\u00f3n N\u00b0 21832\/UNA del 27 abril de 1973, a lo largo de una destacada trayectoria nacional reconocida a trav\u00e9s de 48 a\u00f1os. Actualmente nuestro pa\u00eds requiere de profesionales altamente calificados competitivos y corporativos, con una educaci\u00f3n universitaria de calidad y que es responsabilidad compartida de todos y cada uno de los diferentes programas acad\u00e9micos, comprometidos con la conservaci\u00f3n de los recursos naturales en armon\u00eda con el medio ambiente. Es as\u00ed como el programa se encarga de la formaci\u00f3n profesional de economistas, con una s\u00f3lida formaci\u00f3n integral y especializada.<\/p>\n<p style=\"text-align: justify;\">Actualmente, j\u00f3venes economistas egresados de nuestra casa de estudios se encuentran:<\/p>\n<ul style=\"text-align: justify;\">\n<li>Liderando cargos analistas econ\u00f3micos junior o senior, y tambi\u00e9n liderando cargos como gerentes y\/o directivos en empresas privadas en el pa\u00eds y en el extranjero, as\u00ed como en el Estado.<\/li>\n<li>Formulando y evaluando proyectos de inversi\u00f3n amigables al medio ambiente y los recursos naturales.<\/li>\n<li>Valorando econ\u00f3micamente el patrimonio y los recursos naturales, culturales, y los impactos ambientales de las inversiones privadas y p\u00fablicas.<\/li>\n<li>Analizando eficiencias de las inversiones y negocios para la buena toma de decisiones.<\/li>\n<li>Identificando e impulsando oportunidades de nuevos negocios en un contexto de cambio clim\u00e1tico.<\/li>\n<\/ul>\n<p style=\"text-align: justify;\">Adem\u00e1s, los egresados se encuentran\u00a0laborando en:<\/p>\n<ul>\n<li style=\"text-align: justify;\">Empresas exportadoras promoviendo negocios al exterior o sus propios negocios.<\/li>\n<li style=\"text-align: justify;\">Ministerios p\u00fablicos, como el de econom\u00eda y finanzas, del ambiente, agricultura, comercio, transportes, energ\u00eda y minas, etc.<\/li>\n<li style=\"text-align: justify;\">Entidades p\u00fablicas reguladoras y de fiscalizaci\u00f3n y evaluaci\u00f3n ambiental.<\/li>\n<li style=\"text-align: justify;\">Impulsando y promoviendo inversiones en los gobiernos regionales y locales.<\/li>\n<li style=\"text-align: justify;\">Centros de investigaci\u00f3n econ\u00f3mica y social.<\/li>\n<\/ul>\n<p>[\/et_pb_text][\/et_pb_column][et_pb_column type=&#8221;2_5&#8243; _builder_version=&#8221;4.9.3&#8243; _module_preset=&#8221;default&#8221;][et_pb_image src=&#8221;https:\/\/wp.lamolina.edu.pe\/facultadeconomia\/wp-content\/uploads\/2021\/09\/foto_dpto_economia.jpg&#8221; _builder_version=&#8221;4.9.3&#8243; _module_preset=&#8221;default&#8221; scroll_fade_enable=&#8221;on&#8221;][\/et_pb_image][\/et_pb_column][\/et_pb_row][\/et_pb_section]<\/p>\n","protected":false},"excerpt":{"rendered":"<p>CARRERA PROFESIONAL DE ECONOM\u00cdAPRESENTACI\u00d3NLa carrera de Econom\u00eda en la UNALM es desarrollada por el Departamento Acad\u00e9mico de Econom\u00eda y Planificaci\u00f3n, unidad acad\u00e9mica que fue creada mediante Resoluci\u00f3n N\u00b0 21832\/UNA del 27 abril de 1973, a lo largo de una destacada trayectoria nacional reconocida a trav\u00e9s de 48 a\u00f1os. Actualmente nuestro pa\u00eds requiere de profesionales altamente [&hellip;]<\/p>\n","protected":false},"author":1,"featured_media":0,"parent":0,"menu_order":0,"comment_status":"closed","ping_status":"closed","template":"","meta":{"_et_pb_use_builder":"on","_et_pb_old_content":"<!-- wp:divi\/placeholder \/-->","_et_gb_content_width":"","footnotes":""},"class_list":["post-379","page","type-page","status-publish","hentry"],"_links":{"self":[{"href":"https:\/\/wp.lamolina.edu.pe\/facultadeconomia\/wp-json\/wp\/v2\/pages\/379","targetHints":{"allow":["GET"]}}],"collection":[{"href":"https:\/\/wp.lamolina.edu.pe\/facultadeconomia\/wp-json\/wp\/v2\/pages"}],"about":[{"href":"https:\/\/wp.lamolina.edu.pe\/facultadeconomia\/wp-json\/wp\/v2\/types\/page"}],"author":[{"embeddable":true,"href":"https:\/\/wp.lamolina.edu.pe\/facultadeconomia\/wp-json\/wp\/v2\/users\/1"}],"replies":[{"embeddable":true,"href":"https:\/\/wp.lamolina.edu.pe\/facultadeconomia\/wp-json\/wp\/v2\/comments?post=379"}],"version-history":[{"count":5,"href":"https:\/\/wp.lamolina.edu.pe\/facultadeconomia\/wp-json\/wp\/v2\/pages\/379\/revisions"}],"predecessor-version":[{"id":848,"href":"https:\/\/wp.lamolina.edu.pe\/facultadeconomia\/wp-json\/wp\/v2\/pages\/379\/revisions\/848"}],"wp:attachment":[{"href":"https:\/\/wp.lamolina.edu.pe\/facultadeconomia\/wp-json\/wp\/v2\/media?parent=379"}],"curies":[{"name":"wp","href":"https:\/\/api.w.org\/{rel}","templated":true}]}}