{"id":466,"date":"2021-09-29T07:12:49","date_gmt":"2021-09-29T07:12:49","guid":{"rendered":"https:\/\/wp.lamolina.edu.pe\/facultadeconomia\/?page_id=466"},"modified":"2021-11-01T16:05:50","modified_gmt":"2021-11-01T16:05:50","slug":"carrera-ingenieria-gestion-empresarial-admision","status":"publish","type":"page","link":"https:\/\/wp.lamolina.edu.pe\/facultadeconomia\/carrera-ingenieria-gestion-empresarial-admision\/","title":{"rendered":"Carrera Ingenier\u00eda Gesti\u00f3n Empresarial &#8211; Admisi\u00f3n"},"content":{"rendered":"<p>[et_pb_section fb_built=&#8221;1&#8243; _builder_version=&#8221;4.9.3&#8243; _module_preset=&#8221;default&#8221; min_height=&#8221;1215.6px&#8221; custom_margin=&#8221;||-53px|||&#8221;][et_pb_row _builder_version=&#8221;4.9.3&#8243; _module_preset=&#8221;default&#8221;][et_pb_column type=&#8221;4_4&#8243; _builder_version=&#8221;4.9.3&#8243; _module_preset=&#8221;default&#8221;][et_pb_text _builder_version=&#8221;4.9.3&#8243; _module_preset=&#8221;default&#8221; text_font=&#8221;||||||||&#8221; text_text_color=&#8221;#0c5e36&#8243; header_font=&#8221;||||||||&#8221; header_text_align=&#8221;center&#8221; header_text_color=&#8221;#0c5e36&#8243; header_font_size=&#8221;31px&#8221; header_letter_spacing=&#8221;3px&#8221; text_orientation=&#8221;center&#8221;]<\/p>\n<h1 class=\"section-title text-center wow fadeInDown\">CARRERA PROFESIONAL DE INGENIER\u00cdA EN GESTI\u00d3N EMPRESARIAL<\/h1>\n<p>[\/et_pb_text][et_pb_image src=&#8221;https:\/\/wp.lamolina.edu.pe\/facultadeconomia\/wp-content\/uploads\/2021\/06\/pie-seccion.png&#8221; title_text=&#8221;pie-seccion&#8221; align=&#8221;center&#8221; _builder_version=&#8221;4.9.3&#8243; _module_preset=&#8221;default&#8221; width=&#8221;12%&#8221; max_width=&#8221;61%&#8221; module_alignment=&#8221;center&#8221; custom_margin=&#8221;-22px||||false|false&#8221;][\/et_pb_image][\/et_pb_column][\/et_pb_row][et_pb_row _builder_version=&#8221;4.9.3&#8243; _module_preset=&#8221;default&#8221; custom_padding=&#8221;48px|||||&#8221;][et_pb_column type=&#8221;4_4&#8243; _builder_version=&#8221;4.9.3&#8243; _module_preset=&#8221;default&#8221;][et_pb_text _builder_version=&#8221;4.9.3&#8243; _module_preset=&#8221;default&#8221; min_height=&#8221;54px&#8221; custom_margin=&#8221;||-36px|||&#8221; custom_padding=&#8221;||24px|||&#8221;]<\/p>\n<h3><span style=\"color: #006600;\"><strong>ADMISI\u00d3N<\/strong><\/span><\/h3>\n<p>[\/et_pb_text][et_pb_divider color=&#8221;#E09900&#8243; divider_position=&#8221;bottom&#8221; divider_weight=&#8221;3px&#8221; _builder_version=&#8221;4.9.3&#8243; _module_preset=&#8221;default&#8221; width=&#8221;15%&#8221; module_alignment=&#8221;left&#8221; animation_style=&#8221;slide&#8221;][\/et_pb_divider][\/et_pb_column][\/et_pb_row][\/et_pb_section][et_pb_section fb_built=&#8221;1&#8243; _builder_version=&#8221;4.9.3&#8243; _module_preset=&#8221;default&#8221; min_height=&#8221;2500px&#8221; max_height=&#8221;2500px&#8221; custom_margin=&#8221;-903px||5px||false|false&#8221; custom_padding=&#8221;0px||0px||false|false&#8221;][et_pb_row _builder_version=&#8221;4.9.3&#8243; _module_preset=&#8221;default&#8221; min_height=&#8221;502px&#8221; custom_margin=&#8221;|auto|-245px|auto||&#8221; custom_padding=&#8221;45px||0px|||&#8221;][et_pb_column type=&#8221;4_4&#8243; _builder_version=&#8221;4.9.3&#8243; _module_preset=&#8221;default&#8221;][et_pb_text _builder_version=&#8221;4.9.3&#8243; _module_preset=&#8221;default&#8221; text_text_color=&#8221;#0c5e36&#8243; text_font_size=&#8221;20px&#8221; text_letter_spacing=&#8221;1px&#8221; text_line_height=&#8221;1.3em&#8221; module_alignment=&#8221;center&#8221; custom_margin=&#8221;||32px|||&#8221; custom_padding=&#8221;10px|||||&#8221;]<\/p>\n<p><strong>LISTA DE INGRESANTES DE INGENIER\u00cdA EN GESTI\u00d3N EMPRESARIAL POR CONCURSO ORDINARIO DEL CICLO 2021-I VIRTUAL<\/strong><\/p>\n<p><strong><\/strong><\/p>\n<table>\n<tbody>\n<tr>\n<td width=\"351\">\n<p>LLontop Lobaton, Naomi Sarai<\/p>\n<\/td>\n<\/tr>\n<tr>\n<td width=\"351\">\n<p>Puma Palomino, Alisson Tamara<\/p>\n<\/td>\n<\/tr>\n<tr>\n<td width=\"351\">\n<p>Ticliahuanca Carrion, Edgar Daniel<\/p>\n<\/td>\n<\/tr>\n<tr>\n<td width=\"351\">\n<p>Cuba Pirca, Flor Patricia<\/p>\n<\/td>\n<\/tr>\n<tr>\n<td width=\"351\">\n<p>Montero Uquiche, Faviana Maria<\/p>\n<\/td>\n<\/tr>\n<tr>\n<td width=\"351\">\n<p>Santiba\u00f1ez Paredes, Pamela Belkins<\/p>\n<\/td>\n<\/tr>\n<tr>\n<td width=\"351\">\n<p>Espinoza Cabello, Ricardo David<\/p>\n<\/td>\n<\/tr>\n<tr>\n<td width=\"351\">\n<p>De La Cruz Silva, Diego Armando<\/p>\n<\/td>\n<\/tr>\n<tr>\n<td width=\"351\">\n<p>Rubio Salverredy, Sofia Jackeline<\/p>\n<\/td>\n<\/tr>\n<tr>\n<td width=\"351\">\n<p>Angelino Agon, Carla Alexandra<\/p>\n<\/td>\n<\/tr>\n<tr>\n<td width=\"351\">\n<p>Solano Tacuche, Sergio Antonio<\/p>\n<\/td>\n<\/tr>\n<tr>\n<td width=\"351\">\n<p>Gutierrez Pichiuza, Arasely Ingrith<\/p>\n<\/td>\n<\/tr>\n<tr>\n<td width=\"351\">\n<p>Guerrero Coronel, Angelo Jean Pierre<\/p>\n<\/td>\n<\/tr>\n<tr>\n<td width=\"351\">\n<p>Casas Rodr\u00edguez, Danny Mauricio<\/p>\n<\/td>\n<\/tr>\n<tr>\n<td width=\"351\">\n<p>Barco Maiz, Pierina Leonor<\/p>\n<\/td>\n<\/tr>\n<tr>\n<td width=\"351\">\n<p>L\u00f2pez Iturriaga, Pedro Adrian<\/p>\n<\/td>\n<\/tr>\n<tr>\n<td width=\"351\">\n<p>Picoy Santiago, Pamela Yoshira<\/p>\n<\/td>\n<\/tr>\n<tr>\n<td width=\"351\">\n<p>Maita Noel, Diego Javier<\/p>\n<\/td>\n<\/tr>\n<tr>\n<td width=\"351\">\n<p>Cuyotupac Ventura, Eduardo Diego<\/p>\n<\/td>\n<\/tr>\n<\/tbody>\n<\/table>\n<table width=\"0\">\n<tbody>\n<tr>\n<td width=\"555\">\n<p><strong>TRASLADOS EXTERNOS DE OTRAS UNIVERSIDADES<\/strong><\/p>\n<\/td>\n<\/tr>\n<tr>\n<td width=\"555\">\n<p><strong>Ingresantes<\/strong><\/p>\n<\/td>\n<\/tr>\n<\/tbody>\n<\/table>\n<table width=\"0\">\n<tbody>\n<tr>\n<td width=\"555\">\n<p>Leon Gutierrez, Wilmer Cristhian<\/p>\n<\/td>\n<\/tr>\n<tr>\n<td width=\"555\">\n<p>Ponce Mejia, Gabriela Jesus<\/p>\n<\/td>\n<\/tr>\n<tr>\n<td width=\"555\">\n<p>Atanacio Cruces, Maryori Esthefany<\/p>\n<\/td>\n<\/tr>\n<\/tbody>\n<\/table>\n<table width=\"0\">\n<tbody>\n<tr>\n<td width=\"555\">\n<p><strong>LEY 28592 &#8211; PLAN INTEGRAL DE REPARACIONES-PIR<\/strong><\/p>\n<\/td>\n<\/tr>\n<tr>\n<td width=\"555\">\n<p><strong>Ingresantes<\/strong><\/p>\n<\/td>\n<\/tr>\n<\/tbody>\n<\/table>\n<p>\u00a0 \u00a0 Garc\u00eda Toledo, Jerson Daniel<\/p>\n<table width=\"0\">\n<tbody>\n<tr>\n<td width=\"555\">\n<p><strong>DOS PRIMEROS PUESTOS DE COLEGIOS DE EDUCACI\u00d3N SECUNDARIA<\/strong><\/p>\n<\/td>\n<\/tr>\n<tr>\n<td width=\"555\">\n<p><strong>Ingresantes<\/strong><\/p>\n<\/td>\n<\/tr>\n<\/tbody>\n<\/table>\n<table width=\"0\">\n<tbody>\n<tr>\n<td width=\"555\">\n<p>Aliaga Granados, Laly Christina<\/p>\n<\/td>\n<\/tr>\n<tr>\n<td width=\"555\">\n<p>Huaman Tumpay, Rina<\/p>\n<\/td>\n<\/tr>\n<tr>\n<td width=\"555\">\n<p>Aranguri Araujo, Joaqu\u00edn Andr\u00e9<\/p>\n<\/td>\n<\/tr>\n<\/tbody>\n<\/table>\n<table width=\"0\">\n<tbody>\n<tr>\n<td width=\"555\">\n<p><strong>PRESELECCIONADO DE BECA 18<\/strong><\/p>\n<\/td>\n<\/tr>\n<tr>\n<td width=\"555\">\n<p><strong>Ingresantes<\/strong><\/p>\n<\/td>\n<\/tr>\n<\/tbody>\n<\/table>\n<p>\u00a0 \u00a0 Novoa del Castillo, Gino<\/p>\n<p><strong>\u00a0 \u00a0 Ingresantes CEPRE-UNALM<\/strong><\/p>\n<table width=\"0\">\n<tbody>\n<tr>\n<td width=\"555\">\n<p>Contreras Bernal, Gonzalo David<\/p>\n<\/td>\n<\/tr>\n<tr>\n<td width=\"555\">\n<p>Arguedas Ugarriza, Nicole Xaviera Juana<\/p>\n<\/td>\n<\/tr>\n<tr>\n<td width=\"555\">\n<p>Supanta Salcedo, Israel Jonas<\/p>\n<\/td>\n<\/tr>\n<tr>\n<td width=\"555\">\n<p>Rivera Chumpitaz, Anthony<\/p>\n<\/td>\n<\/tr>\n<tr>\n<td width=\"555\">\n<p>Palomino Ortiz De Zevallos, Cynthia Jennifer<\/p>\n<\/td>\n<\/tr>\n<tr>\n<td width=\"555\">\n<p>Ramos Su\u00e1rez, Stephania Milagritos<\/p>\n<\/td>\n<\/tr>\n<\/tbody>\n<\/table>\n<p style=\"text-align: justify;\"><strong>Nivelaci\u00f3n:<\/strong><\/p>\n<p style=\"text-align: justify;\">Actualmente, el Comit\u00e9 de Calidad del programa ha desarrollado un Plan de Nivelaci\u00f3n de Ingresantes, el cual consiste en recopilar informaci\u00f3n de los ingresantes del programa con respecto a las competencias del Perfil de Ingreso para realizar la nivelaci\u00f3n correspondiente.<\/p>\n<p style=\"text-align: justify;\">Se cuenta con un Informe de encuesta a ingresantes IGE 2020-1 en el cual se puede observar que los ingresantes cumplen con las competencias del Perfil de Ingreso.<\/p>\n<p>[\/et_pb_text][\/et_pb_column][\/et_pb_row][et_pb_row _builder_version=&#8221;4.9.3&#8243; _module_preset=&#8221;default&#8221;][et_pb_column type=&#8221;4_4&#8243; _builder_version=&#8221;4.9.3&#8243; _module_preset=&#8221;default&#8221;][et_pb_button button_url=&#8221;https:\/\/wp.lamolina.edu.pe\/facultadeconomia\/wp-content\/uploads\/2021\/09\/Informe_encuesta_a_ingresantes_IGE_2020_1.pdf&#8221; url_new_window=&#8221;on&#8221; button_text=&#8221;INFORME DE ENCUESTA A INGRESANTES IGE 2021 &#8211; I&#8221; _builder_version=&#8221;4.9.3&#8243; _module_preset=&#8221;default&#8221; custom_button=&#8221;on&#8221; button_text_color=&#8221;#E09900&#8243;][\/et_pb_button][\/et_pb_column][\/et_pb_row][\/et_pb_section]<\/p>\n","protected":false},"excerpt":{"rendered":"<p>CARRERA PROFESIONAL DE INGENIER\u00cdA EN GESTI\u00d3N EMPRESARIALADMISI\u00d3NLISTA DE INGRESANTES DE INGENIER\u00cdA EN GESTI\u00d3N EMPRESARIAL POR CONCURSO ORDINARIO DEL CICLO 2021-I VIRTUAL LLontop Lobaton, Naomi Sarai Puma Palomino, Alisson Tamara Ticliahuanca Carrion, Edgar Daniel Cuba Pirca, Flor Patricia Montero Uquiche, Faviana Maria Santiba\u00f1ez Paredes, Pamela Belkins Espinoza Cabello, Ricardo David De La Cruz Silva, Diego Armando [&hellip;]<\/p>\n","protected":false},"author":1,"featured_media":0,"parent":0,"menu_order":0,"comment_status":"closed","ping_status":"closed","template":"","meta":{"_et_pb_use_builder":"on","_et_pb_old_content":"<!-- wp:divi\/placeholder \/-->","_et_gb_content_width":"","footnotes":""},"class_list":["post-466","page","type-page","status-publish","hentry"],"_links":{"self":[{"href":"https:\/\/wp.lamolina.edu.pe\/facultadeconomia\/wp-json\/wp\/v2\/pages\/466","targetHints":{"allow":["GET"]}}],"collection":[{"href":"https:\/\/wp.lamolina.edu.pe\/facultadeconomia\/wp-json\/wp\/v2\/pages"}],"about":[{"href":"https:\/\/wp.lamolina.edu.pe\/facultadeconomia\/wp-json\/wp\/v2\/types\/page"}],"author":[{"embeddable":true,"href":"https:\/\/wp.lamolina.edu.pe\/facultadeconomia\/wp-json\/wp\/v2\/users\/1"}],"replies":[{"embeddable":true,"href":"https:\/\/wp.lamolina.edu.pe\/facultadeconomia\/wp-json\/wp\/v2\/comments?post=466"}],"version-history":[{"count":6,"href":"https:\/\/wp.lamolina.edu.pe\/facultadeconomia\/wp-json\/wp\/v2\/pages\/466\/revisions"}],"predecessor-version":[{"id":866,"href":"https:\/\/wp.lamolina.edu.pe\/facultadeconomia\/wp-json\/wp\/v2\/pages\/466\/revisions\/866"}],"wp:attachment":[{"href":"https:\/\/wp.lamolina.edu.pe\/facultadeconomia\/wp-json\/wp\/v2\/media?parent=466"}],"curies":[{"name":"wp","href":"https:\/\/api.w.org\/{rel}","templated":true}]}}