{"id":474,"date":"2021-09-29T07:31:05","date_gmt":"2021-09-29T07:31:05","guid":{"rendered":"https:\/\/wp.lamolina.edu.pe\/facultadeconomia\/?page_id=474"},"modified":"2021-11-01T16:06:01","modified_gmt":"2021-11-01T16:06:01","slug":"carrera-ingenieria-gestion-empresarial-diseno-curricular-por-competencias","status":"publish","type":"page","link":"https:\/\/wp.lamolina.edu.pe\/facultadeconomia\/carrera-ingenieria-gestion-empresarial-diseno-curricular-por-competencias\/","title":{"rendered":"Carrera Ingenier\u00eda Gesti\u00f3n Empresarial &#8211; Dise\u00f1o Curricular por Competencias"},"content":{"rendered":"<p>[et_pb_section fb_built=&#8221;1&#8243; _builder_version=&#8221;4.9.3&#8243; _module_preset=&#8221;default&#8221; min_height=&#8221;1215.6px&#8221; custom_margin=&#8221;||-53px|||&#8221;][et_pb_row _builder_version=&#8221;4.9.3&#8243; _module_preset=&#8221;default&#8221;][et_pb_column type=&#8221;4_4&#8243; _builder_version=&#8221;4.9.3&#8243; _module_preset=&#8221;default&#8221;][et_pb_text _builder_version=&#8221;4.9.3&#8243; _module_preset=&#8221;default&#8221; text_font=&#8221;||||||||&#8221; text_text_color=&#8221;#0c5e36&#8243; header_font=&#8221;||||||||&#8221; header_text_align=&#8221;center&#8221; header_text_color=&#8221;#0c5e36&#8243; header_font_size=&#8221;31px&#8221; header_letter_spacing=&#8221;3px&#8221; text_orientation=&#8221;center&#8221;]<\/p>\n<h1 class=\"section-title text-center wow fadeInDown\">CARRERA PROFESIONAL DE INGENIER\u00cdA EN GESTI\u00d3N EMPRESARIAL<\/h1>\n<p>[\/et_pb_text][et_pb_image src=&#8221;https:\/\/wp.lamolina.edu.pe\/facultadeconomia\/wp-content\/uploads\/2021\/06\/pie-seccion.png&#8221; title_text=&#8221;pie-seccion&#8221; align=&#8221;center&#8221; _builder_version=&#8221;4.9.3&#8243; _module_preset=&#8221;default&#8221; width=&#8221;12%&#8221; max_width=&#8221;61%&#8221; module_alignment=&#8221;center&#8221; custom_margin=&#8221;-22px||||false|false&#8221;][\/et_pb_image][\/et_pb_column][\/et_pb_row][et_pb_row _builder_version=&#8221;4.9.3&#8243; _module_preset=&#8221;default&#8221; custom_padding=&#8221;48px|||||&#8221;][et_pb_column type=&#8221;4_4&#8243; _builder_version=&#8221;4.9.3&#8243; _module_preset=&#8221;default&#8221;][et_pb_text _builder_version=&#8221;4.9.3&#8243; _module_preset=&#8221;default&#8221; min_height=&#8221;54px&#8221; custom_margin=&#8221;||-36px|||&#8221; custom_padding=&#8221;||24px|||&#8221;]<\/p>\n<h3><span style=\"color: #006600;\"><strong>DISE\u00d1O CURRICULAR POR COMPETENCIAS<\/strong><\/span><\/h3>\n<p>[\/et_pb_text][et_pb_divider color=&#8221;#E09900&#8243; divider_position=&#8221;bottom&#8221; divider_weight=&#8221;3px&#8221; _builder_version=&#8221;4.9.3&#8243; _module_preset=&#8221;default&#8221; width=&#8221;15%&#8221; module_alignment=&#8221;left&#8221; animation_style=&#8221;slide&#8221;][\/et_pb_divider][\/et_pb_column][\/et_pb_row][\/et_pb_section][et_pb_section fb_built=&#8221;1&#8243; _builder_version=&#8221;4.9.3&#8243; _module_preset=&#8221;default&#8221; min_height=&#8221;1800px&#8221; max_height=&#8221;1800px&#8221; custom_margin=&#8221;-903px||5px||false|false&#8221; custom_padding=&#8221;0px||0px||false|false&#8221;][et_pb_row _builder_version=&#8221;4.9.3&#8243; _module_preset=&#8221;default&#8221; min_height=&#8221;502px&#8221; custom_margin=&#8221;|auto|-245px|auto||&#8221; custom_padding=&#8221;45px||0px|||&#8221;][et_pb_column type=&#8221;4_4&#8243; _builder_version=&#8221;4.9.3&#8243; _module_preset=&#8221;default&#8221;][et_pb_text _builder_version=&#8221;4.9.3&#8243; _module_preset=&#8221;default&#8221; text_text_color=&#8221;#0c5e36&#8243; text_font_size=&#8221;20px&#8221; text_letter_spacing=&#8221;1px&#8221; text_line_height=&#8221;1.3em&#8221; module_alignment=&#8221;center&#8221;]<\/p>\n<p style=\"text-align: justify;\"><strong>Sistema de graduaci\u00f3n y titulaci\u00f3n:<\/strong><\/p>\n<p style=\"text-align: justify;\">Con respecto a la obtenci\u00f3n del grado de bachiller seg\u00fan el Art 4. Del Reglamentos de Investigaci\u00f3n y tesis para la obtenci\u00f3n de grado de bachiller y t\u00edtulo Profesional aprobado bajo Resoluci\u00f3n N\u00b0 0268 -2019 \u2013 CU- UNALM comunica lo siguiente:<\/p>\n<ul style=\"text-align: justify;\">\n<li>En el caso del trabajo de investigaci\u00f3n para la obtenci\u00f3n del grado de bachiller, el presente reglamento es aplicable a los estudiantes ingresantes a partir del semestre 2019 -I. Para los ingresantes en los semestres 2014 \u2013 II hasta el 2018 \u2013 II, las Facultades establecer\u00e1n el procedimiento a seguir para la presentaci\u00f3n de dicho trabajo, el mismo que deber\u00e1 respetar la estructura indicada en el presente reglamento.<\/li>\n<\/ul>\n<p style=\"text-align: justify;\">\u00a0Seg\u00fan el Art 2. Del Reglamentos de Investigaci\u00f3n y tesis para la obtenci\u00f3n de grado de bachiller y t\u00edtulo Porfesional aprobado bajo Resoluci\u00f3n N\u00b0 0268 -2019 \u2013 CU- UNALM comunica lo siguiente:<\/p>\n<p style=\"text-align: justify;\">Art\u00edculo 2.- La resoluci\u00f3n del consejo Directivo N\u00b0 033 \u2013 2016 \u2013 SUNEDU\/CD, sobre el Reglamento del Registro Nacional de Trabajos de Investigaci\u00f3n (RENATI), en lo referente a trabajos de investigaci\u00f3n y tesis define lo siguiente:<\/p>\n<p style=\"text-align: justify;\">2.1 Trabajo de Investigaci\u00f3n<\/p>\n<p style=\"text-align: justify;\">Es una modalidad de obtenci\u00f3n del grado acad\u00e9mica de bachiller, que puede ser individual o grupal y es sustentado ante un jurado. Supone rigurosidad y objetividad. Tiene un prop\u00f3sito claramente definido, se apoya en conocimiento existente, aplica una metodolog\u00eda determinada seg\u00fan tipo de investigaci\u00f3n, aporta evidencia verificable, proporciona explicaciones objetivas y racionales, y mantiene un esp\u00edritu objetivo y autocr\u00edtico.<\/p>\n<p style=\"text-align: justify;\">2.2 Tesis<\/p>\n<p style=\"text-align: justify;\">Es una modalidad de obtenci\u00f3n del t\u00edtulo profesional y grado de maestr\u00eda o doctorado, en torno a un \u00e1rea acad\u00e9mica determinada, y que implica el desarrollo de la investigaci\u00f3n a realizar. Dicha investigaci\u00f3n debe ser original e in\u00e9dita y supone adem\u00e1s la presentaci\u00f3n de un documento, sujeto a una sustentaci\u00f3n p\u00fablica ante la comunidad acad\u00e9mica en general y la aprobaci\u00f3n de un jurado que lo eval\u00faa. La fecha del acto p\u00fablico de sustentaci\u00f3n debe ser difundida con antelaci\u00f3n para promover la transparencia y la participaci\u00f3n de la comunidad acad\u00e9mica en general.<\/p>\n<p style=\"text-align: justify;\">Adicionalmente, para la obtenci\u00f3n del T\u00edtulo Profesional se tiene una modalidad adicional seg\u00fan la ley Universitaria N\u00b0 30220.<\/p>\n<ul style=\"text-align: justify;\">\n<li>Trabajo de suficiencia profesional: Seg\u00fan el Art 4. del REGLAMENTO DE TITULACI\u00d3N POR TRABAJO DE SUFICIENCIA PROFESIONAL \u2013 UNALM aprobado bajo RESOLUCI\u00d3N N\u00b0 0119-2020-CU-UNALM comunica lo siguiente: Para la titulaci\u00f3n mediante la modalidad de suficiencia profesional cada facultad establecer\u00e1, al menos una vez por semestre, un calendario, donde se presentar\u00e1 un cronograma de actividades desde la presentaci\u00f3n de la solicitud hasta la culminaci\u00f3n del proceso de titulaci\u00f3n.<\/li>\n<\/ul>\n<p style=\"text-align: justify;\">El programa de estudios dise\u00f1a un CURSO-TALLER DE TESIS PARA INGENIERIA EN GESTION EMPRESARIAL, dicho taller facilita el desarrollo de la tesis. La matr\u00edcula\u00a0 es voluntaria.<\/p>\n<p style=\"text-align: justify;\"><strong>Pr\u00e1cticas Pre \u2013 Profesionales:<\/strong><\/p>\n<p style=\"text-align: justify;\">El proceso inicia cuando se lance la programaci\u00f3n anual por parte del Departamento de Gesti\u00f3n Empresarial, los alumnos presentar un informe al departamento para luego poder sustentar las pr\u00e1cticas ante la comisi\u00f3n de Practicas Pre Profesionales del Departamento de Gesti\u00f3n Empresarial. Posteriormente, se eleva un informe a Consejo de Facultad para elevarlo a la Oficina de Registros y considerar los cr\u00e9ditos correspondientes. Seg\u00fan el Plan de estudios 2019 las pr\u00e1cticas preprofesionales contemplan 2 cr\u00e9ditos.<\/p>\n<p>[\/et_pb_text][\/et_pb_column][\/et_pb_row][et_pb_row _builder_version=&#8221;4.9.3&#8243; _module_preset=&#8221;default&#8221;][et_pb_column type=&#8221;4_4&#8243; _builder_version=&#8221;4.9.3&#8243; _module_preset=&#8221;default&#8221;][et_pb_button button_url=&#8221;https:\/\/wp.lamolina.edu.pe\/facultadeconomia\/wp-content\/uploads\/2021\/09\/Plan_de_estudios_IGE.pdf&#8221; url_new_window=&#8221;on&#8221; button_text=&#8221;VER PLAN DE ESTUDIOS IGE&#8221; _builder_version=&#8221;4.9.3&#8243; _module_preset=&#8221;default&#8221; custom_button=&#8221;on&#8221; button_text_color=&#8221;#E09900&#8243; custom_margin=&#8221;30px|||||&#8221;][\/et_pb_button][\/et_pb_column][\/et_pb_row][\/et_pb_section]<\/p>\n","protected":false},"excerpt":{"rendered":"<p>CARRERA PROFESIONAL DE INGENIER\u00cdA EN GESTI\u00d3N EMPRESARIALDISE\u00d1O CURRICULAR POR COMPETENCIASSistema de graduaci\u00f3n y titulaci\u00f3n: Con respecto a la obtenci\u00f3n del grado de bachiller seg\u00fan el Art 4. Del Reglamentos de Investigaci\u00f3n y tesis para la obtenci\u00f3n de grado de bachiller y t\u00edtulo Profesional aprobado bajo Resoluci\u00f3n N\u00b0 0268 -2019 \u2013 CU- UNALM comunica lo siguiente: [&hellip;]<\/p>\n","protected":false},"author":1,"featured_media":0,"parent":0,"menu_order":0,"comment_status":"closed","ping_status":"closed","template":"","meta":{"_et_pb_use_builder":"on","_et_pb_old_content":"<!-- wp:divi\/placeholder \/-->","_et_gb_content_width":"","footnotes":""},"class_list":["post-474","page","type-page","status-publish","hentry"],"_links":{"self":[{"href":"https:\/\/wp.lamolina.edu.pe\/facultadeconomia\/wp-json\/wp\/v2\/pages\/474","targetHints":{"allow":["GET"]}}],"collection":[{"href":"https:\/\/wp.lamolina.edu.pe\/facultadeconomia\/wp-json\/wp\/v2\/pages"}],"about":[{"href":"https:\/\/wp.lamolina.edu.pe\/facultadeconomia\/wp-json\/wp\/v2\/types\/page"}],"author":[{"embeddable":true,"href":"https:\/\/wp.lamolina.edu.pe\/facultadeconomia\/wp-json\/wp\/v2\/users\/1"}],"replies":[{"embeddable":true,"href":"https:\/\/wp.lamolina.edu.pe\/facultadeconomia\/wp-json\/wp\/v2\/comments?post=474"}],"version-history":[{"count":5,"href":"https:\/\/wp.lamolina.edu.pe\/facultadeconomia\/wp-json\/wp\/v2\/pages\/474\/revisions"}],"predecessor-version":[{"id":867,"href":"https:\/\/wp.lamolina.edu.pe\/facultadeconomia\/wp-json\/wp\/v2\/pages\/474\/revisions\/867"}],"wp:attachment":[{"href":"https:\/\/wp.lamolina.edu.pe\/facultadeconomia\/wp-json\/wp\/v2\/media?parent=474"}],"curies":[{"name":"wp","href":"https:\/\/api.w.org\/{rel}","templated":true}]}}