{"id":487,"date":"2021-09-29T07:45:32","date_gmt":"2021-09-29T07:45:32","guid":{"rendered":"https:\/\/wp.lamolina.edu.pe\/facultadeconomia\/?page_id=487"},"modified":"2021-11-01T16:06:31","modified_gmt":"2021-11-01T16:06:31","slug":"carrera-ingenieria-gestion-empresarial-infraestructura","status":"publish","type":"page","link":"https:\/\/wp.lamolina.edu.pe\/facultadeconomia\/carrera-ingenieria-gestion-empresarial-infraestructura\/","title":{"rendered":"Carrera Ingenier\u00eda Gesti\u00f3n Empresarial &#8211; Infraestructura"},"content":{"rendered":"<p>[et_pb_section fb_built=&#8221;1&#8243; _builder_version=&#8221;4.9.3&#8243; _module_preset=&#8221;default&#8221; min_height=&#8221;1215.6px&#8221; custom_margin=&#8221;||-53px|||&#8221;][et_pb_row _builder_version=&#8221;4.9.3&#8243; _module_preset=&#8221;default&#8221;][et_pb_column type=&#8221;4_4&#8243; _builder_version=&#8221;4.9.3&#8243; _module_preset=&#8221;default&#8221;][et_pb_text _builder_version=&#8221;4.9.3&#8243; _module_preset=&#8221;default&#8221; text_font=&#8221;||||||||&#8221; text_text_color=&#8221;#0c5e36&#8243; header_font=&#8221;||||||||&#8221; header_text_align=&#8221;center&#8221; header_text_color=&#8221;#0c5e36&#8243; header_font_size=&#8221;31px&#8221; header_letter_spacing=&#8221;3px&#8221; text_orientation=&#8221;center&#8221;]<\/p>\n<h1 class=\"section-title text-center wow fadeInDown\">CARRERA PROFESIONAL DE INGENIER\u00cdA EN GESTI\u00d3N EMPRESARIAL<\/h1>\n<p>[\/et_pb_text][et_pb_image src=&#8221;https:\/\/wp.lamolina.edu.pe\/facultadeconomia\/wp-content\/uploads\/2021\/06\/pie-seccion.png&#8221; title_text=&#8221;pie-seccion&#8221; align=&#8221;center&#8221; _builder_version=&#8221;4.9.3&#8243; _module_preset=&#8221;default&#8221; width=&#8221;12%&#8221; max_width=&#8221;61%&#8221; module_alignment=&#8221;center&#8221; custom_margin=&#8221;-22px||||false|false&#8221;][\/et_pb_image][\/et_pb_column][\/et_pb_row][et_pb_row _builder_version=&#8221;4.9.3&#8243; _module_preset=&#8221;default&#8221; custom_padding=&#8221;48px|||||&#8221;][et_pb_column type=&#8221;4_4&#8243; _builder_version=&#8221;4.9.3&#8243; _module_preset=&#8221;default&#8221;][et_pb_text _builder_version=&#8221;4.9.3&#8243; _module_preset=&#8221;default&#8221; min_height=&#8221;54px&#8221; custom_margin=&#8221;||-36px|||&#8221; custom_padding=&#8221;||24px|||&#8221;]<\/p>\n<h3><span style=\"color: #006600;\"><strong>INFRAESTRUCTURA<\/strong><\/span><\/h3>\n<p>[\/et_pb_text][et_pb_divider color=&#8221;#E09900&#8243; divider_position=&#8221;bottom&#8221; divider_weight=&#8221;3px&#8221; _builder_version=&#8221;4.9.3&#8243; _module_preset=&#8221;default&#8221; width=&#8221;15%&#8221; module_alignment=&#8221;left&#8221; animation_style=&#8221;slide&#8221;][\/et_pb_divider][\/et_pb_column][\/et_pb_row][\/et_pb_section][et_pb_section fb_built=&#8221;1&#8243; _builder_version=&#8221;4.9.3&#8243; _module_preset=&#8221;default&#8221; min_height=&#8221;652px&#8221; max_height=&#8221;652px&#8221; custom_margin=&#8221;-903px||5px||false|false&#8221; custom_padding=&#8221;0px||0px||false|false&#8221;][et_pb_row _builder_version=&#8221;4.9.3&#8243; _module_preset=&#8221;default&#8221; min_height=&#8221;502px&#8221; custom_margin=&#8221;|auto|-245px|auto||&#8221; custom_padding=&#8221;45px||0px|||&#8221;][et_pb_column type=&#8221;4_4&#8243; _builder_version=&#8221;4.9.3&#8243; _module_preset=&#8221;default&#8221;][et_pb_text _builder_version=&#8221;4.9.3&#8243; _module_preset=&#8221;default&#8221; text_text_color=&#8221;#0c5e36&#8243; text_font_size=&#8221;20px&#8221; text_letter_spacing=&#8221;1px&#8221; text_line_height=&#8221;1.3em&#8221; module_alignment=&#8221;center&#8221;]<\/p>\n<p style=\"text-align: justify;\"><strong>Laboratorio de c\u00f3mputo:<\/strong> Este laboratorio est\u00e1 equipado de acuerdo a su especialidad; cuenta con 60 computadoras y m\u00f3dulos para el dictado de las clases pr\u00e1ctica.<\/p>\n<p style=\"text-align: justify;\">\n<p style=\"text-align: justify;\"><strong>Oficinas de los Docentes:<\/strong> Departamento Acad\u00e9mico de Gesti\u00f3n Empresarial dispone de\u00a0ambientes de oficina y trabajo para docentes presenta d\u00e9ficit en cantidad y calidad adecuada. Los profesores\u00a0a dedicaci\u00f3n exclusiva y tiempo completo, se encuentran ubicados en cada oficina en n\u00famero de tres para la ejecuci\u00f3n de sus actividades de docencia, investigaci\u00f3n y vinculaci\u00f3n con la sociedad.<\/p>\n<p style=\"text-align: justify;\">Las oficinas y ambientes de trabajo est\u00e1n equipados con recursos tecnol\u00f3gicos indispensables para sus actividades y para la atenci\u00f3n a los estudiantes.<\/p>\n<p style=\"text-align: justify;\">[\/et_pb_text][\/et_pb_column][\/et_pb_row][\/et_pb_section]<\/p>\n","protected":false},"excerpt":{"rendered":"<p>CARRERA PROFESIONAL DE INGENIER\u00cdA EN GESTI\u00d3N EMPRESARIALINFRAESTRUCTURALaboratorio de c\u00f3mputo: Este laboratorio est\u00e1 equipado de acuerdo a su especialidad; cuenta con 60 computadoras y m\u00f3dulos para el dictado de las clases pr\u00e1ctica. Oficinas de los Docentes: Departamento Acad\u00e9mico de Gesti\u00f3n Empresarial dispone de\u00a0ambientes de oficina y trabajo para docentes presenta d\u00e9ficit en cantidad y calidad adecuada. [&hellip;]<\/p>\n","protected":false},"author":1,"featured_media":0,"parent":0,"menu_order":0,"comment_status":"closed","ping_status":"closed","template":"","meta":{"_et_pb_use_builder":"on","_et_pb_old_content":"<!-- wp:divi\/placeholder \/-->","_et_gb_content_width":"","footnotes":""},"class_list":["post-487","page","type-page","status-publish","hentry"],"_links":{"self":[{"href":"https:\/\/wp.lamolina.edu.pe\/facultadeconomia\/wp-json\/wp\/v2\/pages\/487","targetHints":{"allow":["GET"]}}],"collection":[{"href":"https:\/\/wp.lamolina.edu.pe\/facultadeconomia\/wp-json\/wp\/v2\/pages"}],"about":[{"href":"https:\/\/wp.lamolina.edu.pe\/facultadeconomia\/wp-json\/wp\/v2\/types\/page"}],"author":[{"embeddable":true,"href":"https:\/\/wp.lamolina.edu.pe\/facultadeconomia\/wp-json\/wp\/v2\/users\/1"}],"replies":[{"embeddable":true,"href":"https:\/\/wp.lamolina.edu.pe\/facultadeconomia\/wp-json\/wp\/v2\/comments?post=487"}],"version-history":[{"count":3,"href":"https:\/\/wp.lamolina.edu.pe\/facultadeconomia\/wp-json\/wp\/v2\/pages\/487\/revisions"}],"predecessor-version":[{"id":870,"href":"https:\/\/wp.lamolina.edu.pe\/facultadeconomia\/wp-json\/wp\/v2\/pages\/487\/revisions\/870"}],"wp:attachment":[{"href":"https:\/\/wp.lamolina.edu.pe\/facultadeconomia\/wp-json\/wp\/v2\/media?parent=487"}],"curies":[{"name":"wp","href":"https:\/\/api.w.org\/{rel}","templated":true}]}}