{"id":511,"date":"2021-09-29T08:50:32","date_gmt":"2021-09-29T08:50:32","guid":{"rendered":"https:\/\/wp.lamolina.edu.pe\/facultadeconomia\/?page_id=511"},"modified":"2024-05-09T13:11:15","modified_gmt":"2024-05-09T13:11:15","slug":"departamento-gestion-empresarial-gestion-del-departmento","status":"publish","type":"page","link":"https:\/\/wp.lamolina.edu.pe\/facultadeconomia\/departamento-gestion-empresarial-gestion-del-departmento\/","title":{"rendered":"Departamento Gesti\u00f3n Empresarial &#8211; Gesti\u00f3n del Departmento"},"content":{"rendered":"<p>[et_pb_section fb_built=&#8221;1&#8243; _builder_version=&#8221;4.16&#8243; _module_preset=&#8221;default&#8221; min_height=&#8221;1058.6px&#8221; custom_margin=&#8221;||-53px|||&#8221; global_colors_info=&#8221;{}&#8221;][et_pb_row _builder_version=&#8221;4.16&#8243; _module_preset=&#8221;default&#8221; global_colors_info=&#8221;{}&#8221;][et_pb_column type=&#8221;4_4&#8243; _builder_version=&#8221;4.16&#8243; _module_preset=&#8221;default&#8221; global_colors_info=&#8221;{}&#8221;][et_pb_text _builder_version=&#8221;4.25.1&#8243; _module_preset=&#8221;default&#8221; text_font=&#8221;||||||||&#8221; text_text_color=&#8221;#0c5e36&#8243; header_font=&#8221;||||||||&#8221; header_text_align=&#8221;center&#8221; header_text_color=&#8221;#0c5e36&#8243; header_font_size=&#8221;31px&#8221; header_letter_spacing=&#8221;3px&#8221; text_orientation=&#8221;center&#8221; hover_enabled=&#8221;0&#8243; global_colors_info=&#8221;{}&#8221; sticky_enabled=&#8221;0&#8243;]<\/p>\n<h1 class=\"section-title text-center wow fadeInDown\">DEPARTAMENTO ACAD\u00c9MICO DE GESTI\u00d3N\u00a0 EMPRESARIAL<\/h1>\n<p>[\/et_pb_text][et_pb_image src=&#8221;https:\/\/wp.lamolina.edu.pe\/facultadeconomia\/wp-content\/uploads\/2021\/06\/pie-seccion.png&#8221; title_text=&#8221;pie-seccion&#8221; align=&#8221;center&#8221; _builder_version=&#8221;4.16&#8243; _module_preset=&#8221;default&#8221; width=&#8221;12%&#8221; max_width=&#8221;61%&#8221; module_alignment=&#8221;center&#8221; custom_margin=&#8221;-22px||||false|false&#8221; global_colors_info=&#8221;{}&#8221;][\/et_pb_image][\/et_pb_column][\/et_pb_row][et_pb_row _builder_version=&#8221;4.16&#8243; _module_preset=&#8221;default&#8221; global_colors_info=&#8221;{}&#8221;][et_pb_column type=&#8221;4_4&#8243; _builder_version=&#8221;4.16&#8243; _module_preset=&#8221;default&#8221; global_colors_info=&#8221;{}&#8221;][et_pb_text _builder_version=&#8221;4.16&#8243; _module_preset=&#8221;default&#8221; min_height=&#8221;16px&#8221; custom_margin=&#8221;||-36px|||&#8221; custom_padding=&#8221;||24px|||&#8221; global_colors_info=&#8221;{}&#8221;]<\/p>\n<h3><span style=\"color: #006600;\"><strong>GESTI\u00d3N DEL DEPARTAMENTO<\/strong><\/span><\/h3>\n<p>[\/et_pb_text][et_pb_divider color=&#8221;#E09900&#8243; divider_position=&#8221;bottom&#8221; divider_weight=&#8221;3px&#8221; _builder_version=&#8221;4.16&#8243; _module_preset=&#8221;default&#8221; width=&#8221;15%&#8221; module_alignment=&#8221;left&#8221; animation_style=&#8221;slide&#8221; global_colors_info=&#8221;{}&#8221;][\/et_pb_divider][\/et_pb_column][\/et_pb_row][\/et_pb_section][et_pb_section fb_built=&#8221;1&#8243; _builder_version=&#8221;4.16&#8243; _module_preset=&#8221;default&#8221; min_height=&#8221;577px&#8221; custom_margin=&#8221;-755px||5px||false|false&#8221; custom_padding=&#8221;0px||47px||false|false&#8221; global_colors_info=&#8221;{}&#8221;][et_pb_row _builder_version=&#8221;4.16&#8243; _module_preset=&#8221;default&#8221; custom_margin=&#8221;-78px|auto||auto||&#8221; global_colors_info=&#8221;{}&#8221;][et_pb_column type=&#8221;4_4&#8243; _builder_version=&#8221;4.16&#8243; _module_preset=&#8221;default&#8221; global_colors_info=&#8221;{}&#8221;][et_pb_text _builder_version=&#8221;4.16&#8243; _module_preset=&#8221;default&#8221; text_text_color=&#8221;#0c5e36&#8243; text_font_size=&#8221;20px&#8221; text_letter_spacing=&#8221;1px&#8221; text_line_height=&#8221;1.3em&#8221; module_alignment=&#8221;center&#8221; global_colors_info=&#8221;{}&#8221;]<\/p>\n<p><strong>Comisiones:<\/strong><\/p>\n<ul>\n<li>Comisi\u00f3n de Plan de Estudios<\/li>\n<li>Comisi\u00f3n de Gesti\u00f3n de Egresados y Objetivos Educacionales.<\/li>\n<li>Comisi\u00f3n de Tutor\u00eda y Nivelaci\u00f3n<\/li>\n<li>Comisi\u00f3n de Pr\u00e1cticas Pre profesionales<\/li>\n<li>Comisi\u00f3n de Gesti\u00f3n de la Investigaci\u00f3n<\/li>\n<li>Comisi\u00f3n de Desarrollo Docente<\/li>\n<li>Comisi\u00f3n de Gesti\u00f3n de Responsabilidad Social.\u00a0\u00a0<\/li>\n<li>Comisi\u00f3n de Infraestructura\u00a0\u00a0<\/li>\n<\/ul>\n<p>&nbsp;<\/p>\n<p><strong>Comit\u00e9 consultivo:<\/strong><\/p>\n<p>El comit\u00e9 consultivo del DAGE est\u00e1 constituido por un representante de cada grupo de inter\u00e9s del Departamento:<\/p>\n<ul>\n<li>Egresados<\/li>\n<li>Emprendedores<\/li>\n<li>Colegio de Ingenieros del Per\u00fa-CD Lima<\/li>\n<li>Docentes del DAGE<\/li>\n<\/ul>\n<p>[\/et_pb_text][\/et_pb_column][\/et_pb_row][\/et_pb_section]<\/p>\n","protected":false},"excerpt":{"rendered":"<p>DEPARTAMENTO ACAD\u00c9MICO DE GESTI\u00d3N\u00a0 EMPRESARIALGESTI\u00d3N DEL DEPARTAMENTOComisiones: Comisi\u00f3n de Plan de Estudios Comisi\u00f3n de Gesti\u00f3n de Egresados y Objetivos Educacionales. Comisi\u00f3n de Tutor\u00eda y Nivelaci\u00f3n Comisi\u00f3n de Pr\u00e1cticas Pre profesionales Comisi\u00f3n de Gesti\u00f3n de la Investigaci\u00f3n Comisi\u00f3n de Desarrollo Docente Comisi\u00f3n de Gesti\u00f3n de Responsabilidad Social.\u00a0\u00a0 Comisi\u00f3n de Infraestructura\u00a0\u00a0 &nbsp; Comit\u00e9 consultivo: El comit\u00e9 consultivo [&hellip;]<\/p>\n","protected":false},"author":1,"featured_media":0,"parent":0,"menu_order":0,"comment_status":"closed","ping_status":"closed","template":"","meta":{"_et_pb_use_builder":"on","_et_pb_old_content":"<!-- wp:divi\/placeholder \/-->","_et_gb_content_width":"","footnotes":""},"class_list":["post-511","page","type-page","status-publish","hentry"],"_links":{"self":[{"href":"https:\/\/wp.lamolina.edu.pe\/facultadeconomia\/wp-json\/wp\/v2\/pages\/511","targetHints":{"allow":["GET"]}}],"collection":[{"href":"https:\/\/wp.lamolina.edu.pe\/facultadeconomia\/wp-json\/wp\/v2\/pages"}],"about":[{"href":"https:\/\/wp.lamolina.edu.pe\/facultadeconomia\/wp-json\/wp\/v2\/types\/page"}],"author":[{"embeddable":true,"href":"https:\/\/wp.lamolina.edu.pe\/facultadeconomia\/wp-json\/wp\/v2\/users\/1"}],"replies":[{"embeddable":true,"href":"https:\/\/wp.lamolina.edu.pe\/facultadeconomia\/wp-json\/wp\/v2\/comments?post=511"}],"version-history":[{"count":4,"href":"https:\/\/wp.lamolina.edu.pe\/facultadeconomia\/wp-json\/wp\/v2\/pages\/511\/revisions"}],"predecessor-version":[{"id":1557,"href":"https:\/\/wp.lamolina.edu.pe\/facultadeconomia\/wp-json\/wp\/v2\/pages\/511\/revisions\/1557"}],"wp:attachment":[{"href":"https:\/\/wp.lamolina.edu.pe\/facultadeconomia\/wp-json\/wp\/v2\/media?parent=511"}],"curies":[{"name":"wp","href":"https:\/\/api.w.org\/{rel}","templated":true}]}}