{"id":559,"date":"2021-09-29T11:09:51","date_gmt":"2021-09-29T11:09:51","guid":{"rendered":"https:\/\/wp.lamolina.edu.pe\/facultadeconomia\/?page_id=559"},"modified":"2021-11-01T16:14:32","modified_gmt":"2021-11-01T16:14:32","slug":"departamento-sociologia-rural","status":"publish","type":"page","link":"https:\/\/wp.lamolina.edu.pe\/facultadeconomia\/departamento-sociologia-rural\/","title":{"rendered":"Departamento Sociolog\u00eda Rural"},"content":{"rendered":"<p>[et_pb_section fb_built=&#8221;1&#8243; _builder_version=&#8221;4.9.3&#8243; _module_preset=&#8221;default&#8221; min_height=&#8221;1215.6px&#8221; custom_margin=&#8221;||-53px|||&#8221;][et_pb_row _builder_version=&#8221;4.9.3&#8243; _module_preset=&#8221;default&#8221;][et_pb_column type=&#8221;4_4&#8243; _builder_version=&#8221;4.9.3&#8243; _module_preset=&#8221;default&#8221;][et_pb_text _builder_version=&#8221;4.9.3&#8243; _module_preset=&#8221;default&#8221; text_font=&#8221;||||||||&#8221; text_text_color=&#8221;#0c5e36&#8243; header_font=&#8221;||||||||&#8221; header_text_align=&#8221;center&#8221; header_text_color=&#8221;#0c5e36&#8243; header_font_size=&#8221;31px&#8221; header_letter_spacing=&#8221;3px&#8221; text_orientation=&#8221;center&#8221;]<\/p>\n<h1 class=\"section-title text-center wow fadeInDown\">DEPARTAMENTO ACAD\u00c9MICO DE SOCIOLOG\u00cdA RURAL<\/h1>\n<p>[\/et_pb_text][et_pb_image src=&#8221;https:\/\/wp.lamolina.edu.pe\/facultadeconomia\/wp-content\/uploads\/2021\/06\/pie-seccion.png&#8221; title_text=&#8221;pie-seccion&#8221; align=&#8221;center&#8221; _builder_version=&#8221;4.9.3&#8243; _module_preset=&#8221;default&#8221; width=&#8221;12%&#8221; max_width=&#8221;61%&#8221; module_alignment=&#8221;center&#8221; custom_margin=&#8221;-22px||||false|false&#8221;][\/et_pb_image][\/et_pb_column][\/et_pb_row][et_pb_row _builder_version=&#8221;4.9.3&#8243; _module_preset=&#8221;default&#8221; custom_padding=&#8221;48px|||||&#8221;][et_pb_column type=&#8221;4_4&#8243; _builder_version=&#8221;4.9.3&#8243; _module_preset=&#8221;default&#8221;][et_pb_text _builder_version=&#8221;4.9.3&#8243; _module_preset=&#8221;default&#8221; min_height=&#8221;54px&#8221; custom_margin=&#8221;||-36px|||&#8221; custom_padding=&#8221;||24px|||&#8221;]<\/p>\n<h3><span style=\"color: #006600;\"><strong>PRESENTACI\u00d3N<\/strong><\/span><\/h3>\n<p>[\/et_pb_text][et_pb_divider color=&#8221;#E09900&#8243; divider_position=&#8221;bottom&#8221; divider_weight=&#8221;3px&#8221; _builder_version=&#8221;4.9.3&#8243; _module_preset=&#8221;default&#8221; width=&#8221;15%&#8221; module_alignment=&#8221;left&#8221; animation_style=&#8221;slide&#8221;][\/et_pb_divider][\/et_pb_column][\/et_pb_row][\/et_pb_section][et_pb_section fb_built=&#8221;1&#8243; _builder_version=&#8221;4.9.3&#8243; _module_preset=&#8221;default&#8221; min_height=&#8221;1197px&#8221; custom_margin=&#8221;-903px||5px||false|false&#8221; custom_padding=&#8221;0px||0px||false|false&#8221;][et_pb_row _builder_version=&#8221;4.9.3&#8243; _module_preset=&#8221;default&#8221; min_height=&#8221;528px&#8221; custom_margin=&#8221;|auto|-190px|auto||&#8221;][et_pb_column type=&#8221;4_4&#8243; _builder_version=&#8221;4.9.3&#8243; _module_preset=&#8221;default&#8221;][et_pb_text _builder_version=&#8221;4.9.3&#8243; _module_preset=&#8221;default&#8221; text_text_color=&#8221;#0c5e36&#8243; text_font_size=&#8221;20px&#8221; text_letter_spacing=&#8221;1px&#8221; text_line_height=&#8221;1.3em&#8221; module_alignment=&#8221;center&#8221;]<\/p>\n<p style=\"text-align: justify;\">El presente documento sucintamente contiene una breve rese\u00f1a hist\u00f3rica del departamento de Sociolog\u00eda Rural (DASR), su estructura, gesti\u00f3n, donde se incorpora un plan de trabajo. Adem\u00e1s, se considera los recursos humanos con los que cuenta, las investigaciones publicadas y por publicar, as\u00ed como art\u00edculos de proyecci\u00f3n social realizadas por los profesores del DASR y una agenda de eventos realizados.<\/p>\n<p style=\"text-align: justify;\"><strong>\u00a0<\/strong><strong>Breve Rese\u00f1a hist\u00f3rica<\/strong><\/p>\n<p style=\"text-align: justify;\">El Doctor Enrique Flores Mariazza, Rector de la Universidad Nacional Agraria La Molina impulsa la iniciativa de construir un Departamento Acad\u00e9mico de Sociolog\u00eda Rural y Ambiental, como parte de la Facultad de Econom\u00eda y Planificaci\u00f3n. La finalidad del Departamento es enfatizar en el conocimiento de la sociedad rural y ambiental peruana y sobre todo en la formaci\u00f3n integral y calidad de los estudiantes, fortaleciendo la dimensi\u00f3n sociocultural y ambiental del curr\u00edculo universitario, incrementando la perspectiva social de la UNALM dentro y fuera de la universidad.<\/p>\n<p style=\"text-align: justify;\">Esta propuesta fue asumida con mucho inter\u00e9s por el Doctor Rino Sotomayor, Decano de la Facultad de Econom\u00eda y Planificaci\u00f3n y por la Dra. Em\u00e9rita Escobar Directora del Departamento de Ciencias Humanas, quien nombra una comisi\u00f3n inicial para revisar esta iniciativa, mostrando su concordancia y deseo de colaborar en este cometido.<\/p>\n<p style=\"text-align: justify;\">Habiendo este consenso, el Decano de la Facultad de Econom\u00eda emite la resoluci\u00f3n 386-2016 D-FEP, del 10 de noviembre del 2016, para que se establezca formalmente una comisi\u00f3n, contando con la aprobaci\u00f3n expresa del Departamento de Ciencias Humanas, a trav\u00e9s de su directora con una solicitud 2016\/092.<\/p>\n<p style=\"text-align: justify;\">Al principio se consider\u00f3, que el Departamento solo denominara de Sociolog\u00eda Rural, pero posteriormente se crey\u00f3 conveniente incorporar los aspectos sociales y culturales del ambiente, como una tem\u00e1tica de inter\u00e9s de la universidad, del pa\u00eds y del mundo, debido a que la especialidad de Ingenier\u00eda Ambiental solo inclu\u00eda aspectos f\u00edsicos y biol\u00f3gicos expresamente en su malla curricular. Dicho planteamiento fue estimado pertinente por el Rector Flores Mariazza: De esta manera, se formul\u00f3 definitivamente el nombre de Sociolog\u00eda Rural y Ambiental. La Comisi\u00f3n se reuni\u00f3 17 veces para discutir y sustentar los primeros planteamientos. Asimismo, se consult\u00f3 a destacados profesionales en Sociolog\u00eda Rural y el aporte de docentes de diversas carreras de la UNALM sobre las necesidades e intereses del Departamento de Sociolog\u00eda Rural y Ambiental, as\u00ed como personas especialmente invitadas por las autoridades. Los diversos planteamientos y opiniones que surgieron se procesaron y se tomaron en cuenta para formular un documento borrador, que fue enviado al decano y al rector. Posteriormente, a solicitud del Rector, se llev\u00f3 cabo una reuni\u00f3n con dos destacados invitados, egresados de la UNALM, quienes plantearon sus\u00a0opiniones y sugerencias al documento borrador inicial y que sean tomadas en cuenta por la Comisi\u00f3n en la elaboraci\u00f3n del documento final. Asimismo, el Rector, el Decano y la directora del Departamento, dieron sus opiniones, as\u00ed como sus propuestas. Es as\u00ed que el viernes 31 de marzo del 2017 se entreg\u00f3 formalmente este documento que consta de 54 p\u00e1ginas. Posteriormente surgieron nuevas sugerencias que tambi\u00e9n fueron incorporados.<\/p>\n<p style=\"text-align: justify;\">El Departamento Sociolog\u00eda Rural y Ambiental se ha desprendido del Departamento de Ciencias Humanas, incorporando a profesores Soci\u00f3logos, Antrop\u00f3logos y de Carreras afines que ense\u00f1amos temas relacionadas con las Ciencias Sociales a trav\u00e9s de once cursos obligatorios y electivos, dentro de la misma Facultad de Econom\u00eda y Planificaci\u00f3n, con la mira de generar en el futuro una carrera o segundas especialidades en\u00a0 Sociolog\u00eda y Antropolog\u00eda Rural y Ambiental y uno o m\u00e1s posgrados en la misma materia acad\u00e9mica y as\u00ed en fortalecer el punto de vista social y cultural, dentro de la Universidad Nacional Agraria, que contribuyan a dilucidar los problemas nacionales y mundiales, tanto en la investigaci\u00f3n, como en el desarrollo de planteamientos y salidas respecto a los \u00e1mbitos sociales y culturales que nos aquejan y requieren soluci\u00f3n.<\/p>\n<p style=\"text-align: justify;\">Mediante Resoluci\u00f3n de la Asamblea Universitaria N\u00b0 009-2017-AU-UNALM, de fecha 12 de diciembre del 2017 y despu\u00e9s de varias discusiones, se aprueba definitivamente la creaci\u00f3n del Departamento Acad\u00e9mico de Sociolog\u00eda Rural, dejando de lado lo ambiental porque se afirmaba que \u00e9ste era un tema tratado por la carrera de Ingenier\u00eda Ambiental, desconoci\u00e9ndose que el ambiente no s\u00f3lo corresponde a los \u00e1mbitos f\u00edsico y biol\u00f3gico si no, tambi\u00e9n, al social y cultural.<\/p>\n<p style=\"text-align: justify;\">Posteriormente, mediante Resoluci\u00f3n N\u00b0 0102-2018\/D-FEP de fecha 12 de abril del 2018 se aprueba la propuesta de la relaci\u00f3n de docentes que conformar\u00e1n el Departamento de Sociolog\u00eda Rural (DASR), que en total suman 12. Tambi\u00e9n se constituye la Comisi\u00f3n de implementaci\u00f3n del DASR a cargo de cuatro profesores, la que en \u201cun plazo que no exceda el 15 de junio del 2018 deber\u00e1 realizar todas las actividades de organizaci\u00f3n, implementaci\u00f3n log\u00edstica, gestiones de asignaci\u00f3n de recursos y de personal que culminen con la elecci\u00f3n del Director del Departamento\u201d. Es as\u00ed que, en la segunda semana del mes de julio de ese mismo a\u00f1o, y pr\u00f3ximos a iniciar el Semestre 2018-II, se eligi\u00f3 a la primera directora del DASR.<\/p>\n<p><strong>Estructura del Departamento<\/strong><\/p>\n<p style=\"text-align: justify;\">La ense\u00f1anza del departamento se divide en 3 \u00e1reas de cursos, cada uno de las cuales tiene un profesor coordinador responsable:<\/p>\n<p style=\"text-align: justify;\">Sociedad y Cultura Peruana: Humberto Porras<\/p>\n<p style=\"text-align: justify;\">Per\u00fa en el Contexto Internacional: Julio Alfaro<\/p>\n<p style=\"text-align: justify;\">Metodolog\u00eda de la Investigaci\u00f3n: Ernesto Magui\u00f1a<\/p>\n<p style=\"text-align: justify;\">Existe un Comit\u00e9 editor de la Revista Cambio Social, presidido por el profesor Jos\u00e9 Carlos Vilcapoma, quienes se encargar\u00e1n este a\u00f1o de la publicaci\u00f3n de su segundo n\u00famero.<\/p>\n<p style=\"text-align: justify;\">Existe la comisi\u00f3n de implementaci\u00f3n del primer diplomado de Sociolog\u00eda Rural y Ambiental, presidido por el profesor Julio Ch\u00e1vez.<\/p>\n<p>[\/et_pb_text][\/et_pb_column][\/et_pb_row][et_pb_row _builder_version=&#8221;4.9.3&#8243; _module_preset=&#8221;default&#8221; custom_padding=&#8221;48px|||||&#8221; locked=&#8221;off&#8221;][et_pb_column type=&#8221;4_4&#8243; _builder_version=&#8221;4.9.3&#8243; _module_preset=&#8221;default&#8221;][\/et_pb_column][\/et_pb_row][\/et_pb_section]<\/p>\n","protected":false},"excerpt":{"rendered":"<p>DEPARTAMENTO ACAD\u00c9MICO DE SOCIOLOG\u00cdA RURALPRESENTACI\u00d3NEl presente documento sucintamente contiene una breve rese\u00f1a hist\u00f3rica del departamento de Sociolog\u00eda Rural (DASR), su estructura, gesti\u00f3n, donde se incorpora un plan de trabajo. Adem\u00e1s, se considera los recursos humanos con los que cuenta, las investigaciones publicadas y por publicar, as\u00ed como art\u00edculos de proyecci\u00f3n social realizadas por los profesores [&hellip;]<\/p>\n","protected":false},"author":1,"featured_media":0,"parent":0,"menu_order":0,"comment_status":"closed","ping_status":"closed","template":"","meta":{"_et_pb_use_builder":"on","_et_pb_old_content":"<!-- wp:divi\/placeholder \/-->","_et_gb_content_width":"","footnotes":""},"class_list":["post-559","page","type-page","status-publish","hentry"],"_links":{"self":[{"href":"https:\/\/wp.lamolina.edu.pe\/facultadeconomia\/wp-json\/wp\/v2\/pages\/559","targetHints":{"allow":["GET"]}}],"collection":[{"href":"https:\/\/wp.lamolina.edu.pe\/facultadeconomia\/wp-json\/wp\/v2\/pages"}],"about":[{"href":"https:\/\/wp.lamolina.edu.pe\/facultadeconomia\/wp-json\/wp\/v2\/types\/page"}],"author":[{"embeddable":true,"href":"https:\/\/wp.lamolina.edu.pe\/facultadeconomia\/wp-json\/wp\/v2\/users\/1"}],"replies":[{"embeddable":true,"href":"https:\/\/wp.lamolina.edu.pe\/facultadeconomia\/wp-json\/wp\/v2\/comments?post=559"}],"version-history":[{"count":3,"href":"https:\/\/wp.lamolina.edu.pe\/facultadeconomia\/wp-json\/wp\/v2\/pages\/559\/revisions"}],"predecessor-version":[{"id":903,"href":"https:\/\/wp.lamolina.edu.pe\/facultadeconomia\/wp-json\/wp\/v2\/pages\/559\/revisions\/903"}],"wp:attachment":[{"href":"https:\/\/wp.lamolina.edu.pe\/facultadeconomia\/wp-json\/wp\/v2\/media?parent=559"}],"curies":[{"name":"wp","href":"https:\/\/api.w.org\/{rel}","templated":true}]}}