{"id":563,"date":"2021-09-29T11:15:06","date_gmt":"2021-09-29T11:15:06","guid":{"rendered":"https:\/\/wp.lamolina.edu.pe\/facultadeconomia\/?page_id=563"},"modified":"2021-11-01T16:16:00","modified_gmt":"2021-11-01T16:16:00","slug":"departamento-sociologia-rural-gestion-del-departamento","status":"publish","type":"page","link":"https:\/\/wp.lamolina.edu.pe\/facultadeconomia\/departamento-sociologia-rural-gestion-del-departamento\/","title":{"rendered":"Departamento Sociolog\u00eda Rural &#8211; Gesti\u00f3n del Departamento"},"content":{"rendered":"<p>[et_pb_section fb_built=&#8221;1&#8243; _builder_version=&#8221;4.9.3&#8243; _module_preset=&#8221;default&#8221; min_height=&#8221;1215.6px&#8221; custom_margin=&#8221;||-53px|||&#8221;][et_pb_row _builder_version=&#8221;4.9.3&#8243; _module_preset=&#8221;default&#8221;][et_pb_column type=&#8221;4_4&#8243; _builder_version=&#8221;4.9.3&#8243; _module_preset=&#8221;default&#8221;][et_pb_text _builder_version=&#8221;4.9.3&#8243; _module_preset=&#8221;default&#8221; text_font=&#8221;||||||||&#8221; text_text_color=&#8221;#0c5e36&#8243; header_font=&#8221;||||||||&#8221; header_text_align=&#8221;center&#8221; header_text_color=&#8221;#0c5e36&#8243; header_font_size=&#8221;31px&#8221; header_letter_spacing=&#8221;3px&#8221; text_orientation=&#8221;center&#8221;]<\/p>\n<h1 class=\"section-title text-center wow fadeInDown\">DEPARTAMENTO ACAD\u00c9MICO DE SOCIOLOG\u00cdA RURAL<\/h1>\n<p>[\/et_pb_text][et_pb_image src=&#8221;https:\/\/wp.lamolina.edu.pe\/facultadeconomia\/wp-content\/uploads\/2021\/06\/pie-seccion.png&#8221; title_text=&#8221;pie-seccion&#8221; align=&#8221;center&#8221; _builder_version=&#8221;4.9.3&#8243; _module_preset=&#8221;default&#8221; width=&#8221;12%&#8221; max_width=&#8221;61%&#8221; module_alignment=&#8221;center&#8221; custom_margin=&#8221;-22px||||false|false&#8221;][\/et_pb_image][\/et_pb_column][\/et_pb_row][et_pb_row _builder_version=&#8221;4.9.3&#8243; _module_preset=&#8221;default&#8221; custom_padding=&#8221;48px|||||&#8221;][et_pb_column type=&#8221;4_4&#8243; _builder_version=&#8221;4.9.3&#8243; _module_preset=&#8221;default&#8221;][et_pb_text _builder_version=&#8221;4.9.3&#8243; _module_preset=&#8221;default&#8221; min_height=&#8221;54px&#8221; custom_margin=&#8221;||-36px|||&#8221; custom_padding=&#8221;||24px|||&#8221;]<\/p>\n<h3><span style=\"color: #006600;\"><strong>GESTI\u00d3N DEL DEPARTAMENTO<\/strong><\/span><\/h3>\n<p>[\/et_pb_text][et_pb_divider color=&#8221;#E09900&#8243; divider_position=&#8221;bottom&#8221; divider_weight=&#8221;3px&#8221; _builder_version=&#8221;4.9.3&#8243; _module_preset=&#8221;default&#8221; width=&#8221;15%&#8221; module_alignment=&#8221;left&#8221; animation_style=&#8221;slide&#8221;][\/et_pb_divider][\/et_pb_column][\/et_pb_row][\/et_pb_section][et_pb_section fb_built=&#8221;1&#8243; _builder_version=&#8221;4.9.3&#8243; _module_preset=&#8221;default&#8221; min_height=&#8221;1197px&#8221; custom_margin=&#8221;-903px||5px||false|false&#8221; custom_padding=&#8221;0px||0px||false|false&#8221;][et_pb_row _builder_version=&#8221;4.9.3&#8243; _module_preset=&#8221;default&#8221; min_height=&#8221;528px&#8221; custom_margin=&#8221;|auto|-190px|auto||&#8221;][et_pb_column type=&#8221;4_4&#8243; _builder_version=&#8221;4.9.3&#8243; _module_preset=&#8221;default&#8221;][et_pb_text _builder_version=&#8221;4.9.3&#8243; _module_preset=&#8221;default&#8221; text_text_color=&#8221;#0c5e36&#8243; text_font_size=&#8221;20px&#8221; text_letter_spacing=&#8221;1px&#8221; text_line_height=&#8221;1.3em&#8221; module_alignment=&#8221;center&#8221;]<\/p>\n<p style=\"text-align: justify;\">La gesti\u00f3n del departamento se encuentra resumida en las diferentes actividades y\/o eventos realizados, especialmente a partir de la segunda mitad del a\u00f1o 2020. En los 3 a\u00f1os de funcionamiento del Departamento Acad\u00e9mico de Sociolog\u00eda Rural, la mitad de este tiempo ha transcurrido en plena pandemia.<\/p>\n<p style=\"text-align: justify;\"><strong>PLAN DE TRABAJO<\/strong><\/p>\n<ul style=\"text-align: justify;\">\n<li><strong> <\/strong><strong>Base Legal <\/strong><\/li>\n<\/ul>\n<p style=\"text-align: justify;\">El Departamento Acad\u00e9mico de Sociolog\u00eda Rural (DASR) fue creado mediante Resoluci\u00f3n de la Asamblea Universitaria N\u00b0 009-2017-AU-UNALM de fecha 12 de diciembre del 2017. La aprobaci\u00f3n del DASR comprende un documento titulado \u201cDise\u00f1o del Departamento de Sociolog\u00eda Rural y Ambiental: Fundamentos y Plan de Desarrollo\u201d que consta de 54 p\u00e1ginas y donde queda establecido una serie de aspectos acerca de su dise\u00f1o e implementaci\u00f3n, los mismos que deber\u00e1n ser respetados por las instancias correspondientes.<\/p>\n<ul style=\"text-align: justify;\">\n<li><strong> <\/strong><strong>Fundamentaci\u00f3n<\/strong><\/li>\n<\/ul>\n<p style=\"text-align: justify;\">El DASR es una instancia acad\u00e9mica orientada al conocimiento de la sociedad rural y a la comprensi\u00f3n de la intervenci\u00f3n humana en el ambiente, a fin de contribuir a una mejor formaci\u00f3n de los estudiantes, a la investigaci\u00f3n y al esclarecimiento y b\u00fasqueda de soluciones a la problem\u00e1tica social y ambiental en el campo peruano.<\/p>\n<p style=\"text-align: justify;\">El aporte de la experiencia de las Ciencias Sociales es importante en la formaci\u00f3n de los estudiantes de la UNALM estableciendo un di\u00e1logo interdisciplinario con las Ciencias Agrarias.<\/p>\n<p><strong> <\/strong><strong>Objetivos<\/strong><\/p>\n<p>Generales<\/p>\n<p style=\"text-align: justify;\">\u00a0Fortalecer y difundir las actividades acad\u00e9micas del Departamento Acad\u00e9mico de Sociolog\u00eda Rural<\/p>\n<p>Espec\u00edficos<strong>\u00a0<\/strong><\/p>\n<ul style=\"text-align: justify;\">\n<li>Elaborar el primer n\u00famero de la revista del Departamento de Sociolog\u00eda Rural.<\/li>\n<li>Crear el primer diplomado o segunda especializaci\u00f3n en Sociolog\u00eda Rural y Ambiental<\/li>\n<li>Elaborar cursos de capacitaci\u00f3n y establecer relaciones y convenios con otros colegios profesionales e instituciones acad\u00e9micas.<\/li>\n<\/ul>\n<p style=\"text-align: justify;\"><strong>\u00a0<\/strong><strong>Metas <\/strong><\/p>\n<ul style=\"text-align: justify;\">\n<li>5 meses (agosto 2020-diciembre 2021) Publicaci\u00f3n de la revista del DASR<\/li>\n<li>10 meses (octubre del 2020-julio del 2021). Formaci\u00f3n de la comisi\u00f3n del diplomado y su funcionamiento<\/li>\n<\/ul>\n<p style=\"text-align: justify;\"><strong>\u00a0<\/strong><strong> <\/strong><strong>Actividades<\/strong><\/p>\n<ul style=\"text-align: justify;\">\n<li>Conformaci\u00f3n del comit\u00e9 editorial de la Revista del Departamento<\/li>\n<li>Conformaci\u00f3n de la comisi\u00f3n encargada de elaborar la mejor propuesta para el funcionamiento del primer o diplomado o segunda especializaci\u00f3n.<\/li>\n<li>Otras actividades a realizar: conmemoraciones, programas, etc.<\/li>\n<\/ul>\n<p style=\"text-align: justify;\"><strong>\u00a0<\/strong><strong>Metodolog\u00eda<\/strong><\/p>\n<ul style=\"text-align: justify;\">\n<li>Planificaci\u00f3n<\/li>\n<li>Ejecuci\u00f3n<\/li>\n<li>Evaluaci\u00f3n<\/li>\n<\/ul>\n<p style=\"text-align: justify;\"><strong>Cronograma<\/strong><\/p>\n<p>[\/et_pb_text][\/et_pb_column][\/et_pb_row][et_pb_row _builder_version=&#8221;4.9.3&#8243; _module_preset=&#8221;default&#8221; custom_padding=&#8221;48px|||||&#8221; locked=&#8221;off&#8221;][et_pb_column type=&#8221;4_4&#8243; _builder_version=&#8221;4.9.3&#8243; _module_preset=&#8221;default&#8221;][\/et_pb_column][\/et_pb_row][\/et_pb_section]<\/p>\n","protected":false},"excerpt":{"rendered":"<p>DEPARTAMENTO ACAD\u00c9MICO DE SOCIOLOG\u00cdA RURALGESTI\u00d3N DEL DEPARTAMENTOLa gesti\u00f3n del departamento se encuentra resumida en las diferentes actividades y\/o eventos realizados, especialmente a partir de la segunda mitad del a\u00f1o 2020. En los 3 a\u00f1os de funcionamiento del Departamento Acad\u00e9mico de Sociolog\u00eda Rural, la mitad de este tiempo ha transcurrido en plena pandemia. PLAN DE TRABAJO [&hellip;]<\/p>\n","protected":false},"author":1,"featured_media":0,"parent":0,"menu_order":0,"comment_status":"closed","ping_status":"closed","template":"","meta":{"_et_pb_use_builder":"on","_et_pb_old_content":"<!-- wp:divi\/placeholder \/-->","_et_gb_content_width":"","footnotes":""},"class_list":["post-563","page","type-page","status-publish","hentry"],"_links":{"self":[{"href":"https:\/\/wp.lamolina.edu.pe\/facultadeconomia\/wp-json\/wp\/v2\/pages\/563","targetHints":{"allow":["GET"]}}],"collection":[{"href":"https:\/\/wp.lamolina.edu.pe\/facultadeconomia\/wp-json\/wp\/v2\/pages"}],"about":[{"href":"https:\/\/wp.lamolina.edu.pe\/facultadeconomia\/wp-json\/wp\/v2\/types\/page"}],"author":[{"embeddable":true,"href":"https:\/\/wp.lamolina.edu.pe\/facultadeconomia\/wp-json\/wp\/v2\/users\/1"}],"replies":[{"embeddable":true,"href":"https:\/\/wp.lamolina.edu.pe\/facultadeconomia\/wp-json\/wp\/v2\/comments?post=563"}],"version-history":[{"count":3,"href":"https:\/\/wp.lamolina.edu.pe\/facultadeconomia\/wp-json\/wp\/v2\/pages\/563\/revisions"}],"predecessor-version":[{"id":907,"href":"https:\/\/wp.lamolina.edu.pe\/facultadeconomia\/wp-json\/wp\/v2\/pages\/563\/revisions\/907"}],"wp:attachment":[{"href":"https:\/\/wp.lamolina.edu.pe\/facultadeconomia\/wp-json\/wp\/v2\/media?parent=563"}],"curies":[{"name":"wp","href":"https:\/\/api.w.org\/{rel}","templated":true}]}}