{"id":585,"date":"2021-09-29T11:36:59","date_gmt":"2021-09-29T11:36:59","guid":{"rendered":"https:\/\/wp.lamolina.edu.pe\/facultadeconomia\/?page_id=585"},"modified":"2021-11-01T16:15:56","modified_gmt":"2021-11-01T16:15:56","slug":"departamento-sociologia-rural-idi","status":"publish","type":"page","link":"https:\/\/wp.lamolina.edu.pe\/facultadeconomia\/departamento-sociologia-rural-idi\/","title":{"rendered":"Departamento Sociolog\u00eda Rural &#8211; I+D+i"},"content":{"rendered":"<p>[et_pb_section fb_built=&#8221;1&#8243; _builder_version=&#8221;4.9.3&#8243; _module_preset=&#8221;default&#8221; min_height=&#8221;1215.6px&#8221; custom_margin=&#8221;||-53px|||&#8221;][et_pb_row _builder_version=&#8221;4.9.3&#8243; _module_preset=&#8221;default&#8221;][et_pb_column type=&#8221;4_4&#8243; _builder_version=&#8221;4.9.3&#8243; _module_preset=&#8221;default&#8221;][et_pb_text _builder_version=&#8221;4.9.3&#8243; _module_preset=&#8221;default&#8221; text_font=&#8221;||||||||&#8221; text_text_color=&#8221;#0c5e36&#8243; header_font=&#8221;||||||||&#8221; header_text_align=&#8221;center&#8221; header_text_color=&#8221;#0c5e36&#8243; header_font_size=&#8221;31px&#8221; header_letter_spacing=&#8221;3px&#8221; text_orientation=&#8221;center&#8221;]<\/p>\n<h1 class=\"section-title text-center wow fadeInDown\">DEPARTAMENTO ACAD\u00c9MICO DE SOCIOLOG\u00cdA RURAL<\/h1>\n<p>[\/et_pb_text][et_pb_image src=&#8221;https:\/\/wp.lamolina.edu.pe\/facultadeconomia\/wp-content\/uploads\/2021\/06\/pie-seccion.png&#8221; title_text=&#8221;pie-seccion&#8221; align=&#8221;center&#8221; _builder_version=&#8221;4.9.3&#8243; _module_preset=&#8221;default&#8221; width=&#8221;12%&#8221; max_width=&#8221;61%&#8221; module_alignment=&#8221;center&#8221; custom_margin=&#8221;-22px||||false|false&#8221;][\/et_pb_image][\/et_pb_column][\/et_pb_row][et_pb_row _builder_version=&#8221;4.9.3&#8243; _module_preset=&#8221;default&#8221; custom_padding=&#8221;48px|||||&#8221;][et_pb_column type=&#8221;4_4&#8243; _builder_version=&#8221;4.9.3&#8243; _module_preset=&#8221;default&#8221;][et_pb_text _builder_version=&#8221;4.9.3&#8243; _module_preset=&#8221;default&#8221; min_height=&#8221;54px&#8221; custom_margin=&#8221;||-36px|||&#8221; custom_padding=&#8221;||24px|||&#8221;]<\/p>\n<h3><span style=\"color: #006600;\"><strong>I+D+i<\/strong><\/span><\/h3>\n<p>[\/et_pb_text][et_pb_divider color=&#8221;#E09900&#8243; divider_position=&#8221;bottom&#8221; divider_weight=&#8221;3px&#8221; _builder_version=&#8221;4.9.3&#8243; _module_preset=&#8221;default&#8221; width=&#8221;15%&#8221; module_alignment=&#8221;left&#8221; animation_style=&#8221;slide&#8221;][\/et_pb_divider][\/et_pb_column][\/et_pb_row][\/et_pb_section][et_pb_section fb_built=&#8221;1&#8243; _builder_version=&#8221;4.9.3&#8243; _module_preset=&#8221;default&#8221; min_height=&#8221;1197px&#8221; custom_margin=&#8221;-903px||5px||false|false&#8221; custom_padding=&#8221;0px||0px||false|false&#8221;][et_pb_row _builder_version=&#8221;4.9.3&#8243; _module_preset=&#8221;default&#8221; min_height=&#8221;528px&#8221; custom_margin=&#8221;|auto|-190px|auto||&#8221;][et_pb_column type=&#8221;4_4&#8243; _builder_version=&#8221;4.9.3&#8243; _module_preset=&#8221;default&#8221;][et_pb_text _builder_version=&#8221;4.9.3&#8243; _module_preset=&#8221;default&#8221; text_text_color=&#8221;#0c5e36&#8243; text_font_size=&#8221;20px&#8221; text_letter_spacing=&#8221;1px&#8221; text_line_height=&#8221;1.3em&#8221; module_alignment=&#8221;center&#8221;]<\/p>\n<p style=\"text-align: justify;\">Entre el a\u00f1o 2018 hasta la actualidad se han publicado o est\u00e1n por publicar las investigaciones de los siguientes profesores de nuestro departamento:<\/p>\n<p style=\"text-align: justify;\"><strong>Julio Alfaro Moreno:<\/strong><\/p>\n<p style=\"text-align: justify;\">(2021) \u201cEfectos Socio-culturales para el Desarrollo Rural local del Retorno de Migrantes post covid 19\u201d<strong>, <\/strong>investigaci\u00f3n escrita y presentada para el congreso internacional al Lat\u00edn American Social Studies, LASA en Nueva York, virtual, presentaci\u00f3n de la ponencia.<\/p>\n<p style=\"text-align: justify;\">(2021) \u201cJos\u00e9 Mar\u00eda Arguedas Yachachi: Sus Aportes a una Educaci\u00f3n Universitaria de Calidad\u201d, investigaci\u00f3n presentada en la Feria Internacional del Libro Agrario el 6 de mayo del 2021, 201 p\u00e1ginas, texto virtual, investigaci\u00f3n a ser presentada antes del 28 de Julio para su publicaci\u00f3n por la UNALM<strong>.<\/strong><\/p>\n<p style=\"text-align: justify;\">\u201cDel Vuelo del C\u00f3ndor a las Gaviotas y Papagayos: Sistematizaci\u00f3n de las\u00a0\u00a0\u00a0\u00a0\u00a0\u00a0\u00a0\u00a0 Experiencias de Gesti\u00f3n de Cuencas en la Historia Peruana hasta Nuestros D\u00edas como la\u00a0\u00a0 Tercera V\u00eda de Descentralizaci\u00f3n y Ruptura de la Desigualdad\u201d. Publicaci\u00f3n aprobada por\u00a0\u00a0\u00a0\u00a0 la FAO y propuesta a ser publicada tambi\u00e9n en la UNALM, 189 p\u00e1ginas<\/p>\n<p style=\"text-align: justify;\">(2019) \u201cAlternativas para afrontar el cambio clim\u00e1tico\u201d, ponencia presentada en el VI, Simposio Internacional Labrando Nuevos Caminos, Centro Mundial de Estudios Humanistas, texto publicado en abril del 2019, en el libro Labrando Nuevos Caminos, presentado en Santiago de Chile en la Universidad de Santiago,<\/p>\n<p style=\"text-align: justify;\">\u201cCulturas Andinas y Cholas del Agua e Interculturalidad\u201d, investigaci\u00f3n concluida sobre el tema que fue publicada en Tierra Nuestra UNALM, con 29 hojas, actualmente termina con 71 hojas, en proceso de publicaci\u00f3n en el 2021.<\/p>\n<p style=\"text-align: justify;\">(2018) Los Pueblos Originarios y el Nuevo Humanismo: \u00bfQu\u00e9 podemos aprender de ellos los peruanos y el Mundo, ampliaci\u00f3n de la investigaci\u00f3n, inicialmente publicada en el 2016 con 14 hojas y concluida en Mayo del 2018, concluida en Diciembre del 2018 con 33 hojas, por publicar<\/p>\n<p style=\"text-align: justify;\"><strong>Pedro Pablo Coppa Antay:<\/strong><\/p>\n<p style=\"text-align: justify;\">(2020) \u201cAvatares de los inmigrantes venezolanos desde el lenguaje del cuerpo y emociones\u201d, Anales cient\u00edficos N\u00b0 81, Revista UNALM.<\/p>\n<p style=\"text-align: justify;\">(2020) \u201cLas encrucijadas del amor y la sexualidad en j\u00f3venes de hoy. Entre el amor pira\u00f1a y el amor sublime\u201d, Bolet\u00edn cuatritrimestral de la Asociaci\u00f3n Latinoamericana de Sociolog\u00eda, N\u00b0 23.<\/p>\n<p style=\"text-align: justify;\">(2020) \u201cCaminantes, COVID-19 y organizaciones sociales de base. En el corona virus y su impacto en la sociedad actual y futura, libro electr\u00f3nico del Colegio de Soci\u00f3logos del Per\u00fa<\/p>\n<p style=\"text-align: justify;\">(2018) \u201cLa cocina de acogida. Migrantes andinos en Lima. Memorias, sabores y sentidos\u201d, Fondo Editorial Universidad de San Mart\u00edn de Porras.<\/p>\n<p style=\"text-align: justify;\"><strong>Julio Ch\u00e1vez Achong:<\/strong><\/p>\n<p style=\"text-align: justify;\">(2020) \u201cUna ciencia ambiental y ecol\u00f3gica\u201d, en Cambio Social. Revista de Sociolog\u00eda Rural, A\u00f1o 1, N\u00b0 1, Departamento de Sociolog\u00eda Rural, UNALM.<\/p>\n<p style=\"text-align: justify;\">(2020) \u201cCaficultura org\u00e1nica para el comercio justo. Una estrategia posible de adaptaci\u00f3n al cambio clim\u00e1tico en la selva central\u201d, En Vargas S. y M. Bravo, Sepia XVIII.<\/p>\n<p style=\"text-align: justify;\">\u201c9 a\u00f1os de proyectos educativos en la UNALM. \u00bfQu\u00e9 hemos aprendido?\u201d, Cooperaci\u00f3n belga\u00a0 Antayal desarrollo, VLIR-USO, Unidad de Innovaci\u00f3n Educativa, Universidad Nacional Agraria La Molina. Coautor.<\/p>\n<p style=\"text-align: justify;\">\u201cDi\u00e1logo c\u00edvico. La democracia deliberativa en los conflictos socio-ambientales\u201d, Universidad Antonio Ruiz de Montoya, Cooperaci\u00f3n alemana al desarrollo-GIZ, Centro Ideas, Instituto de Di\u00e1logo, Pro-Di\u00e1logo. Coautor.<\/p>\n<p style=\"text-align: justify;\"><strong>Armando D\u00edaz Barba:<\/strong><\/p>\n<p style=\"text-align: justify;\">(2020) \u201cAvatares de los inmigrantes venezolanos desde el lenguaje del cuerpo y las emociones\u201d, Anales Cient\u00edficos 81, Revista UNALM.<\/p>\n<p style=\"text-align: justify;\"><strong>Juan G\u00f3mez de la Torre Bar\u00faa:<\/strong><\/p>\n<p style=\"text-align: justify;\">(2019) \u201cRiego, Mercado y tensiones: Cambios y coexistencia de sistemas de riego en San Andr\u00e9s de Tupicacha\u201d, publicado en SEPIA 18<\/p>\n<p style=\"text-align: justify;\">(2020) \u201cCambios en la organizaci\u00f3n social familiar y en el desempe\u00f1o acad\u00e9mico de estudiantes de la Universidad Nacional Agraria la Molina con la llegada del SARS-CoV-2 al Per\u00fa\u201d, aceptada en el IX Congreso Iberoamericano de investigaci\u00f3n en Gobernanza Universitaria e Instituciones Educativas.<\/p>\n<p style=\"text-align: justify;\"><strong>Ernesto Magui\u00f1a Salinas: <\/strong><\/p>\n<p style=\"text-align: justify;\">2020: \u201cPer\u00fa: El proceso de transici\u00f3n de la inmigraci\u00f3n interna a la emigraci\u00f3n de peruanos al extranjero. 1990-2020\u201d, por publicar en la revista \u201cTierra Nuestra\u201d, N\u00b0 15. (Por publicar)<\/p>\n<p style=\"text-align: justify;\"><strong>Humberto Porras V\u00e1squez:<\/strong><\/p>\n<p style=\"text-align: justify;\">(2020) \u201cUn punto de vista sobre la corrupci\u00f3n\u201d, Tierra Nuestra, volumen 14, N\u00b0 1<\/p>\n<p style=\"text-align: justify;\"><strong>Jos\u00e9 Carlos Vilcapoma Ignacio: <\/strong><\/p>\n<p style=\"text-align: justify;\">2020: \u201cCompendio Legal de titulaci\u00f3n de tierras de los pueblos ind\u00edgenas\u201d, publicado por el Fondo Editorial de la UNALM<\/p>\n<p style=\"text-align: justify;\">2020: \u201cArguedas entre la tradici\u00f3n y la modernidad\u201d, revista \u201cTierra Nuestra\u201d N\u00b0 13, (publicado)<\/p>\n<p style=\"text-align: justify;\">2018: \u201cTeodoro Hampe Mart\u00ednez en el p\u00e9ndulo del recuerdo\u201d, Revista Cr\u00edtica Literaria Latinoamericana, 2018. (Publicado).<\/p>\n<p style=\"text-align: justify;\"><strong>Jimmy Y\u00e9pez Aguirre<\/strong><\/p>\n<p style=\"text-align: justify;\">2019: La metaldad y el habitus metalicus en la ciudad de Lima 1994-2014\u201d, Revista Pluridiversidad, Lima, Universidad Ricardo Palma, N\u00b0 03, P\u00e1gs. 169-190.<\/p>\n<p style=\"text-align: justify;\">2018: \u201cLa metaldad y el habitus medt\u00e1licus. Cultura, colonialidad y violencia, Republic of mauritius\u201d, Editorial Acad\u00e9mica Espa\u00f1ola (Libro publicado).<\/p>\n<p>[\/et_pb_text][\/et_pb_column][\/et_pb_row][et_pb_row _builder_version=&#8221;4.9.3&#8243; _module_preset=&#8221;default&#8221; custom_padding=&#8221;48px|||||&#8221; locked=&#8221;off&#8221;][et_pb_column type=&#8221;4_4&#8243; _builder_version=&#8221;4.9.3&#8243; _module_preset=&#8221;default&#8221;][\/et_pb_column][\/et_pb_row][\/et_pb_section]<\/p>\n","protected":false},"excerpt":{"rendered":"<p>DEPARTAMENTO ACAD\u00c9MICO DE SOCIOLOG\u00cdA RURALI+D+iEntre el a\u00f1o 2018 hasta la actualidad se han publicado o est\u00e1n por publicar las investigaciones de los siguientes profesores de nuestro departamento: Julio Alfaro Moreno: (2021) \u201cEfectos Socio-culturales para el Desarrollo Rural local del Retorno de Migrantes post covid 19\u201d, investigaci\u00f3n escrita y presentada para el congreso internacional al Lat\u00edn [&hellip;]<\/p>\n","protected":false},"author":1,"featured_media":0,"parent":0,"menu_order":0,"comment_status":"closed","ping_status":"closed","template":"","meta":{"_et_pb_use_builder":"on","_et_pb_old_content":"<!-- wp:divi\/placeholder \/-->","_et_gb_content_width":"","footnotes":""},"class_list":["post-585","page","type-page","status-publish","hentry"],"_links":{"self":[{"href":"https:\/\/wp.lamolina.edu.pe\/facultadeconomia\/wp-json\/wp\/v2\/pages\/585","targetHints":{"allow":["GET"]}}],"collection":[{"href":"https:\/\/wp.lamolina.edu.pe\/facultadeconomia\/wp-json\/wp\/v2\/pages"}],"about":[{"href":"https:\/\/wp.lamolina.edu.pe\/facultadeconomia\/wp-json\/wp\/v2\/types\/page"}],"author":[{"embeddable":true,"href":"https:\/\/wp.lamolina.edu.pe\/facultadeconomia\/wp-json\/wp\/v2\/users\/1"}],"replies":[{"embeddable":true,"href":"https:\/\/wp.lamolina.edu.pe\/facultadeconomia\/wp-json\/wp\/v2\/comments?post=585"}],"version-history":[{"count":4,"href":"https:\/\/wp.lamolina.edu.pe\/facultadeconomia\/wp-json\/wp\/v2\/pages\/585\/revisions"}],"predecessor-version":[{"id":908,"href":"https:\/\/wp.lamolina.edu.pe\/facultadeconomia\/wp-json\/wp\/v2\/pages\/585\/revisions\/908"}],"wp:attachment":[{"href":"https:\/\/wp.lamolina.edu.pe\/facultadeconomia\/wp-json\/wp\/v2\/media?parent=585"}],"curies":[{"name":"wp","href":"https:\/\/api.w.org\/{rel}","templated":true}]}}