{"id":596,"date":"2021-09-29T11:54:45","date_gmt":"2021-09-29T11:54:45","guid":{"rendered":"https:\/\/wp.lamolina.edu.pe\/facultadeconomia\/?page_id=596"},"modified":"2021-11-01T16:14:38","modified_gmt":"2021-11-01T16:14:38","slug":"departamento-sociologia-rural-agenda","status":"publish","type":"page","link":"https:\/\/wp.lamolina.edu.pe\/facultadeconomia\/departamento-sociologia-rural-agenda\/","title":{"rendered":"Departamento Sociolog\u00eda Rural &#8211; Agenda"},"content":{"rendered":"<p>[et_pb_section fb_built=&#8221;1&#8243; _builder_version=&#8221;4.9.3&#8243; _module_preset=&#8221;default&#8221; min_height=&#8221;1215.6px&#8221; custom_margin=&#8221;||-53px|||&#8221;][et_pb_row _builder_version=&#8221;4.9.3&#8243; _module_preset=&#8221;default&#8221;][et_pb_column type=&#8221;4_4&#8243; _builder_version=&#8221;4.9.3&#8243; _module_preset=&#8221;default&#8221;][et_pb_text _builder_version=&#8221;4.9.3&#8243; _module_preset=&#8221;default&#8221; text_font=&#8221;||||||||&#8221; text_text_color=&#8221;#0c5e36&#8243; header_font=&#8221;||||||||&#8221; header_text_align=&#8221;center&#8221; header_text_color=&#8221;#0c5e36&#8243; header_font_size=&#8221;31px&#8221; header_letter_spacing=&#8221;3px&#8221; text_orientation=&#8221;center&#8221;]<\/p>\n<h1 class=\"section-title text-center wow fadeInDown\">DEPARTAMENTO ACAD\u00c9MICO DE SOCIOLOG\u00cdA RURAL<\/h1>\n<p>[\/et_pb_text][et_pb_image src=&#8221;https:\/\/wp.lamolina.edu.pe\/facultadeconomia\/wp-content\/uploads\/2021\/06\/pie-seccion.png&#8221; title_text=&#8221;pie-seccion&#8221; align=&#8221;center&#8221; _builder_version=&#8221;4.9.3&#8243; _module_preset=&#8221;default&#8221; width=&#8221;12%&#8221; max_width=&#8221;61%&#8221; module_alignment=&#8221;center&#8221; custom_margin=&#8221;-22px||||false|false&#8221;][\/et_pb_image][\/et_pb_column][\/et_pb_row][et_pb_row _builder_version=&#8221;4.9.3&#8243; _module_preset=&#8221;default&#8221; custom_padding=&#8221;48px|||||&#8221;][et_pb_column type=&#8221;4_4&#8243; _builder_version=&#8221;4.9.3&#8243; _module_preset=&#8221;default&#8221;][et_pb_text _builder_version=&#8221;4.9.3&#8243; _module_preset=&#8221;default&#8221; min_height=&#8221;54px&#8221; custom_margin=&#8221;||-36px|||&#8221; custom_padding=&#8221;||24px|||&#8221;]<\/p>\n<h3><span style=\"color: #006600;\"><strong>AGENDA<\/strong><\/span><\/h3>\n<p>[\/et_pb_text][et_pb_divider color=&#8221;#E09900&#8243; divider_position=&#8221;bottom&#8221; divider_weight=&#8221;3px&#8221; _builder_version=&#8221;4.9.3&#8243; _module_preset=&#8221;default&#8221; width=&#8221;15%&#8221; module_alignment=&#8221;left&#8221; animation_style=&#8221;slide&#8221;][\/et_pb_divider][\/et_pb_column][\/et_pb_row][\/et_pb_section][et_pb_section fb_built=&#8221;1&#8243; _builder_version=&#8221;4.9.3&#8243; _module_preset=&#8221;default&#8221; min_height=&#8221;742px&#8221; custom_margin=&#8221;-903px||5px||false|false&#8221; custom_padding=&#8221;0px||0px||false|false&#8221;][et_pb_row _builder_version=&#8221;4.9.3&#8243; _module_preset=&#8221;default&#8221; min_height=&#8221;528px&#8221; custom_margin=&#8221;|auto|-190px|auto||&#8221;][et_pb_column type=&#8221;4_4&#8243; _builder_version=&#8221;4.9.3&#8243; _module_preset=&#8221;default&#8221;][et_pb_text _builder_version=&#8221;4.9.3&#8243; _module_preset=&#8221;default&#8221; text_text_color=&#8221;#0c5e36&#8243; text_font_size=&#8221;20px&#8221; text_letter_spacing=&#8221;1px&#8221; text_line_height=&#8221;1.3em&#8221; module_alignment=&#8221;center&#8221;]<\/p>\n<p style=\"text-align: justify;\">A pesar de las limitaciones propias de un departamento reci\u00e9n creado, hemos realizado actividades importantes, sobre todo, desde el segundo semestre del a\u00f1o 2020.\u00a0\u00a0<\/p>\n<ul>\n<li style=\"text-align: justify;\">En los meses de junio de 2019 y junio de 2021, se realizaron dos grandes eventos relacionados con la Reforma Agraria a las cuales asistieron como invitados especialistas sobre el tema, teniendo como panelistas y comentaristas a profesores de nuestro departamento. Estos eventos nos han permitido recoger informaci\u00f3n que har\u00e1n posible la edici\u00f3n y publicaci\u00f3n para este a\u00f1o del segundo n\u00famero de la Revista Cambio Social. Sociolog\u00eda Rural.\u00a0<\/li>\n<li style=\"text-align: justify;\">En diciembre del 2020 publicamos de manera f\u00edsica y virtual el primer n\u00famero de la Revista \u201cCambio Social. Revista de Sociolog\u00eda Rural\u201d, la cual contiene ocho art\u00edculos elaborado por los profesores de nuestro departamento, cuyos temas est\u00e1n precisamente relacionadas con el Covid-19: Post Pandemia.\u00a0<\/li>\n<li style=\"text-align: justify;\">Desde el mes de agosto del 2020 hasta los primeros meses del 2021 se vino emitiendo semanalmente el programa \u201cD\u00eda de mi\u00e9rcoles\u201d, v\u00eda zoom, donde se entrevistaron a especialistas sobre diferentes temas de actualidad. Lastimosamente este programa que tuvo una gran audiencia, a pesar de los esfuerzos que se hizo, no pudo tener continuidad por razones econ\u00f3micas. Debemos agradecer a los profesores del DASR por su colaboraci\u00f3n econ\u00f3mica que ayudaron algunas veces a solventar los gastos para que siga saliendo al aire.<\/li>\n<\/ul>\n<p>[\/et_pb_text][\/et_pb_column][\/et_pb_row][et_pb_row _builder_version=&#8221;4.9.3&#8243; _module_preset=&#8221;default&#8221; custom_padding=&#8221;48px|||||&#8221; locked=&#8221;off&#8221;][et_pb_column type=&#8221;4_4&#8243; _builder_version=&#8221;4.9.3&#8243; _module_preset=&#8221;default&#8221;][\/et_pb_column][\/et_pb_row][\/et_pb_section]<\/p>\n","protected":false},"excerpt":{"rendered":"<p>DEPARTAMENTO ACAD\u00c9MICO DE SOCIOLOG\u00cdA RURALAGENDAA pesar de las limitaciones propias de un departamento reci\u00e9n creado, hemos realizado actividades importantes, sobre todo, desde el segundo semestre del a\u00f1o 2020.\u00a0\u00a0 En los meses de junio de 2019 y junio de 2021, se realizaron dos grandes eventos relacionados con la Reforma Agraria a las cuales asistieron como invitados [&hellip;]<\/p>\n","protected":false},"author":1,"featured_media":0,"parent":0,"menu_order":0,"comment_status":"closed","ping_status":"closed","template":"","meta":{"_et_pb_use_builder":"on","_et_pb_old_content":"<!-- wp:divi\/placeholder \/-->","_et_gb_content_width":"","footnotes":""},"class_list":["post-596","page","type-page","status-publish","hentry"],"_links":{"self":[{"href":"https:\/\/wp.lamolina.edu.pe\/facultadeconomia\/wp-json\/wp\/v2\/pages\/596","targetHints":{"allow":["GET"]}}],"collection":[{"href":"https:\/\/wp.lamolina.edu.pe\/facultadeconomia\/wp-json\/wp\/v2\/pages"}],"about":[{"href":"https:\/\/wp.lamolina.edu.pe\/facultadeconomia\/wp-json\/wp\/v2\/types\/page"}],"author":[{"embeddable":true,"href":"https:\/\/wp.lamolina.edu.pe\/facultadeconomia\/wp-json\/wp\/v2\/users\/1"}],"replies":[{"embeddable":true,"href":"https:\/\/wp.lamolina.edu.pe\/facultadeconomia\/wp-json\/wp\/v2\/comments?post=596"}],"version-history":[{"count":4,"href":"https:\/\/wp.lamolina.edu.pe\/facultadeconomia\/wp-json\/wp\/v2\/pages\/596\/revisions"}],"predecessor-version":[{"id":904,"href":"https:\/\/wp.lamolina.edu.pe\/facultadeconomia\/wp-json\/wp\/v2\/pages\/596\/revisions\/904"}],"wp:attachment":[{"href":"https:\/\/wp.lamolina.edu.pe\/facultadeconomia\/wp-json\/wp\/v2\/media?parent=596"}],"curies":[{"name":"wp","href":"https:\/\/api.w.org\/{rel}","templated":true}]}}