{"id":610,"date":"2021-09-29T12:36:01","date_gmt":"2021-09-29T12:36:01","guid":{"rendered":"https:\/\/wp.lamolina.edu.pe\/facultadeconomia\/?page_id=610"},"modified":"2024-05-09T13:01:48","modified_gmt":"2024-05-09T13:01:48","slug":"departamento-ciencias-humanas-recursos-humanos","status":"publish","type":"page","link":"https:\/\/wp.lamolina.edu.pe\/facultadeconomia\/departamento-ciencias-humanas-recursos-humanos\/","title":{"rendered":"Departamento Ciencias Humanas &#8211; Recursos Humanos"},"content":{"rendered":"<p>[et_pb_section fb_built=&#8221;1&#8243; _builder_version=&#8221;4.16&#8243; _module_preset=&#8221;default&#8221; min_height=&#8221;1400px&#8221; custom_margin=&#8221;||-53px|||&#8221; global_colors_info=&#8221;{}&#8221;][et_pb_row _builder_version=&#8221;4.16&#8243; _module_preset=&#8221;default&#8221; global_colors_info=&#8221;{}&#8221;][et_pb_column type=&#8221;4_4&#8243; _builder_version=&#8221;4.16&#8243; _module_preset=&#8221;default&#8221; global_colors_info=&#8221;{}&#8221;][et_pb_text _builder_version=&#8221;4.16&#8243; _module_preset=&#8221;default&#8221; text_font=&#8221;||||||||&#8221; text_text_color=&#8221;#0c5e36&#8243; header_font=&#8221;||||||||&#8221; header_text_align=&#8221;center&#8221; header_text_color=&#8221;#0c5e36&#8243; header_font_size=&#8221;31px&#8221; header_letter_spacing=&#8221;3px&#8221; text_orientation=&#8221;center&#8221; global_colors_info=&#8221;{}&#8221;]<\/p>\n<h1 class=\"section-title text-center wow fadeInDown\">DEPARTAMENTO ACAD\u00c9MICO DE CIENCIAS HUMANAS<\/h1>\n<p>[\/et_pb_text][et_pb_image src=&#8221;https:\/\/wp.lamolina.edu.pe\/facultadeconomia\/wp-content\/uploads\/2021\/06\/pie-seccion.png&#8221; title_text=&#8221;pie-seccion&#8221; align=&#8221;center&#8221; _builder_version=&#8221;4.16&#8243; _module_preset=&#8221;default&#8221; width=&#8221;12%&#8221; max_width=&#8221;61%&#8221; module_alignment=&#8221;center&#8221; custom_margin=&#8221;-22px||||false|false&#8221; global_colors_info=&#8221;{}&#8221;][\/et_pb_image][\/et_pb_column][\/et_pb_row][et_pb_row _builder_version=&#8221;4.16&#8243; _module_preset=&#8221;default&#8221; custom_padding=&#8221;48px|||||&#8221; global_colors_info=&#8221;{}&#8221;][et_pb_column type=&#8221;4_4&#8243; _builder_version=&#8221;4.16&#8243; _module_preset=&#8221;default&#8221; global_colors_info=&#8221;{}&#8221;][et_pb_text _builder_version=&#8221;4.16&#8243; _module_preset=&#8221;default&#8221; min_height=&#8221;54px&#8221; custom_margin=&#8221;||-36px|||&#8221; custom_padding=&#8221;||24px|||&#8221; global_colors_info=&#8221;{}&#8221;]<\/p>\n<h3><span style=\"color: #006600;\"><strong>RECURSOS HUMANOS<\/strong><\/span><\/h3>\n<p>[\/et_pb_text][et_pb_divider color=&#8221;#E09900&#8243; divider_position=&#8221;bottom&#8221; divider_weight=&#8221;3px&#8221; _builder_version=&#8221;4.16&#8243; _module_preset=&#8221;default&#8221; width=&#8221;15%&#8221; module_alignment=&#8221;left&#8221; animation_style=&#8221;slide&#8221; global_colors_info=&#8221;{}&#8221;][\/et_pb_divider][\/et_pb_column][\/et_pb_row][et_pb_row _builder_version=&#8221;4.16&#8243; _module_preset=&#8221;default&#8221; min_height=&#8221;635px&#8221; custom_margin=&#8221;|99px|-190px|auto||&#8221; custom_padding=&#8221;|0px||||&#8221; locked=&#8221;off&#8221; global_colors_info=&#8221;{}&#8221;][et_pb_column type=&#8221;4_4&#8243; _builder_version=&#8221;4.16&#8243; _module_preset=&#8221;default&#8221; global_colors_info=&#8221;{}&#8221;][et_pb_button button_text=&#8221;PERSONAL ACAD\u00c9MICO&#8221; _builder_version=&#8221;4.16&#8243; _module_preset=&#8221;default&#8221; custom_button=&#8221;on&#8221; button_text_size=&#8221;18px&#8221; button_text_color=&#8221;#FFFFFF&#8221; button_bg_color=&#8221;#0c5e36&#8243; button_border_radius=&#8221;12px&#8221; locked=&#8221;off&#8221; global_colors_info=&#8221;{}&#8221;][\/et_pb_button][et_pb_accordion use_icon_font_size=&#8221;on&#8221; _builder_version=&#8221;4.25.1&#8243; _module_preset=&#8221;default&#8221; toggle_text_color=&#8221;#0c5e36&#8243; width=&#8221;70%&#8221; max_width=&#8221;70%&#8221; module_alignment=&#8221;center&#8221; hover_enabled=&#8221;0&#8243; global_colors_info=&#8221;{}&#8221; sticky_enabled=&#8221;0&#8243;][et_pb_accordion_item title=&#8221;MG. MAR\u00cdA MANDUJANO RAMOS&#8221; open=&#8221;on&#8221; open_toggle_text_color=&#8221;#0c5e36&#8243; _builder_version=&#8221;4.24.0&#8243; _module_preset=&#8221;default&#8221; body_text_color=&#8221;#0c5e36&#8243; text_orientation=&#8221;center&#8221; global_colors_info=&#8221;{}&#8221; toggle_font_size=&#8221;18px&#8221;]<\/p>\n<p>&nbsp;<\/p>\n<h4 style=\"text-align: center;\"><img loading=\"lazy\" decoding=\"async\" src=\"https:\/\/wp.lamolina.edu.pe\/facultadeconomia\/wp-content\/uploads\/2021\/09\/MANDUJANO-300x300.jpg\" width=\"300\" height=\"300\" alt=\"\" class=\"wp-image-628 alignnone size-medium\" \/><\/h4>\n<h4 style=\"text-align: center;\"><strong>Directora<\/strong><\/h4>\n<p>[\/et_pb_accordion_item][et_pb_accordion_item title=&#8221;DRA. EM\u00c9RITA ESCOBAR ZAPATA&#8221; open_toggle_text_color=&#8221;#0c5e36&#8243; _builder_version=&#8221;4.16&#8243; _module_preset=&#8221;default&#8221; body_text_color=&#8221;#0c5e36&#8243; global_colors_info=&#8221;{}&#8221; toggle_font_size=&#8221;18px&#8221; open=&#8221;off&#8221;]<\/p>\n<p>&nbsp;<\/p>\n<h4 style=\"text-align: center;\"><img loading=\"lazy\" decoding=\"async\" src=\"https:\/\/wp.lamolina.edu.pe\/facultadeconomia\/wp-content\/uploads\/2021\/09\/ESCOBAR-300x300.jpg\" width=\"300\" height=\"300\" alt=\"\" class=\"wp-image-623 alignnone size-medium\" \/><\/h4>\n<p>[\/et_pb_accordion_item][et_pb_accordion_item title=&#8221;MG. TOMAS BARRIGA BARRIGA&#8221; open_toggle_text_color=&#8221;#0c5e36&#8243; _builder_version=&#8221;4.16&#8243; _module_preset=&#8221;default&#8221; body_text_color=&#8221;#0c5e36&#8243; global_colors_info=&#8221;{}&#8221; toggle_font_size=&#8221;18px&#8221; open=&#8221;off&#8221;]<\/p>\n<p>&nbsp;<\/p>\n<h4 style=\"text-align: center;\"><img loading=\"lazy\" decoding=\"async\" src=\"https:\/\/wp.lamolina.edu.pe\/facultadeconomia\/wp-content\/uploads\/2021\/09\/BARRIGA-300x300.jpg\" width=\"300\" height=\"300\" alt=\"\" class=\"wp-image-616 alignnone size-medium\" \/><\/h4>\n<p>[\/et_pb_accordion_item][et_pb_accordion_item title=&#8221;MG. MARIO B. CASTILLO HILARIO&#8221; open_toggle_text_color=&#8221;#0c5e36&#8243; _builder_version=&#8221;4.16&#8243; _module_preset=&#8221;default&#8221; body_text_color=&#8221;#0c5e36&#8243; global_colors_info=&#8221;{}&#8221; toggle_font_size=&#8221;18px&#8221; open=&#8221;off&#8221;]<\/p>\n<p>&nbsp;<\/p>\n<h4 style=\"text-align: center;\"><img loading=\"lazy\" decoding=\"async\" src=\"https:\/\/wp.lamolina.edu.pe\/facultadeconomia\/wp-content\/uploads\/2021\/09\/CASTILLO_HILARIO-300x300.jpg\" width=\"300\" height=\"300\" alt=\"\" class=\"wp-image-619 alignnone size-medium\" \/><\/h4>\n<p>[\/et_pb_accordion_item][et_pb_accordion_item title=&#8221;MG. SILVIA VALDEZ DELGADO&#8221; open_toggle_text_color=&#8221;#0c5e36&#8243; _builder_version=&#8221;4.16&#8243; _module_preset=&#8221;default&#8221; body_text_color=&#8221;#0c5e36&#8243; global_colors_info=&#8221;{}&#8221; toggle_font_size=&#8221;18px&#8221; open=&#8221;off&#8221;]<\/p>\n<p>&nbsp;<\/p>\n<h4 style=\"text-align: center;\"><img loading=\"lazy\" decoding=\"async\" src=\"https:\/\/wp.lamolina.edu.pe\/facultadeconomia\/wp-content\/uploads\/2021\/09\/VALDEZ-300x300.jpg\" width=\"300\" height=\"300\" alt=\"\" class=\"wp-image-631 alignnone size-medium\" \/><\/h4>\n<p>[\/et_pb_accordion_item][et_pb_accordion_item title=&#8221;MG. LILY CUADROS ANT\u00daNEZ DE MAYOLO&#8221; open_toggle_text_color=&#8221;#0c5e36&#8243; _builder_version=&#8221;4.16&#8243; _module_preset=&#8221;default&#8221; body_text_color=&#8221;#0c5e36&#8243; global_colors_info=&#8221;{}&#8221; toggle_font_size=&#8221;18px&#8221; open=&#8221;off&#8221;]<\/p>\n<p>&nbsp;<\/p>\n<h4 style=\"text-align: center;\"><img loading=\"lazy\" decoding=\"async\" src=\"https:\/\/wp.lamolina.edu.pe\/facultadeconomia\/wp-content\/uploads\/2021\/09\/CUADROS-300x300.jpg\" width=\"300\" height=\"300\" alt=\"\" class=\"wp-image-620 alignnone size-medium\" \/><\/h4>\n<p>[\/et_pb_accordion_item][et_pb_accordion_item title=&#8221;MG. CECILIA CASTILLO GIL&#8221; open_toggle_text_color=&#8221;#0c5e36&#8243; _builder_version=&#8221;4.16&#8243; _module_preset=&#8221;default&#8221; body_text_color=&#8221;#0c5e36&#8243; global_colors_info=&#8221;{}&#8221; toggle_font_size=&#8221;18px&#8221; open=&#8221;off&#8221;]<\/p>\n<p>&nbsp;<\/p>\n<h4 style=\"text-align: center;\"><img loading=\"lazy\" decoding=\"async\" src=\"https:\/\/wp.lamolina.edu.pe\/facultadeconomia\/wp-content\/uploads\/2021\/09\/CASTILLO-300x300.jpg\" width=\"300\" height=\"300\" alt=\"\" class=\"wp-image-618 alignnone size-medium\" \/><\/h4>\n<p>[\/et_pb_accordion_item][et_pb_accordion_item title=&#8221;MG. EDWARD FAUSTINO LOAYZA MATURRANO&#8221; open_toggle_text_color=&#8221;#0c5e36&#8243; _builder_version=&#8221;4.16&#8243; _module_preset=&#8221;default&#8221; body_text_color=&#8221;#0c5e36&#8243; global_colors_info=&#8221;{}&#8221; toggle_font_size=&#8221;18px&#8221; open=&#8221;off&#8221;]<\/p>\n<p>&nbsp;<\/p>\n<h4 style=\"text-align: center;\"><img loading=\"lazy\" decoding=\"async\" src=\"https:\/\/wp.lamolina.edu.pe\/facultadeconomia\/wp-content\/uploads\/2021\/09\/LOAYZA-300x300.jpg\" width=\"300\" height=\"300\" alt=\"\" class=\"wp-image-627 alignnone size-medium\" \/><\/h4>\n<p>[\/et_pb_accordion_item][et_pb_accordion_item title=&#8221;DR. JIM ALEXANDER ANCHANTE ARIAS&#8221; open_toggle_text_color=&#8221;#0c5e36&#8243; _builder_version=&#8221;4.16&#8243; _module_preset=&#8221;default&#8221; body_text_color=&#8221;#0c5e36&#8243; global_colors_info=&#8221;{}&#8221; toggle_font_size=&#8221;18px&#8221; open=&#8221;off&#8221;]<\/p>\n<p>&nbsp;<\/p>\n<h4 style=\"text-align: center;\"><img loading=\"lazy\" decoding=\"async\" src=\"https:\/\/wp.lamolina.edu.pe\/facultadeconomia\/wp-content\/uploads\/2021\/09\/ANCHANTE-300x300.jpg\" width=\"300\" height=\"300\" alt=\"\" class=\"wp-image-615 alignnone size-medium\" \/><\/h4>\n<p>[\/et_pb_accordion_item][et_pb_accordion_item title=&#8221;LIC. NEHEM\u00cdAS VEGA MENDIETA&#8221; open_toggle_text_color=&#8221;#0c5e36&#8243; _builder_version=&#8221;4.16&#8243; _module_preset=&#8221;default&#8221; body_text_color=&#8221;#0c5e36&#8243; global_colors_info=&#8221;{}&#8221; toggle_font_size=&#8221;18px&#8221; open=&#8221;off&#8221;]<\/p>\n<p>&nbsp;<\/p>\n<h4 style=\"text-align: center;\"><img loading=\"lazy\" decoding=\"async\" src=\"https:\/\/wp.lamolina.edu.pe\/facultadeconomia\/wp-content\/uploads\/2021\/09\/VEGA-300x300.jpg\" width=\"300\" height=\"300\" alt=\"\" class=\"wp-image-632 alignnone size-medium\" \/><\/h4>\n<p>[\/et_pb_accordion_item][et_pb_accordion_item title=&#8221;LIC. EDUARDO FLAVIO ORTIZ CORONADO&#8221; open_toggle_text_color=&#8221;#0c5e36&#8243; _builder_version=&#8221;4.16&#8243; _module_preset=&#8221;default&#8221; body_text_color=&#8221;#0c5e36&#8243; global_colors_info=&#8221;{}&#8221; toggle_font_size=&#8221;18px&#8221; open=&#8221;off&#8221;]<\/p>\n<p>&nbsp;<\/p>\n<h4 style=\"text-align: center;\"><img loading=\"lazy\" decoding=\"async\" src=\"https:\/\/wp.lamolina.edu.pe\/facultadeconomia\/wp-content\/uploads\/2021\/09\/ORTIZ-300x300.jpg\" width=\"300\" height=\"300\" alt=\"\" class=\"wp-image-630 alignnone size-medium\" \/><\/h4>\n<p>[\/et_pb_accordion_item][et_pb_accordion_item title=&#8221;MG. JOS\u00c9 FREDY CABALLERO BERNAB\u00c9&#8221; open_toggle_text_color=&#8221;#0c5e36&#8243; _builder_version=&#8221;4.16&#8243; _module_preset=&#8221;default&#8221; body_text_color=&#8221;#0c5e36&#8243; global_colors_info=&#8221;{}&#8221; toggle_font_size=&#8221;18px&#8221; open=&#8221;off&#8221;]<\/p>\n<p>&nbsp;<\/p>\n<h4 style=\"text-align: center;\"><img loading=\"lazy\" decoding=\"async\" src=\"https:\/\/wp.lamolina.edu.pe\/facultadeconomia\/wp-content\/uploads\/2021\/09\/CABALLERO-300x300.jpg\" width=\"300\" height=\"300\" alt=\"\" class=\"wp-image-617 alignnone size-medium\" \/><\/h4>\n<p>[\/et_pb_accordion_item][et_pb_accordion_item title=&#8221;LIC. IV\u00c1N JULI\u00c1N ALONZO C\u00d3RDOVA&#8221; open_toggle_text_color=&#8221;#0c5e36&#8243; _builder_version=&#8221;4.16&#8243; _module_preset=&#8221;default&#8221; body_text_color=&#8221;#0c5e36&#8243; global_colors_info=&#8221;{}&#8221; toggle_font_size=&#8221;18px&#8221; open=&#8221;off&#8221;]<\/p>\n<p>&nbsp;<\/p>\n<h4 style=\"text-align: center;\"><img loading=\"lazy\" decoding=\"async\" src=\"https:\/\/wp.lamolina.edu.pe\/facultadeconomia\/wp-content\/uploads\/2021\/09\/ALONZO-1-300x300.jpg\" width=\"300\" height=\"300\" alt=\"\" class=\"wp-image-633 alignnone size-medium\" \/><\/h4>\n<p>[\/et_pb_accordion_item][et_pb_accordion_item title=&#8221;MG. ERNESTO WALTER LLANOS ARGUMANIS&#8221; open_toggle_text_color=&#8221;#0c5e36&#8243; _builder_version=&#8221;4.16&#8243; _module_preset=&#8221;default&#8221; body_text_color=&#8221;#0c5e36&#8243; global_colors_info=&#8221;{}&#8221; toggle_font_size=&#8221;18px&#8221; open=&#8221;off&#8221;]<\/p>\n<p>&nbsp;<\/p>\n<h4 style=\"text-align: center;\"><img loading=\"lazy\" decoding=\"async\" src=\"https:\/\/wp.lamolina.edu.pe\/facultadeconomia\/wp-content\/uploads\/2021\/09\/LLANOS-300x300.jpg\" width=\"300\" height=\"300\" alt=\"\" class=\"wp-image-626 alignnone size-medium\" \/><\/h4>\n<p>[\/et_pb_accordion_item][et_pb_accordion_item title=&#8221;DRA. JANET CORZO ZAVALETA&#8221; open_toggle_text_color=&#8221;#0c5e36&#8243; _builder_version=&#8221;4.16&#8243; _module_preset=&#8221;default&#8221; body_text_color=&#8221;#0c5e36&#8243; global_colors_info=&#8221;{}&#8221; toggle_font_size=&#8221;18px&#8221; open=&#8221;off&#8221;]<\/p>\n<p>&nbsp;<\/p>\n<h4 style=\"text-align: center;\"><img loading=\"lazy\" decoding=\"async\" src=\"https:\/\/wp.lamolina.edu.pe\/facultadeconomia\/wp-content\/uploads\/2021\/09\/MUJER-2-300x300.jpg\" width=\"300\" height=\"300\" alt=\"\" class=\"wp-image-629 alignnone size-medium\" \/><\/h4>\n<p>[\/et_pb_accordion_item][et_pb_accordion_item title=&#8221;MG. CARLOS BORDA SORIANO&#8221; open_toggle_text_color=&#8221;#0c5e36&#8243; _builder_version=&#8221;4.16&#8243; _module_preset=&#8221;default&#8221; body_text_color=&#8221;#0c5e36&#8243; global_colors_info=&#8221;{}&#8221; toggle_font_size=&#8221;18px&#8221; open=&#8221;off&#8221;]<\/p>\n<p>&nbsp;<\/p>\n<h4 style=\"text-align: center;\"><img loading=\"lazy\" decoding=\"async\" src=\"https:\/\/wp.lamolina.edu.pe\/facultadeconomia\/wp-content\/uploads\/2021\/09\/HOMBRE-2-300x300.jpg\" width=\"300\" height=\"300\" alt=\"\" class=\"wp-image-624 alignnone size-medium\" \/><\/h4>\n<p>[\/et_pb_accordion_item][et_pb_accordion_item title=&#8221;DR. MAURO MARINO JIMENEZ&#8221; open_toggle_text_color=&#8221;#0c5e36&#8243; _builder_version=&#8221;4.16&#8243; _module_preset=&#8221;default&#8221; body_text_color=&#8221;#0c5e36&#8243; global_colors_info=&#8221;{}&#8221; toggle_font_size=&#8221;18px&#8221; open=&#8221;off&#8221;]<\/p>\n<p>&nbsp;<\/p>\n<h4 style=\"text-align: center;\"><\/h4>\n<p>[\/et_pb_accordion_item][et_pb_accordion_item title=&#8221;DR. EDER PE\u00d1A VALENZUELA&#8221; open_toggle_text_color=&#8221;#0c5e36&#8243; _builder_version=&#8221;4.16&#8243; _module_preset=&#8221;default&#8221; body_text_color=&#8221;#0c5e36&#8243; global_colors_info=&#8221;{}&#8221; toggle_font_size=&#8221;18px&#8221; open=&#8221;off&#8221;]<\/p>\n<p>&nbsp;<\/p>\n<h4 style=\"text-align: center;\"><\/h4>\n<p>[\/et_pb_accordion_item][\/et_pb_accordion][\/et_pb_column][\/et_pb_row][\/et_pb_section][et_pb_section fb_built=&#8221;1&#8243; _builder_version=&#8221;4.16&#8243; _module_preset=&#8221;default&#8221; min_height=&#8221;1217px&#8221; custom_margin=&#8221;-903px||5px||false|false&#8221; custom_padding=&#8221;0px|4px|0px||false|false&#8221; global_colors_info=&#8221;{}&#8221;][et_pb_row _builder_version=&#8221;4.16&#8243; _module_preset=&#8221;default&#8221; min_height=&#8221;635px&#8221; custom_margin=&#8221;|99px|-190px|auto||&#8221; custom_padding=&#8221;|0px||||&#8221; global_colors_info=&#8221;{}&#8221;][et_pb_column type=&#8221;4_4&#8243; _builder_version=&#8221;4.16&#8243; _module_preset=&#8221;default&#8221; global_colors_info=&#8221;{}&#8221;][\/et_pb_column][\/et_pb_row][et_pb_row _builder_version=&#8221;4.16&#8243; _module_preset=&#8221;default&#8221; global_colors_info=&#8221;{}&#8221;][et_pb_column type=&#8221;4_4&#8243; _builder_version=&#8221;4.16&#8243; _module_preset=&#8221;default&#8221; global_colors_info=&#8221;{}&#8221;][et_pb_button button_text=&#8221;PERSONAL ADMINISTRATIVO&#8221; _builder_version=&#8221;4.16&#8243; _module_preset=&#8221;default&#8221; custom_button=&#8221;on&#8221; button_text_size=&#8221;18px&#8221; button_text_color=&#8221;#FFFFFF&#8221; button_bg_color=&#8221;#0c5e36&#8243; button_border_radius=&#8221;12px&#8221; locked=&#8221;off&#8221; global_colors_info=&#8221;{}&#8221;][\/et_pb_button][et_pb_text _builder_version=&#8221;4.16&#8243; _module_preset=&#8221;default&#8221; custom_padding=&#8221;|||69px||&#8221; global_colors_info=&#8221;{}&#8221;]<\/p>\n<table width=\"0\" style=\"width: 1023px;\" height=\"279\">\n<tbody>\n<tr>\n<td style=\"width: 298.812px;\">\n<h4><span style=\"color: #0c5e36;\">TITULO<\/span><\/h4>\n<\/td>\n<td style=\"width: 355.5px;\">\n<h4><span style=\"color: #0c5e36;\">APELLIDOS Y NOMBRES<\/span><\/h4>\n<\/td>\n<td style=\"width: 367.688px;\">\n<h4><span style=\"color: #0c5e36;\">LABOR<\/span><\/h4>\n<\/td>\n<\/tr>\n<tr>\n<td style=\"width: 298.812px;\">\n<h4><span style=\"color: #0c5e36;\">SECRETARIA<\/span><\/h4>\n<\/td>\n<td style=\"width: 355.5px;\">\n<h4><span style=\"color: #0c5e36;\">COLLAZOS AGUIRRE MARIA HORTENCIA<\/span><\/h4>\n<\/td>\n<td style=\"width: 367.688px;\">\n<h4><span style=\"color: #0c5e36;\">SECRETARIA DEL DPTO<\/span><\/h4>\n<\/td>\n<\/tr>\n<tr>\n<td style=\"width: 298.812px;\">\n<h4><span style=\"color: #0c5e36;\">BACH. CS. ECONOMIA<\/span><\/h4>\n<\/td>\n<td style=\"width: 355.5px;\">\n<h4><span style=\"color: #0c5e36;\">LOYOLA DIAZ ELSA<\/span><\/h4>\n<\/td>\n<td style=\"width: 367.688px;\">\n<h4><span style=\"color: #0c5e36;\">APOYO ADMINISTRATIVO<\/span><\/h4>\n<\/td>\n<\/tr>\n<tr>\n<td style=\"width: 298.812px;\">\n<h4><span style=\"color: #0c5e36;\">TECNICO<\/span><\/h4>\n<\/td>\n<td style=\"width: 355.5px;\">\n<h4><span style=\"color: #0c5e36;\">CRUZ LOPEZ NANCY ROSALIA<\/span><\/h4>\n<\/td>\n<td style=\"width: 367.688px;\">\n<h4><span style=\"color: #0c5e36;\">IMPRESIONES<\/span><\/h4>\n<\/td>\n<\/tr>\n<\/tbody>\n<\/table>\n<p>[\/et_pb_text][\/et_pb_column][\/et_pb_row][\/et_pb_section]<\/p>\n","protected":false},"excerpt":{"rendered":"<p>DEPARTAMENTO ACAD\u00c9MICO DE CIENCIAS HUMANASRECURSOS HUMANOS&nbsp; Directora&nbsp; &nbsp; &nbsp; &nbsp; &nbsp; &nbsp; &nbsp; &nbsp; &nbsp; &nbsp; &nbsp; &nbsp; &nbsp; &nbsp; &nbsp; &nbsp; &nbsp; TITULO APELLIDOS Y NOMBRES LABOR SECRETARIA COLLAZOS AGUIRRE MARIA HORTENCIA SECRETARIA DEL DPTO BACH. CS. ECONOMIA LOYOLA DIAZ ELSA APOYO ADMINISTRATIVO TECNICO CRUZ LOPEZ NANCY ROSALIA IMPRESIONES<\/p>\n","protected":false},"author":1,"featured_media":0,"parent":0,"menu_order":0,"comment_status":"closed","ping_status":"closed","template":"","meta":{"_et_pb_use_builder":"on","_et_pb_old_content":"<!-- wp:divi\/placeholder \/-->","_et_gb_content_width":"","footnotes":""},"class_list":["post-610","page","type-page","status-publish","hentry"],"_links":{"self":[{"href":"https:\/\/wp.lamolina.edu.pe\/facultadeconomia\/wp-json\/wp\/v2\/pages\/610","targetHints":{"allow":["GET"]}}],"collection":[{"href":"https:\/\/wp.lamolina.edu.pe\/facultadeconomia\/wp-json\/wp\/v2\/pages"}],"about":[{"href":"https:\/\/wp.lamolina.edu.pe\/facultadeconomia\/wp-json\/wp\/v2\/types\/page"}],"author":[{"embeddable":true,"href":"https:\/\/wp.lamolina.edu.pe\/facultadeconomia\/wp-json\/wp\/v2\/users\/1"}],"replies":[{"embeddable":true,"href":"https:\/\/wp.lamolina.edu.pe\/facultadeconomia\/wp-json\/wp\/v2\/comments?post=610"}],"version-history":[{"count":11,"href":"https:\/\/wp.lamolina.edu.pe\/facultadeconomia\/wp-json\/wp\/v2\/pages\/610\/revisions"}],"predecessor-version":[{"id":1550,"href":"https:\/\/wp.lamolina.edu.pe\/facultadeconomia\/wp-json\/wp\/v2\/pages\/610\/revisions\/1550"}],"wp:attachment":[{"href":"https:\/\/wp.lamolina.edu.pe\/facultadeconomia\/wp-json\/wp\/v2\/media?parent=610"}],"curies":[{"name":"wp","href":"https:\/\/api.w.org\/{rel}","templated":true}]}}