{"id":926,"date":"2021-11-26T18:09:19","date_gmt":"2021-11-26T18:09:19","guid":{"rendered":"https:\/\/wp.lamolina.edu.pe\/facultadeconomia\/?page_id=926"},"modified":"2023-01-04T20:22:11","modified_gmt":"2023-01-04T20:22:11","slug":"carrera-economia-gestion-de-la-calidad","status":"publish","type":"page","link":"https:\/\/wp.lamolina.edu.pe\/facultadeconomia\/carrera-economia-gestion-de-la-calidad\/","title":{"rendered":"Carrera Econom\u00eda &#8211; Gesti\u00f3n de la Calidad"},"content":{"rendered":"<p>[et_pb_section fb_built=&#8221;1&#8243; _builder_version=&#8221;4.9.3&#8243; _module_preset=&#8221;default&#8221; min_height=&#8221;1215.6px&#8221; custom_margin=&#8221;||-53px|||&#8221;][et_pb_row _builder_version=&#8221;4.9.3&#8243; _module_preset=&#8221;default&#8221;][et_pb_column type=&#8221;4_4&#8243; _builder_version=&#8221;4.9.3&#8243; _module_preset=&#8221;default&#8221;][et_pb_text _builder_version=&#8221;4.9.3&#8243; _module_preset=&#8221;default&#8221; text_font=&#8221;||||||||&#8221; text_text_color=&#8221;#0c5e36&#8243; header_font=&#8221;||||||||&#8221; header_text_align=&#8221;center&#8221; header_text_color=&#8221;#0c5e36&#8243; header_font_size=&#8221;31px&#8221; header_letter_spacing=&#8221;3px&#8221; text_orientation=&#8221;center&#8221;]<\/p>\n<h1 class=\"section-title text-center wow fadeInDown\">CARRERA PROFESIONAL DE ECONOM\u00cdA\u00a0<\/h1>\n<p>[\/et_pb_text][et_pb_image src=&#8221;https:\/\/wp.lamolina.edu.pe\/facultadeconomia\/wp-content\/uploads\/2021\/06\/pie-seccion.png&#8221; title_text=&#8221;pie-seccion&#8221; align=&#8221;center&#8221; _builder_version=&#8221;4.9.3&#8243; _module_preset=&#8221;default&#8221; width=&#8221;12%&#8221; max_width=&#8221;61%&#8221; module_alignment=&#8221;center&#8221; custom_margin=&#8221;-22px||||false|false&#8221;][\/et_pb_image][\/et_pb_column][\/et_pb_row][et_pb_row _builder_version=&#8221;4.9.3&#8243; _module_preset=&#8221;default&#8221; custom_padding=&#8221;48px|||||&#8221;][et_pb_column type=&#8221;4_4&#8243; _builder_version=&#8221;4.9.3&#8243; _module_preset=&#8221;default&#8221;][et_pb_text _builder_version=&#8221;4.9.3&#8243; _module_preset=&#8221;default&#8221; min_height=&#8221;54px&#8221; custom_margin=&#8221;||-36px|||&#8221; custom_padding=&#8221;||24px|||&#8221;]<\/p>\n<h3><span style=\"color: #006600;\"><strong>GESTI\u00d3N DE LA CALIDAD<\/strong><\/span><\/h3>\n<p>[\/et_pb_text][et_pb_divider color=&#8221;#E09900&#8243; divider_position=&#8221;bottom&#8221; divider_weight=&#8221;3px&#8221; _builder_version=&#8221;4.9.3&#8243; _module_preset=&#8221;default&#8221; width=&#8221;15%&#8221; module_alignment=&#8221;left&#8221; animation_style=&#8221;slide&#8221;][\/et_pb_divider][\/et_pb_column][\/et_pb_row][\/et_pb_section][et_pb_section fb_built=&#8221;1&#8243; _builder_version=&#8221;4.9.3&#8243; _module_preset=&#8221;default&#8221; min_height=&#8221;1000px&#8221; custom_margin=&#8221;-903px||5px||false|false&#8221; custom_padding=&#8221;0px|20px|0px|12px|false|false&#8221;][et_pb_row _builder_version=&#8221;4.9.3&#8243; _module_preset=&#8221;default&#8221; min_height=&#8221;528px&#8221; custom_margin=&#8221;|auto|-190px|auto||&#8221;][et_pb_column type=&#8221;4_4&#8243; _builder_version=&#8221;4.9.3&#8243; _module_preset=&#8221;default&#8221;][et_pb_text _builder_version=&#8221;4.9.3&#8243; _module_preset=&#8221;default&#8221; text_text_color=&#8221;#0c5e36&#8243; text_font_size=&#8221;20px&#8221; text_letter_spacing=&#8221;1px&#8221; text_line_height=&#8221;1.3em&#8221; module_alignment=&#8221;center&#8221; hover_enabled=&#8221;0&#8243; sticky_enabled=&#8221;0&#8243;]<\/p>\n<p style=\"text-align: justify;\"><strong>Pol\u00edtica de calidad de Econom\u00eda<\/strong><\/p>\n<p style=\"text-align: justify;\">\u201cEl Programa de Econom\u00eda de la Facultad de Econom\u00eda y Planificaci\u00f3n, con el fin de satisfacer las necesidades de sus egresados y grupos de inter\u00e9s, ha implementado su Sistema de Gesti\u00f3n de Calidad bas\u00e1ndose en un enfoque de procesos y mejora continua, cumpliendo los requisitos que demande la sociedad, la instituci\u00f3n y el Modelo Nacional de Acreditaci\u00f3n por Programas de Estudio. Para tal fin, el programa de Econom\u00eda cuenta con personal calificado, Sistema de Informaci\u00f3n y Comunicaci\u00f3n, infraestructura, capacitaciones constantes y control de procesos, abarcando todas las actividades del \u00e1mbito Ense\u00f1anza Aprendizaje e investigaci\u00f3n, en un marco de cultura de la calidad y mejora continua, alineada con la pol\u00edtica de calidad de la Universidad Nacional Agraria La Molina\u201d.<\/p>\n<p style=\"text-align: justify;\"><strong>Objetivos de calidad<\/strong><\/p>\n<ul>\n<li style=\"text-align: justify;\">Asegurar una formaci\u00f3n profesional de calidad con la carrera de Econom\u00eda acreditada.<\/li>\n<\/ul>\n<ul style=\"text-align: justify;\">\n<li>Fortalecer la cultura de investigaci\u00f3n para incrementar la producci\u00f3n cient\u00edfica del programa.<\/li>\n<\/ul>\n<ul style=\"text-align: justify;\">\n<li>Fortalecer la proyecci\u00f3n social y generar extensi\u00f3n universitaria para la comunidad a fin de contribuir a su desarrollo cultural y elevar su calidad de vida.<\/li>\n<\/ul>\n<ul>\n<li style=\"text-align: justify;\">Fortalecer la gesti\u00f3n administrativa y los procesos del Programa.<\/li>\n<li style=\"text-align: justify;\">Fomentar la mejora continua del sistema de gesti\u00f3n de calidad.<\/li>\n<\/ul>\n<p>[\/et_pb_text][\/et_pb_column][\/et_pb_row][et_pb_row _builder_version=&#8221;4.9.3&#8243; _module_preset=&#8221;default&#8221;][et_pb_column type=&#8221;4_4&#8243; _builder_version=&#8221;4.9.3&#8243; _module_preset=&#8221;default&#8221;][\/et_pb_column][\/et_pb_row][\/et_pb_section]<\/p>\n","protected":false},"excerpt":{"rendered":"<p>CARRERA PROFESIONAL DE ECONOM\u00cdA\u00a0GESTI\u00d3N DE LA CALIDADPol\u00edtica de calidad de Econom\u00eda \u201cEl Programa de Econom\u00eda de la Facultad de Econom\u00eda y Planificaci\u00f3n, con el fin de satisfacer las necesidades de sus egresados y grupos de inter\u00e9s, ha implementado su Sistema de Gesti\u00f3n de Calidad bas\u00e1ndose en un enfoque de procesos y mejora continua, cumpliendo los [&hellip;]<\/p>\n","protected":false},"author":1,"featured_media":0,"parent":0,"menu_order":0,"comment_status":"closed","ping_status":"closed","template":"","meta":{"_et_pb_use_builder":"on","_et_pb_old_content":"<!-- wp:divi\/placeholder \/-->","_et_gb_content_width":"","footnotes":""},"class_list":["post-926","page","type-page","status-publish","hentry"],"_links":{"self":[{"href":"https:\/\/wp.lamolina.edu.pe\/facultadeconomia\/wp-json\/wp\/v2\/pages\/926","targetHints":{"allow":["GET"]}}],"collection":[{"href":"https:\/\/wp.lamolina.edu.pe\/facultadeconomia\/wp-json\/wp\/v2\/pages"}],"about":[{"href":"https:\/\/wp.lamolina.edu.pe\/facultadeconomia\/wp-json\/wp\/v2\/types\/page"}],"author":[{"embeddable":true,"href":"https:\/\/wp.lamolina.edu.pe\/facultadeconomia\/wp-json\/wp\/v2\/users\/1"}],"replies":[{"embeddable":true,"href":"https:\/\/wp.lamolina.edu.pe\/facultadeconomia\/wp-json\/wp\/v2\/comments?post=926"}],"version-history":[{"count":3,"href":"https:\/\/wp.lamolina.edu.pe\/facultadeconomia\/wp-json\/wp\/v2\/pages\/926\/revisions"}],"predecessor-version":[{"id":1272,"href":"https:\/\/wp.lamolina.edu.pe\/facultadeconomia\/wp-json\/wp\/v2\/pages\/926\/revisions\/1272"}],"wp:attachment":[{"href":"https:\/\/wp.lamolina.edu.pe\/facultadeconomia\/wp-json\/wp\/v2\/media?parent=926"}],"curies":[{"name":"wp","href":"https:\/\/api.w.org\/{rel}","templated":true}]}}