{"id":945,"date":"2021-11-28T18:09:54","date_gmt":"2021-11-28T18:09:54","guid":{"rendered":"https:\/\/wp.lamolina.edu.pe\/facultadeconomia\/?page_id=945"},"modified":"2021-11-28T18:14:41","modified_gmt":"2021-11-28T18:14:41","slug":"carrera-gestion-empresarial-gestion-de-la-calidad","status":"publish","type":"page","link":"https:\/\/wp.lamolina.edu.pe\/facultadeconomia\/carrera-gestion-empresarial-gestion-de-la-calidad\/","title":{"rendered":"Carrera Ingenier\u00eda Gesti\u00f3n Empresarial &#8211; Gesti\u00f3n de la Calidad"},"content":{"rendered":"\n[et_pb_section fb_built=&#8221;1&#8243; _builder_version=&#8221;4.9.3&#8243; _module_preset=&#8221;default&#8221; min_height=&#8221;1058.6px&#8221; custom_margin=&#8221;||-53px|||&#8221;][et_pb_row _builder_version=&#8221;4.9.3&#8243; _module_preset=&#8221;default&#8221;][et_pb_column type=&#8221;4_4&#8243; _builder_version=&#8221;4.9.3&#8243; _module_preset=&#8221;default&#8221;][et_pb_text _builder_version=&#8221;4.9.3&#8243; _module_preset=&#8221;default&#8221; text_font=&#8221;||||||||&#8221; text_text_color=&#8221;#0c5e36&#8243; header_font=&#8221;||||||||&#8221; header_text_align=&#8221;center&#8221; header_text_color=&#8221;#0c5e36&#8243; header_font_size=&#8221;31px&#8221; header_letter_spacing=&#8221;3px&#8221; text_orientation=&#8221;center&#8221; hover_enabled=&#8221;0&#8243; sticky_enabled=&#8221;0&#8243;]<h1 class=\"section-title text-center wow fadeInDown\">CARRERA PROFESIONAL DE INGENIER\u00cdA EN GESTI\u00d3N\u00a0 EMPRESARIAL<\/h1>[\/et_pb_text][et_pb_image src=&#8221;https:\/\/wp.lamolina.edu.pe\/facultadeconomia\/wp-content\/uploads\/2021\/06\/pie-seccion.png&#8221; title_text=&#8221;pie-seccion&#8221; align=&#8221;center&#8221; _builder_version=&#8221;4.9.3&#8243; _module_preset=&#8221;default&#8221; width=&#8221;12%&#8221; max_width=&#8221;61%&#8221; module_alignment=&#8221;center&#8221; custom_margin=&#8221;-22px||||false|false&#8221;][\/et_pb_image][\/et_pb_column][\/et_pb_row][et_pb_row _builder_version=&#8221;4.9.3&#8243; _module_preset=&#8221;default&#8221;][et_pb_column type=&#8221;4_4&#8243; _builder_version=&#8221;4.9.3&#8243; _module_preset=&#8221;default&#8221;][et_pb_text _builder_version=&#8221;4.9.3&#8243; _module_preset=&#8221;default&#8221; min_height=&#8221;16px&#8221; custom_margin=&#8221;||-36px|||&#8221; custom_padding=&#8221;||24px|||&#8221;]<h3><span style=\"color: #006600;\"><strong>GESTI\u00d3N DE LA CALIDAD<\/strong><\/span><\/h3>[\/et_pb_text][et_pb_divider color=&#8221;#E09900&#8243; divider_position=&#8221;bottom&#8221; divider_weight=&#8221;3px&#8221; _builder_version=&#8221;4.9.3&#8243; _module_preset=&#8221;default&#8221; width=&#8221;15%&#8221; module_alignment=&#8221;left&#8221; animation_style=&#8221;slide&#8221;][\/et_pb_divider][\/et_pb_column][\/et_pb_row][\/et_pb_section][et_pb_section fb_built=&#8221;1&#8243; _builder_version=&#8221;4.9.3&#8243; _module_preset=&#8221;default&#8221; min_height=&#8221;577px&#8221; custom_margin=&#8221;-755px||5px||false|false&#8221; custom_padding=&#8221;0px||47px||false|false&#8221;][et_pb_row _builder_version=&#8221;4.9.3&#8243; _module_preset=&#8221;default&#8221; custom_margin=&#8221;-78px|auto||auto||&#8221; custom_padding=&#8221;|||9px||&#8221;][et_pb_column type=&#8221;4_4&#8243; _builder_version=&#8221;4.9.3&#8243; _module_preset=&#8221;default&#8221;][et_pb_text _builder_version=&#8221;4.9.3&#8243; _module_preset=&#8221;default&#8221; text_text_color=&#8221;#0c5e36&#8243; text_font_size=&#8221;20px&#8221; text_letter_spacing=&#8221;1px&#8221; text_line_height=&#8221;1.3em&#8221; module_alignment=&#8221;center&#8221;]<p style=\"text-align: justify;\"><strong>Pol\u00edtica de Calidad:<\/strong><\/p>\n<p style=\"text-align: justify;\">El programa de estudio de<strong> Ingenier\u00eda en Gesti\u00f3n Empresarial <\/strong>de la Universidad Nacional Agraria la Molina, forma profesionales l\u00edderes con valores \u00e9ticos, preparados en el campo cient\u00edfico, tecnol\u00f3gico y administrativo, para emprender y dirigir empresas de diferentes sectores incluyendo el agropecuario.<\/p>\n<p style=\"text-align: justify;\">Con el fin de satisfacer las necesidades de sus egresados y grupos de inter\u00e9s, ha implementado su Sistema de Gesti\u00f3n de Calidad bas\u00e1ndose en un enfoque de procesos, orientado hacia la mejora continua, sistemas de informaci\u00f3n y comunicaci\u00f3n, capacitaci\u00f3n constante, I+D+i y responsabilidad social, por medio de un equipo humano competente que desarrolla sus actividades siguiendo los est\u00e1ndares de calidad acad\u00e9mica.<\/p>\n<p style=\"text-align: justify;\"><a href=\"https:\/\/wp.lamolina.edu.pe\/facultadeconomia\/wp-content\/uploads\/2021\/11\/Politica_de_Calidad.pdf\" target=\"_blank\" rel=\"noopener\"><strong>Ver mas [+]\u00a0<\/strong><\/a><\/p>[\/et_pb_text][et_pb_button button_url=&#8221;https:\/\/wp.lamolina.edu.pe\/facultadeconomia\/wp-content\/uploads\/2021\/11\/MANUAL_SGC_DAGE.pdf&#8221; url_new_window=&#8221;on&#8221; button_text=&#8221;MANUAL DE LA CALIDAD&#8221; _builder_version=&#8221;4.9.3&#8243; _module_preset=&#8221;default&#8221; custom_button=&#8221;on&#8221; button_text_color=&#8221;#E09900&#8243; button_border_color=&#8221;#E09900&#8243;][\/et_pb_button][et_pb_button button_url=&#8221;https:\/\/wp.lamolina.edu.pe\/facultadeconomia\/wp-content\/uploads\/2021\/11\/MAPA-DE-PROCESOS-DEL-SISTEMA-DE-GESTION-DE-CALIDAD-DEL-DAGE.pdf&#8221; url_new_window=&#8221;on&#8221; button_text=&#8221;MAPA DE PROCESOS DEL SISTEMA DE GESTI\u00d3N DE LA CALIDAD&#8221; _builder_version=&#8221;4.9.3&#8243; _module_preset=&#8221;default&#8221; custom_button=&#8221;on&#8221; button_text_color=&#8221;#E09900&#8243; button_border_color=&#8221;#E09900&#8243;][\/et_pb_button][\/et_pb_column][\/et_pb_row][\/et_pb_section]\n","protected":false},"excerpt":{"rendered":"<p>CARRERA PROFESIONAL DE INGENIER\u00cdA EN GESTI\u00d3N\u00a0 EMPRESARIALGESTI\u00d3N DE LA CALIDADPol\u00edtica de Calidad: El programa de estudio de Ingenier\u00eda en Gesti\u00f3n Empresarial de la Universidad Nacional Agraria la Molina, forma profesionales l\u00edderes con valores \u00e9ticos, preparados en el campo cient\u00edfico, tecnol\u00f3gico y administrativo, para emprender y dirigir empresas de diferentes sectores incluyendo el agropecuario. Con el [&hellip;]<\/p>\n","protected":false},"author":1,"featured_media":0,"parent":0,"menu_order":0,"comment_status":"closed","ping_status":"closed","template":"","meta":{"_et_pb_use_builder":"on","_et_pb_old_content":"<!-- wp:divi\/placeholder \/-->","_et_gb_content_width":"","footnotes":""},"class_list":["post-945","page","type-page","status-publish","hentry"],"_links":{"self":[{"href":"https:\/\/wp.lamolina.edu.pe\/facultadeconomia\/wp-json\/wp\/v2\/pages\/945","targetHints":{"allow":["GET"]}}],"collection":[{"href":"https:\/\/wp.lamolina.edu.pe\/facultadeconomia\/wp-json\/wp\/v2\/pages"}],"about":[{"href":"https:\/\/wp.lamolina.edu.pe\/facultadeconomia\/wp-json\/wp\/v2\/types\/page"}],"author":[{"embeddable":true,"href":"https:\/\/wp.lamolina.edu.pe\/facultadeconomia\/wp-json\/wp\/v2\/users\/1"}],"replies":[{"embeddable":true,"href":"https:\/\/wp.lamolina.edu.pe\/facultadeconomia\/wp-json\/wp\/v2\/comments?post=945"}],"version-history":[{"count":3,"href":"https:\/\/wp.lamolina.edu.pe\/facultadeconomia\/wp-json\/wp\/v2\/pages\/945\/revisions"}],"predecessor-version":[{"id":948,"href":"https:\/\/wp.lamolina.edu.pe\/facultadeconomia\/wp-json\/wp\/v2\/pages\/945\/revisions\/948"}],"wp:attachment":[{"href":"https:\/\/wp.lamolina.edu.pe\/facultadeconomia\/wp-json\/wp\/v2\/media?parent=945"}],"curies":[{"name":"wp","href":"https:\/\/api.w.org\/{rel}","templated":true}]}}