{"id":7422,"date":"2019-09-07T18:02:58","date_gmt":"2019-09-07T18:02:58","guid":{"rendered":"http:\/\/www.lamolina.edu.pe\/pdrh\/portales\/?page_id=7422"},"modified":"2026-01-26T19:18:10","modified_gmt":"2026-01-26T19:18:10","slug":"perfil-del-ingresante","status":"publish","type":"page","link":"https:\/\/wp.lamolina.edu.pe\/pdrh\/index.php\/perfil-del-ingresante\/","title":{"rendered":"Perfil del ingresante"},"content":{"rendered":"<div class=\"wpb-content-wrapper\"><p>[vc_row][vc_column][vc_custom_heading text=\u00bbPerfil del Ingresante\u00bb font_container=\u00bbtag:h2|text_align:center|color:%230066cc\u00bb google_fonts=\u00bbfont_family:Francois%20One%3Aregular|font_style:400%20regular%3A400%3Anormal\u00bb][vc_column_text css=\u00bb\u00bb]El Programa de Doctorado en Recursos H\u00eddricos est\u00e1 orientado a profesionales egresados de programas de maestr\u00edas en ingenier\u00eda, ciencias agrarias, ciencias ambientales y ciencias naturales; que posean cualidades t\u00e9cnicas y cient\u00edficas, desarrollando un pensamiento cr\u00edtico y \u00e9tico. El ingresante al programa doctoral debe cumplir las siguientes competencias:[\/vc_column_text][\/vc_column][\/vc_row][vc_row row_padd=\u00bbsm-padding\u00bb][vc_column width=\u00bb1\/3&#8243;][vc_gallery interval=\u00bb3&#8243; images=\u00bb9348&#8243; css=\u00bb\u00bb][\/vc_column][vc_column width=\u00bb1\/3&#8243;][vc_gallery interval=\u00bb3&#8243; images=\u00bb9350&#8243; css=\u00bb\u00bb][\/vc_column][vc_column width=\u00bb1\/3&#8243;][vc_gallery interval=\u00bb3&#8243; images=\u00bb9349&#8243; css=\u00bb\u00bb][\/vc_column][\/vc_row][vc_row row_padd=\u00bbsm-padding\u00bb][vc_column width=\u00bb1\/2&#8243;][vc_custom_heading text=\u00bbCompetencias Generales\u00bb font_container=\u00bbtag:h2|text_align:center|color:%230066cc\u00bb google_fonts=\u00bbfont_family:Francois%20One%3Aregular|font_style:400%20regular%3A400%3Anormal\u00bb][vc_column_text css=\u00bb\u00bb]<strong>CG1:<\/strong> Dispone de conocimientos para resolver problemas de la ingenier\u00eda de los recursos h\u00eddricos, a trav\u00e9s del dominio de materias como matem\u00e1ticas, f\u00edsica, estad\u00edstica, hidrolog\u00eda e hidr\u00e1ulica.<\/p>\n<p><strong>CG2:<\/strong> Dispone de la capacidad de resolver problemas administrativos para la gesti\u00f3n de proyectos relacionados con los recursos h\u00eddricos mediante el manejo de entornos multidisciplinarios.<\/p>\n<p><strong>CG3:<\/strong> Busca resolver problemas ingenieriles para ser utilizados en la pr\u00e1ctica profesional en base a la transmisi\u00f3n y aplicaci\u00f3n de sus conocimientos.<\/p>\n<p><strong>CG4:<\/strong> Investiga nuevos perfeccionamientos en la ingenier\u00eda de los recursos h\u00eddricos para tener la capacidad de generar nuevos conocimientos en base a la comunicaci\u00f3n oral, escrita y de comprensi\u00f3n del idioma ingl\u00e9s.<\/p>\n<div id=\"gtx-trans\" style=\"position: absolute; left: -50px; top: -10px;\"><\/div>\n<p>[\/vc_column_text][\/vc_column][vc_column width=\u00bb1\/2&#8243;][vc_custom_heading text=\u00bbCompetencias Espec\u00edficas\u00bb font_container=\u00bbtag:h2|text_align:center|color:%230066cc\u00bb google_fonts=\u00bbfont_family:Francois%20One%3Aregular|font_style:400%20regular%3A400%3Anormal\u00bb][vc_column_text css=\u00bb\u00bb]<strong>CE1:<\/strong> Usa tecnolog\u00eda de informaci\u00f3n y de comunicaci\u00f3n para disponer de datos relacionados con los recursos h\u00eddricos a trav\u00e9s de la b\u00fasqueda y difusi\u00f3n de informaci\u00f3n t\u00e9cnica y cient\u00edfica.<\/p>\n<p><strong>CE2:<\/strong> Dispone de habilidad en la redacci\u00f3n de art\u00edculos cient\u00edficos mediante el entrenamiento constante en la lectura de textos acad\u00e9micos y cient\u00edficos.<\/p>\n<p><strong>CE3:<\/strong> Dispone de la habilidad de resolver problemas relacionados con los recursos h\u00eddricos, para obtener soluciones m\u00e1s eficientes mediante el manejo de software<\/p>\n<div id=\"gtx-trans\" style=\"position: absolute; left: -86px; top: -10px;\"><\/div>\n<p>[\/vc_column_text][\/vc_column][\/vc_row]<\/p>\n<\/div>","protected":false},"excerpt":{"rendered":"<p>[vc_row][vc_column][vc_custom_heading text=\u00bbPerfil del Ingresante\u00bb font_container=\u00bbtag:h2|text_align:center|color:%230066cc\u00bb google_fonts=\u00bbfont_family:Francois%20One%3Aregular|font_style:400%20regular%3A400%3Anormal\u00bb][vc_column_text css=\u00bb\u00bb]El Programa de Doctorado en Recursos H\u00eddricos est\u00e1 orientado a profesionales egresados de programas de maestr\u00edas en ingenier\u00eda, ciencias agrarias, ciencias ambientales y ciencias naturales; que posean cualidades t\u00e9cnicas y cient\u00edficas, desarrollando un pensamiento cr\u00edtico y \u00e9tico. El ingresante al programa doctoral debe cumplir las siguientes competencias:[\/vc_column_text][\/vc_column][\/vc_row][vc_row row_padd=\u00bbsm-padding\u00bb][vc_column width=\u00bb1\/3&#8243;][vc_gallery&hellip;<\/p>\n","protected":false},"author":1,"featured_media":0,"parent":0,"menu_order":0,"comment_status":"closed","ping_status":"closed","template":"","meta":{"footnotes":""},"class_list":["post-7422","page","type-page","status-publish","hentry"],"_links":{"self":[{"href":"https:\/\/wp.lamolina.edu.pe\/pdrh\/index.php\/wp-json\/wp\/v2\/pages\/7422","targetHints":{"allow":["GET"]}}],"collection":[{"href":"https:\/\/wp.lamolina.edu.pe\/pdrh\/index.php\/wp-json\/wp\/v2\/pages"}],"about":[{"href":"https:\/\/wp.lamolina.edu.pe\/pdrh\/index.php\/wp-json\/wp\/v2\/types\/page"}],"author":[{"embeddable":true,"href":"https:\/\/wp.lamolina.edu.pe\/pdrh\/index.php\/wp-json\/wp\/v2\/users\/1"}],"replies":[{"embeddable":true,"href":"https:\/\/wp.lamolina.edu.pe\/pdrh\/index.php\/wp-json\/wp\/v2\/comments?post=7422"}],"version-history":[{"count":14,"href":"https:\/\/wp.lamolina.edu.pe\/pdrh\/index.php\/wp-json\/wp\/v2\/pages\/7422\/revisions"}],"predecessor-version":[{"id":9353,"href":"https:\/\/wp.lamolina.edu.pe\/pdrh\/index.php\/wp-json\/wp\/v2\/pages\/7422\/revisions\/9353"}],"wp:attachment":[{"href":"https:\/\/wp.lamolina.edu.pe\/pdrh\/index.php\/wp-json\/wp\/v2\/media?parent=7422"}],"curies":[{"name":"wp","href":"https:\/\/api.w.org\/{rel}","templated":true}]}}